{"id":1173,"date":"2023-12-01T00:30:56","date_gmt":"2023-12-01T05:30:56","guid":{"rendered":"https:\/\/www.codeuniversel.com\/fr\/?page_id=1173"},"modified":"2023-12-01T00:35:56","modified_gmt":"2023-12-01T05:35:56","slug":"direction","status":"publish","type":"page","link":"https:\/\/www.codeuniversel.com\/fr\/a-propos\/direction\/","title":{"rendered":"Direction"},"content":{"rendered":"<div  class=\"fusion-fullwidth fullwidth-box nonhundred-percent-fullwidth\"  style='background-color: rgba(255,255,255,0);background-position: center center;background-repeat: no-repeat;padding-top:20px;padding-right:0px;padding-bottom:20px;padding-left:0px;'><div class=\"fusion-builder-row fusion-row \"><div  class=\"fusion-layout-column fusion_builder_column fusion_builder_column_1_3  fusion-one-third fusion-column-first 1_3\"  style='margin-top:0px;margin-bottom:20px;width:33.33%;width:calc(33.33% - ( ( 4% ) * 0.3333 ) );margin-right: 4%;'>\n\t\t\t<div class=\"fusion-column-wrapper\"  style=\"background-position:left top;background-repeat:no-repeat;-webkit-background-size:cover;-moz-background-size:cover;-o-background-size:cover;background-size:cover;\"  data-bg-url=\"\">\n\t\t\t\t<h1>Daniel B\u00e9langer<br \/>\n<small style=\"font-size: 0.75em; color: #e10707;\">Directeur g\u00e9n\u00e9ral et artistique<\/small><\/h1>\n<span class=\"fusion-imageframe imageframe-none imageframe-1 hover-type-none\"><img decoding=\"async\" src=\"https:\/\/www.codeuniversel.com\/fr\/wp-content\/uploads\/2016\/08\/daniel.jpg\" width=\"\" height=\"\" alt=\"\" title=\"\" class=\"img-responsive\"\/><\/span><p>\u00a9 Pierre-Marc Lalibert\u00e9<\/p>\n<div class=\"fusion-clearfix\"><\/div>\n\t\t\t<\/div>\n\t\t<\/div><div  class=\"fusion-layout-column fusion_builder_column fusion_builder_column_2_3  fusion-two-third fusion-column-last 2_3\"  style='margin-top:0px;margin-bottom:20px;width:66.66%;width:calc(66.66% - ( ( 4% ) * 0.6666 ) );'>\n\t\t\t<div class=\"fusion-column-wrapper\"  style=\"background-position:left top;background-repeat:no-repeat;-webkit-background-size:cover;-moz-background-size:cover;-o-background-size:cover;background-size:cover;\"  data-bg-url=\"\">\n\t\t\t\t<p><em style=\"font-size: 21px;\">\u00ab La diversit\u00e9 et l\u2019inclusion sociale en culture sont des facteurs d\u2019\u00e9mancipation pour notre soci\u00e9t\u00e9. Et je crois fermement qu\u2019il faut revoir l\u2019importance de tout un chacun\u2026 notamment pour les plus vuln\u00e9rables! \u00bb<\/em><\/p>\n<hr \/>\n<p>Originaire de Qu\u00e9bec, <strong>Daniel B\u00e9langer<\/strong> obtint son baccalaur\u00e9at en interpr\u00e9tation \u00e0 <a href=\"https:\/\/www.yorku.ca\/\">l\u2019Universit\u00e9 York<\/a> l\u2019amenant \u00e0 une carri\u00e8re nationale et internationale. Il fit ses d\u00e9buts d\u2019abord avec <strong><a href=\"https:\/\/overtigo.com\/\">O<em>\u00a0<\/em>Vertigo<em>\u00a0<\/em>Danse<\/a><\/strong> et la Compagnie Danse Partout o\u00f9 il travailla avec plusieurs chor\u00e9graphes chevronn\u00e9s. Ensuite, il collabora tour \u00e0 tour avec le chor\u00e9graphe br\u00e9silien <strong><a href=\"https:\/\/de.wikipedia.org\/wiki\/Ismael_Ivo\">Isma\u00ebl<em>\u00a0<\/em>Ivo<\/a><\/strong> dans son lieu de r\u00e9sidence artistique au <strong><a href=\"https:\/\/de.wikipedia.org\/wiki\/Theaterhaus_Stuttgart\">Theaterhaus Stuttgart<\/a><\/strong> de l\u2019Allemagne et le metteur en sc\u00e8ne <strong><a href=\"https:\/\/exmachina.ca\/robert-lepage\">Robert Lepage<\/a><\/strong> chez <strong><a href=\"https:\/\/exmachina.ca\/\">Ex<em>\u00a0<\/em>Machina<\/a><\/strong> en tant que coauteur et interpr\u00e8te.<\/p>\n<p>En parall\u00e8le, il entama une carri\u00e8re de chor\u00e9graphe et enseignant contribuant notamment au d\u00e9veloppement de plusieurs athl\u00e8tes \u00e9lites en patinage artistique et des danseurs professionnels d\u2019ici et d\u2019ailleurs. Tout en continuant de participer \u00e0 des productions comme interpr\u00e8te et chor\u00e9graphe, il sera invit\u00e9 dans des \u00e9coles, des universit\u00e9s et des festivals pour donner des classes de ma\u00eetre. Il participa aussi \u00e0 mettre en place diff\u00e9rents programmes, soit pour permettre \u00e0 l\u2019\u00e9lite sportive de d\u00e9velopper des habilet\u00e9s artistiques ou pour int\u00e9grer les arts dans les programmes sport-\u00e9tude.<\/p>\n<p>Directeur artistique et g\u00e9n\u00e9ral de <a href=\"https:\/\/www.codeuniversel.com\/fr\/code-universel\/\">Code Universel<\/a>, il cr\u00e9e depuis 2003 pr\u00e8s d\u2019une vingtaine d\u2019\u0153uvres dont certaines ont une visibilit\u00e9 \u00e0 l\u2019international et ailleurs au Canada. C\u2019est la <strong>\u00ab\u00a0<\/strong>rencontre<strong>\u00a0\u00bb<\/strong> sous toutes ses formes qui se retrouve au c\u0153ur de sa d\u00e9marche artistique afin de d\u00e9velopper \u00ab\u00a0des \u0153uvres de format vari\u00e9\u00a0\u00bb provoquant des exp\u00e9riences nouvelles et stimulantes pour tous.<\/p>\n<p>Convaincu que \u00ab\u00a0l\u2019art fait du bien\u00a0\u00bb, il partage la conviction du penseur <a href=\"https:\/\/fr.wikipedia.org\/wiki\/Pierre_Lemarquis\">Pierre Lemarquis<\/a>, chercheur fran\u00e7ais reconnu par l\u2019<a href=\"https:\/\/www.unesco.org\/fr\/culture\">UNESCO<\/a>, selon qui\u00a0<em>\u00ab<\/em>\u00a0<em>chacun devient l\u2019\u0153uvre qu\u2019il observe\u00a0\u00bb<\/em>. C\u2019est pourquoi il met en place des projets artistiques et \u00e9ducatifs permettant aux citoyens d\u2019avoir acc\u00e8s gratuitement \u00e0 la culture, particuli\u00e8rement les personnes marginalis\u00e9es ou \u00ab emp\u00each\u00e9es \u00bb. Il aide aussi diff\u00e9rentes communaut\u00e9s \u00e0 cr\u00e9er des ponts aupr\u00e8s des institutions culturelles d\u2019ici en partageant son savoir-faire.<\/p>\n<p>Ses valeurs humaines l\u2019am\u00e8nent \u00e0 s\u2019impliquer depuis sa jeunesse dans plusieurs OBNL. Les plus importants sont le r\u00e9seau <em><a href=\"https:\/\/arts-ville.org\/\">Les Arts et la Ville<\/a><\/em> et le <em><a href=\"https:\/\/www.rlcb.qc.ca\/financement.php\">Comit\u00e9 de financement des d\u00e9munis de Beauport<\/a><\/em>. Dans le premier, il est membre depuis 2017 et si\u00e8ge au CE depuis 2020. Pour le second, il fut membre de 2012 \u00e0 2021 d\u2019abord comme secr\u00e9taire puis tr\u00e9sorier et pr\u00e9sident.<\/p>\n<p>Daniel est r\u00e9cipiendaire de plusieurs prix et bourses. En 2002, il fut Laur\u00e9at du <em><a href=\"https:\/\/www.quebec.ca\/gouvernement\/reconnaissance-prix\/education\/prix-de-reconnaissance-essor\">Prix Essor national \u00c9ducation artistique et culture<\/a><\/em>, destin\u00e9 \u00e0 souligner l&rsquo;originalit\u00e9 et l&rsquo;aspect novateur d&rsquo;un projet en milieu scolaire. Puis, en 2012 et 2013, il fut en nomination pour le Prix du d\u00e9veloppement culturel (Prix Fran\u00e7ois-Samson) dans le cadre des <a href=\"https:\/\/prix-excellence.com\/\"><em>Prix<\/em><em>\u00a0<\/em><em>d&rsquo;excellence<\/em><em>\u00a0<\/em><em>des<\/em><em>\u00a0<\/em><em>arts<\/em><em>\u00a0<\/em><em>et<\/em><em>\u00a0<\/em><em>de<\/em><em>\u00a0<\/em><em>la<\/em><em>\u00a0<\/em><em>culture<\/em><\/a> de Qu\u00e9bec<strong>.<\/strong><\/p>\n<p>Toujours int\u00e9ress\u00e9 d\u2019en conna\u00eetre plus, il obtint en 2017 son <a href=\"https:\/\/www.hec.ca\/programmes\/dess\/dess-gestion-organismes-culturels\/index.html\">D.E.S.S. en gestion \u2013 organismes culturels<\/a> aux <a href=\"https:\/\/www.hec.ca\/\">HEC Montr\u00e9al<\/a> permettant ainsi d\u2019enrichir et d\u2019\u00e9largir ses comp\u00e9tences. Les derni\u00e8res ann\u00e9es l\u2019amen\u00e8rent \u00e0 se perfectionner dans divers outils de gestion et cr\u00e9ation num\u00e9riques. Sur demande, il partage ses connaissances en agissant comme mentor ou consultant aupr\u00e8s de jeunes ou d\u2019organismes.<\/p>\n<div class=\"fusion-clearfix\"><\/div>\n\t\t\t<\/div>\n\t\t<\/div><\/div><\/div>\n","protected":false},"excerpt":{"rendered":"","protected":false},"author":4,"featured_media":0,"parent":1488,"menu_order":2,"comment_status":"closed","ping_status":"closed","template":"","meta":{"_monsterinsights_skip_tracking":false,"_monsterinsights_sitenote_active":false,"_monsterinsights_sitenote_note":"","_monsterinsights_sitenote_category":0,"footnotes":""},"class_list":["post-1173","page","type-page","status-publish","hentry"],"yoast_head":"<!-- This site is optimized with the Yoast SEO plugin v24.9 - https:\/\/yoast.com\/wordpress\/plugins\/seo\/ -->\n<title>Direction - Code Universel<\/title>\n<meta name=\"robots\" content=\"index, follow, max-snippet:-1, max-image-preview:large, max-video-preview:-1\" \/>\n<link rel=\"canonical\" href=\"https:\/\/www.codeuniversel.com\/fr\/a-propos\/direction\/\" \/>\n<meta property=\"og:locale\" content=\"fr_FR\" \/>\n<meta property=\"og:type\" content=\"article\" \/>\n<meta property=\"og:title\" content=\"Direction - Code Universel\" \/>\n<meta property=\"og:url\" content=\"https:\/\/www.codeuniversel.com\/fr\/a-propos\/direction\/\" \/>\n<meta property=\"og:site_name\" content=\"Code Universel\" \/>\n<meta property=\"article:modified_time\" content=\"2023-12-01T05:35:56+00:00\" \/>\n<meta name=\"twitter:card\" content=\"summary_large_image\" \/>\n<meta name=\"twitter:label1\" content=\"Dur\u00e9e de lecture estim\u00e9e\" \/>\n\t<meta name=\"twitter:data1\" content=\"4 minutes\" \/>\n<script type=\"application\/ld+json\" class=\"yoast-schema-graph\">{\"@context\":\"https:\/\/schema.org\",\"@graph\":[{\"@type\":\"WebPage\",\"@id\":\"https:\/\/www.codeuniversel.com\/fr\/a-propos\/direction\/\",\"url\":\"https:\/\/www.codeuniversel.com\/fr\/a-propos\/direction\/\",\"name\":\"Direction - Code Universel\",\"isPartOf\":{\"@id\":\"https:\/\/www.codeuniversel.com\/fr\/#website\"},\"datePublished\":\"2023-12-01T05:30:56+00:00\",\"dateModified\":\"2023-12-01T05:35:56+00:00\",\"breadcrumb\":{\"@id\":\"https:\/\/www.codeuniversel.com\/fr\/a-propos\/direction\/#breadcrumb\"},\"inLanguage\":\"fr-FR\",\"potentialAction\":[{\"@type\":\"ReadAction\",\"target\":[\"https:\/\/www.codeuniversel.com\/fr\/a-propos\/direction\/\"]}]},{\"@type\":\"BreadcrumbList\",\"@id\":\"https:\/\/www.codeuniversel.com\/fr\/a-propos\/direction\/#breadcrumb\",\"itemListElement\":[{\"@type\":\"ListItem\",\"position\":1,\"name\":\"Accueil\",\"item\":\"https:\/\/www.codeuniversel.com\/fr\/\"},{\"@type\":\"ListItem\",\"position\":2,\"name\":\"\u00c0 propos\",\"item\":\"https:\/\/www.codeuniversel.com\/fr\/a-propos\/\"},{\"@type\":\"ListItem\",\"position\":3,\"name\":\"Direction\"}]},{\"@type\":\"WebSite\",\"@id\":\"https:\/\/www.codeuniversel.com\/fr\/#website\",\"url\":\"https:\/\/www.codeuniversel.com\/fr\/\",\"name\":\"Code Universel\",\"description\":\"\",\"potentialAction\":[{\"@type\":\"SearchAction\",\"target\":{\"@type\":\"EntryPoint\",\"urlTemplate\":\"https:\/\/www.codeuniversel.com\/fr\/?s={search_term_string}\"},\"query-input\":{\"@type\":\"PropertyValueSpecification\",\"valueRequired\":true,\"valueName\":\"search_term_string\"}}],\"inLanguage\":\"fr-FR\"}]}<\/script>\n<!-- \/ Yoast SEO plugin. -->","yoast_head_json":{"title":"Direction - Code Universel","robots":{"index":"index","follow":"follow","max-snippet":"max-snippet:-1","max-image-preview":"max-image-preview:large","max-video-preview":"max-video-preview:-1"},"canonical":"https:\/\/www.codeuniversel.com\/fr\/a-propos\/direction\/","og_locale":"fr_FR","og_type":"article","og_title":"Direction - Code Universel","og_url":"https:\/\/www.codeuniversel.com\/fr\/a-propos\/direction\/","og_site_name":"Code Universel","article_modified_time":"2023-12-01T05:35:56+00:00","twitter_card":"summary_large_image","twitter_misc":{"Dur\u00e9e de lecture estim\u00e9e":"4 minutes"},"schema":{"@context":"https:\/\/schema.org","@graph":[{"@type":"WebPage","@id":"https:\/\/www.codeuniversel.com\/fr\/a-propos\/direction\/","url":"https:\/\/www.codeuniversel.com\/fr\/a-propos\/direction\/","name":"Direction - Code Universel","isPartOf":{"@id":"https:\/\/www.codeuniversel.com\/fr\/#website"},"datePublished":"2023-12-01T05:30:56+00:00","dateModified":"2023-12-01T05:35:56+00:00","breadcrumb":{"@id":"https:\/\/www.codeuniversel.com\/fr\/a-propos\/direction\/#breadcrumb"},"inLanguage":"fr-FR","potentialAction":[{"@type":"ReadAction","target":["https:\/\/www.codeuniversel.com\/fr\/a-propos\/direction\/"]}]},{"@type":"BreadcrumbList","@id":"https:\/\/www.codeuniversel.com\/fr\/a-propos\/direction\/#breadcrumb","itemListElement":[{"@type":"ListItem","position":1,"name":"Accueil","item":"https:\/\/www.codeuniversel.com\/fr\/"},{"@type":"ListItem","position":2,"name":"\u00c0 propos","item":"https:\/\/www.codeuniversel.com\/fr\/a-propos\/"},{"@type":"ListItem","position":3,"name":"Direction"}]},{"@type":"WebSite","@id":"https:\/\/www.codeuniversel.com\/fr\/#website","url":"https:\/\/www.codeuniversel.com\/fr\/","name":"Code Universel","description":"","potentialAction":[{"@type":"SearchAction","target":{"@type":"EntryPoint","urlTemplate":"https:\/\/www.codeuniversel.com\/fr\/?s={search_term_string}"},"query-input":{"@type":"PropertyValueSpecification","valueRequired":true,"valueName":"search_term_string"}}],"inLanguage":"fr-FR"}]}},"_links":{"self":[{"href":"https:\/\/www.codeuniversel.com\/fr\/wp-json\/wp\/v2\/pages\/1173","targetHints":{"allow":["GET"]}}],"collection":[{"href":"https:\/\/www.codeuniversel.com\/fr\/wp-json\/wp\/v2\/pages"}],"about":[{"href":"https:\/\/www.codeuniversel.com\/fr\/wp-json\/wp\/v2\/types\/page"}],"author":[{"embeddable":true,"href":"https:\/\/www.codeuniversel.com\/fr\/wp-json\/wp\/v2\/users\/4"}],"replies":[{"embeddable":true,"href":"https:\/\/www.codeuniversel.com\/fr\/wp-json\/wp\/v2\/comments?post=1173"}],"version-history":[{"count":39,"href":"https:\/\/www.codeuniversel.com\/fr\/wp-json\/wp\/v2\/pages\/1173\/revisions"}],"predecessor-version":[{"id":2091,"href":"https:\/\/www.codeuniversel.com\/fr\/wp-json\/wp\/v2\/pages\/1173\/revisions\/2091"}],"up":[{"embeddable":true,"href":"https:\/\/www.codeuniversel.com\/fr\/wp-json\/wp\/v2\/pages\/1488"}],"wp:attachment":[{"href":"https:\/\/www.codeuniversel.com\/fr\/wp-json\/wp\/v2\/media?parent=1173"}],"curies":[{"name":"wp","href":"https:\/\/api.w.org\/{rel}","templated":true}]}}