{"id":1301,"date":"2016-08-10T15:15:17","date_gmt":"2016-08-10T19:15:17","guid":{"rendered":"https:\/\/www.codeuniversel.com\/fr\/?page_id=1301"},"modified":"2019-08-30T14:10:07","modified_gmt":"2019-08-30T19:10:07","slug":"quebec-acadie","status":"publish","type":"page","link":"https:\/\/www.codeuniversel.com\/fr\/quebec-acadie\/","title":{"rendered":"Qu\u00e9bec\/Acadie"},"content":{"rendered":"<p><div  class=\"fusion-fullwidth fullwidth-box nonhundred-percent-fullwidth\"  style='background-color: rgba(255,255,255,0);background-position: left top;background-repeat: no-repeat;padding-top:20px;padding-right:0px;padding-bottom:20px;padding-left:0px;border-top-width:0px;border-bottom-width:0px;border-color:#eae9e9;border-top-style:;border-bottom-style:;'><div class=\"fusion-builder-row fusion-row \"><div  class=\"fusion-layout-column fusion_builder_column fusion_builder_column_1_1  fusion-one-full fusion-column-first fusion-column-last fusion-column-no-min-height 1_1\"  style='margin-top:0px;margin-bottom:0px;'>\n\t\t\t<div class=\"fusion-column-wrapper\"  style=\"background-position:left top;background-repeat:no-repeat;-webkit-background-size:cover;-moz-background-size:cover;-o-background-size:cover;background-size:cover;\"  data-bg-url=\"\">\n\t\t\t\t<div class=\"imageframe-align-center\"><span class=\"fusion-imageframe imageframe-none imageframe-1 hover-type-none\"><img decoding=\"async\" src=\"https:\/\/www.codeuniversel.com\/fr\/wp-content\/uploads\/2016\/08\/Que\u0301bec-Acadie.jpg\" width=\"\" height=\"\" alt=\"\" title=\"\" class=\"img-responsive\"\/><\/span><\/div><p style=\"text-align: center; font-size: 10px;\">\u00a9 Charleen Art<\/p>\n<div class=\"fusion-clearfix\"><\/div>\n\t\t\t<\/div>\n\t\t<\/div><\/div><\/div><div  class=\"fusion-fullwidth fullwidth-box nonhundred-percent-fullwidth\"  style='background-color: rgba(255,255,255,0);background-position: left top;background-repeat: no-repeat;padding-top:20px;padding-right:0px;padding-bottom:20px;padding-left:0px;border-top-width:0px;border-bottom-width:0px;border-color:#eae9e9;border-top-style:;border-bottom-style:;'><div class=\"fusion-builder-row fusion-row \"><div  class=\"fusion-layout-column fusion_builder_column fusion_builder_column_1_1  fusion-one-full fusion-column-first fusion-column-last fusion-column-no-min-height 1_1\"  style='margin-top:0px;margin-bottom:0px;'>\n\t\t\t<div class=\"fusion-column-wrapper\"  style=\"background-position:left top;background-repeat:no-repeat;-webkit-background-size:cover;-moz-background-size:cover;-o-background-size:cover;background-size:cover;\"  data-bg-url=\"\">\n\t\t\t\t<div style=\"text-align: justify;\">\n<p>Code Universel s\u2019associe \u00e0 la compagnie DansEncorps du Nouveau\u00adBrunswick pour cr\u00e9er un spectacle de danse contemporaine regroupant des artistes de ces deux provinces. L\u2019ensemble du projet est dirig\u00e9 artistiquement et chor\u00e9graphiquement par Daniel B\u00e9langer.<\/p>\n<p>Le d\u00e9sir de cr\u00e9er cette rencontre s\u2019est fait naturellement autour d\u2019un sujet d\u00e9licat qui nous touche de pr\u00e8s, \u00e0 savoir le territoire \u2013 la terre d\u2019appartenance et le th\u00e8me de l\u2019interg\u00e9n\u00e9rationnel. Ces th\u00e8mes qui permettent un dialogue entre les corps et leur rapport au lieu nous interpellent. Effectivement, il est int\u00e9ressant de constater que le corps est aussi un lieu en soi. C\u2019est d\u2019abord \u00e0 travers lui que nous prenons forme et que nous allons \u00e0 la rencontre de l\u2019autre, parfois pour se l\u2019approprier, le conqu\u00e9rir et le poss\u00e9der ou encore le ch\u00e9rir et l\u2019embrasser. Ces rapports changent \u00e0 chaque \u00e2ge. Le style chor\u00e9graphique de Daniel B\u00e9langer, qui s\u2019inscrit dans un travail de proximit\u00e9 des corps, accessible, touche des th\u00e9matiques qui explorent la tendresse, la po\u00e9sie des corps et l\u2019action fr\u00e9n\u00e9tique.<\/p>\n<p>Une premi\u00e8re s\u00e9ance de travail a \u00e9t\u00e9 entam\u00e9e \u00e0 l\u2019\u00e9t\u00e9\u00a02013 lorsque le chor\u00e9graphe est all\u00e9 \u00e0 Moncton pour v\u00e9rifier la faisabilit\u00e9 de ce projet. D\u00e9j\u00e0, nous avons pu voir \u00e9merger dans la recherche chor\u00e9graphique une sensibilit\u00e9 apparente au niveau de la structure, un travail au niveau de la r\u00e9sistance et du rel\u00e2chement ainsi qu\u2019une mont\u00e9e de tension physique qui tend vers une fluidit\u00e9 parfois lyrique, parfois humoristique.<\/p>\n<p>Dans ce projet, des affinit\u00e9s se dessinent clairement et il s\u2019inscrit parfaitement avec notre vision artistique\u00a0: une gestuelle fluide, un travail de port\u00e9e intriguant et un rapport de proximit\u00e9 entre les interpr\u00e8tes qui demeurent au centre de l\u2019\u0153uvre. Il offrira aussi une vitrine dans une nouvelle province tout en favorisant une rencontre avec des artistes de r\u00e9gions diff\u00e9rentes.<\/p>\n<p>La Compagnie d\u00e9sire cr\u00e9er un rapprochement avec cette communaut\u00e9 artistique, faire circuler le travail de Code Universel dans un nouveau march\u00e9 et cr\u00e9er une union entre nos diff\u00e9rentes communaut\u00e9s francophones. Cette cr\u00e9ation permettra de briser les conventions de la danse et de la d\u00e9mocratiser en mettant le public en contact avec le processus de cr\u00e9ation en pr\u00e9sentant les r\u00e9sultats \u00e0 chaque \u00e9tape du processus. La premi\u00e8re \u00e9tape a \u00e9t\u00e9\u00a0pr\u00e9sent\u00e9e durant les\u00a0<em>Soir\u00e9es Match Improvisation Danse<\/em> (SMID) du\u00a09 juillet 2016 au Centre Monseigneur de Laval, \u00e0 Beauport,\u00a0et la deuxi\u00e8me \u00e9tape sera propos\u00e9e en\u00a0avant-premi\u00e8re du spectacle de la compagnie DanseEncorps <em>Cr\u00e9ation danse<\/em> &#8211; \u00e0 Moncton. Le but final est de mener \u00e0 une repr\u00e9sentation lors du Festival de danse en atlantique \u00e0 Moncton en octobre 2017 et \u00e0 Qu\u00e9bec en 2018.<strong>\u00a0<\/strong><\/p>\n<p><span style=\"color: #e10707;\"><strong>\u00c9quipe artistique\u00a0:<\/strong><\/span><\/p>\n<p><strong><u>Qu\u00e9bec\u00a0:<br \/>\n<\/u><\/strong>Daniel B\u00e9langer, chor\u00e9graphe<br \/>\nMaryse Damecour, interpr\u00e8te<br \/>\nJean-Fran\u00e7ois Duke, interpr\u00e8te<br \/>\nEve Rousseau-Cyr, interpr\u00e8te<br \/>\nShayne Michael Th\u00e9riault, apprenti<br \/>\nConcepteur costume (\u00e0 venir)<\/p>\n<p><strong><u>Moncton\u00a0:<br \/>\n<\/u><\/strong>Chantal Cadieux, r\u00e9p\u00e9titrice<br \/>\nChantal Baudouin, interpr\u00e8te<br \/>\nCharles Br\u00e9card, interpr\u00e8te<br \/>\nRoxanne Dupuis, interpr\u00e8te<br \/>\nJonah Hach\u00e9, concepteur musique<br \/>\nConcepteur lumi\u00e8re (\u00e0 venir)<\/p>\n<\/div>\n<div class=\"fusion-clearfix\"><\/div>\n\t\t\t<\/div>\n\t\t<\/div><\/div><\/div><\/p>\n","protected":false},"excerpt":{"rendered":"","protected":false},"author":4,"featured_media":0,"parent":0,"menu_order":0,"comment_status":"closed","ping_status":"closed","template":"","meta":{"_monsterinsights_skip_tracking":false,"_monsterinsights_sitenote_active":false,"_monsterinsights_sitenote_note":"","_monsterinsights_sitenote_category":0,"footnotes":""},"class_list":["post-1301","page","type-page","status-publish","hentry"],"yoast_head":"<!-- This site is optimized with the Yoast SEO plugin v24.9 - https:\/\/yoast.com\/wordpress\/plugins\/seo\/ -->\n<title>Qu\u00e9bec\/Acadie - Code Universel<\/title>\n<meta name=\"robots\" content=\"index, follow, max-snippet:-1, max-image-preview:large, max-video-preview:-1\" \/>\n<link rel=\"canonical\" href=\"https:\/\/www.codeuniversel.com\/fr\/quebec-acadie\/\" \/>\n<meta property=\"og:locale\" content=\"fr_FR\" \/>\n<meta property=\"og:type\" content=\"article\" \/>\n<meta property=\"og:title\" content=\"Qu\u00e9bec\/Acadie - Code Universel\" \/>\n<meta property=\"og:url\" content=\"https:\/\/www.codeuniversel.com\/fr\/quebec-acadie\/\" \/>\n<meta property=\"og:site_name\" content=\"Code Universel\" \/>\n<meta property=\"article:modified_time\" content=\"2019-08-30T19:10:07+00:00\" \/>\n<meta name=\"twitter:card\" content=\"summary_large_image\" \/>\n<meta name=\"twitter:label1\" content=\"Dur\u00e9e de lecture estim\u00e9e\" \/>\n\t<meta name=\"twitter:data1\" content=\"5 minutes\" \/>\n<script type=\"application\/ld+json\" class=\"yoast-schema-graph\">{\"@context\":\"https:\/\/schema.org\",\"@graph\":[{\"@type\":\"WebPage\",\"@id\":\"https:\/\/www.codeuniversel.com\/fr\/quebec-acadie\/\",\"url\":\"https:\/\/www.codeuniversel.com\/fr\/quebec-acadie\/\",\"name\":\"Qu\u00e9bec\/Acadie - Code Universel\",\"isPartOf\":{\"@id\":\"https:\/\/www.codeuniversel.com\/fr\/#website\"},\"datePublished\":\"2016-08-10T19:15:17+00:00\",\"dateModified\":\"2019-08-30T19:10:07+00:00\",\"breadcrumb\":{\"@id\":\"https:\/\/www.codeuniversel.com\/fr\/quebec-acadie\/#breadcrumb\"},\"inLanguage\":\"fr-FR\",\"potentialAction\":[{\"@type\":\"ReadAction\",\"target\":[\"https:\/\/www.codeuniversel.com\/fr\/quebec-acadie\/\"]}]},{\"@type\":\"BreadcrumbList\",\"@id\":\"https:\/\/www.codeuniversel.com\/fr\/quebec-acadie\/#breadcrumb\",\"itemListElement\":[{\"@type\":\"ListItem\",\"position\":1,\"name\":\"Accueil\",\"item\":\"https:\/\/www.codeuniversel.com\/fr\/\"},{\"@type\":\"ListItem\",\"position\":2,\"name\":\"Qu\u00e9bec\/Acadie\"}]},{\"@type\":\"WebSite\",\"@id\":\"https:\/\/www.codeuniversel.com\/fr\/#website\",\"url\":\"https:\/\/www.codeuniversel.com\/fr\/\",\"name\":\"Code Universel\",\"description\":\"\",\"potentialAction\":[{\"@type\":\"SearchAction\",\"target\":{\"@type\":\"EntryPoint\",\"urlTemplate\":\"https:\/\/www.codeuniversel.com\/fr\/?s={search_term_string}\"},\"query-input\":{\"@type\":\"PropertyValueSpecification\",\"valueRequired\":true,\"valueName\":\"search_term_string\"}}],\"inLanguage\":\"fr-FR\"}]}<\/script>\n<!-- \/ Yoast SEO plugin. -->","yoast_head_json":{"title":"Qu\u00e9bec\/Acadie - Code Universel","robots":{"index":"index","follow":"follow","max-snippet":"max-snippet:-1","max-image-preview":"max-image-preview:large","max-video-preview":"max-video-preview:-1"},"canonical":"https:\/\/www.codeuniversel.com\/fr\/quebec-acadie\/","og_locale":"fr_FR","og_type":"article","og_title":"Qu\u00e9bec\/Acadie - Code Universel","og_url":"https:\/\/www.codeuniversel.com\/fr\/quebec-acadie\/","og_site_name":"Code Universel","article_modified_time":"2019-08-30T19:10:07+00:00","twitter_card":"summary_large_image","twitter_misc":{"Dur\u00e9e de lecture estim\u00e9e":"5 minutes"},"schema":{"@context":"https:\/\/schema.org","@graph":[{"@type":"WebPage","@id":"https:\/\/www.codeuniversel.com\/fr\/quebec-acadie\/","url":"https:\/\/www.codeuniversel.com\/fr\/quebec-acadie\/","name":"Qu\u00e9bec\/Acadie - Code Universel","isPartOf":{"@id":"https:\/\/www.codeuniversel.com\/fr\/#website"},"datePublished":"2016-08-10T19:15:17+00:00","dateModified":"2019-08-30T19:10:07+00:00","breadcrumb":{"@id":"https:\/\/www.codeuniversel.com\/fr\/quebec-acadie\/#breadcrumb"},"inLanguage":"fr-FR","potentialAction":[{"@type":"ReadAction","target":["https:\/\/www.codeuniversel.com\/fr\/quebec-acadie\/"]}]},{"@type":"BreadcrumbList","@id":"https:\/\/www.codeuniversel.com\/fr\/quebec-acadie\/#breadcrumb","itemListElement":[{"@type":"ListItem","position":1,"name":"Accueil","item":"https:\/\/www.codeuniversel.com\/fr\/"},{"@type":"ListItem","position":2,"name":"Qu\u00e9bec\/Acadie"}]},{"@type":"WebSite","@id":"https:\/\/www.codeuniversel.com\/fr\/#website","url":"https:\/\/www.codeuniversel.com\/fr\/","name":"Code Universel","description":"","potentialAction":[{"@type":"SearchAction","target":{"@type":"EntryPoint","urlTemplate":"https:\/\/www.codeuniversel.com\/fr\/?s={search_term_string}"},"query-input":{"@type":"PropertyValueSpecification","valueRequired":true,"valueName":"search_term_string"}}],"inLanguage":"fr-FR"}]}},"_links":{"self":[{"href":"https:\/\/www.codeuniversel.com\/fr\/wp-json\/wp\/v2\/pages\/1301","targetHints":{"allow":["GET"]}}],"collection":[{"href":"https:\/\/www.codeuniversel.com\/fr\/wp-json\/wp\/v2\/pages"}],"about":[{"href":"https:\/\/www.codeuniversel.com\/fr\/wp-json\/wp\/v2\/types\/page"}],"author":[{"embeddable":true,"href":"https:\/\/www.codeuniversel.com\/fr\/wp-json\/wp\/v2\/users\/4"}],"replies":[{"embeddable":true,"href":"https:\/\/www.codeuniversel.com\/fr\/wp-json\/wp\/v2\/comments?post=1301"}],"version-history":[{"count":6,"href":"https:\/\/www.codeuniversel.com\/fr\/wp-json\/wp\/v2\/pages\/1301\/revisions"}],"predecessor-version":[{"id":2318,"href":"https:\/\/www.codeuniversel.com\/fr\/wp-json\/wp\/v2\/pages\/1301\/revisions\/2318"}],"wp:attachment":[{"href":"https:\/\/www.codeuniversel.com\/fr\/wp-json\/wp\/v2\/media?parent=1301"}],"curies":[{"name":"wp","href":"https:\/\/api.w.org\/{rel}","templated":true}]}}