{"id":134,"date":"2009-11-15T16:46:15","date_gmt":"2009-11-15T20:46:15","guid":{"rendered":"http:\/\/www.metamorfic.net\/dev\/code_uni\/?page_id=134"},"modified":"2019-08-27T15:05:59","modified_gmt":"2019-08-27T20:05:59","slug":"ma-soeur-alice-2","status":"publish","type":"page","link":"https:\/\/www.codeuniversel.com\/fr\/ma-soeur-alice-2\/","title":{"rendered":"Ma soeur Alice"},"content":{"rendered":"<p><div  class=\"fusion-fullwidth fullwidth-box nonhundred-percent-fullwidth\"  style='background-color: rgba(255,255,255,0);background-position: left top;background-repeat: no-repeat;padding-top:20px;padding-right:0px;padding-bottom:20px;padding-left:0px;border-top-width:0px;border-bottom-width:0px;border-color:#eae9e9;border-top-style:;border-bottom-style:;'><div class=\"fusion-builder-row fusion-row \"><div  class=\"fusion-layout-column fusion_builder_column fusion_builder_column_1_1  fusion-one-full fusion-column-first fusion-column-last fusion-column-no-min-height 1_1\"  style='margin-top:0px;margin-bottom:0px;'>\n\t\t\t<div class=\"fusion-column-wrapper\"  style=\"background-position:left top;background-repeat:no-repeat;-webkit-background-size:cover;-moz-background-size:cover;-o-background-size:cover;background-size:cover;\"  data-bg-url=\"\">\n\t\t\t\t<div class=\"fusion-clearfix\"><\/div>\n\t\t\t<\/div>\n\t\t<\/div><\/div><\/div><div  class=\"fusion-fullwidth fullwidth-box nonhundred-percent-fullwidth\"  style='background-color: rgba(255,255,255,0);background-position: left top;background-repeat: no-repeat;padding-top:20px;padding-right:0px;padding-bottom:20px;padding-left:0px;border-top-width:0px;border-bottom-width:0px;border-color:#eae9e9;border-top-style:;border-bottom-style:;'><div class=\"fusion-builder-row fusion-row \"><div  class=\"fusion-layout-column fusion_builder_column fusion_builder_column_1_1  fusion-one-full fusion-column-first fusion-column-last fusion-column-no-min-height 1_1\"  style='margin-top:0px;margin-bottom:0px;'>\n\t\t\t<div class=\"fusion-column-wrapper\"  style=\"background-position:left top;background-repeat:no-repeat;-webkit-background-size:cover;-moz-background-size:cover;-o-background-size:cover;background-size:cover;\"  data-bg-url=\"\">\n\t\t\t\t<div class=\"imageframe-align-center\"><span class=\"fusion-imageframe imageframe-none imageframe-1 hover-type-none\"><img decoding=\"async\" src=\"https:\/\/www.codeuniversel.com\/fr\/wp-content\/uploads\/2009\/11\/MSA.jpg\" width=\"\" height=\"\" alt=\"\" title=\"\" class=\"img-responsive\"\/><\/span><\/div><p style=\"text-align: center; font-size: 10px;\">\u00a9 David Cannon<\/p>\n<div class=\"fusion-clearfix\"><\/div>\n\t\t\t<\/div>\n\t\t<\/div><div  class=\"fusion-layout-column fusion_builder_column fusion_builder_column_1_2  fusion-one-half fusion-column-first 1_2\"  style='margin-top:0px;margin-bottom:20px;width:48%; margin-right: 4%;'>\n\t\t\t<div class=\"fusion-column-wrapper\"  style=\"background-position:left top;background-repeat:no-repeat;-webkit-background-size:cover;-moz-background-size:cover;-o-background-size:cover;background-size:cover;\"  data-bg-url=\"\">\n\t\t\t\t<div class=\"fusion-video fusion-vimeo\" style=\"max-width:600px;max-height:360px;\"><div class=\"video-shortcode\"><iframe src=\"https:\/\/player.vimeo.com\/video\/356268079?autoplay=0\" width=\"600\" height=\"360\" allowfullscreen><\/iframe><\/div><\/div><div class=\"fusion-video fusion-vimeo\" style=\"max-width:600px;max-height:350px;\"><div class=\"video-shortcode\"><iframe src=\"https:\/\/player.vimeo.com\/video\/100535717?autoplay=0\" width=\"600\" height=\"350\" allowfullscreen><\/iframe><\/div><\/div><p><strong>Dur\u00e9e<\/strong>\u00a0: 60\u00a0minutes<br \/>\n<strong>Public<\/strong>\u00a0:\u00a0adolescents \/ grand public<\/p>\n<p><strong>Conception\u00a0et chor\u00e9graphie<\/strong>\u00a0: Daniel B\u00e9langer<br \/>\n<strong>Interpr\u00e8tes lors de la cr\u00e9ation<\/strong>\u00a0:\u00a0Caroline Drolet, Charlotte Leboss\u00e9, Olivier Normand, Manuel Shink, Arielle Warnke St-Pierre, \u00c8ve Rousseau-Cyr.<br \/>\n<strong>Conception vid\u00e9o<\/strong>\u00a0: Philippe Lessard Drolet<br \/>\n<strong>Musique<\/strong>\u00a0:\u00a0Steve Hamel et Jonathan B\u00e9langer<br \/>\n<strong>Lumi\u00e8res<\/strong>\u00a0: J\u00e9r\u00f4me Gagnon<br \/>\n<strong>Vid\u00e9o-jockey<\/strong>\u00a0: Luc Vall\u00e9e<br \/>\n<strong>Sc\u00e9nographie et costumes<\/strong>\u00a0: \u00c9rica Schmitz<br \/>\n<strong>R\u00e9p\u00e9titrice<\/strong>\u00a0: Sonia Montminy<\/p>\n<div class=\"fusion-clearfix\"><\/div>\n\t\t\t<\/div>\n\t\t<\/div><div  class=\"fusion-layout-column fusion_builder_column fusion_builder_column_1_2  fusion-one-half fusion-column-last 1_2\"  style='margin-top:0px;margin-bottom:20px;width:48%'>\n\t\t\t<div class=\"fusion-column-wrapper\"  style=\"background-position:left top;background-repeat:no-repeat;-webkit-background-size:cover;-moz-background-size:cover;-o-background-size:cover;background-size:cover;\"  data-bg-url=\"\">\n\t\t\t\t<div style=\"text-align: justify;\">\n<p style=\"text-align: justify;\">Suite de tableaux dynamiques et parfois ludiques o\u00f9 s\u2019entrem\u00ealent amour, \u00e9veil des sens et fougue,\u00a0<em>Ma s\u0153ur Alice<\/em>\u00a0nous transporte dans un monde o\u00f9 la fantaisie en mouvement est au rendez-vous. Entre une innocence pr\u00e9tendue et une adolescence id\u00e9alis\u00e9e, l\u2019\u0153uvre touche le c\u0153ur d\u2019une hypersensibilit\u00e9 o\u00f9 la qu\u00eate identitaire est souvent difficile, parfois p\u00e9rilleuse.<\/p>\n<p style=\"text-align: justify;\">Avec une \u00e9criture inventive, impressionnante d&rsquo;\u00e9nergie, sensible et sensuelle, Daniel B\u00e9langer nous livre une \u0153uvre pour cinq danseurs et un com\u00e9dien, accompagn\u00e9s sur sc\u00e8ne par deux musiciens et un vid\u00e9o-jockey.<\/p>\n<\/div>\n<p style=\"text-align: justify;\">D\u2019abord pour les adolescents, Ma s\u0153ur Alice d\u00e9voile pas \u00e0 pas l\u2019\u00eatre qui se cache\u2026<\/p>\n<p style=\"text-align: right;\"><em>\u00ab L\u2019int\u00e9gration de musique live et l\u2019utilisation de la vid\u00e9o pour capter sous un autre angle<br \/>\nles mouvements des danseurs donnent \u00e0 cette \u0153uvre une dimension tr\u00e8s actuelle,<br \/>\ndans laquelle les jeunes adultes se reconna\u00eetront assur\u00e9ment. \u00bb<\/em><br \/>\n<em>Iris Gagnon-Paradis \u2013Voir Qu\u00e9bec<\/em><\/p>\n<div class=\"fusion-clearfix\"><\/div>\n\t\t\t<\/div>\n\t\t<\/div><\/div><\/div><\/p>\n","protected":false},"excerpt":{"rendered":"","protected":false},"author":4,"featured_media":0,"parent":0,"menu_order":0,"comment_status":"open","ping_status":"closed","template":"","meta":{"_monsterinsights_skip_tracking":false,"_monsterinsights_sitenote_active":false,"_monsterinsights_sitenote_note":"","_monsterinsights_sitenote_category":0,"footnotes":""},"class_list":["post-134","page","type-page","status-publish","hentry"],"yoast_head":"<!-- This site is optimized with the Yoast SEO plugin v24.9 - https:\/\/yoast.com\/wordpress\/plugins\/seo\/ -->\n<title>Ma soeur Alice - Code Universel<\/title>\n<meta name=\"robots\" content=\"index, follow, max-snippet:-1, max-image-preview:large, max-video-preview:-1\" \/>\n<link rel=\"canonical\" href=\"https:\/\/www.codeuniversel.com\/fr\/ma-soeur-alice-2\/\" \/>\n<meta property=\"og:locale\" content=\"fr_FR\" \/>\n<meta property=\"og:type\" content=\"article\" \/>\n<meta property=\"og:title\" content=\"Ma soeur Alice - Code Universel\" \/>\n<meta property=\"og:url\" content=\"https:\/\/www.codeuniversel.com\/fr\/ma-soeur-alice-2\/\" \/>\n<meta property=\"og:site_name\" content=\"Code Universel\" \/>\n<meta property=\"article:modified_time\" content=\"2019-08-27T20:05:59+00:00\" \/>\n<meta name=\"twitter:card\" content=\"summary_large_image\" \/>\n<meta name=\"twitter:label1\" content=\"Dur\u00e9e de lecture estim\u00e9e\" \/>\n\t<meta name=\"twitter:data1\" content=\"4 minutes\" \/>\n<script type=\"application\/ld+json\" class=\"yoast-schema-graph\">{\"@context\":\"https:\/\/schema.org\",\"@graph\":[{\"@type\":\"WebPage\",\"@id\":\"https:\/\/www.codeuniversel.com\/fr\/ma-soeur-alice-2\/\",\"url\":\"https:\/\/www.codeuniversel.com\/fr\/ma-soeur-alice-2\/\",\"name\":\"Ma soeur Alice - Code Universel\",\"isPartOf\":{\"@id\":\"https:\/\/www.codeuniversel.com\/fr\/#website\"},\"datePublished\":\"2009-11-15T20:46:15+00:00\",\"dateModified\":\"2019-08-27T20:05:59+00:00\",\"breadcrumb\":{\"@id\":\"https:\/\/www.codeuniversel.com\/fr\/ma-soeur-alice-2\/#breadcrumb\"},\"inLanguage\":\"fr-FR\",\"potentialAction\":[{\"@type\":\"ReadAction\",\"target\":[\"https:\/\/www.codeuniversel.com\/fr\/ma-soeur-alice-2\/\"]}]},{\"@type\":\"BreadcrumbList\",\"@id\":\"https:\/\/www.codeuniversel.com\/fr\/ma-soeur-alice-2\/#breadcrumb\",\"itemListElement\":[{\"@type\":\"ListItem\",\"position\":1,\"name\":\"Accueil\",\"item\":\"https:\/\/www.codeuniversel.com\/fr\/\"},{\"@type\":\"ListItem\",\"position\":2,\"name\":\"Ma soeur Alice\"}]},{\"@type\":\"WebSite\",\"@id\":\"https:\/\/www.codeuniversel.com\/fr\/#website\",\"url\":\"https:\/\/www.codeuniversel.com\/fr\/\",\"name\":\"Code Universel\",\"description\":\"\",\"potentialAction\":[{\"@type\":\"SearchAction\",\"target\":{\"@type\":\"EntryPoint\",\"urlTemplate\":\"https:\/\/www.codeuniversel.com\/fr\/?s={search_term_string}\"},\"query-input\":{\"@type\":\"PropertyValueSpecification\",\"valueRequired\":true,\"valueName\":\"search_term_string\"}}],\"inLanguage\":\"fr-FR\"}]}<\/script>\n<!-- \/ Yoast SEO plugin. -->","yoast_head_json":{"title":"Ma soeur Alice - Code Universel","robots":{"index":"index","follow":"follow","max-snippet":"max-snippet:-1","max-image-preview":"max-image-preview:large","max-video-preview":"max-video-preview:-1"},"canonical":"https:\/\/www.codeuniversel.com\/fr\/ma-soeur-alice-2\/","og_locale":"fr_FR","og_type":"article","og_title":"Ma soeur Alice - Code Universel","og_url":"https:\/\/www.codeuniversel.com\/fr\/ma-soeur-alice-2\/","og_site_name":"Code Universel","article_modified_time":"2019-08-27T20:05:59+00:00","twitter_card":"summary_large_image","twitter_misc":{"Dur\u00e9e de lecture estim\u00e9e":"4 minutes"},"schema":{"@context":"https:\/\/schema.org","@graph":[{"@type":"WebPage","@id":"https:\/\/www.codeuniversel.com\/fr\/ma-soeur-alice-2\/","url":"https:\/\/www.codeuniversel.com\/fr\/ma-soeur-alice-2\/","name":"Ma soeur Alice - Code Universel","isPartOf":{"@id":"https:\/\/www.codeuniversel.com\/fr\/#website"},"datePublished":"2009-11-15T20:46:15+00:00","dateModified":"2019-08-27T20:05:59+00:00","breadcrumb":{"@id":"https:\/\/www.codeuniversel.com\/fr\/ma-soeur-alice-2\/#breadcrumb"},"inLanguage":"fr-FR","potentialAction":[{"@type":"ReadAction","target":["https:\/\/www.codeuniversel.com\/fr\/ma-soeur-alice-2\/"]}]},{"@type":"BreadcrumbList","@id":"https:\/\/www.codeuniversel.com\/fr\/ma-soeur-alice-2\/#breadcrumb","itemListElement":[{"@type":"ListItem","position":1,"name":"Accueil","item":"https:\/\/www.codeuniversel.com\/fr\/"},{"@type":"ListItem","position":2,"name":"Ma soeur Alice"}]},{"@type":"WebSite","@id":"https:\/\/www.codeuniversel.com\/fr\/#website","url":"https:\/\/www.codeuniversel.com\/fr\/","name":"Code Universel","description":"","potentialAction":[{"@type":"SearchAction","target":{"@type":"EntryPoint","urlTemplate":"https:\/\/www.codeuniversel.com\/fr\/?s={search_term_string}"},"query-input":{"@type":"PropertyValueSpecification","valueRequired":true,"valueName":"search_term_string"}}],"inLanguage":"fr-FR"}]}},"_links":{"self":[{"href":"https:\/\/www.codeuniversel.com\/fr\/wp-json\/wp\/v2\/pages\/134","targetHints":{"allow":["GET"]}}],"collection":[{"href":"https:\/\/www.codeuniversel.com\/fr\/wp-json\/wp\/v2\/pages"}],"about":[{"href":"https:\/\/www.codeuniversel.com\/fr\/wp-json\/wp\/v2\/types\/page"}],"author":[{"embeddable":true,"href":"https:\/\/www.codeuniversel.com\/fr\/wp-json\/wp\/v2\/users\/4"}],"replies":[{"embeddable":true,"href":"https:\/\/www.codeuniversel.com\/fr\/wp-json\/wp\/v2\/comments?post=134"}],"version-history":[{"count":46,"href":"https:\/\/www.codeuniversel.com\/fr\/wp-json\/wp\/v2\/pages\/134\/revisions"}],"predecessor-version":[{"id":2532,"href":"https:\/\/www.codeuniversel.com\/fr\/wp-json\/wp\/v2\/pages\/134\/revisions\/2532"}],"wp:attachment":[{"href":"https:\/\/www.codeuniversel.com\/fr\/wp-json\/wp\/v2\/media?parent=134"}],"curies":[{"name":"wp","href":"https:\/\/api.w.org\/{rel}","templated":true}]}}