{"id":145,"date":"2009-11-15T16:57:12","date_gmt":"2009-11-15T20:57:12","guid":{"rendered":"http:\/\/www.metamorfic.net\/dev\/code_uni\/?page_id=145"},"modified":"2019-08-19T14:31:31","modified_gmt":"2019-08-19T19:31:31","slug":"fragments","status":"publish","type":"page","link":"https:\/\/www.codeuniversel.com\/fr\/fragments\/","title":{"rendered":"Fragments"},"content":{"rendered":"<p><div  class=\"fusion-fullwidth fullwidth-box nonhundred-percent-fullwidth\"  style='background-color: rgba(255,255,255,0);background-position: left top;background-repeat: no-repeat;padding-top:20px;padding-right:0px;padding-bottom:20px;padding-left:0px;border-top-width:0px;border-bottom-width:0px;border-color:#eae9e9;border-top-style:;border-bottom-style:;'><div class=\"fusion-builder-row fusion-row \"><div  class=\"fusion-layout-column fusion_builder_column fusion_builder_column_1_1  fusion-one-full fusion-column-first fusion-column-last fusion-column-no-min-height 1_1\"  style='margin-top:0px;margin-bottom:0px;'>\n\t\t\t<div class=\"fusion-column-wrapper\"  style=\"background-position:left top;background-repeat:no-repeat;-webkit-background-size:cover;-moz-background-size:cover;-o-background-size:cover;background-size:cover;\"  data-bg-url=\"\">\n\t\t\t\t<div class=\"imageframe-align-center\"><span class=\"fusion-imageframe imageframe-none imageframe-1 hover-type-none\"><img decoding=\"async\" src=\"https:\/\/www.codeuniversel.com\/fr\/wp-content\/uploads\/2009\/11\/Fragments-copy.jpg\" width=\"\" height=\"\" alt=\"\" title=\"\" class=\"img-responsive\"\/><\/span><\/div><p style=\"text-align: center; font-size: 10px;\">\u00a9 Caroline Poulin<\/p>\n<div class=\"fusion-clearfix\"><\/div>\n\t\t\t<\/div>\n\t\t<\/div><\/div><\/div><div  class=\"fusion-fullwidth fullwidth-box nonhundred-percent-fullwidth\"  style='background-color: rgba(255,255,255,0);background-position: left top;background-repeat: no-repeat;padding-top:20px;padding-right:0px;padding-bottom:20px;padding-left:0px;border-top-width:0px;border-bottom-width:0px;border-color:#eae9e9;border-top-style:;border-bottom-style:;'><div class=\"fusion-builder-row fusion-row \"><div  class=\"fusion-layout-column fusion_builder_column fusion_builder_column_1_2  fusion-one-half fusion-column-first 1_2\"  style='margin-top:0px;margin-bottom:20px;width:48%; margin-right: 4%;'>\n\t\t\t<div class=\"fusion-column-wrapper\"  style=\"background-position:left top;background-repeat:no-repeat;-webkit-background-size:cover;-moz-background-size:cover;-o-background-size:cover;background-size:cover;\"  data-bg-url=\"\">\n\t\t\t\t<div class=\"fusion-video fusion-youtube center\" style=\"max-width:600px;max-height:360px;\"><div class=\"video-shortcode\"><iframe title=\"YouTube video player\" src=\"https:\/\/www.youtube.com\/embed\/To5f2M4hYT4?wmode=transparent&autoplay=0\" width=\"600\" height=\"360\" allowfullscreen><\/iframe><\/div><\/div><p><strong>Dur\u00e9e<\/strong>\u00a0: 70\u00a0minutes (avec pause)<br \/>\n<strong>Public<\/strong>\u00a0: grand public<\/p>\n<p><strong>Conception<\/strong>\u00a0:<strong>\u00a0<\/strong>Daniel B\u00e9langer<strong><br \/>\nChor\u00e9graphie<\/strong>\u00a0: Daniel B\u00e9langer et Marc Boivin<br \/>\n<strong>Interpr\u00e8tes lors de la cr\u00e9ation<\/strong>\u00a0:<br \/>\n<strong>Musique<\/strong>\u00a0: Jean-S\u00e9bastien C\u00f4t\u00e9<br \/>\n<strong>Lumi\u00e8res,\u00a0vid\u00e9o et sc\u00e9nographie<\/strong>\u00a0: Bernard White<strong><br \/>\nCostumes<\/strong>\u00a0:\u00a0Marie Laflamme<\/p>\n<div class=\"fusion-clearfix\"><\/div>\n\t\t\t<\/div>\n\t\t<\/div><div  class=\"fusion-layout-column fusion_builder_column fusion_builder_column_1_2  fusion-one-half fusion-column-last 1_2\"  style='margin-top:0px;margin-bottom:20px;width:48%'>\n\t\t\t<div class=\"fusion-column-wrapper\"  style=\"background-position:left top;background-repeat:no-repeat;-webkit-background-size:cover;-moz-background-size:cover;-o-background-size:cover;background-size:cover;\"  data-bg-url=\"\">\n\t\t\t\t<div style=\"text-align: justify;\">\n<p><span lang=\"FR-CA\">Ce\u00a0diptyque chor\u00e9graphique pr\u00e9sente la vision de deux chor\u00e9graphes pour quatre \u00e0 six danseurs et un concepteur sonore, rehauss\u00e9e par un montage vid\u00e9o autour du m\u00eame th\u00e8me central : le corps.<\/span><\/p>\n<p><span lang=\"FR-CA\">Objet de culte, amas d\u2019organes et de membres, de d\u00e9sir, d\u2019ivresse, prison pour l\u2019\u00e2me o\u00f9 l\u2019on passe une partie de notre \u00e9ternit\u00e9, un fragment parmi tant d\u2019autres.\u00a0<\/span><span lang=\"FR-CA\">C\u2019est par cet instrument que nous entrons dans le monde et apprenons \u00e0 le conna\u00eetre; il nous transporte vers les autres pour ex\u00e9cuter des corps-\u00e0-corps. Corps virtuel ou r\u00e9el.<\/span><\/p>\n<p><span lang=\"FR-CA\">Observer le corps de l\u2019ext\u00e9rieur dans ses axes pluriels et se questionner. Inventer diff\u00e9rentes fa\u00e7ons de le remodeler et de contr\u00f4ler ses humeurs.<\/span><\/p>\n<p><span lang=\"FR-CA\">Nous scrutons alors l\u2019int\u00e9rieur du corps \u00e0 l\u2019aide d\u2019appareils. Sans m\u00eame percer la peau d\u00e9licate, nous d\u00e9couvrons des recoins insoup\u00e7onn\u00e9s, des espaces enfouis juste sous la peau et plus profond\u00e9ment encore. C\u2019est aussi l\u00e0 que se trouve la limite entre les autres et soi.<\/span><\/p>\n<p><span lang=\"FR-CA\">Mouvements dynamiques, projection vid\u00e9o et cam\u00e9ras de surveillance construisent les \u00e9l\u00e9ments finaux du travail o\u00f9 tout se m\u00e9lange et se superpose.<\/span><\/p>\n<\/div>\n<div class=\"fusion-clearfix\"><\/div>\n\t\t\t<\/div>\n\t\t<\/div><\/div><\/div><\/p>\n","protected":false},"excerpt":{"rendered":"","protected":false},"author":4,"featured_media":0,"parent":0,"menu_order":0,"comment_status":"open","ping_status":"closed","template":"","meta":{"_monsterinsights_skip_tracking":false,"_monsterinsights_sitenote_active":false,"_monsterinsights_sitenote_note":"","_monsterinsights_sitenote_category":0,"footnotes":""},"class_list":["post-145","page","type-page","status-publish","hentry"],"yoast_head":"<!-- This site is optimized with the Yoast SEO plugin v24.9 - https:\/\/yoast.com\/wordpress\/plugins\/seo\/ -->\n<title>Fragments - Code Universel<\/title>\n<meta name=\"robots\" content=\"index, follow, max-snippet:-1, max-image-preview:large, max-video-preview:-1\" \/>\n<link rel=\"canonical\" href=\"https:\/\/www.codeuniversel.com\/fr\/fragments\/\" \/>\n<meta property=\"og:locale\" content=\"fr_FR\" \/>\n<meta property=\"og:type\" content=\"article\" \/>\n<meta property=\"og:title\" content=\"Fragments - Code Universel\" \/>\n<meta property=\"og:url\" content=\"https:\/\/www.codeuniversel.com\/fr\/fragments\/\" \/>\n<meta property=\"og:site_name\" content=\"Code Universel\" \/>\n<meta property=\"article:modified_time\" content=\"2019-08-19T19:31:31+00:00\" \/>\n<meta name=\"twitter:card\" content=\"summary_large_image\" \/>\n<meta name=\"twitter:label1\" content=\"Dur\u00e9e de lecture estim\u00e9e\" \/>\n\t<meta name=\"twitter:data1\" content=\"4 minutes\" \/>\n<script type=\"application\/ld+json\" class=\"yoast-schema-graph\">{\"@context\":\"https:\/\/schema.org\",\"@graph\":[{\"@type\":\"WebPage\",\"@id\":\"https:\/\/www.codeuniversel.com\/fr\/fragments\/\",\"url\":\"https:\/\/www.codeuniversel.com\/fr\/fragments\/\",\"name\":\"Fragments - Code Universel\",\"isPartOf\":{\"@id\":\"https:\/\/www.codeuniversel.com\/fr\/#website\"},\"datePublished\":\"2009-11-15T20:57:12+00:00\",\"dateModified\":\"2019-08-19T19:31:31+00:00\",\"breadcrumb\":{\"@id\":\"https:\/\/www.codeuniversel.com\/fr\/fragments\/#breadcrumb\"},\"inLanguage\":\"fr-FR\",\"potentialAction\":[{\"@type\":\"ReadAction\",\"target\":[\"https:\/\/www.codeuniversel.com\/fr\/fragments\/\"]}]},{\"@type\":\"BreadcrumbList\",\"@id\":\"https:\/\/www.codeuniversel.com\/fr\/fragments\/#breadcrumb\",\"itemListElement\":[{\"@type\":\"ListItem\",\"position\":1,\"name\":\"Accueil\",\"item\":\"https:\/\/www.codeuniversel.com\/fr\/\"},{\"@type\":\"ListItem\",\"position\":2,\"name\":\"Fragments\"}]},{\"@type\":\"WebSite\",\"@id\":\"https:\/\/www.codeuniversel.com\/fr\/#website\",\"url\":\"https:\/\/www.codeuniversel.com\/fr\/\",\"name\":\"Code Universel\",\"description\":\"\",\"potentialAction\":[{\"@type\":\"SearchAction\",\"target\":{\"@type\":\"EntryPoint\",\"urlTemplate\":\"https:\/\/www.codeuniversel.com\/fr\/?s={search_term_string}\"},\"query-input\":{\"@type\":\"PropertyValueSpecification\",\"valueRequired\":true,\"valueName\":\"search_term_string\"}}],\"inLanguage\":\"fr-FR\"}]}<\/script>\n<!-- \/ Yoast SEO plugin. -->","yoast_head_json":{"title":"Fragments - Code Universel","robots":{"index":"index","follow":"follow","max-snippet":"max-snippet:-1","max-image-preview":"max-image-preview:large","max-video-preview":"max-video-preview:-1"},"canonical":"https:\/\/www.codeuniversel.com\/fr\/fragments\/","og_locale":"fr_FR","og_type":"article","og_title":"Fragments - Code Universel","og_url":"https:\/\/www.codeuniversel.com\/fr\/fragments\/","og_site_name":"Code Universel","article_modified_time":"2019-08-19T19:31:31+00:00","twitter_card":"summary_large_image","twitter_misc":{"Dur\u00e9e de lecture estim\u00e9e":"4 minutes"},"schema":{"@context":"https:\/\/schema.org","@graph":[{"@type":"WebPage","@id":"https:\/\/www.codeuniversel.com\/fr\/fragments\/","url":"https:\/\/www.codeuniversel.com\/fr\/fragments\/","name":"Fragments - Code Universel","isPartOf":{"@id":"https:\/\/www.codeuniversel.com\/fr\/#website"},"datePublished":"2009-11-15T20:57:12+00:00","dateModified":"2019-08-19T19:31:31+00:00","breadcrumb":{"@id":"https:\/\/www.codeuniversel.com\/fr\/fragments\/#breadcrumb"},"inLanguage":"fr-FR","potentialAction":[{"@type":"ReadAction","target":["https:\/\/www.codeuniversel.com\/fr\/fragments\/"]}]},{"@type":"BreadcrumbList","@id":"https:\/\/www.codeuniversel.com\/fr\/fragments\/#breadcrumb","itemListElement":[{"@type":"ListItem","position":1,"name":"Accueil","item":"https:\/\/www.codeuniversel.com\/fr\/"},{"@type":"ListItem","position":2,"name":"Fragments"}]},{"@type":"WebSite","@id":"https:\/\/www.codeuniversel.com\/fr\/#website","url":"https:\/\/www.codeuniversel.com\/fr\/","name":"Code Universel","description":"","potentialAction":[{"@type":"SearchAction","target":{"@type":"EntryPoint","urlTemplate":"https:\/\/www.codeuniversel.com\/fr\/?s={search_term_string}"},"query-input":{"@type":"PropertyValueSpecification","valueRequired":true,"valueName":"search_term_string"}}],"inLanguage":"fr-FR"}]}},"_links":{"self":[{"href":"https:\/\/www.codeuniversel.com\/fr\/wp-json\/wp\/v2\/pages\/145","targetHints":{"allow":["GET"]}}],"collection":[{"href":"https:\/\/www.codeuniversel.com\/fr\/wp-json\/wp\/v2\/pages"}],"about":[{"href":"https:\/\/www.codeuniversel.com\/fr\/wp-json\/wp\/v2\/types\/page"}],"author":[{"embeddable":true,"href":"https:\/\/www.codeuniversel.com\/fr\/wp-json\/wp\/v2\/users\/4"}],"replies":[{"embeddable":true,"href":"https:\/\/www.codeuniversel.com\/fr\/wp-json\/wp\/v2\/comments?post=145"}],"version-history":[{"count":29,"href":"https:\/\/www.codeuniversel.com\/fr\/wp-json\/wp\/v2\/pages\/145\/revisions"}],"predecessor-version":[{"id":2273,"href":"https:\/\/www.codeuniversel.com\/fr\/wp-json\/wp\/v2\/pages\/145\/revisions\/2273"}],"wp:attachment":[{"href":"https:\/\/www.codeuniversel.com\/fr\/wp-json\/wp\/v2\/media?parent=145"}],"curies":[{"name":"wp","href":"https:\/\/api.w.org\/{rel}","templated":true}]}}