{"id":155,"date":"2009-11-15T17:06:36","date_gmt":"2009-11-15T21:06:36","guid":{"rendered":"http:\/\/www.metamorfic.net\/dev\/code_uni\/?page_id=155"},"modified":"2019-08-19T14:30:07","modified_gmt":"2019-08-19T19:30:07","slug":"quatuor","status":"publish","type":"page","link":"https:\/\/www.codeuniversel.com\/fr\/quatuor\/","title":{"rendered":"Quatuor pour la fin du temps"},"content":{"rendered":"<div  class=\"fusion-fullwidth fullwidth-box nonhundred-percent-fullwidth\"  style='background-color: rgba(255,255,255,0);background-position: center center;background-repeat: no-repeat;padding-top:20px;padding-right:0px;padding-bottom:20px;padding-left:0px;'><div class=\"fusion-builder-row fusion-row \"><div  class=\"fusion-layout-column fusion_builder_column fusion_builder_column_1_2  fusion-one-half fusion-column-first 1_2\"  style='margin-top:0px;margin-bottom:20px;width:50%;width:calc(50% - ( ( 4% ) * 0.5 ) );margin-right: 4%;'>\n\t\t\t<div class=\"fusion-column-wrapper\"  style=\"background-position:left top;background-repeat:no-repeat;-webkit-background-size:cover;-moz-background-size:cover;-o-background-size:cover;background-size:cover;\"  data-bg-url=\"\">\n\t\t\t\t<div class=\"imageframe-align-center\"><span class=\"fusion-imageframe imageframe-none imageframe-1 hover-type-none\"><img decoding=\"async\" src=\"https:\/\/www.codeuniversel.com\/fr\/wp-content\/uploads\/2009\/11\/Quatuor-copy.jpg\" width=\"\" height=\"\" alt=\"\" title=\"\" class=\"img-responsive\"\/><\/span><\/div><p style=\"text-align: center; font-size: 10px;\">\u00a9 Jeremy Mimnagh<\/p>\n<p><strong>Dur\u00e9e<\/strong>\u00a0: 38 ou 50\u00a0minutes<br \/>\n<strong>Public<\/strong>\u00a0: grand public<\/p>\n<p><strong>Conception\u00a0et chor\u00e9graphie<\/strong>\u00a0: Daniel B\u00e9langer<br \/>\n<strong>Interpr\u00e8tes lors de la cr\u00e9ation<\/strong>\u00a0:<br \/>\n<strong>Musique<\/strong>\u00a0: Jean-S\u00e9bastien C\u00f4t\u00e9, inspir\u00e9 de l\u2019\u0153uvre d&rsquo;Olivier Messiaen<br \/>\n<strong>Lumi\u00e8res et sc\u00e9nographie<\/strong>\u00a0: Bernard White<br \/>\n<strong>Costumes<\/strong>\u00a0: Jennifer Tremblay<\/p>\n<div class=\"fusion-clearfix\"><\/div>\n\t\t\t<\/div>\n\t\t<\/div><div  class=\"fusion-layout-column fusion_builder_column fusion_builder_column_1_2  fusion-one-half fusion-column-last 1_2\"  style='margin-top:0px;margin-bottom:20px;width:50%;width:calc(50% - ( ( 4% ) * 0.5 ) );'>\n\t\t\t<div class=\"fusion-column-wrapper\"  style=\"background-position:left top;background-repeat:no-repeat;-webkit-background-size:cover;-moz-background-size:cover;-o-background-size:cover;background-size:cover;\"  data-bg-url=\"\">\n\t\t\t\t<div style=\"text-align: justify;\">\n<p>15 janvier 1941. Camp de concentration de G\u00f6rlitz-Moys Stalag VIII-A.<\/p>\n<p>Dans les douches collectives des prisonniers est jou\u00e9e pour la premi\u00e8re fois l\u2019\u0153uvre du grand compositeur Olivier Messiaen : Quatuor pour la fin du temps. Cette musique singuli\u00e8re, d\u00e9di\u00e9e \u00e0 l\u2019Ange de l\u2019Apocalypse, mise au monde dans des conditions atroces, transporte une charge des plus troublantes, mais aussi une spiritualit\u00e9 et un mouvement d\u2019espoir qui poussent le compositeur au d\u00e9passement. L\u2019intensit\u00e9 de cette musique et les conditions exceptionnelles dans lesquelles elle a \u00e9t\u00e9 compos\u00e9e deviennent pour Daniel B\u00e9langer le berceau et l\u2019axe d\u2019une chor\u00e9graphie pour quatre femmes o\u00f9 l\u2019\u00eatre humain est forc\u00e9 au d\u00e9passement de soi et \u00e0 la cr\u00e9ation \u00e0 travers des situations extr\u00eames et tragiques, et cela, dans une danse \u00e0 port\u00e9e th\u00e9\u00e2trale et musicale.<\/p>\n<\/div>\n<div class=\"fusion-clearfix\"><\/div>\n\t\t\t<\/div>\n\t\t<\/div><\/div><\/div>\n","protected":false},"excerpt":{"rendered":"","protected":false},"author":4,"featured_media":0,"parent":0,"menu_order":0,"comment_status":"open","ping_status":"closed","template":"","meta":{"_monsterinsights_skip_tracking":false,"_monsterinsights_sitenote_active":false,"_monsterinsights_sitenote_note":"","_monsterinsights_sitenote_category":0,"footnotes":""},"class_list":["post-155","page","type-page","status-publish","hentry"],"yoast_head":"<!-- This site is optimized with the Yoast SEO plugin v24.9 - https:\/\/yoast.com\/wordpress\/plugins\/seo\/ -->\n<title>Quatuor pour la fin du temps - Code Universel<\/title>\n<meta name=\"robots\" content=\"index, follow, max-snippet:-1, max-image-preview:large, max-video-preview:-1\" \/>\n<link rel=\"canonical\" href=\"https:\/\/www.codeuniversel.com\/fr\/quatuor\/\" \/>\n<meta property=\"og:locale\" content=\"fr_FR\" \/>\n<meta property=\"og:type\" content=\"article\" \/>\n<meta property=\"og:title\" content=\"Quatuor pour la fin du temps - Code Universel\" \/>\n<meta property=\"og:url\" content=\"https:\/\/www.codeuniversel.com\/fr\/quatuor\/\" \/>\n<meta property=\"og:site_name\" content=\"Code Universel\" \/>\n<meta property=\"article:modified_time\" content=\"2019-08-19T19:30:07+00:00\" \/>\n<meta name=\"twitter:card\" content=\"summary_large_image\" \/>\n<meta name=\"twitter:label1\" content=\"Dur\u00e9e de lecture estim\u00e9e\" \/>\n\t<meta name=\"twitter:data1\" content=\"2 minutes\" \/>\n<script type=\"application\/ld+json\" class=\"yoast-schema-graph\">{\"@context\":\"https:\/\/schema.org\",\"@graph\":[{\"@type\":\"WebPage\",\"@id\":\"https:\/\/www.codeuniversel.com\/fr\/quatuor\/\",\"url\":\"https:\/\/www.codeuniversel.com\/fr\/quatuor\/\",\"name\":\"Quatuor pour la fin du temps - Code Universel\",\"isPartOf\":{\"@id\":\"https:\/\/www.codeuniversel.com\/fr\/#website\"},\"datePublished\":\"2009-11-15T21:06:36+00:00\",\"dateModified\":\"2019-08-19T19:30:07+00:00\",\"breadcrumb\":{\"@id\":\"https:\/\/www.codeuniversel.com\/fr\/quatuor\/#breadcrumb\"},\"inLanguage\":\"fr-FR\",\"potentialAction\":[{\"@type\":\"ReadAction\",\"target\":[\"https:\/\/www.codeuniversel.com\/fr\/quatuor\/\"]}]},{\"@type\":\"BreadcrumbList\",\"@id\":\"https:\/\/www.codeuniversel.com\/fr\/quatuor\/#breadcrumb\",\"itemListElement\":[{\"@type\":\"ListItem\",\"position\":1,\"name\":\"Accueil\",\"item\":\"https:\/\/www.codeuniversel.com\/fr\/\"},{\"@type\":\"ListItem\",\"position\":2,\"name\":\"Quatuor pour la fin du temps\"}]},{\"@type\":\"WebSite\",\"@id\":\"https:\/\/www.codeuniversel.com\/fr\/#website\",\"url\":\"https:\/\/www.codeuniversel.com\/fr\/\",\"name\":\"Code Universel\",\"description\":\"\",\"potentialAction\":[{\"@type\":\"SearchAction\",\"target\":{\"@type\":\"EntryPoint\",\"urlTemplate\":\"https:\/\/www.codeuniversel.com\/fr\/?s={search_term_string}\"},\"query-input\":{\"@type\":\"PropertyValueSpecification\",\"valueRequired\":true,\"valueName\":\"search_term_string\"}}],\"inLanguage\":\"fr-FR\"}]}<\/script>\n<!-- \/ Yoast SEO plugin. -->","yoast_head_json":{"title":"Quatuor pour la fin du temps - Code Universel","robots":{"index":"index","follow":"follow","max-snippet":"max-snippet:-1","max-image-preview":"max-image-preview:large","max-video-preview":"max-video-preview:-1"},"canonical":"https:\/\/www.codeuniversel.com\/fr\/quatuor\/","og_locale":"fr_FR","og_type":"article","og_title":"Quatuor pour la fin du temps - Code Universel","og_url":"https:\/\/www.codeuniversel.com\/fr\/quatuor\/","og_site_name":"Code Universel","article_modified_time":"2019-08-19T19:30:07+00:00","twitter_card":"summary_large_image","twitter_misc":{"Dur\u00e9e de lecture estim\u00e9e":"2 minutes"},"schema":{"@context":"https:\/\/schema.org","@graph":[{"@type":"WebPage","@id":"https:\/\/www.codeuniversel.com\/fr\/quatuor\/","url":"https:\/\/www.codeuniversel.com\/fr\/quatuor\/","name":"Quatuor pour la fin du temps - Code Universel","isPartOf":{"@id":"https:\/\/www.codeuniversel.com\/fr\/#website"},"datePublished":"2009-11-15T21:06:36+00:00","dateModified":"2019-08-19T19:30:07+00:00","breadcrumb":{"@id":"https:\/\/www.codeuniversel.com\/fr\/quatuor\/#breadcrumb"},"inLanguage":"fr-FR","potentialAction":[{"@type":"ReadAction","target":["https:\/\/www.codeuniversel.com\/fr\/quatuor\/"]}]},{"@type":"BreadcrumbList","@id":"https:\/\/www.codeuniversel.com\/fr\/quatuor\/#breadcrumb","itemListElement":[{"@type":"ListItem","position":1,"name":"Accueil","item":"https:\/\/www.codeuniversel.com\/fr\/"},{"@type":"ListItem","position":2,"name":"Quatuor pour la fin du temps"}]},{"@type":"WebSite","@id":"https:\/\/www.codeuniversel.com\/fr\/#website","url":"https:\/\/www.codeuniversel.com\/fr\/","name":"Code Universel","description":"","potentialAction":[{"@type":"SearchAction","target":{"@type":"EntryPoint","urlTemplate":"https:\/\/www.codeuniversel.com\/fr\/?s={search_term_string}"},"query-input":{"@type":"PropertyValueSpecification","valueRequired":true,"valueName":"search_term_string"}}],"inLanguage":"fr-FR"}]}},"_links":{"self":[{"href":"https:\/\/www.codeuniversel.com\/fr\/wp-json\/wp\/v2\/pages\/155","targetHints":{"allow":["GET"]}}],"collection":[{"href":"https:\/\/www.codeuniversel.com\/fr\/wp-json\/wp\/v2\/pages"}],"about":[{"href":"https:\/\/www.codeuniversel.com\/fr\/wp-json\/wp\/v2\/types\/page"}],"author":[{"embeddable":true,"href":"https:\/\/www.codeuniversel.com\/fr\/wp-json\/wp\/v2\/users\/4"}],"replies":[{"embeddable":true,"href":"https:\/\/www.codeuniversel.com\/fr\/wp-json\/wp\/v2\/comments?post=155"}],"version-history":[{"count":27,"href":"https:\/\/www.codeuniversel.com\/fr\/wp-json\/wp\/v2\/pages\/155\/revisions"}],"predecessor-version":[{"id":2272,"href":"https:\/\/www.codeuniversel.com\/fr\/wp-json\/wp\/v2\/pages\/155\/revisions\/2272"}],"wp:attachment":[{"href":"https:\/\/www.codeuniversel.com\/fr\/wp-json\/wp\/v2\/media?parent=155"}],"curies":[{"name":"wp","href":"https:\/\/api.w.org\/{rel}","templated":true}]}}