{"id":158,"date":"2009-11-15T17:09:08","date_gmt":"2009-11-15T21:09:08","guid":{"rendered":"http:\/\/www.metamorfic.net\/dev\/code_uni\/?page_id=158"},"modified":"2019-08-19T14:38:36","modified_gmt":"2019-08-19T19:38:36","slug":"projet-x","status":"publish","type":"page","link":"https:\/\/www.codeuniversel.com\/fr\/projet-x\/","title":{"rendered":"Projet X"},"content":{"rendered":"<div  class=\"fusion-fullwidth fullwidth-box nonhundred-percent-fullwidth\"  style='background-color: rgba(255,255,255,0);background-position: center center;background-repeat: no-repeat;padding-top:20px;padding-right:0px;padding-bottom:20px;padding-left:0px;'><div class=\"fusion-builder-row fusion-row \"><div  class=\"fusion-layout-column fusion_builder_column fusion_builder_column_1_2  fusion-one-half fusion-column-first 1_2\"  style='margin-top:0px;margin-bottom:20px;width:50%;width:calc(50% - ( ( 4% ) * 0.5 ) );margin-right: 4%;'>\n\t\t\t<div class=\"fusion-column-wrapper\"  style=\"background-position:left top;background-repeat:no-repeat;-webkit-background-size:cover;-moz-background-size:cover;-o-background-size:cover;background-size:cover;\"  data-bg-url=\"\">\n\t\t\t\t<div class=\"imageframe-align-center\"><span class=\"fusion-imageframe imageframe-none imageframe-1 hover-type-none\"><img decoding=\"async\" src=\"https:\/\/www.codeuniversel.com\/fr\/wp-content\/uploads\/2009\/11\/projetx-copy.jpg\" width=\"\" height=\"\" alt=\"\" title=\"\" class=\"img-responsive\"\/><\/span><\/div><p style=\"text-align: center; font-size: 10px;\">\u00a9 Daniel B\u00e9langer<\/p>\n<p>&nbsp;<\/p>\n<p><strong>Dur\u00e9e<\/strong>\u00a0: 60\u00a0minutes<br \/>\n<strong>Public<\/strong>\u00a0:\u00a0adolescents \/ grand public<\/p>\n<p><strong>Conception\u00a0et chor\u00e9graphie<\/strong>\u00a0: Daniel B\u00e9langer<br \/>\n<strong>Interpr\u00e8tes lors de la cr\u00e9ation<\/strong>\u00a0: Erika Gagnon, Marie-Ginette Guay, Veronika Makdissi-Warren, Caroline Stephenson<br \/>\n<strong>Musique originale<\/strong>\u00a0: Jean-S\u00e9bastien C\u00f4t\u00e9<br \/>\n<strong>Lumi\u00e8res<\/strong>\u00a0: Bernard White<br \/>\n<strong>R\u00e9p\u00e9titrice<\/strong>\u00a0: Am\u00e9lie B\u00e9dard<\/p>\n<div class=\"fusion-clearfix\"><\/div>\n\t\t\t<\/div>\n\t\t<\/div><div  class=\"fusion-layout-column fusion_builder_column fusion_builder_column_1_2  fusion-one-half fusion-column-last 1_2\"  style='margin-top:0px;margin-bottom:20px;width:50%;width:calc(50% - ( ( 4% ) * 0.5 ) );'>\n\t\t\t<div class=\"fusion-column-wrapper\"  style=\"background-position:left top;background-repeat:no-repeat;-webkit-background-size:cover;-moz-background-size:cover;-o-background-size:cover;background-size:cover;\"  data-bg-url=\"\">\n\t\t\t\t<div style=\"text-align: justify;\">Par l\u2019exploration d\u2019un langage th\u00e9\u00e2tral ax\u00e9 sur le mouvement et la gestuelle, Daniel B\u00e9langer s\u2019inspire du texte th\u00e9\u00e2tral Transport de femmes de l\u2019auteur britannique Steve Gooch portant sur la d\u00e9portation par voie de mer, au si\u00e8cle dernier, de prisonni\u00e8res anglaises vers une colonie p\u00e9nale australienne.<br \/>\nEnvelopp\u00e9s d\u2019un environnement sonore \u00e9voquant la cale d\u2019un navire, les spectateurs deviennent en quelque sorte t\u00e9moins et juges des drames et des r\u00eaves de ces quatre prisonni\u00e8res incarn\u00e9es par quatre com\u00e9diennes de Qu\u00e9bec. Pr\u00e9sent\u00e9e dans sa premi\u00e8re version en janvier 2001, dans le cadre de la s\u00e9rie Carte Blanche du Th\u00e9\u00e2tre P\u00e9riscope, Projet X est une oeuvre empreinte de tension et d\u2019int\u00e9riorit\u00e9.<\/div>\n<div style=\"text-align: justify;\"><\/div>\n<p style=\"text-align: right;\"><em>\u00ab Elles se battent contre l\u2019espace : elles croupissent dans la cale, subissent la loi d\u2019en haut,<br \/>\nr\u00eavent de sa lumi\u00e8re. Elles se battent contre l\u2019ennui<br \/>\nqui fait une prison de leur corps\u00a0et fait les yeux doux \u00e0 la folie.\u00a0\u00bb<\/em><br \/>\n<em>Jean St-Hilaire, quotidien Le Soleil<\/em><\/p>\n<div class=\"fusion-clearfix\"><\/div>\n\t\t\t<\/div>\n\t\t<\/div><\/div><\/div>\n","protected":false},"excerpt":{"rendered":"","protected":false},"author":4,"featured_media":0,"parent":0,"menu_order":0,"comment_status":"open","ping_status":"closed","template":"","meta":{"_monsterinsights_skip_tracking":false,"_monsterinsights_sitenote_active":false,"_monsterinsights_sitenote_note":"","_monsterinsights_sitenote_category":0,"footnotes":""},"class_list":["post-158","page","type-page","status-publish","hentry"],"yoast_head":"<!-- This site is optimized with the Yoast SEO plugin v24.9 - https:\/\/yoast.com\/wordpress\/plugins\/seo\/ -->\n<title>Projet X - Code Universel<\/title>\n<meta name=\"robots\" content=\"index, follow, max-snippet:-1, max-image-preview:large, max-video-preview:-1\" \/>\n<link rel=\"canonical\" href=\"https:\/\/www.codeuniversel.com\/fr\/projet-x\/\" \/>\n<meta property=\"og:locale\" content=\"fr_FR\" \/>\n<meta property=\"og:type\" content=\"article\" \/>\n<meta property=\"og:title\" content=\"Projet X - Code Universel\" \/>\n<meta property=\"og:url\" content=\"https:\/\/www.codeuniversel.com\/fr\/projet-x\/\" \/>\n<meta property=\"og:site_name\" content=\"Code Universel\" \/>\n<meta property=\"article:modified_time\" content=\"2019-08-19T19:38:36+00:00\" \/>\n<meta name=\"twitter:card\" content=\"summary_large_image\" \/>\n<meta name=\"twitter:label1\" content=\"Dur\u00e9e de lecture estim\u00e9e\" \/>\n\t<meta name=\"twitter:data1\" content=\"3 minutes\" \/>\n<script type=\"application\/ld+json\" class=\"yoast-schema-graph\">{\"@context\":\"https:\/\/schema.org\",\"@graph\":[{\"@type\":\"WebPage\",\"@id\":\"https:\/\/www.codeuniversel.com\/fr\/projet-x\/\",\"url\":\"https:\/\/www.codeuniversel.com\/fr\/projet-x\/\",\"name\":\"Projet X - Code Universel\",\"isPartOf\":{\"@id\":\"https:\/\/www.codeuniversel.com\/fr\/#website\"},\"datePublished\":\"2009-11-15T21:09:08+00:00\",\"dateModified\":\"2019-08-19T19:38:36+00:00\",\"breadcrumb\":{\"@id\":\"https:\/\/www.codeuniversel.com\/fr\/projet-x\/#breadcrumb\"},\"inLanguage\":\"fr-FR\",\"potentialAction\":[{\"@type\":\"ReadAction\",\"target\":[\"https:\/\/www.codeuniversel.com\/fr\/projet-x\/\"]}]},{\"@type\":\"BreadcrumbList\",\"@id\":\"https:\/\/www.codeuniversel.com\/fr\/projet-x\/#breadcrumb\",\"itemListElement\":[{\"@type\":\"ListItem\",\"position\":1,\"name\":\"Accueil\",\"item\":\"https:\/\/www.codeuniversel.com\/fr\/\"},{\"@type\":\"ListItem\",\"position\":2,\"name\":\"Projet X\"}]},{\"@type\":\"WebSite\",\"@id\":\"https:\/\/www.codeuniversel.com\/fr\/#website\",\"url\":\"https:\/\/www.codeuniversel.com\/fr\/\",\"name\":\"Code Universel\",\"description\":\"\",\"potentialAction\":[{\"@type\":\"SearchAction\",\"target\":{\"@type\":\"EntryPoint\",\"urlTemplate\":\"https:\/\/www.codeuniversel.com\/fr\/?s={search_term_string}\"},\"query-input\":{\"@type\":\"PropertyValueSpecification\",\"valueRequired\":true,\"valueName\":\"search_term_string\"}}],\"inLanguage\":\"fr-FR\"}]}<\/script>\n<!-- \/ Yoast SEO plugin. -->","yoast_head_json":{"title":"Projet X - Code Universel","robots":{"index":"index","follow":"follow","max-snippet":"max-snippet:-1","max-image-preview":"max-image-preview:large","max-video-preview":"max-video-preview:-1"},"canonical":"https:\/\/www.codeuniversel.com\/fr\/projet-x\/","og_locale":"fr_FR","og_type":"article","og_title":"Projet X - Code Universel","og_url":"https:\/\/www.codeuniversel.com\/fr\/projet-x\/","og_site_name":"Code Universel","article_modified_time":"2019-08-19T19:38:36+00:00","twitter_card":"summary_large_image","twitter_misc":{"Dur\u00e9e de lecture estim\u00e9e":"3 minutes"},"schema":{"@context":"https:\/\/schema.org","@graph":[{"@type":"WebPage","@id":"https:\/\/www.codeuniversel.com\/fr\/projet-x\/","url":"https:\/\/www.codeuniversel.com\/fr\/projet-x\/","name":"Projet X - Code Universel","isPartOf":{"@id":"https:\/\/www.codeuniversel.com\/fr\/#website"},"datePublished":"2009-11-15T21:09:08+00:00","dateModified":"2019-08-19T19:38:36+00:00","breadcrumb":{"@id":"https:\/\/www.codeuniversel.com\/fr\/projet-x\/#breadcrumb"},"inLanguage":"fr-FR","potentialAction":[{"@type":"ReadAction","target":["https:\/\/www.codeuniversel.com\/fr\/projet-x\/"]}]},{"@type":"BreadcrumbList","@id":"https:\/\/www.codeuniversel.com\/fr\/projet-x\/#breadcrumb","itemListElement":[{"@type":"ListItem","position":1,"name":"Accueil","item":"https:\/\/www.codeuniversel.com\/fr\/"},{"@type":"ListItem","position":2,"name":"Projet X"}]},{"@type":"WebSite","@id":"https:\/\/www.codeuniversel.com\/fr\/#website","url":"https:\/\/www.codeuniversel.com\/fr\/","name":"Code Universel","description":"","potentialAction":[{"@type":"SearchAction","target":{"@type":"EntryPoint","urlTemplate":"https:\/\/www.codeuniversel.com\/fr\/?s={search_term_string}"},"query-input":{"@type":"PropertyValueSpecification","valueRequired":true,"valueName":"search_term_string"}}],"inLanguage":"fr-FR"}]}},"_links":{"self":[{"href":"https:\/\/www.codeuniversel.com\/fr\/wp-json\/wp\/v2\/pages\/158","targetHints":{"allow":["GET"]}}],"collection":[{"href":"https:\/\/www.codeuniversel.com\/fr\/wp-json\/wp\/v2\/pages"}],"about":[{"href":"https:\/\/www.codeuniversel.com\/fr\/wp-json\/wp\/v2\/types\/page"}],"author":[{"embeddable":true,"href":"https:\/\/www.codeuniversel.com\/fr\/wp-json\/wp\/v2\/users\/4"}],"replies":[{"embeddable":true,"href":"https:\/\/www.codeuniversel.com\/fr\/wp-json\/wp\/v2\/comments?post=158"}],"version-history":[{"count":23,"href":"https:\/\/www.codeuniversel.com\/fr\/wp-json\/wp\/v2\/pages\/158\/revisions"}],"predecessor-version":[{"id":2276,"href":"https:\/\/www.codeuniversel.com\/fr\/wp-json\/wp\/v2\/pages\/158\/revisions\/2276"}],"wp:attachment":[{"href":"https:\/\/www.codeuniversel.com\/fr\/wp-json\/wp\/v2\/media?parent=158"}],"curies":[{"name":"wp","href":"https:\/\/api.w.org\/{rel}","templated":true}]}}