{"id":2368,"date":"2019-08-29T10:48:48","date_gmt":"2019-08-29T15:48:48","guid":{"rendered":"https:\/\/www.codeuniversel.com\/fr\/?page_id=2368"},"modified":"2021-10-15T22:46:02","modified_gmt":"2021-10-16T02:46:02","slug":"collaborateurs-artistiques-catherine-simard","status":"publish","type":"page","link":"https:\/\/www.codeuniversel.com\/fr\/collaborateurs-artistiques-catherine-simard\/","title":{"rendered":"Collaborateurs artistiques: Catherine Simard"},"content":{"rendered":"<div  class=\"fusion-fullwidth fullwidth-box nonhundred-percent-fullwidth\"  style='background-color: rgba(255,255,255,0);background-position: center center;background-repeat: no-repeat;padding-top:20px;padding-right:0px;padding-bottom:20px;padding-left:0px;'><div class=\"fusion-builder-row fusion-row \"><div  class=\"fusion-layout-column fusion_builder_column fusion_builder_column_1_2  fusion-one-half fusion-column-first 1_2\"  style='margin-top:0px;margin-bottom:20px;width:50%;width:calc(50% - ( ( 4% ) * 0.5 ) );margin-right: 4%;'>\n\t\t\t<div class=\"fusion-column-wrapper\"  style=\"background-position:left top;background-repeat:no-repeat;-webkit-background-size:cover;-moz-background-size:cover;-o-background-size:cover;background-size:cover;\"  data-bg-url=\"\">\n\t\t\t\t<div class=\"imageframe-align-center\"><span class=\"fusion-imageframe imageframe-none imageframe-1 hover-type-none\"><img decoding=\"async\" src=\"https:\/\/www.codeuniversel.com\/fr\/wp-content\/uploads\/2016\/08\/Catherine-Simard_credits-PJ-Dufort_GChampagneAgenceArtistique-2-copie.jpg\" width=\"\" height=\"\" alt=\"\" title=\"\" class=\"img-responsive\"\/><\/span><\/div><div class=\"fusion-clearfix\"><\/div>\n\t\t\t<\/div>\n\t\t<\/div><div  class=\"fusion-layout-column fusion_builder_column fusion_builder_column_1_2  fusion-one-half fusion-column-last 1_2\"  style='margin-top:0px;margin-bottom:20px;width:50%;width:calc(50% - ( ( 4% ) * 0.5 ) );'>\n\t\t\t<div class=\"fusion-column-wrapper\"  style=\"background-position:left top;background-repeat:no-repeat;-webkit-background-size:cover;-moz-background-size:cover;-o-background-size:cover;background-size:cover;\"  data-bg-url=\"\">\n\t\t\t\t<div class=\"fusion-title title fusion-sep-none fusion-title-center fusion-title-size-two\" style=\"margin-top:0px;margin-bottom:31px;\"><h2 class=\"title-heading-center\"><h2 style=\"text-align: center;\"><span style=\"color: #e10707;\">Catherine Simard<\/span><\/h2><\/h2><\/div><p>Dipl\u00f4m\u00e9e du <strong><a href=\"http:\/\/www.conservatoire.gouv.qc.ca\/reseau\/conservatoire-d-art-dramatique\/quebec\/accueil\/\"><em>Conservatoire d\u2019art dramatique de Qu\u00e9bec<\/em><\/a><\/strong> en 2013, Catherine est aussi <a href=\"http:\/\/www.culture-quebec.qc.ca\/prix\/finalistes\/prix_nicky_roy.html\"><strong>r\u00e9cipiendaire du <em>Prix Nicky-Roy<\/em> en 2015<\/strong><\/a>, pour son r\u00f4le de Catherine\/Stacy dans <em>Envies <\/em>de Samantha Clavet, pi\u00e8ce pr\u00e9sent\u00e9e par <strong><a href=\"https:\/\/www.facebook.com\/theatre.escarpe\/\"><em>Th\u00e9\u00e2tre Escarp\u00e9<\/em><\/a><\/strong>, compagnie pour laquelle Catherine est codirectrice artistique. Catherine a jou\u00e9 dans plusieurs th\u00e9\u00e2tres de Qu\u00e9bec, tel que le <strong><a href=\"http:\/\/bordee.qc.ca\/\"><em>Th\u00e9\u00e2tre La Bord\u00e9e<\/em><\/a><\/strong> avec <em>\u00c0 toi, pour toujours ta Marie-Lou, <\/em>le <strong><a href=\"https:\/\/grandtheatre.qc.ca\/\"><em>Grand Th\u00e9\u00e2tre de Qu\u00e9bec<\/em><\/a><\/strong> (OSQ)<em> avec Songe d\u2019une nuit d\u2019\u00e9t\u00e9<\/em>, le <strong><a href=\"http:\/\/nouveautheatredelile.com\/\"><em>Nouveau Th\u00e9\u00e2tre de l\u2019\u00cele d\u2019Orl\u00e9ans<\/em><\/a><\/strong> avec <em>Un coup de ma\u00eetre<\/em>, ainsi qu\u2019\u00e0 <strong><a href=\"https:\/\/www.premieracte.ca\/\"><em>Premier Acte<\/em><\/a><\/strong> avec <em>3 nuits avec Madox, Cr\u00e9puscules <\/em>et<em> La Bo\u00eete.<\/em> Elle tourne \u00e9galement un peu partout au Qu\u00e9bec avec les spectacles <em>Les Fr\u00e8res Velivolum<\/em>, <em>Bienvenue \u00e0 Kitchike,<\/em> puis <em>Pattes et cravates<\/em>, et ce depuis 2016. Catherine est depuis peu cofondatrice et directrice g\u00e9n\u00e9rale de <strong><a href=\"https:\/\/www.facebook.com\/Th%C3%A9%C3%A2tre-Tire-toi-une-b%C3%BBche-286178702334154\/\"><em>Th\u00e9<\/em><em>\u00e2tre Tire-toi une b\u00fbche!<\/em><\/a><\/strong>, compagnie th\u00e9\u00e2trale qui pr\u00e9sente, \u00e0 l\u2019\u00e9t\u00e9 2019, la pi\u00e8ce <em>C\u2019est devenu gros<\/em>, au <strong><a href=\"https:\/\/theatrebelcourt.com\/\"><em>Th\u00e9\u00e2tre Belcourt<\/em><\/a><\/strong> \u00e0 Baie-du-Febvre. Elle y tient le r\u00f4le de Nathalie. Catherine donne aussi des cours de th\u00e9\u00e2tre pour diff\u00e9rents organismes, comme <strong><a href=\"https:\/\/www.entractes.com\/\"><em>Entr\u2019actes<\/em><\/a><\/strong>, un organisme ayant pour mission de d\u00e9velopper, cr\u00e9er et diffuser un art unique, fait avec des personnes ayant des limitations fonctionnelles, en collaboration avec l\u2019ensemble de la communaut\u00e9. Amoureuse du th\u00e9\u00e2tre de rue et de l\u2019animation, Catherine \u00e9tait aussi \u00e0 la t\u00eate du projet d\u2019animation historique sur la go\u00e9lette la Marie Clarisse, une collaboration avec 3E.<\/p>\n<p>\u00a9 photo : ???<\/p>\n<div class=\"fusion-clearfix\"><\/div>\n\t\t\t<\/div>\n\t\t<\/div><\/div><\/div>\n","protected":false},"excerpt":{"rendered":"","protected":false},"author":4,"featured_media":0,"parent":0,"menu_order":0,"comment_status":"closed","ping_status":"closed","template":"","meta":{"_monsterinsights_skip_tracking":false,"_monsterinsights_sitenote_active":false,"_monsterinsights_sitenote_note":"","_monsterinsights_sitenote_category":0,"footnotes":""},"class_list":["post-2368","page","type-page","status-publish","hentry"],"yoast_head":"<!-- This site is optimized with the Yoast SEO plugin v24.9 - https:\/\/yoast.com\/wordpress\/plugins\/seo\/ -->\n<title>Collaborateurs artistiques: Catherine Simard - Code Universel<\/title>\n<meta name=\"robots\" content=\"index, follow, max-snippet:-1, max-image-preview:large, max-video-preview:-1\" \/>\n<link rel=\"canonical\" href=\"https:\/\/www.codeuniversel.com\/fr\/collaborateurs-artistiques-catherine-simard\/\" \/>\n<meta property=\"og:locale\" content=\"fr_FR\" \/>\n<meta property=\"og:type\" content=\"article\" \/>\n<meta property=\"og:title\" content=\"Collaborateurs artistiques: Catherine Simard - Code Universel\" \/>\n<meta property=\"og:url\" content=\"https:\/\/www.codeuniversel.com\/fr\/collaborateurs-artistiques-catherine-simard\/\" \/>\n<meta property=\"og:site_name\" content=\"Code Universel\" \/>\n<meta property=\"article:modified_time\" content=\"2021-10-16T02:46:02+00:00\" \/>\n<meta name=\"twitter:card\" content=\"summary_large_image\" \/>\n<meta name=\"twitter:label1\" content=\"Dur\u00e9e de lecture estim\u00e9e\" \/>\n\t<meta name=\"twitter:data1\" content=\"3 minutes\" \/>\n<script type=\"application\/ld+json\" class=\"yoast-schema-graph\">{\"@context\":\"https:\/\/schema.org\",\"@graph\":[{\"@type\":\"WebPage\",\"@id\":\"https:\/\/www.codeuniversel.com\/fr\/collaborateurs-artistiques-catherine-simard\/\",\"url\":\"https:\/\/www.codeuniversel.com\/fr\/collaborateurs-artistiques-catherine-simard\/\",\"name\":\"Collaborateurs artistiques: Catherine Simard - Code Universel\",\"isPartOf\":{\"@id\":\"https:\/\/www.codeuniversel.com\/fr\/#website\"},\"datePublished\":\"2019-08-29T15:48:48+00:00\",\"dateModified\":\"2021-10-16T02:46:02+00:00\",\"breadcrumb\":{\"@id\":\"https:\/\/www.codeuniversel.com\/fr\/collaborateurs-artistiques-catherine-simard\/#breadcrumb\"},\"inLanguage\":\"fr-FR\",\"potentialAction\":[{\"@type\":\"ReadAction\",\"target\":[\"https:\/\/www.codeuniversel.com\/fr\/collaborateurs-artistiques-catherine-simard\/\"]}]},{\"@type\":\"BreadcrumbList\",\"@id\":\"https:\/\/www.codeuniversel.com\/fr\/collaborateurs-artistiques-catherine-simard\/#breadcrumb\",\"itemListElement\":[{\"@type\":\"ListItem\",\"position\":1,\"name\":\"Accueil\",\"item\":\"https:\/\/www.codeuniversel.com\/fr\/\"},{\"@type\":\"ListItem\",\"position\":2,\"name\":\"Collaborateurs artistiques: Catherine Simard\"}]},{\"@type\":\"WebSite\",\"@id\":\"https:\/\/www.codeuniversel.com\/fr\/#website\",\"url\":\"https:\/\/www.codeuniversel.com\/fr\/\",\"name\":\"Code Universel\",\"description\":\"\",\"potentialAction\":[{\"@type\":\"SearchAction\",\"target\":{\"@type\":\"EntryPoint\",\"urlTemplate\":\"https:\/\/www.codeuniversel.com\/fr\/?s={search_term_string}\"},\"query-input\":{\"@type\":\"PropertyValueSpecification\",\"valueRequired\":true,\"valueName\":\"search_term_string\"}}],\"inLanguage\":\"fr-FR\"}]}<\/script>\n<!-- \/ Yoast SEO plugin. -->","yoast_head_json":{"title":"Collaborateurs artistiques: Catherine Simard - Code Universel","robots":{"index":"index","follow":"follow","max-snippet":"max-snippet:-1","max-image-preview":"max-image-preview:large","max-video-preview":"max-video-preview:-1"},"canonical":"https:\/\/www.codeuniversel.com\/fr\/collaborateurs-artistiques-catherine-simard\/","og_locale":"fr_FR","og_type":"article","og_title":"Collaborateurs artistiques: Catherine Simard - Code Universel","og_url":"https:\/\/www.codeuniversel.com\/fr\/collaborateurs-artistiques-catherine-simard\/","og_site_name":"Code Universel","article_modified_time":"2021-10-16T02:46:02+00:00","twitter_card":"summary_large_image","twitter_misc":{"Dur\u00e9e de lecture estim\u00e9e":"3 minutes"},"schema":{"@context":"https:\/\/schema.org","@graph":[{"@type":"WebPage","@id":"https:\/\/www.codeuniversel.com\/fr\/collaborateurs-artistiques-catherine-simard\/","url":"https:\/\/www.codeuniversel.com\/fr\/collaborateurs-artistiques-catherine-simard\/","name":"Collaborateurs artistiques: Catherine Simard - Code Universel","isPartOf":{"@id":"https:\/\/www.codeuniversel.com\/fr\/#website"},"datePublished":"2019-08-29T15:48:48+00:00","dateModified":"2021-10-16T02:46:02+00:00","breadcrumb":{"@id":"https:\/\/www.codeuniversel.com\/fr\/collaborateurs-artistiques-catherine-simard\/#breadcrumb"},"inLanguage":"fr-FR","potentialAction":[{"@type":"ReadAction","target":["https:\/\/www.codeuniversel.com\/fr\/collaborateurs-artistiques-catherine-simard\/"]}]},{"@type":"BreadcrumbList","@id":"https:\/\/www.codeuniversel.com\/fr\/collaborateurs-artistiques-catherine-simard\/#breadcrumb","itemListElement":[{"@type":"ListItem","position":1,"name":"Accueil","item":"https:\/\/www.codeuniversel.com\/fr\/"},{"@type":"ListItem","position":2,"name":"Collaborateurs artistiques: Catherine Simard"}]},{"@type":"WebSite","@id":"https:\/\/www.codeuniversel.com\/fr\/#website","url":"https:\/\/www.codeuniversel.com\/fr\/","name":"Code Universel","description":"","potentialAction":[{"@type":"SearchAction","target":{"@type":"EntryPoint","urlTemplate":"https:\/\/www.codeuniversel.com\/fr\/?s={search_term_string}"},"query-input":{"@type":"PropertyValueSpecification","valueRequired":true,"valueName":"search_term_string"}}],"inLanguage":"fr-FR"}]}},"_links":{"self":[{"href":"https:\/\/www.codeuniversel.com\/fr\/wp-json\/wp\/v2\/pages\/2368","targetHints":{"allow":["GET"]}}],"collection":[{"href":"https:\/\/www.codeuniversel.com\/fr\/wp-json\/wp\/v2\/pages"}],"about":[{"href":"https:\/\/www.codeuniversel.com\/fr\/wp-json\/wp\/v2\/types\/page"}],"author":[{"embeddable":true,"href":"https:\/\/www.codeuniversel.com\/fr\/wp-json\/wp\/v2\/users\/4"}],"replies":[{"embeddable":true,"href":"https:\/\/www.codeuniversel.com\/fr\/wp-json\/wp\/v2\/comments?post=2368"}],"version-history":[{"count":9,"href":"https:\/\/www.codeuniversel.com\/fr\/wp-json\/wp\/v2\/pages\/2368\/revisions"}],"predecessor-version":[{"id":3686,"href":"https:\/\/www.codeuniversel.com\/fr\/wp-json\/wp\/v2\/pages\/2368\/revisions\/3686"}],"wp:attachment":[{"href":"https:\/\/www.codeuniversel.com\/fr\/wp-json\/wp\/v2\/media?parent=2368"}],"curies":[{"name":"wp","href":"https:\/\/api.w.org\/{rel}","templated":true}]}}