{"id":2394,"date":"2019-08-29T10:53:24","date_gmt":"2019-08-29T15:53:24","guid":{"rendered":"https:\/\/www.codeuniversel.com\/fr\/?page_id=2394"},"modified":"2021-10-15T22:41:42","modified_gmt":"2021-10-16T02:41:42","slug":"collaborateurs-artistiques-lea-ratycz-legare","status":"publish","type":"page","link":"https:\/\/www.codeuniversel.com\/fr\/collaborateurs-artistiques-lea-ratycz-legare\/","title":{"rendered":"Collaborateurs artistiques: L\u00e9a Ratycz-L\u00e9gar\u00e9"},"content":{"rendered":"<div  class=\"fusion-fullwidth fullwidth-box nonhundred-percent-fullwidth\"  style='background-color: rgba(255,255,255,0);background-position: center center;background-repeat: no-repeat;padding-top:20px;padding-right:0px;padding-bottom:20px;padding-left:0px;'><div class=\"fusion-builder-row fusion-row \"><div  class=\"fusion-layout-column fusion_builder_column fusion_builder_column_1_2  fusion-one-half fusion-column-first 1_2\"  style='margin-top:0px;margin-bottom:20px;width:50%;width:calc(50% - ( ( 4% ) * 0.5 ) );margin-right: 4%;'>\n\t\t\t<div class=\"fusion-column-wrapper\"  style=\"background-position:left top;background-repeat:no-repeat;-webkit-background-size:cover;-moz-background-size:cover;-o-background-size:cover;background-size:cover;\"  data-bg-url=\"\">\n\t\t\t\t<div class=\"imageframe-align-center\"><span class=\"fusion-imageframe imageframe-none imageframe-1 hover-type-none\"><img decoding=\"async\" src=\"https:\/\/www.codeuniversel.com\/fr\/wp-content\/uploads\/2016\/08\/L\u00c9A-RATYCZ-L\u00c9GAR\u00c9-credit-Charline_Clavier-copie.jpg\" width=\"\" height=\"\" alt=\"\" title=\"\" class=\"img-responsive\"\/><\/span><\/div><div class=\"fusion-clearfix\"><\/div>\n\t\t\t<\/div>\n\t\t<\/div><div  class=\"fusion-layout-column fusion_builder_column fusion_builder_column_1_2  fusion-one-half fusion-column-last 1_2\"  style='margin-top:0px;margin-bottom:20px;width:50%;width:calc(50% - ( ( 4% ) * 0.5 ) );'>\n\t\t\t<div class=\"fusion-column-wrapper\"  style=\"background-position:left top;background-repeat:no-repeat;-webkit-background-size:cover;-moz-background-size:cover;-o-background-size:cover;background-size:cover;\"  data-bg-url=\"\">\n\t\t\t\t<div class=\"fusion-title title fusion-sep-none fusion-title-center fusion-title-size-two\" style=\"margin-top:0px;margin-bottom:31px;\"><h2 class=\"title-heading-center\"><h2 style=\"text-align: center;\"><span style=\"color: #e10707;\">L\u00e9a Ratycz-L\u00e9gar\u00e9<\/span><\/h2><\/h2><\/div><p style=\"text-align: left;\">Dipl\u00f4m\u00e9e en 2014 de la <strong><a href=\"https:\/\/ledq.qc.ca\/fr\/formation-superieure\/\">Formation sup\u00e9rieure<em> de L&rsquo;\u00c9cole de Danse de Qu\u00e9bec<\/em><\/a><\/strong>, L\u00e9a s&rsquo;investit rapidement dans le milieu de la danse. D\u00e8s sa sortie, le chor\u00e9graphe Daniel B\u00e9langer lui offre une place au sein du projet spontan\u00e9 <strong><a href=\"https:\/\/www.codeuniversel.com\/fr\/veillees\/\"><em>Les Veill\u00e9es<\/em><\/a><\/strong> jusqu\u2019en 2020. La m\u00eame ann\u00e9e, elle est interpr\u00e8te \u00e0 <strong><a href=\"https:\/\/www.mcq.org\/fr\/exposition?id=30653\"><em>Corps Rebelles<\/em><\/a><\/strong> au <strong><a href=\"https:\/\/www.mcq.org\/\"><em>Mus\u00e9e de la civilisation<\/em><\/a><\/strong> avec le chor\u00e9graphe Harold Rh\u00e9aume. En 2015, elle cocr\u00e9e le <strong><a href=\"https:\/\/www.facebook.com\/collectifgermination\/\"><em>collectif Germination<\/em><\/a><\/strong>. Ce dernier re\u00e7oit \u00e0 maintes reprises l\u2019appui de <strong><a href=\"https:\/\/premiereovation.com\/\"><em>Premi\u00e8re Ovation<\/em><\/a><\/strong> pour des commandes propos\u00e9es au chor\u00e9graphe Alan Lake. Plus r\u00e9cemment, c\u2019est le <strong><a href=\"https:\/\/www.calq.gouv.qc.ca\/\"><em>CALQ<\/em><\/a><\/strong> et la <strong><a href=\"https:\/\/portneuf.ca\/\">MRC de Portneuf<\/a><\/strong> qui appuient la nouvelle cr\u00e9ation R\u00e9sonance, oeuvre cin\u00e9matographique dans\u00e9e pr\u00e9vue en 2019. En 2016, elle rencontre Sarah Booth, artiste visuelle et Ariane Voineau, interpr\u00e8te. Elles fondent le collectif LAS, alliant danse et oeuvre visuelle. En 2018, leur nouvelle cr\u00e9ation <strong><a href=\"https:\/\/mmrectoverso.org\/portfolio\/collectif-las-ondes\/\"><em>Ondes<\/em><\/a><\/strong>, a \u00e9t\u00e9 pr\u00e9sent\u00e9e au <strong><a href=\"https:\/\/mmrectoverso.org\/\"><em>Mois Multi<\/em><\/a><\/strong>. D\u2019autres projets l\u2019attendent, comme une commande chor\u00e9graphique avec le chor\u00e9graphe Yvann Alexandre et nouvellement interpr\u00e8te dans <strong><a href=\"https:\/\/www.codeuniversel.com\/fr\/nous-ne-sommes-pas-des-oiseaux\/\"><em>Nous ne sommes pas des oiseaux?<\/em><\/a><\/strong>, une production de Code Universel et du <strong><a href=\"http:\/\/grosmecano.ca\/fr\"><em>Th\u00e9\u00e2tre du Gros M\u00e9cano<\/em><\/a><\/strong>.<\/p>\n<p>\u00a9 photo : ???<\/p>\n<div class=\"fusion-clearfix\"><\/div>\n\t\t\t<\/div>\n\t\t<\/div><\/div><\/div>\n","protected":false},"excerpt":{"rendered":"","protected":false},"author":4,"featured_media":0,"parent":0,"menu_order":0,"comment_status":"closed","ping_status":"closed","template":"","meta":{"_monsterinsights_skip_tracking":false,"_monsterinsights_sitenote_active":false,"_monsterinsights_sitenote_note":"","_monsterinsights_sitenote_category":0,"footnotes":""},"class_list":["post-2394","page","type-page","status-publish","hentry"],"yoast_head":"<!-- This site is optimized with the Yoast SEO plugin v24.9 - https:\/\/yoast.com\/wordpress\/plugins\/seo\/ -->\n<title>Collaborateurs artistiques: L\u00e9a Ratycz-L\u00e9gar\u00e9 - Code Universel<\/title>\n<meta name=\"robots\" content=\"index, follow, max-snippet:-1, max-image-preview:large, max-video-preview:-1\" \/>\n<link rel=\"canonical\" href=\"https:\/\/www.codeuniversel.com\/fr\/collaborateurs-artistiques-lea-ratycz-legare\/\" \/>\n<meta property=\"og:locale\" content=\"fr_FR\" \/>\n<meta property=\"og:type\" content=\"article\" \/>\n<meta property=\"og:title\" content=\"Collaborateurs artistiques: L\u00e9a Ratycz-L\u00e9gar\u00e9 - Code Universel\" \/>\n<meta property=\"og:url\" content=\"https:\/\/www.codeuniversel.com\/fr\/collaborateurs-artistiques-lea-ratycz-legare\/\" \/>\n<meta property=\"og:site_name\" content=\"Code Universel\" \/>\n<meta property=\"article:modified_time\" content=\"2021-10-16T02:41:42+00:00\" \/>\n<meta name=\"twitter:card\" content=\"summary_large_image\" \/>\n<meta name=\"twitter:label1\" content=\"Dur\u00e9e de lecture estim\u00e9e\" \/>\n\t<meta name=\"twitter:data1\" content=\"3 minutes\" \/>\n<script type=\"application\/ld+json\" class=\"yoast-schema-graph\">{\"@context\":\"https:\/\/schema.org\",\"@graph\":[{\"@type\":\"WebPage\",\"@id\":\"https:\/\/www.codeuniversel.com\/fr\/collaborateurs-artistiques-lea-ratycz-legare\/\",\"url\":\"https:\/\/www.codeuniversel.com\/fr\/collaborateurs-artistiques-lea-ratycz-legare\/\",\"name\":\"Collaborateurs artistiques: L\u00e9a Ratycz-L\u00e9gar\u00e9 - Code Universel\",\"isPartOf\":{\"@id\":\"https:\/\/www.codeuniversel.com\/fr\/#website\"},\"datePublished\":\"2019-08-29T15:53:24+00:00\",\"dateModified\":\"2021-10-16T02:41:42+00:00\",\"breadcrumb\":{\"@id\":\"https:\/\/www.codeuniversel.com\/fr\/collaborateurs-artistiques-lea-ratycz-legare\/#breadcrumb\"},\"inLanguage\":\"fr-FR\",\"potentialAction\":[{\"@type\":\"ReadAction\",\"target\":[\"https:\/\/www.codeuniversel.com\/fr\/collaborateurs-artistiques-lea-ratycz-legare\/\"]}]},{\"@type\":\"BreadcrumbList\",\"@id\":\"https:\/\/www.codeuniversel.com\/fr\/collaborateurs-artistiques-lea-ratycz-legare\/#breadcrumb\",\"itemListElement\":[{\"@type\":\"ListItem\",\"position\":1,\"name\":\"Accueil\",\"item\":\"https:\/\/www.codeuniversel.com\/fr\/\"},{\"@type\":\"ListItem\",\"position\":2,\"name\":\"Collaborateurs artistiques: L\u00e9a Ratycz-L\u00e9gar\u00e9\"}]},{\"@type\":\"WebSite\",\"@id\":\"https:\/\/www.codeuniversel.com\/fr\/#website\",\"url\":\"https:\/\/www.codeuniversel.com\/fr\/\",\"name\":\"Code Universel\",\"description\":\"\",\"potentialAction\":[{\"@type\":\"SearchAction\",\"target\":{\"@type\":\"EntryPoint\",\"urlTemplate\":\"https:\/\/www.codeuniversel.com\/fr\/?s={search_term_string}\"},\"query-input\":{\"@type\":\"PropertyValueSpecification\",\"valueRequired\":true,\"valueName\":\"search_term_string\"}}],\"inLanguage\":\"fr-FR\"}]}<\/script>\n<!-- \/ Yoast SEO plugin. -->","yoast_head_json":{"title":"Collaborateurs artistiques: L\u00e9a Ratycz-L\u00e9gar\u00e9 - Code Universel","robots":{"index":"index","follow":"follow","max-snippet":"max-snippet:-1","max-image-preview":"max-image-preview:large","max-video-preview":"max-video-preview:-1"},"canonical":"https:\/\/www.codeuniversel.com\/fr\/collaborateurs-artistiques-lea-ratycz-legare\/","og_locale":"fr_FR","og_type":"article","og_title":"Collaborateurs artistiques: L\u00e9a Ratycz-L\u00e9gar\u00e9 - Code Universel","og_url":"https:\/\/www.codeuniversel.com\/fr\/collaborateurs-artistiques-lea-ratycz-legare\/","og_site_name":"Code Universel","article_modified_time":"2021-10-16T02:41:42+00:00","twitter_card":"summary_large_image","twitter_misc":{"Dur\u00e9e de lecture estim\u00e9e":"3 minutes"},"schema":{"@context":"https:\/\/schema.org","@graph":[{"@type":"WebPage","@id":"https:\/\/www.codeuniversel.com\/fr\/collaborateurs-artistiques-lea-ratycz-legare\/","url":"https:\/\/www.codeuniversel.com\/fr\/collaborateurs-artistiques-lea-ratycz-legare\/","name":"Collaborateurs artistiques: L\u00e9a Ratycz-L\u00e9gar\u00e9 - Code Universel","isPartOf":{"@id":"https:\/\/www.codeuniversel.com\/fr\/#website"},"datePublished":"2019-08-29T15:53:24+00:00","dateModified":"2021-10-16T02:41:42+00:00","breadcrumb":{"@id":"https:\/\/www.codeuniversel.com\/fr\/collaborateurs-artistiques-lea-ratycz-legare\/#breadcrumb"},"inLanguage":"fr-FR","potentialAction":[{"@type":"ReadAction","target":["https:\/\/www.codeuniversel.com\/fr\/collaborateurs-artistiques-lea-ratycz-legare\/"]}]},{"@type":"BreadcrumbList","@id":"https:\/\/www.codeuniversel.com\/fr\/collaborateurs-artistiques-lea-ratycz-legare\/#breadcrumb","itemListElement":[{"@type":"ListItem","position":1,"name":"Accueil","item":"https:\/\/www.codeuniversel.com\/fr\/"},{"@type":"ListItem","position":2,"name":"Collaborateurs artistiques: L\u00e9a Ratycz-L\u00e9gar\u00e9"}]},{"@type":"WebSite","@id":"https:\/\/www.codeuniversel.com\/fr\/#website","url":"https:\/\/www.codeuniversel.com\/fr\/","name":"Code Universel","description":"","potentialAction":[{"@type":"SearchAction","target":{"@type":"EntryPoint","urlTemplate":"https:\/\/www.codeuniversel.com\/fr\/?s={search_term_string}"},"query-input":{"@type":"PropertyValueSpecification","valueRequired":true,"valueName":"search_term_string"}}],"inLanguage":"fr-FR"}]}},"_links":{"self":[{"href":"https:\/\/www.codeuniversel.com\/fr\/wp-json\/wp\/v2\/pages\/2394","targetHints":{"allow":["GET"]}}],"collection":[{"href":"https:\/\/www.codeuniversel.com\/fr\/wp-json\/wp\/v2\/pages"}],"about":[{"href":"https:\/\/www.codeuniversel.com\/fr\/wp-json\/wp\/v2\/types\/page"}],"author":[{"embeddable":true,"href":"https:\/\/www.codeuniversel.com\/fr\/wp-json\/wp\/v2\/users\/4"}],"replies":[{"embeddable":true,"href":"https:\/\/www.codeuniversel.com\/fr\/wp-json\/wp\/v2\/comments?post=2394"}],"version-history":[{"count":3,"href":"https:\/\/www.codeuniversel.com\/fr\/wp-json\/wp\/v2\/pages\/2394\/revisions"}],"predecessor-version":[{"id":3680,"href":"https:\/\/www.codeuniversel.com\/fr\/wp-json\/wp\/v2\/pages\/2394\/revisions\/3680"}],"wp:attachment":[{"href":"https:\/\/www.codeuniversel.com\/fr\/wp-json\/wp\/v2\/media?parent=2394"}],"curies":[{"name":"wp","href":"https:\/\/api.w.org\/{rel}","templated":true}]}}