{"id":2461,"date":"2021-09-03T19:28:44","date_gmt":"2021-09-03T23:28:44","guid":{"rendered":"https:\/\/www.codeuniversel.com\/fr\/?page_id=2461"},"modified":"2021-09-03T19:28:44","modified_gmt":"2021-09-03T23:28:44","slug":"alors-dansez-maintenant","status":"publish","type":"page","link":"https:\/\/www.codeuniversel.com\/fr\/alors-dansez-maintenant\/","title":{"rendered":"Alors, dansez maintenant !"},"content":{"rendered":"<div  class=\"fusion-fullwidth fullwidth-box nonhundred-percent-fullwidth\"  style='background-color: rgba(255,255,255,0);background-position: left top;background-repeat: no-repeat;padding-top:20px;padding-right:0px;padding-bottom:20px;padding-left:0px;border-top-width:0px;border-bottom-width:0px;border-color:#eae9e9;border-top-style:;border-bottom-style:;'><div class=\"fusion-builder-row fusion-row \"><div  class=\"fusion-layout-column fusion_builder_column fusion_builder_column_1_2  fusion-one-half fusion-column-first 1_2\"  style='margin-top:0px;margin-bottom:20px;width:48%; margin-right: 4%;'>\n\t\t\t<div class=\"fusion-column-wrapper\"  style=\"background-position:left top;background-repeat:no-repeat;-webkit-background-size:cover;-moz-background-size:cover;-o-background-size:cover;background-size:cover;\"  data-bg-url=\"\">\n\t\t\t\t<div class=\"fusion-video fusion-vimeo\" style=\"max-width:600px;max-height:360px;\"><div class=\"video-shortcode\"><iframe src=\"https:\/\/player.vimeo.com\/video\/132825485?autoplay=0\" width=\"600\" height=\"360\" allowfullscreen><\/iframe><\/div><\/div><div class=\"fusion-image-carousel fusion-image-carousel-fixed lightbox-enabled fusion-carousel-border\"><div class=\"fusion-carousel\" data-autoplay=\"yes\" data-columns=\"3\" data-itemmargin=\"10\" data-itemwidth=\"180\" data-touchscroll=\"no\" data-imagesize=\"fixed\"><div class=\"fusion-carousel-positioner\"><ul class=\"fusion-carousel-holder\"><li class=\"fusion-carousel-item\"><div class=\"fusion-carousel-item-wrapper\"><div class=\"fusion-image-wrapper hover-type-liftup\"><a data-rel=\"iLightbox[gallery_image_1]\" href=\"https:\/\/www.codeuniversel.com\/fr\/wp-content\/uploads\/2019\/08\/P1100002.jpg\" target=\"_self\"><img src=\"https:\/\/www.codeuniversel.com\/fr\/wp-content\/uploads\/2019\/08\/P1100002.jpg\" alt=\"\"\/><\/a><\/div><\/div><\/li><li class=\"fusion-carousel-item\"><div class=\"fusion-carousel-item-wrapper\"><div class=\"fusion-image-wrapper hover-type-liftup\"><a data-rel=\"iLightbox[gallery_image_1]\" href=\"https:\/\/www.codeuniversel.com\/fr\/wp-content\/uploads\/2019\/08\/P1090949.jpg\" target=\"_self\"><img src=\"https:\/\/www.codeuniversel.com\/fr\/wp-content\/uploads\/2019\/08\/P1090949.jpg\" alt=\"\"\/><\/a><\/div><\/div><\/li><li class=\"fusion-carousel-item\"><div class=\"fusion-carousel-item-wrapper\"><div class=\"fusion-image-wrapper hover-type-liftup\"><a data-rel=\"iLightbox[gallery_image_1]\" href=\"https:\/\/www.codeuniversel.com\/fr\/wp-content\/uploads\/2019\/08\/P1090902.jpg\" target=\"_self\"><img src=\"https:\/\/www.codeuniversel.com\/fr\/wp-content\/uploads\/2019\/08\/P1090902.jpg\" alt=\"\"\/><\/a><\/div><\/div><\/li><li class=\"fusion-carousel-item\"><div class=\"fusion-carousel-item-wrapper\"><div class=\"fusion-image-wrapper hover-type-liftup\"><a data-rel=\"iLightbox[gallery_image_1]\" href=\"https:\/\/www.codeuniversel.com\/fr\/wp-content\/uploads\/2019\/08\/P1090894.jpg\" target=\"_self\"><img src=\"https:\/\/www.codeuniversel.com\/fr\/wp-content\/uploads\/2019\/08\/P1090894.jpg\" alt=\"\"\/><\/a><\/div><\/div><\/li><li class=\"fusion-carousel-item\"><div class=\"fusion-carousel-item-wrapper\"><div class=\"fusion-image-wrapper hover-type-liftup\"><a data-rel=\"iLightbox[gallery_image_1]\" href=\"https:\/\/www.codeuniversel.com\/fr\/wp-content\/uploads\/2019\/08\/P1090879.jpg\" target=\"_self\"><img src=\"https:\/\/www.codeuniversel.com\/fr\/wp-content\/uploads\/2019\/08\/P1090879.jpg\" alt=\"\"\/><\/a><\/div><\/div><\/li><li class=\"fusion-carousel-item\"><div class=\"fusion-carousel-item-wrapper\"><div class=\"fusion-image-wrapper hover-type-liftup\"><a data-rel=\"iLightbox[gallery_image_1]\" href=\"https:\/\/www.codeuniversel.com\/fr\/wp-content\/uploads\/2019\/08\/P1090865.jpg\" target=\"_self\"><img src=\"https:\/\/www.codeuniversel.com\/fr\/wp-content\/uploads\/2019\/08\/P1090865.jpg\" alt=\"\"\/><\/a><\/div><\/div><\/li><\/ul><div class=\"fusion-carousel-nav\"><span class=\"fusion-nav-prev\"><\/span><span class=\"fusion-nav-next\"><\/span><\/div><\/div><\/div><\/div><div class=\"imageframe-align-center\"><span class=\"fusion-imageframe imageframe-none imageframe-1 hover-type-none\"><img decoding=\"async\" src=\"https:\/\/www.codeuniversel.com\/fr\/wp-content\/uploads\/2012\/02\/Alors-dansez-maintenant-.jpg\" width=\"\" height=\"\" alt=\"\" title=\"\" class=\"img-responsive\"\/><\/span><\/div><p style=\"text-align: center; font-size: 10px;\">\u00a9 David Cannon<\/p>\n<div class=\"fusion-clearfix\"><\/div>\n\t\t\t<\/div>\n\t\t<\/div><div  class=\"fusion-layout-column fusion_builder_column fusion_builder_column_1_2  fusion-one-half fusion-column-last 1_2\"  style='margin-top:0px;margin-bottom:20px;width:48%'>\n\t\t\t<div class=\"fusion-column-wrapper\"  style=\"background-position:left top;background-repeat:no-repeat;-webkit-background-size:cover;-moz-background-size:cover;-o-background-size:cover;background-size:cover;\"  data-bg-url=\"\">\n\t\t\t\t<div style=\"text-align: justify;\">\n<p><span style=\"color: #e10707;\"><em>\u00ab\u00a0Eh bien! Dansez maintenant!\u00a0\u00bb<\/em><\/span><\/p>\n<p>Voil\u00e0 le trait cruel que la fourmi lance \u00e0 la pauvre cigale, malheureuse par sa faute, mais malheureuse n\u00e9anmoins. En faisant un parall\u00e8le avec la fable de La Fontaine, le chor\u00e9graphe transpose la r\u00e9alit\u00e9 avec des th\u00e8mes universels : la comp\u00e9tition, l&rsquo;harmonie, les relations, la folie&#8230; pour mieux faire un pied de nez amical aux fourmis!<\/p>\n<p>Six danseurs se partagent l&rsquo;espace \u00e0 travers une s\u00e9rie de tableaux vivants, sc\u00e8nes de la vie quotidienne vues sous un angle ludique et po\u00e9tique. Une oeuvre collectif appelant la participation du public.<\/p>\n<\/div>\n<p><strong>Dur\u00e9e<\/strong> : 45 minutes<br \/>\n<strong>Public<\/strong> : 6 &#8211; 12 ans<\/p>\n<h3><span style=\"color: #e10707;\">\u00c9quipe de cr\u00e9ation:<\/span><\/h3>\n<p><strong>Direction artistique, conception\u00a0et chor\u00e9graphie<\/strong> : Daniel B\u00e9langer<br \/>\n<strong>Interpr\u00e8tes lors de la cr\u00e9ation<\/strong>\u00a0: Eve Rousseau-Cyr, Maryse Damecour, Jean-Fran\u00e7ois Duke, Fabien Pich\u00e9, Ariane Voineau, Micka\u00ebl Spinnhirny<br \/>\n<strong>Sc\u00e9nographie<\/strong> : Julie L\u00e9vesque<br \/>\n<strong>Musique<\/strong>\u00a0:\u00a0Jean-Francis Saillant<br \/>\n<strong>Costumes<\/strong> :\u00a0S\u00e9bastien Dionne<br \/>\n<strong>Direction technique\u00a0<\/strong>:\u00a0Val\u00e9rie C\u00f4t\u00e9<\/p>\n<div class=\"fusion-clearfix\"><\/div>\n\t\t\t<\/div>\n\t\t<\/div><\/div><\/div>\n","protected":false},"excerpt":{"rendered":"","protected":false},"author":4,"featured_media":0,"parent":0,"menu_order":0,"comment_status":"closed","ping_status":"closed","template":"","meta":{"_monsterinsights_skip_tracking":false,"_monsterinsights_sitenote_active":false,"_monsterinsights_sitenote_note":"","_monsterinsights_sitenote_category":0,"footnotes":""},"class_list":["post-2461","page","type-page","status-publish","hentry"],"yoast_head":"<!-- This site is optimized with the Yoast SEO plugin v24.9 - https:\/\/yoast.com\/wordpress\/plugins\/seo\/ -->\n<title>Alors, dansez maintenant ! - Code Universel<\/title>\n<meta name=\"robots\" content=\"index, follow, max-snippet:-1, max-image-preview:large, max-video-preview:-1\" \/>\n<link rel=\"canonical\" href=\"https:\/\/www.codeuniversel.com\/fr\/alors-dansez-maintenant\/\" \/>\n<meta property=\"og:locale\" content=\"fr_FR\" \/>\n<meta property=\"og:type\" content=\"article\" \/>\n<meta property=\"og:title\" content=\"Alors, dansez maintenant ! - Code Universel\" \/>\n<meta property=\"og:url\" content=\"https:\/\/www.codeuniversel.com\/fr\/alors-dansez-maintenant\/\" \/>\n<meta property=\"og:site_name\" content=\"Code Universel\" \/>\n<meta property=\"og:image\" content=\"https:\/\/www.codeuniversel.com\/fr\/wp-content\/uploads\/2012\/02\/Alors-dansez-maintenant-.jpg\" \/>\n<meta name=\"twitter:card\" content=\"summary_large_image\" \/>\n<meta name=\"twitter:label1\" content=\"Dur\u00e9e de lecture estim\u00e9e\" \/>\n\t<meta name=\"twitter:data1\" content=\"3 minutes\" \/>\n<script type=\"application\/ld+json\" class=\"yoast-schema-graph\">{\"@context\":\"https:\/\/schema.org\",\"@graph\":[{\"@type\":\"WebPage\",\"@id\":\"https:\/\/www.codeuniversel.com\/fr\/alors-dansez-maintenant\/\",\"url\":\"https:\/\/www.codeuniversel.com\/fr\/alors-dansez-maintenant\/\",\"name\":\"Alors, dansez maintenant ! - Code Universel\",\"isPartOf\":{\"@id\":\"https:\/\/www.codeuniversel.com\/fr\/#website\"},\"primaryImageOfPage\":{\"@id\":\"https:\/\/www.codeuniversel.com\/fr\/alors-dansez-maintenant\/#primaryimage\"},\"image\":{\"@id\":\"https:\/\/www.codeuniversel.com\/fr\/alors-dansez-maintenant\/#primaryimage\"},\"thumbnailUrl\":\"https:\/\/www.codeuniversel.com\/fr\/wp-content\/uploads\/2012\/02\/Alors-dansez-maintenant-.jpg\",\"datePublished\":\"2021-09-03T23:28:44+00:00\",\"breadcrumb\":{\"@id\":\"https:\/\/www.codeuniversel.com\/fr\/alors-dansez-maintenant\/#breadcrumb\"},\"inLanguage\":\"fr-FR\",\"potentialAction\":[{\"@type\":\"ReadAction\",\"target\":[\"https:\/\/www.codeuniversel.com\/fr\/alors-dansez-maintenant\/\"]}]},{\"@type\":\"ImageObject\",\"inLanguage\":\"fr-FR\",\"@id\":\"https:\/\/www.codeuniversel.com\/fr\/alors-dansez-maintenant\/#primaryimage\",\"url\":\"https:\/\/www.codeuniversel.com\/fr\/wp-content\/uploads\/2012\/02\/Alors-dansez-maintenant-.jpg\",\"contentUrl\":\"https:\/\/www.codeuniversel.com\/fr\/wp-content\/uploads\/2012\/02\/Alors-dansez-maintenant-.jpg\",\"width\":650,\"height\":350},{\"@type\":\"BreadcrumbList\",\"@id\":\"https:\/\/www.codeuniversel.com\/fr\/alors-dansez-maintenant\/#breadcrumb\",\"itemListElement\":[{\"@type\":\"ListItem\",\"position\":1,\"name\":\"Accueil\",\"item\":\"https:\/\/www.codeuniversel.com\/fr\/\"},{\"@type\":\"ListItem\",\"position\":2,\"name\":\"Alors, dansez maintenant !\"}]},{\"@type\":\"WebSite\",\"@id\":\"https:\/\/www.codeuniversel.com\/fr\/#website\",\"url\":\"https:\/\/www.codeuniversel.com\/fr\/\",\"name\":\"Code Universel\",\"description\":\"\",\"potentialAction\":[{\"@type\":\"SearchAction\",\"target\":{\"@type\":\"EntryPoint\",\"urlTemplate\":\"https:\/\/www.codeuniversel.com\/fr\/?s={search_term_string}\"},\"query-input\":{\"@type\":\"PropertyValueSpecification\",\"valueRequired\":true,\"valueName\":\"search_term_string\"}}],\"inLanguage\":\"fr-FR\"}]}<\/script>\n<!-- \/ Yoast SEO plugin. -->","yoast_head_json":{"title":"Alors, dansez maintenant ! - Code Universel","robots":{"index":"index","follow":"follow","max-snippet":"max-snippet:-1","max-image-preview":"max-image-preview:large","max-video-preview":"max-video-preview:-1"},"canonical":"https:\/\/www.codeuniversel.com\/fr\/alors-dansez-maintenant\/","og_locale":"fr_FR","og_type":"article","og_title":"Alors, dansez maintenant ! - Code Universel","og_url":"https:\/\/www.codeuniversel.com\/fr\/alors-dansez-maintenant\/","og_site_name":"Code Universel","og_image":[{"url":"https:\/\/www.codeuniversel.com\/fr\/wp-content\/uploads\/2012\/02\/Alors-dansez-maintenant-.jpg","type":"","width":"","height":""}],"twitter_card":"summary_large_image","twitter_misc":{"Dur\u00e9e de lecture estim\u00e9e":"3 minutes"},"schema":{"@context":"https:\/\/schema.org","@graph":[{"@type":"WebPage","@id":"https:\/\/www.codeuniversel.com\/fr\/alors-dansez-maintenant\/","url":"https:\/\/www.codeuniversel.com\/fr\/alors-dansez-maintenant\/","name":"Alors, dansez maintenant ! - Code Universel","isPartOf":{"@id":"https:\/\/www.codeuniversel.com\/fr\/#website"},"primaryImageOfPage":{"@id":"https:\/\/www.codeuniversel.com\/fr\/alors-dansez-maintenant\/#primaryimage"},"image":{"@id":"https:\/\/www.codeuniversel.com\/fr\/alors-dansez-maintenant\/#primaryimage"},"thumbnailUrl":"https:\/\/www.codeuniversel.com\/fr\/wp-content\/uploads\/2012\/02\/Alors-dansez-maintenant-.jpg","datePublished":"2021-09-03T23:28:44+00:00","breadcrumb":{"@id":"https:\/\/www.codeuniversel.com\/fr\/alors-dansez-maintenant\/#breadcrumb"},"inLanguage":"fr-FR","potentialAction":[{"@type":"ReadAction","target":["https:\/\/www.codeuniversel.com\/fr\/alors-dansez-maintenant\/"]}]},{"@type":"ImageObject","inLanguage":"fr-FR","@id":"https:\/\/www.codeuniversel.com\/fr\/alors-dansez-maintenant\/#primaryimage","url":"https:\/\/www.codeuniversel.com\/fr\/wp-content\/uploads\/2012\/02\/Alors-dansez-maintenant-.jpg","contentUrl":"https:\/\/www.codeuniversel.com\/fr\/wp-content\/uploads\/2012\/02\/Alors-dansez-maintenant-.jpg","width":650,"height":350},{"@type":"BreadcrumbList","@id":"https:\/\/www.codeuniversel.com\/fr\/alors-dansez-maintenant\/#breadcrumb","itemListElement":[{"@type":"ListItem","position":1,"name":"Accueil","item":"https:\/\/www.codeuniversel.com\/fr\/"},{"@type":"ListItem","position":2,"name":"Alors, dansez maintenant !"}]},{"@type":"WebSite","@id":"https:\/\/www.codeuniversel.com\/fr\/#website","url":"https:\/\/www.codeuniversel.com\/fr\/","name":"Code Universel","description":"","potentialAction":[{"@type":"SearchAction","target":{"@type":"EntryPoint","urlTemplate":"https:\/\/www.codeuniversel.com\/fr\/?s={search_term_string}"},"query-input":{"@type":"PropertyValueSpecification","valueRequired":true,"valueName":"search_term_string"}}],"inLanguage":"fr-FR"}]}},"_links":{"self":[{"href":"https:\/\/www.codeuniversel.com\/fr\/wp-json\/wp\/v2\/pages\/2461","targetHints":{"allow":["GET"]}}],"collection":[{"href":"https:\/\/www.codeuniversel.com\/fr\/wp-json\/wp\/v2\/pages"}],"about":[{"href":"https:\/\/www.codeuniversel.com\/fr\/wp-json\/wp\/v2\/types\/page"}],"author":[{"embeddable":true,"href":"https:\/\/www.codeuniversel.com\/fr\/wp-json\/wp\/v2\/users\/4"}],"replies":[{"embeddable":true,"href":"https:\/\/www.codeuniversel.com\/fr\/wp-json\/wp\/v2\/comments?post=2461"}],"version-history":[{"count":4,"href":"https:\/\/www.codeuniversel.com\/fr\/wp-json\/wp\/v2\/pages\/2461\/revisions"}],"predecessor-version":[{"id":2594,"href":"https:\/\/www.codeuniversel.com\/fr\/wp-json\/wp\/v2\/pages\/2461\/revisions\/2594"}],"wp:attachment":[{"href":"https:\/\/www.codeuniversel.com\/fr\/wp-json\/wp\/v2\/media?parent=2461"}],"curies":[{"name":"wp","href":"https:\/\/api.w.org\/{rel}","templated":true}]}}