{"id":2636,"date":"2019-09-25T22:26:51","date_gmt":"2019-09-26T03:26:51","guid":{"rendered":"https:\/\/www.codeuniversel.com\/fr\/?page_id=2636"},"modified":"2021-10-15T22:31:26","modified_gmt":"2021-10-16T02:31:26","slug":"collaborateurs-artistiques-ludovic-fouquet","status":"publish","type":"page","link":"https:\/\/www.codeuniversel.com\/fr\/collaborateurs-artistiques-ludovic-fouquet\/","title":{"rendered":"Collaborateurs artistiques: Ludovic Fouquet"},"content":{"rendered":"<div  class=\"fusion-fullwidth fullwidth-box nonhundred-percent-fullwidth\"  style='background-color: rgba(255,255,255,0);background-position: center center;background-repeat: no-repeat;padding-top:20px;padding-right:0px;padding-bottom:20px;padding-left:0px;'><div class=\"fusion-builder-row fusion-row \"><div  class=\"fusion-layout-column fusion_builder_column fusion_builder_column_1_2  fusion-one-half fusion-column-first 1_2\"  style='margin-top:0px;margin-bottom:20px;width:50%;width:calc(50% - ( ( 4% ) * 0.5 ) );margin-right: 4%;'>\n\t\t\t<div class=\"fusion-column-wrapper\"  style=\"background-position:left top;background-repeat:no-repeat;-webkit-background-size:cover;-moz-background-size:cover;-o-background-size:cover;background-size:cover;\"  data-bg-url=\"\">\n\t\t\t\t<div class=\"imageframe-align-center\"><span class=\"fusion-imageframe imageframe-none imageframe-1 hover-type-none\"><img decoding=\"async\" src=\"https:\/\/www.codeuniversel.com\/fr\/wp-content\/uploads\/2019\/09\/Ludovic.Fouquet-2019.1106-md-copie.jpg\" width=\"\" height=\"\" alt=\"\" title=\"\" class=\"img-responsive\"\/><\/span><\/div><div class=\"fusion-clearfix\"><\/div>\n\t\t\t<\/div>\n\t\t<\/div><div  class=\"fusion-layout-column fusion_builder_column fusion_builder_column_1_2  fusion-one-half fusion-column-last 1_2\"  style='margin-top:0px;margin-bottom:20px;width:50%;width:calc(50% - ( ( 4% ) * 0.5 ) );'>\n\t\t\t<div class=\"fusion-column-wrapper\"  style=\"background-position:left top;background-repeat:no-repeat;-webkit-background-size:cover;-moz-background-size:cover;-o-background-size:cover;background-size:cover;\"  data-bg-url=\"\">\n\t\t\t\t<div class=\"fusion-title title fusion-sep-none fusion-title-center fusion-title-size-two\" style=\"margin-top:0px;margin-bottom:31px;\"><h2 class=\"title-heading-center\"><h2 style=\"text-align: center;\"><span style=\"color: #e10707;\">Ludovic Fouquet<\/span><\/h2><\/h2><\/div><p><strong>Ludovic FOUQUET <\/strong>est charg\u00e9 de cours, metteur en sc\u00e8ne et artiste visuel. Fondateur de la compagnie songes m\u00e9canique (1998, Blois-France), il a cr\u00e9\u00e9 des performances en mus\u00e9e et des spectacles multim\u00e9dia qui questionnent le rapport d\u2019un corps \u00e0 une image. Il a cr\u00e9\u00e9 aussi bien du th\u00e9\u00e2tre d\u2019image, un concert vid\u00e9o avec le groupe Zong \u00e0 l\u2019\u00eele de la R\u00e9union, des performances d\u2019image en mus\u00e9es. En France, il a re\u00e7u des prix d\u2019\u00e9critures ou d\u2019aides \u00e0 la cr\u00e9ations multim\u00e9dia pour ses projets cr\u00e9\u00e9s avec songes m\u00e9caniques (comme <em>689 pellicules, <\/em>2008)<\/p>\n<p>Titulaire d\u2019un doctorat autour de l\u2019utilisation de la technologie chez Robert Lepage, il dirige des ateliers vid\u00e9osc\u00e9niques dans des universit\u00e9s, des \u00e9coles d\u2019arts, de cirque ou conservatoires en France comme au Qu\u00e9bec. Comme performeur, il collabore r\u00e9cemment avec le bureau de l\u2019APA, sur le spectacle <em>Entrez, nous sommes ouverts<\/em>, le collectif Nous sommes ici, avec un spectacle de th\u00e9\u00e2tre documentaire, <em>H\u00f4tel-Dieu <\/em>(janvier 2018) ou la cie Code Universel avec les <em>Veill\u00e9es<\/em>. Il a \u00e9t\u00e9 com\u00e9dien et com\u00e9dien danseurs pour diverses compagnies fran\u00e7aises. Avec la chor\u00e9graphe Karine Ledoyen, il a con\u00e7u un tableau <em>in-situ<\/em> avec 18 interpr\u00e8tes sur un pont de Qu\u00e9bec pour le prochain parcours \u00ab\u00a0O\u00f9 tu vas quand tu dors en marchant\u00a0\u00bb (23 mai-8 juin 2019).<\/p>\n<p>En parall\u00e8le de son travail sc\u00e9nique, il d\u00e9veloppe une pratique de s\u00e9rigraphie. Il est membre du centre d\u2019artiste Engramme (Qu\u00e9bec), o\u00f9 il donne r\u00e9guli\u00e8rement des workshops. Sa s\u00e9rigraphie m\u00eale des motifs de toutes origines (dessin\u00e9es, photographi\u00e9es, d\u00e9coup\u00e9es) dans des jeux de compositions libres.<\/p>\n<p>\u00a9 photo : ???<\/p>\n<p><a href=\"http:\/\/www.songesmecaniques.com\/\">http:\/\/www.songesmecaniques.com\/<\/a> <a href=\"https:\/\/www.flickr.com\/photos\/145208595@N08\/albums\">https:\/\/www.flickr.com\/photos\/145208595@N08\/albums<\/a><\/p>\n<div class=\"fusion-clearfix\"><\/div>\n\t\t\t<\/div>\n\t\t<\/div><\/div><\/div>\n","protected":false},"excerpt":{"rendered":"","protected":false},"author":4,"featured_media":0,"parent":0,"menu_order":0,"comment_status":"closed","ping_status":"closed","template":"","meta":{"_monsterinsights_skip_tracking":false,"_monsterinsights_sitenote_active":false,"_monsterinsights_sitenote_note":"","_monsterinsights_sitenote_category":0,"footnotes":""},"class_list":["post-2636","page","type-page","status-publish","hentry"],"yoast_head":"<!-- This site is optimized with the Yoast SEO plugin v24.9 - https:\/\/yoast.com\/wordpress\/plugins\/seo\/ -->\n<title>Collaborateurs artistiques: Ludovic Fouquet - Code Universel<\/title>\n<meta name=\"robots\" content=\"index, follow, max-snippet:-1, max-image-preview:large, max-video-preview:-1\" \/>\n<link rel=\"canonical\" href=\"https:\/\/www.codeuniversel.com\/fr\/collaborateurs-artistiques-ludovic-fouquet\/\" \/>\n<meta property=\"og:locale\" content=\"fr_FR\" \/>\n<meta property=\"og:type\" content=\"article\" \/>\n<meta property=\"og:title\" content=\"Collaborateurs artistiques: Ludovic Fouquet - Code Universel\" \/>\n<meta property=\"og:url\" content=\"https:\/\/www.codeuniversel.com\/fr\/collaborateurs-artistiques-ludovic-fouquet\/\" \/>\n<meta property=\"og:site_name\" content=\"Code Universel\" \/>\n<meta property=\"article:modified_time\" content=\"2021-10-16T02:31:26+00:00\" \/>\n<meta name=\"twitter:card\" content=\"summary_large_image\" \/>\n<meta name=\"twitter:label1\" content=\"Dur\u00e9e de lecture estim\u00e9e\" \/>\n\t<meta name=\"twitter:data1\" content=\"3 minutes\" \/>\n<script type=\"application\/ld+json\" class=\"yoast-schema-graph\">{\"@context\":\"https:\/\/schema.org\",\"@graph\":[{\"@type\":\"WebPage\",\"@id\":\"https:\/\/www.codeuniversel.com\/fr\/collaborateurs-artistiques-ludovic-fouquet\/\",\"url\":\"https:\/\/www.codeuniversel.com\/fr\/collaborateurs-artistiques-ludovic-fouquet\/\",\"name\":\"Collaborateurs artistiques: Ludovic Fouquet - Code Universel\",\"isPartOf\":{\"@id\":\"https:\/\/www.codeuniversel.com\/fr\/#website\"},\"datePublished\":\"2019-09-26T03:26:51+00:00\",\"dateModified\":\"2021-10-16T02:31:26+00:00\",\"breadcrumb\":{\"@id\":\"https:\/\/www.codeuniversel.com\/fr\/collaborateurs-artistiques-ludovic-fouquet\/#breadcrumb\"},\"inLanguage\":\"fr-FR\",\"potentialAction\":[{\"@type\":\"ReadAction\",\"target\":[\"https:\/\/www.codeuniversel.com\/fr\/collaborateurs-artistiques-ludovic-fouquet\/\"]}]},{\"@type\":\"BreadcrumbList\",\"@id\":\"https:\/\/www.codeuniversel.com\/fr\/collaborateurs-artistiques-ludovic-fouquet\/#breadcrumb\",\"itemListElement\":[{\"@type\":\"ListItem\",\"position\":1,\"name\":\"Accueil\",\"item\":\"https:\/\/www.codeuniversel.com\/fr\/\"},{\"@type\":\"ListItem\",\"position\":2,\"name\":\"Collaborateurs artistiques: Ludovic Fouquet\"}]},{\"@type\":\"WebSite\",\"@id\":\"https:\/\/www.codeuniversel.com\/fr\/#website\",\"url\":\"https:\/\/www.codeuniversel.com\/fr\/\",\"name\":\"Code Universel\",\"description\":\"\",\"potentialAction\":[{\"@type\":\"SearchAction\",\"target\":{\"@type\":\"EntryPoint\",\"urlTemplate\":\"https:\/\/www.codeuniversel.com\/fr\/?s={search_term_string}\"},\"query-input\":{\"@type\":\"PropertyValueSpecification\",\"valueRequired\":true,\"valueName\":\"search_term_string\"}}],\"inLanguage\":\"fr-FR\"}]}<\/script>\n<!-- \/ Yoast SEO plugin. -->","yoast_head_json":{"title":"Collaborateurs artistiques: Ludovic Fouquet - Code Universel","robots":{"index":"index","follow":"follow","max-snippet":"max-snippet:-1","max-image-preview":"max-image-preview:large","max-video-preview":"max-video-preview:-1"},"canonical":"https:\/\/www.codeuniversel.com\/fr\/collaborateurs-artistiques-ludovic-fouquet\/","og_locale":"fr_FR","og_type":"article","og_title":"Collaborateurs artistiques: Ludovic Fouquet - Code Universel","og_url":"https:\/\/www.codeuniversel.com\/fr\/collaborateurs-artistiques-ludovic-fouquet\/","og_site_name":"Code Universel","article_modified_time":"2021-10-16T02:31:26+00:00","twitter_card":"summary_large_image","twitter_misc":{"Dur\u00e9e de lecture estim\u00e9e":"3 minutes"},"schema":{"@context":"https:\/\/schema.org","@graph":[{"@type":"WebPage","@id":"https:\/\/www.codeuniversel.com\/fr\/collaborateurs-artistiques-ludovic-fouquet\/","url":"https:\/\/www.codeuniversel.com\/fr\/collaborateurs-artistiques-ludovic-fouquet\/","name":"Collaborateurs artistiques: Ludovic Fouquet - Code Universel","isPartOf":{"@id":"https:\/\/www.codeuniversel.com\/fr\/#website"},"datePublished":"2019-09-26T03:26:51+00:00","dateModified":"2021-10-16T02:31:26+00:00","breadcrumb":{"@id":"https:\/\/www.codeuniversel.com\/fr\/collaborateurs-artistiques-ludovic-fouquet\/#breadcrumb"},"inLanguage":"fr-FR","potentialAction":[{"@type":"ReadAction","target":["https:\/\/www.codeuniversel.com\/fr\/collaborateurs-artistiques-ludovic-fouquet\/"]}]},{"@type":"BreadcrumbList","@id":"https:\/\/www.codeuniversel.com\/fr\/collaborateurs-artistiques-ludovic-fouquet\/#breadcrumb","itemListElement":[{"@type":"ListItem","position":1,"name":"Accueil","item":"https:\/\/www.codeuniversel.com\/fr\/"},{"@type":"ListItem","position":2,"name":"Collaborateurs artistiques: Ludovic Fouquet"}]},{"@type":"WebSite","@id":"https:\/\/www.codeuniversel.com\/fr\/#website","url":"https:\/\/www.codeuniversel.com\/fr\/","name":"Code Universel","description":"","potentialAction":[{"@type":"SearchAction","target":{"@type":"EntryPoint","urlTemplate":"https:\/\/www.codeuniversel.com\/fr\/?s={search_term_string}"},"query-input":{"@type":"PropertyValueSpecification","valueRequired":true,"valueName":"search_term_string"}}],"inLanguage":"fr-FR"}]}},"_links":{"self":[{"href":"https:\/\/www.codeuniversel.com\/fr\/wp-json\/wp\/v2\/pages\/2636","targetHints":{"allow":["GET"]}}],"collection":[{"href":"https:\/\/www.codeuniversel.com\/fr\/wp-json\/wp\/v2\/pages"}],"about":[{"href":"https:\/\/www.codeuniversel.com\/fr\/wp-json\/wp\/v2\/types\/page"}],"author":[{"embeddable":true,"href":"https:\/\/www.codeuniversel.com\/fr\/wp-json\/wp\/v2\/users\/4"}],"replies":[{"embeddable":true,"href":"https:\/\/www.codeuniversel.com\/fr\/wp-json\/wp\/v2\/comments?post=2636"}],"version-history":[{"count":4,"href":"https:\/\/www.codeuniversel.com\/fr\/wp-json\/wp\/v2\/pages\/2636\/revisions"}],"predecessor-version":[{"id":3672,"href":"https:\/\/www.codeuniversel.com\/fr\/wp-json\/wp\/v2\/pages\/2636\/revisions\/3672"}],"wp:attachment":[{"href":"https:\/\/www.codeuniversel.com\/fr\/wp-json\/wp\/v2\/media?parent=2636"}],"curies":[{"name":"wp","href":"https:\/\/api.w.org\/{rel}","templated":true}]}}