{"id":2639,"date":"2019-09-25T22:26:11","date_gmt":"2019-09-26T03:26:11","guid":{"rendered":"https:\/\/www.codeuniversel.com\/fr\/?page_id=2639"},"modified":"2021-10-19T09:19:40","modified_gmt":"2021-10-19T13:19:40","slug":"collaborateurs-artistiques-alexandre-berthier","status":"publish","type":"page","link":"https:\/\/www.codeuniversel.com\/fr\/collaborateurs-artistiques-alexandre-berthier\/","title":{"rendered":"Collaborateurs artistiques: Alexandre Berthier"},"content":{"rendered":"<div  class=\"fusion-fullwidth fullwidth-box nonhundred-percent-fullwidth\"  style='background-color: rgba(255,255,255,0);background-position: center center;background-repeat: no-repeat;padding-top:20px;padding-right:0px;padding-bottom:20px;padding-left:0px;'><div class=\"fusion-builder-row fusion-row \"><div  class=\"fusion-layout-column fusion_builder_column fusion_builder_column_1_2  fusion-one-half fusion-column-first 1_2\"  style='margin-top:0px;margin-bottom:20px;width:50%;width:calc(50% - ( ( 4% ) * 0.5 ) );margin-right: 4%;'>\n\t\t\t<div class=\"fusion-column-wrapper\"  style=\"background-position:left top;background-repeat:no-repeat;-webkit-background-size:cover;-moz-background-size:cover;-o-background-size:cover;background-size:cover;\"  data-bg-url=\"\">\n\t\t\t\t<div class=\"imageframe-align-center\"><span class=\"fusion-imageframe imageframe-none imageframe-1 hover-type-none\"><img decoding=\"async\" src=\"https:\/\/www.codeuniversel.com\/fr\/wp-content\/uploads\/2021\/10\/Alexandre-Berthier-2.jpeg\" width=\"\" height=\"\" alt=\"\" title=\"\" class=\"img-responsive\"\/><\/span><\/div><div class=\"fusion-clearfix\"><\/div>\n\t\t\t<\/div>\n\t\t<\/div><div  class=\"fusion-layout-column fusion_builder_column fusion_builder_column_1_2  fusion-one-half fusion-column-last 1_2\"  style='margin-top:0px;margin-bottom:20px;width:50%;width:calc(50% - ( ( 4% ) * 0.5 ) );'>\n\t\t\t<div class=\"fusion-column-wrapper\"  style=\"background-position:left top;background-repeat:no-repeat;-webkit-background-size:cover;-moz-background-size:cover;-o-background-size:cover;background-size:cover;\"  data-bg-url=\"\">\n\t\t\t\t<div class=\"fusion-title title fusion-sep-none fusion-title-center fusion-title-size-two\" style=\"margin-top:0px;margin-bottom:31px;\"><h2 class=\"title-heading-center\"><h2 style=\"text-align: center;\"><span style=\"color: #e10707;\">Alexandre Berthier<\/span><\/h2><\/h2><\/div><p>Depuis 2004, la pratique artistique d\u2019<a href=\"https:\/\/alexandreberthier.net\/\" rel=\"noopener noreferrer\" target=\"_blank\">Alexandre Berthier<\/a> \u00e9volue au sein de trois domaines : les arts visuels, les arts m\u00e9diatiques et les arts de la sc\u00e8ne, la plupart du temps en collaboration avec d\u2019autres artistes. Sa principale collaboration se fait avec l\u2019artiste Karl-Otto von Oertzen sous le duo <a href=\"http:\/\/www.marswalkers.org\/\"><strong>Marswalkers<\/strong><\/a>, depuis plus d\u2019une dizaine d\u2019ann\u00e9es. Leur travail a \u00e9t\u00e9 pr\u00e9sent\u00e9 entre autre au <em>CIANT<\/em> (Prague), <em>The Public<\/em> (Birmingham), <em>Wimbledon School of Art<\/em> (Londres), <em>Rockport Center for Contemporary Art<\/em> (USA), l\u2019<em>\u0152il de Poisson<\/em> (Qu\u00e9bec), <em>TUPAC<\/em> (P\u00e9rou), <em>6\u00e8me manifestation internationale vid\u00e9o et art \u00e9lectronique de Montr\u00e9al, Mois Multi 12 et \u00e0 BANG<\/em> (Chicoutimi). Leur derni\u00e8re \u0153uvre a \u00e9t\u00e9 pr\u00e9sent\u00e9e au <em>Mois Multi 2017<\/em>.<\/p>\n<p>En solo, Alexandre Berthier d\u00e9veloppe sa pratique personnelle de la vid\u00e9o, du son et de la photographie. Son travail a \u00e9t\u00e9 montr\u00e9 notamment dans les festivals suivants : <a href=\"https:\/\/mmrectoverso.org\/mois-multi-2019\/\"><strong><em>Mois Multi<\/em><\/strong><\/a> \u00e0 Qu\u00e9bec, <a href=\"http:\/\/www.cda95.fr\/fr\/bains-numeriques-10e-edition?fbclid=IwAR2HYfuHdRP07fDvwweCrd30cxS6RJbhJ_TfijgVhPCKQhiESY-yve1LUEo\"><strong><em>Bains Num\u00e9riques<\/em><\/strong><\/a> \u00e0 Paris, <a href=\"https:\/\/nouveaucinema.ca\/fr\/\"><strong><em>Nouveau Cin\u00e9ma<\/em><\/strong><\/a> \u00e0 Montr\u00e9al, <a href=\"http:\/\/soundslikefest.com\/\"><strong><em>Sounds like<\/em><\/strong><\/a> \u00e0 Saskatoon, au centre d\u2019art <a href=\"https:\/\/espacesf.org\/\"><strong><em>Espace F<\/em><\/strong><\/a> \u00e0 Matane. Sa derni\u00e8re exposition \u00e9tait au centre VU en 2018.<\/p>\n<p>En parall\u00e8le, il est directeur photo et r\u00e9alise des \u0153uvres vid\u00e9o et audio pour divers commanditaires, compagnies de danse, centres d\u2019art. Il collabore r\u00e9guli\u00e8rement avec les compagnies <em>Th\u00e9\u00e2tre Rude Ing\u00e9nierie<\/em>, l\u2019<em>Orchestre d\u2019Hommes Orchestres<\/em> ainsi que la compagnie de danse <a href=\"https:\/\/www.codeuniversel.com\/fr\/\"><strong><em>Code Universel<\/em><\/strong><\/a>. On fait r\u00e9guli\u00e8rement appel \u00e0 lui pour des des conceptions vid\u00e9o live pour diff\u00e9rents \u00e9v\u00e9nements : <em><a href=\"https:\/\/www.carrefourtheatre.qc.ca\/\"><strong>Carrefour de th\u00e9\u00e2tre<\/strong><\/a>,<\/em> <a href=\"https:\/\/www.mnbaq.org\/\"><strong><em>MNBAQ<\/em><\/strong><\/a>, <a href=\"https:\/\/manifdart.org\/\"><strong><em>Manif d\u2019Art<\/em><\/strong><\/a>, <a href=\"https:\/\/www.feq.ca\/\"><strong><em>Festival d\u2019\u00e9t\u00e9 de Qu\u00e9bec<\/em><\/strong><\/a>, <a href=\"https:\/\/www.osq.org\/\"><strong><em>OSQ<\/em><\/strong><\/a>, <a href=\"https:\/\/mmrectoverso.org\/mois-multi-2019\/\"><strong><em>Mois Multi<\/em><\/strong><\/a> \u2026 Il a r\u00e9alis\u00e9 des cr\u00e9ations sonores pour le <a href=\"https:\/\/www.mcq.org\/\"><strong><em>Mus\u00e9e de la Civilisation<\/em><\/strong><\/a> \u00e0 Qu\u00e9bec, <a href=\"https:\/\/www.productionsrhizome.org\/fr\/\"><strong><em>Rhizome<\/em><\/strong><\/a> et pour d\u2019autres artistes.<\/p>\n<p>\u00a9 photo : L\u00e9a Ratycz L\u00e9gar\u00e9<\/p>\n<div class=\"fusion-clearfix\"><\/div>\n\t\t\t<\/div>\n\t\t<\/div><\/div><\/div>\n","protected":false},"excerpt":{"rendered":"","protected":false},"author":4,"featured_media":0,"parent":0,"menu_order":0,"comment_status":"closed","ping_status":"closed","template":"","meta":{"_monsterinsights_skip_tracking":false,"_monsterinsights_sitenote_active":false,"_monsterinsights_sitenote_note":"","_monsterinsights_sitenote_category":0,"footnotes":""},"class_list":["post-2639","page","type-page","status-publish","hentry"],"yoast_head":"<!-- This site is optimized with the Yoast SEO plugin v24.9 - https:\/\/yoast.com\/wordpress\/plugins\/seo\/ -->\n<title>Collaborateurs artistiques: Alexandre Berthier - Code Universel<\/title>\n<meta name=\"robots\" content=\"index, follow, max-snippet:-1, max-image-preview:large, max-video-preview:-1\" \/>\n<link rel=\"canonical\" href=\"https:\/\/www.codeuniversel.com\/fr\/collaborateurs-artistiques-alexandre-berthier\/\" \/>\n<meta property=\"og:locale\" content=\"fr_FR\" \/>\n<meta property=\"og:type\" content=\"article\" \/>\n<meta property=\"og:title\" content=\"Collaborateurs artistiques: Alexandre Berthier - Code Universel\" \/>\n<meta property=\"og:url\" content=\"https:\/\/www.codeuniversel.com\/fr\/collaborateurs-artistiques-alexandre-berthier\/\" \/>\n<meta property=\"og:site_name\" content=\"Code Universel\" \/>\n<meta property=\"article:modified_time\" content=\"2021-10-19T13:19:40+00:00\" \/>\n<meta name=\"twitter:card\" content=\"summary_large_image\" \/>\n<meta name=\"twitter:label1\" content=\"Dur\u00e9e de lecture estim\u00e9e\" \/>\n\t<meta name=\"twitter:data1\" content=\"3 minutes\" \/>\n<script type=\"application\/ld+json\" class=\"yoast-schema-graph\">{\"@context\":\"https:\/\/schema.org\",\"@graph\":[{\"@type\":\"WebPage\",\"@id\":\"https:\/\/www.codeuniversel.com\/fr\/collaborateurs-artistiques-alexandre-berthier\/\",\"url\":\"https:\/\/www.codeuniversel.com\/fr\/collaborateurs-artistiques-alexandre-berthier\/\",\"name\":\"Collaborateurs artistiques: Alexandre Berthier - Code Universel\",\"isPartOf\":{\"@id\":\"https:\/\/www.codeuniversel.com\/fr\/#website\"},\"datePublished\":\"2019-09-26T03:26:11+00:00\",\"dateModified\":\"2021-10-19T13:19:40+00:00\",\"breadcrumb\":{\"@id\":\"https:\/\/www.codeuniversel.com\/fr\/collaborateurs-artistiques-alexandre-berthier\/#breadcrumb\"},\"inLanguage\":\"fr-FR\",\"potentialAction\":[{\"@type\":\"ReadAction\",\"target\":[\"https:\/\/www.codeuniversel.com\/fr\/collaborateurs-artistiques-alexandre-berthier\/\"]}]},{\"@type\":\"BreadcrumbList\",\"@id\":\"https:\/\/www.codeuniversel.com\/fr\/collaborateurs-artistiques-alexandre-berthier\/#breadcrumb\",\"itemListElement\":[{\"@type\":\"ListItem\",\"position\":1,\"name\":\"Accueil\",\"item\":\"https:\/\/www.codeuniversel.com\/fr\/\"},{\"@type\":\"ListItem\",\"position\":2,\"name\":\"Collaborateurs artistiques: Alexandre Berthier\"}]},{\"@type\":\"WebSite\",\"@id\":\"https:\/\/www.codeuniversel.com\/fr\/#website\",\"url\":\"https:\/\/www.codeuniversel.com\/fr\/\",\"name\":\"Code Universel\",\"description\":\"\",\"potentialAction\":[{\"@type\":\"SearchAction\",\"target\":{\"@type\":\"EntryPoint\",\"urlTemplate\":\"https:\/\/www.codeuniversel.com\/fr\/?s={search_term_string}\"},\"query-input\":{\"@type\":\"PropertyValueSpecification\",\"valueRequired\":true,\"valueName\":\"search_term_string\"}}],\"inLanguage\":\"fr-FR\"}]}<\/script>\n<!-- \/ Yoast SEO plugin. -->","yoast_head_json":{"title":"Collaborateurs artistiques: Alexandre Berthier - Code Universel","robots":{"index":"index","follow":"follow","max-snippet":"max-snippet:-1","max-image-preview":"max-image-preview:large","max-video-preview":"max-video-preview:-1"},"canonical":"https:\/\/www.codeuniversel.com\/fr\/collaborateurs-artistiques-alexandre-berthier\/","og_locale":"fr_FR","og_type":"article","og_title":"Collaborateurs artistiques: Alexandre Berthier - Code Universel","og_url":"https:\/\/www.codeuniversel.com\/fr\/collaborateurs-artistiques-alexandre-berthier\/","og_site_name":"Code Universel","article_modified_time":"2021-10-19T13:19:40+00:00","twitter_card":"summary_large_image","twitter_misc":{"Dur\u00e9e de lecture estim\u00e9e":"3 minutes"},"schema":{"@context":"https:\/\/schema.org","@graph":[{"@type":"WebPage","@id":"https:\/\/www.codeuniversel.com\/fr\/collaborateurs-artistiques-alexandre-berthier\/","url":"https:\/\/www.codeuniversel.com\/fr\/collaborateurs-artistiques-alexandre-berthier\/","name":"Collaborateurs artistiques: Alexandre Berthier - Code Universel","isPartOf":{"@id":"https:\/\/www.codeuniversel.com\/fr\/#website"},"datePublished":"2019-09-26T03:26:11+00:00","dateModified":"2021-10-19T13:19:40+00:00","breadcrumb":{"@id":"https:\/\/www.codeuniversel.com\/fr\/collaborateurs-artistiques-alexandre-berthier\/#breadcrumb"},"inLanguage":"fr-FR","potentialAction":[{"@type":"ReadAction","target":["https:\/\/www.codeuniversel.com\/fr\/collaborateurs-artistiques-alexandre-berthier\/"]}]},{"@type":"BreadcrumbList","@id":"https:\/\/www.codeuniversel.com\/fr\/collaborateurs-artistiques-alexandre-berthier\/#breadcrumb","itemListElement":[{"@type":"ListItem","position":1,"name":"Accueil","item":"https:\/\/www.codeuniversel.com\/fr\/"},{"@type":"ListItem","position":2,"name":"Collaborateurs artistiques: Alexandre Berthier"}]},{"@type":"WebSite","@id":"https:\/\/www.codeuniversel.com\/fr\/#website","url":"https:\/\/www.codeuniversel.com\/fr\/","name":"Code Universel","description":"","potentialAction":[{"@type":"SearchAction","target":{"@type":"EntryPoint","urlTemplate":"https:\/\/www.codeuniversel.com\/fr\/?s={search_term_string}"},"query-input":{"@type":"PropertyValueSpecification","valueRequired":true,"valueName":"search_term_string"}}],"inLanguage":"fr-FR"}]}},"_links":{"self":[{"href":"https:\/\/www.codeuniversel.com\/fr\/wp-json\/wp\/v2\/pages\/2639","targetHints":{"allow":["GET"]}}],"collection":[{"href":"https:\/\/www.codeuniversel.com\/fr\/wp-json\/wp\/v2\/pages"}],"about":[{"href":"https:\/\/www.codeuniversel.com\/fr\/wp-json\/wp\/v2\/types\/page"}],"author":[{"embeddable":true,"href":"https:\/\/www.codeuniversel.com\/fr\/wp-json\/wp\/v2\/users\/4"}],"replies":[{"embeddable":true,"href":"https:\/\/www.codeuniversel.com\/fr\/wp-json\/wp\/v2\/comments?post=2639"}],"version-history":[{"count":8,"href":"https:\/\/www.codeuniversel.com\/fr\/wp-json\/wp\/v2\/pages\/2639\/revisions"}],"predecessor-version":[{"id":3700,"href":"https:\/\/www.codeuniversel.com\/fr\/wp-json\/wp\/v2\/pages\/2639\/revisions\/3700"}],"wp:attachment":[{"href":"https:\/\/www.codeuniversel.com\/fr\/wp-json\/wp\/v2\/media?parent=2639"}],"curies":[{"name":"wp","href":"https:\/\/api.w.org\/{rel}","templated":true}]}}