{"id":2641,"date":"2019-09-25T22:26:27","date_gmt":"2019-09-26T03:26:27","guid":{"rendered":"https:\/\/www.codeuniversel.com\/fr\/?page_id=2641"},"modified":"2021-10-19T09:38:40","modified_gmt":"2021-10-19T13:38:40","slug":"collaborateurs-artistiques-annabelle-fouquet","status":"publish","type":"page","link":"https:\/\/www.codeuniversel.com\/fr\/collaborateurs-artistiques-annabelle-fouquet\/","title":{"rendered":"Collaborateurs artistiques: Annabelle Fouquet"},"content":{"rendered":"<div  class=\"fusion-fullwidth fullwidth-box nonhundred-percent-fullwidth\"  style='background-color: rgba(255,255,255,0);background-position: center center;background-repeat: no-repeat;padding-top:20px;padding-right:0px;padding-bottom:20px;padding-left:0px;'><div class=\"fusion-builder-row fusion-row \"><div  class=\"fusion-layout-column fusion_builder_column fusion_builder_column_1_2  fusion-one-half fusion-column-first 1_2\"  style='margin-top:0px;margin-bottom:20px;width:50%;width:calc(50% - ( ( 4% ) * 0.5 ) );margin-right: 4%;'>\n\t\t\t<div class=\"fusion-column-wrapper\"  style=\"background-position:left top;background-repeat:no-repeat;-webkit-background-size:cover;-moz-background-size:cover;-o-background-size:cover;background-size:cover;\"  data-bg-url=\"\">\n\t\t\t\t<div class=\"imageframe-align-center\"><span class=\"fusion-imageframe imageframe-none imageframe-1 hover-type-none\"><img decoding=\"async\" src=\"https:\/\/www.codeuniversel.com\/fr\/wp-content\/uploads\/2021\/10\/annabelle-fouquet_CREDIT_david_cannon_site.jpg\" width=\"\" height=\"\" alt=\"\" title=\"\" class=\"img-responsive\"\/><\/span><\/div><div class=\"fusion-clearfix\"><\/div>\n\t\t\t<\/div>\n\t\t<\/div><div  class=\"fusion-layout-column fusion_builder_column fusion_builder_column_1_2  fusion-one-half fusion-column-last 1_2\"  style='margin-top:0px;margin-bottom:20px;width:50%;width:calc(50% - ( ( 4% ) * 0.5 ) );'>\n\t\t\t<div class=\"fusion-column-wrapper\"  style=\"background-position:left top;background-repeat:no-repeat;-webkit-background-size:cover;-moz-background-size:cover;-o-background-size:cover;background-size:cover;\"  data-bg-url=\"\">\n\t\t\t\t<div class=\"fusion-title title fusion-sep-none fusion-title-center fusion-title-size-two\" style=\"margin-top:0px;margin-bottom:31px;\"><h2 class=\"title-heading-center\"><h2 style=\"text-align: center;\"><span style=\"color: #e10707;\">Annabelle Fouquet<\/span><\/h2><\/h2><\/div><p>Apr\u00e8s une formation en photographie \u00e0 Paris (Les Gobelins, 2008) et en vid\u00e9o \u00e0 L\u2019\u00c9cole des M\u00e9tiers du Cin\u00e9ma et de la Vid\u00e9o (Rivi\u00e8re-du-Loup, 2010), <a href=\"http:\/\/www.annabellefouquet.com\" target=\"_blank\" rel=\"noopener noreferrer\">Annabelle Fouquet<\/a> a obtenu une ma\u00eetrise sur mesure en anthropologie et en arts visuels (2020) \u00e0 l\u2019Universit\u00e9 Laval. Sa d\u00e9marche de cr\u00e9ation s\u2019inscrit \u00e0 la lisi\u00e8re entre les sciences sociales et les arts m\u00e9diatiques. Elle mobilise les donn\u00e9es du r\u00e9el (t\u00e9moignages, indices visuels et sonores) afin d\u2019en faire une mati\u00e8re plastique, ouverte aux reconfigurations de sens et de formes. \u00c0 travers des \u0153uvres vid\u00e9o, des images photographiques ou des installations vid\u00e9ographiques, ses cr\u00e9ations explorent la dimension relationnelle et sensorielle de nos rapports au monde. Elles ouvrent un espace de compr\u00e9hension du r\u00e9el, dans l\u2019interstice entre la sensorialit\u00e9 et la pens\u00e9e, la connaissance et le doute. Son travail a \u00e9t\u00e9 expos\u00e9 \u00e0 l\u2019Institut National de la G\u00e9ographie (Paris), au festival Pr\u00e9sence Autochtone (Montr\u00e9al), aux Rencontres photographiques du Kamouraska (Kamouraska), au Mus\u00e9e du Bas-Saint-Laurent (Rivi\u00e8re-du-Loup) et dans plusieurs festivals cin\u00e9matographiques au Qu\u00e9bec (Rendez-vous du Cin\u00e9ma Qu\u00e9b\u00e9cois ; Festival de Cin\u00e9ma de la Ville de Qu\u00e9bec ; Festival International du Film Ethnographique du Qu\u00e9bec\u2026).<\/p>\n<p>\u00a9 photo : David Cannon<\/p>\n<div class=\"fusion-clearfix\"><\/div>\n\t\t\t<\/div>\n\t\t<\/div><\/div><\/div>\n","protected":false},"excerpt":{"rendered":"","protected":false},"author":4,"featured_media":0,"parent":0,"menu_order":0,"comment_status":"closed","ping_status":"closed","template":"","meta":{"_monsterinsights_skip_tracking":false,"_monsterinsights_sitenote_active":false,"_monsterinsights_sitenote_note":"","_monsterinsights_sitenote_category":0,"footnotes":""},"class_list":["post-2641","page","type-page","status-publish","hentry"],"yoast_head":"<!-- This site is optimized with the Yoast SEO plugin v24.9 - https:\/\/yoast.com\/wordpress\/plugins\/seo\/ -->\n<title>Collaborateurs artistiques: Annabelle Fouquet - Code Universel<\/title>\n<meta name=\"robots\" content=\"index, follow, max-snippet:-1, max-image-preview:large, max-video-preview:-1\" \/>\n<link rel=\"canonical\" href=\"https:\/\/www.codeuniversel.com\/fr\/collaborateurs-artistiques-annabelle-fouquet\/\" \/>\n<meta property=\"og:locale\" content=\"fr_FR\" \/>\n<meta property=\"og:type\" content=\"article\" \/>\n<meta property=\"og:title\" content=\"Collaborateurs artistiques: Annabelle Fouquet - Code Universel\" \/>\n<meta property=\"og:url\" content=\"https:\/\/www.codeuniversel.com\/fr\/collaborateurs-artistiques-annabelle-fouquet\/\" \/>\n<meta property=\"og:site_name\" content=\"Code Universel\" \/>\n<meta property=\"article:modified_time\" content=\"2021-10-19T13:38:40+00:00\" \/>\n<meta name=\"twitter:card\" content=\"summary_large_image\" \/>\n<meta name=\"twitter:label1\" content=\"Dur\u00e9e de lecture estim\u00e9e\" \/>\n\t<meta name=\"twitter:data1\" content=\"3 minutes\" \/>\n<script type=\"application\/ld+json\" class=\"yoast-schema-graph\">{\"@context\":\"https:\/\/schema.org\",\"@graph\":[{\"@type\":\"WebPage\",\"@id\":\"https:\/\/www.codeuniversel.com\/fr\/collaborateurs-artistiques-annabelle-fouquet\/\",\"url\":\"https:\/\/www.codeuniversel.com\/fr\/collaborateurs-artistiques-annabelle-fouquet\/\",\"name\":\"Collaborateurs artistiques: Annabelle Fouquet - Code Universel\",\"isPartOf\":{\"@id\":\"https:\/\/www.codeuniversel.com\/fr\/#website\"},\"datePublished\":\"2019-09-26T03:26:27+00:00\",\"dateModified\":\"2021-10-19T13:38:40+00:00\",\"breadcrumb\":{\"@id\":\"https:\/\/www.codeuniversel.com\/fr\/collaborateurs-artistiques-annabelle-fouquet\/#breadcrumb\"},\"inLanguage\":\"fr-FR\",\"potentialAction\":[{\"@type\":\"ReadAction\",\"target\":[\"https:\/\/www.codeuniversel.com\/fr\/collaborateurs-artistiques-annabelle-fouquet\/\"]}]},{\"@type\":\"BreadcrumbList\",\"@id\":\"https:\/\/www.codeuniversel.com\/fr\/collaborateurs-artistiques-annabelle-fouquet\/#breadcrumb\",\"itemListElement\":[{\"@type\":\"ListItem\",\"position\":1,\"name\":\"Accueil\",\"item\":\"https:\/\/www.codeuniversel.com\/fr\/\"},{\"@type\":\"ListItem\",\"position\":2,\"name\":\"Collaborateurs artistiques: Annabelle Fouquet\"}]},{\"@type\":\"WebSite\",\"@id\":\"https:\/\/www.codeuniversel.com\/fr\/#website\",\"url\":\"https:\/\/www.codeuniversel.com\/fr\/\",\"name\":\"Code Universel\",\"description\":\"\",\"potentialAction\":[{\"@type\":\"SearchAction\",\"target\":{\"@type\":\"EntryPoint\",\"urlTemplate\":\"https:\/\/www.codeuniversel.com\/fr\/?s={search_term_string}\"},\"query-input\":{\"@type\":\"PropertyValueSpecification\",\"valueRequired\":true,\"valueName\":\"search_term_string\"}}],\"inLanguage\":\"fr-FR\"}]}<\/script>\n<!-- \/ Yoast SEO plugin. -->","yoast_head_json":{"title":"Collaborateurs artistiques: Annabelle Fouquet - Code Universel","robots":{"index":"index","follow":"follow","max-snippet":"max-snippet:-1","max-image-preview":"max-image-preview:large","max-video-preview":"max-video-preview:-1"},"canonical":"https:\/\/www.codeuniversel.com\/fr\/collaborateurs-artistiques-annabelle-fouquet\/","og_locale":"fr_FR","og_type":"article","og_title":"Collaborateurs artistiques: Annabelle Fouquet - Code Universel","og_url":"https:\/\/www.codeuniversel.com\/fr\/collaborateurs-artistiques-annabelle-fouquet\/","og_site_name":"Code Universel","article_modified_time":"2021-10-19T13:38:40+00:00","twitter_card":"summary_large_image","twitter_misc":{"Dur\u00e9e de lecture estim\u00e9e":"3 minutes"},"schema":{"@context":"https:\/\/schema.org","@graph":[{"@type":"WebPage","@id":"https:\/\/www.codeuniversel.com\/fr\/collaborateurs-artistiques-annabelle-fouquet\/","url":"https:\/\/www.codeuniversel.com\/fr\/collaborateurs-artistiques-annabelle-fouquet\/","name":"Collaborateurs artistiques: Annabelle Fouquet - Code Universel","isPartOf":{"@id":"https:\/\/www.codeuniversel.com\/fr\/#website"},"datePublished":"2019-09-26T03:26:27+00:00","dateModified":"2021-10-19T13:38:40+00:00","breadcrumb":{"@id":"https:\/\/www.codeuniversel.com\/fr\/collaborateurs-artistiques-annabelle-fouquet\/#breadcrumb"},"inLanguage":"fr-FR","potentialAction":[{"@type":"ReadAction","target":["https:\/\/www.codeuniversel.com\/fr\/collaborateurs-artistiques-annabelle-fouquet\/"]}]},{"@type":"BreadcrumbList","@id":"https:\/\/www.codeuniversel.com\/fr\/collaborateurs-artistiques-annabelle-fouquet\/#breadcrumb","itemListElement":[{"@type":"ListItem","position":1,"name":"Accueil","item":"https:\/\/www.codeuniversel.com\/fr\/"},{"@type":"ListItem","position":2,"name":"Collaborateurs artistiques: Annabelle Fouquet"}]},{"@type":"WebSite","@id":"https:\/\/www.codeuniversel.com\/fr\/#website","url":"https:\/\/www.codeuniversel.com\/fr\/","name":"Code Universel","description":"","potentialAction":[{"@type":"SearchAction","target":{"@type":"EntryPoint","urlTemplate":"https:\/\/www.codeuniversel.com\/fr\/?s={search_term_string}"},"query-input":{"@type":"PropertyValueSpecification","valueRequired":true,"valueName":"search_term_string"}}],"inLanguage":"fr-FR"}]}},"_links":{"self":[{"href":"https:\/\/www.codeuniversel.com\/fr\/wp-json\/wp\/v2\/pages\/2641","targetHints":{"allow":["GET"]}}],"collection":[{"href":"https:\/\/www.codeuniversel.com\/fr\/wp-json\/wp\/v2\/pages"}],"about":[{"href":"https:\/\/www.codeuniversel.com\/fr\/wp-json\/wp\/v2\/types\/page"}],"author":[{"embeddable":true,"href":"https:\/\/www.codeuniversel.com\/fr\/wp-json\/wp\/v2\/users\/4"}],"replies":[{"embeddable":true,"href":"https:\/\/www.codeuniversel.com\/fr\/wp-json\/wp\/v2\/comments?post=2641"}],"version-history":[{"count":7,"href":"https:\/\/www.codeuniversel.com\/fr\/wp-json\/wp\/v2\/pages\/2641\/revisions"}],"predecessor-version":[{"id":3706,"href":"https:\/\/www.codeuniversel.com\/fr\/wp-json\/wp\/v2\/pages\/2641\/revisions\/3706"}],"wp:attachment":[{"href":"https:\/\/www.codeuniversel.com\/fr\/wp-json\/wp\/v2\/media?parent=2641"}],"curies":[{"name":"wp","href":"https:\/\/api.w.org\/{rel}","templated":true}]}}