{"id":2865,"date":"2020-11-23T14:06:05","date_gmt":"2020-11-23T19:06:05","guid":{"rendered":"https:\/\/www.codeuniversel.com\/fr\/?page_id=2865"},"modified":"2020-11-23T15:00:31","modified_gmt":"2020-11-23T20:00:31","slug":"collaboration-artistique-en-action","status":"publish","type":"page","link":"https:\/\/www.codeuniversel.com\/fr\/collaboration-artistique-en-action\/","title":{"rendered":"Collaboration artistique en action"},"content":{"rendered":"<div  class=\"fusion-fullwidth fullwidth-box nonhundred-percent-fullwidth\"  style='background-color: rgba(255,255,255,0);background-position: center center;background-repeat: no-repeat;padding-top:20px;padding-right:0px;padding-bottom:20px;padding-left:0px;'><div class=\"fusion-builder-row fusion-row \"><div  class=\"fusion-layout-column fusion_builder_column fusion_builder_column_1_1  fusion-one-full fusion-column-first fusion-column-last 1_1\"  style='margin-top:0px;margin-bottom:20px;'>\n\t\t\t<div class=\"fusion-column-wrapper\"  style=\"background-position:left top;background-repeat:no-repeat;-webkit-background-size:cover;-moz-background-size:cover;-o-background-size:cover;background-size:cover;\"  data-bg-url=\"\">\n\t\t\t\t<h1 data-fontsize=\"28\" data-lineheight=\"42\">Vous \u00eates artiste ou citoyen.ne qui souhaitez vous impliquer dans des projets artistiques et multidisciplinaires?<\/h1>\n<p>Chez Code Universel, les projets sont cr\u00e9\u00e9s avec nos collaborateurs issus notamment du monde des arts et de la culture.<\/p>\n<p>Nous sommes constamment \u00e0 la recherche\u00a0:<\/p>\n<ul>\n<li>d\u2019artistes et artisans de diff\u00e9rents domaines (arts de la sc\u00e8ne, arts visuels et m\u00e9tiers d\u2019arts);<\/li>\n<li>d\u2019expertise conception et techniques de sc\u00e8ne;<\/li>\n<li>de chercheur.e.s dans des domaines vari\u00e9es (arts, sant\u00e9 et bien \u00eatre, anthropologie, etc\u2026)<\/li>\n<li>de citoyen.ne.s et de b\u00e9n\u00e9voles ayant la passion pour les arts et la culture.<\/li>\n<\/ul>\n<h2 data-fontsize=\"28\" data-lineheight=\"42\">Vous \u00eates int\u00e9ress\u00e9.e.s\u00a0?<\/h2>\n<p>Si c\u2019est le cas, manifestez-vous et joignez-vous \u00e0 notre \u00e9quipe\u00a0! Surtout, faites-nous parvenir votre cv \u00e0 l\u2019adresse courriel <a href=\"mailto:info@codeuniversel.com\">info@codeuniversel.com<\/a> ou t\u00e9l\u00e9phonez-nous au 418 561-5957. Il nous fera grand plaisir de r\u00e9pondre \u00e0 vos questions.<\/p>\n<h2 data-fontsize=\"28\" data-lineheight=\"42\">Projets collaboratifs et multidisciplinaires<\/h2>\n<p>Chez Code Universel, nous privil\u00e9gions des projets issus d\u2019une approche collaborative et multidisciplinaires. Pourquoi? La raison est fort simple\u00a0: c\u2019est pour cr\u00e9er des exp\u00e9riences artistiques de rencontre entre le public et l\u2019art. Et c\u2019est avec notre approche ouverte et inclusive que nous rejoignons diff\u00e9rents publics en leur offrant des possibilit\u00e9s d\u2019y participer de diff\u00e9rentes fa\u00e7ons.<\/p>\n<p>Nous sommes \u00e9galement \u00e0 l\u2019aff\u00fbt de possibilit\u00e9s de coproduction et de collaboration\u00a0 avec les artistes, les personnes oeuvrant dans le milieu des arts et de la culture ainsi que ceux et celles qui souhaitent le faire. Ces partenariats et ces partenaires se sont toujours av\u00e9r\u00e9s des plus inspirants et des plus innovants.<\/p>\n<div class=\"fusion-clearfix\"><\/div>\n\t\t\t<\/div>\n\t\t<\/div><\/div><\/div>\n","protected":false},"excerpt":{"rendered":"","protected":false},"author":4,"featured_media":0,"parent":0,"menu_order":0,"comment_status":"closed","ping_status":"closed","template":"","meta":{"_monsterinsights_skip_tracking":false,"_monsterinsights_sitenote_active":false,"_monsterinsights_sitenote_note":"","_monsterinsights_sitenote_category":0,"footnotes":""},"class_list":["post-2865","page","type-page","status-publish","hentry"],"yoast_head":"<!-- This site is optimized with the Yoast SEO plugin v24.9 - https:\/\/yoast.com\/wordpress\/plugins\/seo\/ -->\n<title>Collaboration artistique en action - Code Universel<\/title>\n<meta name=\"robots\" content=\"index, follow, max-snippet:-1, max-image-preview:large, max-video-preview:-1\" \/>\n<link rel=\"canonical\" href=\"https:\/\/www.codeuniversel.com\/fr\/collaboration-artistique-en-action\/\" \/>\n<meta property=\"og:locale\" content=\"fr_FR\" \/>\n<meta property=\"og:type\" content=\"article\" \/>\n<meta property=\"og:title\" content=\"Collaboration artistique en action - Code Universel\" \/>\n<meta property=\"og:url\" content=\"https:\/\/www.codeuniversel.com\/fr\/collaboration-artistique-en-action\/\" \/>\n<meta property=\"og:site_name\" content=\"Code Universel\" \/>\n<meta property=\"article:modified_time\" content=\"2020-11-23T20:00:31+00:00\" \/>\n<meta name=\"twitter:card\" content=\"summary_large_image\" \/>\n<meta name=\"twitter:label1\" content=\"Dur\u00e9e de lecture estim\u00e9e\" \/>\n\t<meta name=\"twitter:data1\" content=\"2 minutes\" \/>\n<script type=\"application\/ld+json\" class=\"yoast-schema-graph\">{\"@context\":\"https:\/\/schema.org\",\"@graph\":[{\"@type\":\"WebPage\",\"@id\":\"https:\/\/www.codeuniversel.com\/fr\/collaboration-artistique-en-action\/\",\"url\":\"https:\/\/www.codeuniversel.com\/fr\/collaboration-artistique-en-action\/\",\"name\":\"Collaboration artistique en action - Code Universel\",\"isPartOf\":{\"@id\":\"https:\/\/www.codeuniversel.com\/fr\/#website\"},\"datePublished\":\"2020-11-23T19:06:05+00:00\",\"dateModified\":\"2020-11-23T20:00:31+00:00\",\"breadcrumb\":{\"@id\":\"https:\/\/www.codeuniversel.com\/fr\/collaboration-artistique-en-action\/#breadcrumb\"},\"inLanguage\":\"fr-FR\",\"potentialAction\":[{\"@type\":\"ReadAction\",\"target\":[\"https:\/\/www.codeuniversel.com\/fr\/collaboration-artistique-en-action\/\"]}]},{\"@type\":\"BreadcrumbList\",\"@id\":\"https:\/\/www.codeuniversel.com\/fr\/collaboration-artistique-en-action\/#breadcrumb\",\"itemListElement\":[{\"@type\":\"ListItem\",\"position\":1,\"name\":\"Accueil\",\"item\":\"https:\/\/www.codeuniversel.com\/fr\/\"},{\"@type\":\"ListItem\",\"position\":2,\"name\":\"Collaboration artistique en action\"}]},{\"@type\":\"WebSite\",\"@id\":\"https:\/\/www.codeuniversel.com\/fr\/#website\",\"url\":\"https:\/\/www.codeuniversel.com\/fr\/\",\"name\":\"Code Universel\",\"description\":\"\",\"potentialAction\":[{\"@type\":\"SearchAction\",\"target\":{\"@type\":\"EntryPoint\",\"urlTemplate\":\"https:\/\/www.codeuniversel.com\/fr\/?s={search_term_string}\"},\"query-input\":{\"@type\":\"PropertyValueSpecification\",\"valueRequired\":true,\"valueName\":\"search_term_string\"}}],\"inLanguage\":\"fr-FR\"}]}<\/script>\n<!-- \/ Yoast SEO plugin. -->","yoast_head_json":{"title":"Collaboration artistique en action - Code Universel","robots":{"index":"index","follow":"follow","max-snippet":"max-snippet:-1","max-image-preview":"max-image-preview:large","max-video-preview":"max-video-preview:-1"},"canonical":"https:\/\/www.codeuniversel.com\/fr\/collaboration-artistique-en-action\/","og_locale":"fr_FR","og_type":"article","og_title":"Collaboration artistique en action - Code Universel","og_url":"https:\/\/www.codeuniversel.com\/fr\/collaboration-artistique-en-action\/","og_site_name":"Code Universel","article_modified_time":"2020-11-23T20:00:31+00:00","twitter_card":"summary_large_image","twitter_misc":{"Dur\u00e9e de lecture estim\u00e9e":"2 minutes"},"schema":{"@context":"https:\/\/schema.org","@graph":[{"@type":"WebPage","@id":"https:\/\/www.codeuniversel.com\/fr\/collaboration-artistique-en-action\/","url":"https:\/\/www.codeuniversel.com\/fr\/collaboration-artistique-en-action\/","name":"Collaboration artistique en action - Code Universel","isPartOf":{"@id":"https:\/\/www.codeuniversel.com\/fr\/#website"},"datePublished":"2020-11-23T19:06:05+00:00","dateModified":"2020-11-23T20:00:31+00:00","breadcrumb":{"@id":"https:\/\/www.codeuniversel.com\/fr\/collaboration-artistique-en-action\/#breadcrumb"},"inLanguage":"fr-FR","potentialAction":[{"@type":"ReadAction","target":["https:\/\/www.codeuniversel.com\/fr\/collaboration-artistique-en-action\/"]}]},{"@type":"BreadcrumbList","@id":"https:\/\/www.codeuniversel.com\/fr\/collaboration-artistique-en-action\/#breadcrumb","itemListElement":[{"@type":"ListItem","position":1,"name":"Accueil","item":"https:\/\/www.codeuniversel.com\/fr\/"},{"@type":"ListItem","position":2,"name":"Collaboration artistique en action"}]},{"@type":"WebSite","@id":"https:\/\/www.codeuniversel.com\/fr\/#website","url":"https:\/\/www.codeuniversel.com\/fr\/","name":"Code Universel","description":"","potentialAction":[{"@type":"SearchAction","target":{"@type":"EntryPoint","urlTemplate":"https:\/\/www.codeuniversel.com\/fr\/?s={search_term_string}"},"query-input":{"@type":"PropertyValueSpecification","valueRequired":true,"valueName":"search_term_string"}}],"inLanguage":"fr-FR"}]}},"_links":{"self":[{"href":"https:\/\/www.codeuniversel.com\/fr\/wp-json\/wp\/v2\/pages\/2865","targetHints":{"allow":["GET"]}}],"collection":[{"href":"https:\/\/www.codeuniversel.com\/fr\/wp-json\/wp\/v2\/pages"}],"about":[{"href":"https:\/\/www.codeuniversel.com\/fr\/wp-json\/wp\/v2\/types\/page"}],"author":[{"embeddable":true,"href":"https:\/\/www.codeuniversel.com\/fr\/wp-json\/wp\/v2\/users\/4"}],"replies":[{"embeddable":true,"href":"https:\/\/www.codeuniversel.com\/fr\/wp-json\/wp\/v2\/comments?post=2865"}],"version-history":[{"count":7,"href":"https:\/\/www.codeuniversel.com\/fr\/wp-json\/wp\/v2\/pages\/2865\/revisions"}],"predecessor-version":[{"id":3346,"href":"https:\/\/www.codeuniversel.com\/fr\/wp-json\/wp\/v2\/pages\/2865\/revisions\/3346"}],"wp:attachment":[{"href":"https:\/\/www.codeuniversel.com\/fr\/wp-json\/wp\/v2\/media?parent=2865"}],"curies":[{"name":"wp","href":"https:\/\/api.w.org\/{rel}","templated":true}]}}