{"id":2869,"date":"2024-01-09T12:50:56","date_gmt":"2024-01-09T17:50:56","guid":{"rendered":"https:\/\/www.codeuniversel.com\/fr\/?page_id=2869"},"modified":"2025-06-10T17:44:04","modified_gmt":"2025-06-10T21:44:04","slug":"administration","status":"publish","type":"page","link":"https:\/\/www.codeuniversel.com\/fr\/a-propos\/administration\/","title":{"rendered":"Administration"},"content":{"rendered":"<p><div  class=\"fusion-fullwidth fullwidth-box nonhundred-percent-fullwidth\"  style='background-color: rgba(255,255,255,0);background-position: center center;background-repeat: no-repeat;padding-top:20px;padding-right:0px;padding-bottom:20px;padding-left:0px;'><div class=\"fusion-builder-row fusion-row \"><div  class=\"fusion-layout-column fusion_builder_column fusion_builder_column_1_1  fusion-one-full fusion-column-first fusion-column-last 1_1\"  style='margin-top:0px;margin-bottom:20px;'>\n\t\t\t<div class=\"fusion-column-wrapper\"  style=\"background-position:left top;background-repeat:no-repeat;-webkit-background-size:cover;-moz-background-size:cover;-o-background-size:cover;background-size:cover;\"  data-bg-url=\"\">\n\t\t\t\t<h1 style=\"color: #e10707;\"><strong>Une administration dans la poursuite de l&rsquo;excellence<\/strong><\/h1>\n<p>Une \u00e9quipe administrative dynamique issue de diff\u00e9rents domaines qui est derri\u00e8re le grand succ\u00e8s de <strong>CODE<\/strong>\u00a0<strong>UNIVERSEL<\/strong> dans la poursuite de sa mission d\u2019excellence.<\/p>\n<div class=\"accordian fusion-accordian\"><div class=\"panel-group\" id=\"accordion-2869-1\"><div class=\"fusion-panel panel-default\"><div class=\"panel-heading\"><h4 class=\"panel-title toggle\"><a data-toggle=\"collapse\" data-parent=\"#accordion-2869-1\" data-target=\"#1eb049f66a49aca1d\" href=\"#1eb049f66a49aca1d\"><div class=\"fusion-toggle-icon-wrapper\"><i class=\"fa-fusion-box\"><\/i><\/div><div class=\"fusion-toggle-heading\">CONSEIL D'ADMINISTRATION<\/div><\/a><\/h4><\/div><div id=\"1eb049f66a49aca1d\" class=\"panel-collapse collapse \"><div class=\"panel-body toggle-content\">\n<p>Les membres du\u00a0<strong>CONSEIL D\u2019ADMINISTRATION<\/strong>\u00a0s\u2019impliquent activement au sein de l\u2018organisation. Ils mettent \u00e0 contribution les ressources \u00e0 leur disposition afin de soutenir <strong>CODE UNIVERSEL<\/strong>, \u00e0 le faire briller dans la communaut\u00e9 et \u00e0 le faire rayonner sur la sc\u00e8ne nationale.<\/p>\n<p><strong>Marjorie B\u00e9langer (secr\u00e9taire)<\/strong> \u2013 Agente de secr\u00e9tariat, Universit\u00e9 Laval<br \/><strong>Fr\u00e9d\u00e9ric David (vice-pr\u00e9sident)<\/strong> \u2013 Conseiller en gestion \u00e9lectronique des documents \u2013 F\u00e9d\u00e9ration des caisses Desjardins<br \/><strong>Jude Gebkou (tr\u00e9sorier)<\/strong> \u2013 Cr\u00e9ateur num\u00e9rique \/ President chez CUIR Esthetica \/ Coach et Formateur chez History Makers Church<br \/><strong>Marcia Gendron (administratrice)<\/strong> \u2013 Direction des communications \u2013 Revenu Qu\u00e9bec<br \/><strong>Jocelyne L\u00e9pine (pr\u00e9sidente)<\/strong> \u2013 Professeure en musique et danse au primaire, maintenant \u00e0 la retraite<br \/><strong>Daniel Parent (administrateur)<\/strong> \u2013 Informatique de g\u00e9nie \u2013 DP_Consultant en TIC inc. \/ Directeur du scrutin \u00c9lections Canada, Circonscription de Beauport-Limoilou<br \/><strong>Robert V\u00e9zina (administrateur)<\/strong> \u2013 Professeur invit\u00e9 au D\u00e9partement de langues, linguistique et traduction, Universit\u00e9 Laval<br \/><strong>Daniel B\u00e9langer (administrateur d\u2019office)<\/strong> \u2013 Directeur g\u00e9n\u00e9ral et artistique de Code Universel<\/p>\n<\/div><\/div><\/div><div class=\"fusion-panel panel-default\"><div class=\"panel-heading\"><h4 class=\"panel-title toggle\"><a data-toggle=\"collapse\" data-parent=\"#accordion-2869-1\" data-target=\"#bf81ae5920726859e\" href=\"#bf81ae5920726859e\"><div class=\"fusion-toggle-icon-wrapper\"><i class=\"fa-fusion-box\"><\/i><\/div><div class=\"fusion-toggle-heading\">\u00c9QUIPE ADMINISTRATIVE <\/div><\/a><\/h4><\/div><div id=\"bf81ae5920726859e\" class=\"panel-collapse collapse \"><div class=\"panel-body toggle-content\"><strong><a href=\"mailto:info@codeuniversel.com\">Daniel B\u00e9langer<\/a><\/strong>, Direction artistique et g\u00e9n\u00e9ral<br \/>\n418.561.5957<\/p>\n<p><strong><a href=\"mailto:f.chabot@gestionfcdb.com\">Francine Chabot<\/a><\/strong>, Direction administrative de <a href=\"http:\/\/gestionfcdb.com\/\" target=\"_blank\" rel=\"noopener noreferrer\">Gestion FCDB<\/a><br \/>\n418.806.8349<\/p>\n<p><strong><a href=\"mailto:d.burns@gestionfcdb.com\">Daniel Burns<\/a><\/strong>, Comptabilit\u00e9 de <a href=\"http:\/\/gestionfcdb.com\/\" target=\"_blank\" rel=\"noopener noreferrer\">Gestion FCDB<\/a><br \/>\n418.265.8349<\/p>\n<p><strong><a href=\"mailto:direction.adjointe@codeuniversel.com\">Gretchen Gret<\/a><\/strong>, Charg\u00e9 de projet \u2013 Direction adjointe au projet <a href=\"https:\/\/www.codeuniversel.com\/fr\/mcc_60\/\" target=\"_blank\" rel=\"noopener\">Mcc_60+<\/a><br \/>\n418.561.5957<\/div><\/div><\/div><div class=\"fusion-panel panel-default\"><div class=\"panel-heading\"><h4 class=\"panel-title toggle\"><a data-toggle=\"collapse\" data-parent=\"#accordion-2869-1\" data-target=\"#afba70e724649f1d6\" href=\"#afba70e724649f1d6\"><div class=\"fusion-toggle-icon-wrapper\"><i class=\"fa-fusion-box\"><\/i><\/div><div class=\"fusion-toggle-heading\">COLLABORATEURS-EXPERTS<\/div><\/a><\/h4><\/div><div id=\"afba70e724649f1d6\" class=\"panel-collapse collapse \"><div class=\"panel-body toggle-content\">\n<p>Les <strong>COLLABORATEURS-EXPERTS <\/strong>mettent \u00e0 contribution leur expertise de fa\u00e7on ponctuelle afin de soutenir <strong>CODE UNIVERSEL<\/strong> \u00e0 l\u2019atteinte de ses objectifs. Ils agissent \u00e0 titre de conseillers externes ou accompagnent l\u2019organisme dans un processus d\u2019am\u00e9lioration continue.<\/p>\n<p><strong>Carol Cassistat<\/strong>\u2013 Directeur artistique et codirecteur g\u00e9n\u00e9ral du <a href=\"https:\/\/grosmecano.ca\/equipe\/equipe\/\" target=\"_blank\" rel=\"noopener\">Th\u00e9\u00e2tre du Gros M\u00e9cano<\/a><br \/>\n<strong>Yves C\u00f4t\u00e9<\/strong>\u2013 Conseiller en gestion, <a href=\"https:\/\/www.linkedin.com\/in\/yves-c%C3%B4t%C3%A9-b535b551\/?originalSubdomain=ca\">Yves C\u00f4t\u00e9 Strat\u00e9gies Conseils<\/a><br \/>\n<strong>Sarah Legendre-Bilodeau<\/strong>\u00a0\u2013 <a href=\"https:\/\/www.linkedin.com\/in\/sarah-legendre-bilodeau-443b2a17\/\">Cofondatrice de Videns Analytiques<\/a>, Charg\u00e9e de cours aux HEC<br \/>\n<strong>Jean Blanchet<\/strong>\u00a0\u2013 Conseiller principal de Tholos Conseils, firme de conseillers en gestion des organisations<\/p>\n<\/div><\/div><\/div><div class=\"fusion-panel panel-default\"><div class=\"panel-heading\"><h4 class=\"panel-title toggle\"><a data-toggle=\"collapse\" data-parent=\"#accordion-2869-1\" data-target=\"#97e3c04fe9a77cf14\" href=\"#97e3c04fe9a77cf14\"><div class=\"fusion-toggle-icon-wrapper\"><i class=\"fa-fusion-box\"><\/i><\/div><div class=\"fusion-toggle-heading\">EMPLOI ACTUEL<\/div><\/a><\/h4><\/div><div id=\"97e3c04fe9a77cf14\" class=\"panel-collapse collapse \"><div class=\"panel-body toggle-content\">\n<h2><strong>Vous \u00eates interpel\u00e9s par notre mission et nos valeurs<br \/>\n<\/strong><\/h2>\n<h3><strong>TRAVAILLEZ AVEC CODE UNIVERSEL<\/strong><\/h3>\n<h3><strong>EMPLOI ACTUEL : <a href=\"https:\/\/www.codeuniversel.com\/fr\/0-offre-demploi_codeuniversel_communication\/\" target=\"_blank\" rel=\"noopener noreferrer\">RESPONSABLE DES COMMUNICATIONS \/ GESTION DE PROJET<\/a><\/strong><\/h3>\n<p>Dans les coulisses, nos \u00e9quipes se composent de charg\u00e9.es de projets, de relationnistes, d&rsquo;animateurs.rices de r\u00e9seaux num\u00e9riques, de chercheurs.ses, etc., qui d\u00e9ploient leurs \u00e9nergies afin de cr\u00e9er des projets qui divertissent les publics les plus \u00e9loign\u00e9s de la culture et qui surtout questionnent principalement la notion de repr\u00e9sentation.<\/p>\n<p>Faites parvenir une lettre de pr\u00e9sentation et un curriculum vitae en tout temps \u00e0 l\u2019attention de Daniel B\u00e9langer \u00e0 <a href=\"mailto:info@codeuniversel.com\">info@codeuniversel.com<\/a>. Nous encourageons \u00e9galement les travailleurs et travailleuses culturels issus.es de la diversit\u00e9 (autochtones, personnes multiculturelles, LGBTQ+), \u00e0 pr\u00e9senter leur candidature.<\/p>\n<p><a href=\"https:\/\/www.codeuniversel.com\/fr\/0-offre-demploi_codeuniversel_communication\/\" target=\"_blank\" rel=\"noopener noreferrer\">J&rsquo;APPLIQUE<\/a><\/p>\n<\/div><\/div><\/div><\/div><\/div><div class=\"fusion-clearfix\"><\/div>\n\t\t\t<\/div>\n\t\t<\/div><\/div><\/div><div  class=\"fusion-fullwidth fullwidth-box nonhundred-percent-fullwidth\"  style='background-color: rgba(255,255,255,0);background-position: center center;background-repeat: no-repeat;padding-top:20px;padding-right:0px;padding-bottom:20px;padding-left:0px;'><div class=\"fusion-builder-row fusion-row \"><div  class=\"fusion-layout-column fusion_builder_column fusion_builder_column_1_1  fusion-one-full fusion-column-first fusion-column-last 1_1\"  style='margin-top:0px;margin-bottom:20px;'>\n\t\t\t<div class=\"fusion-column-wrapper\"  style=\"background-position:left top;background-repeat:no-repeat;-webkit-background-size:cover;-moz-background-size:cover;-o-background-size:cover;background-size:cover;\"  data-bg-url=\"\">\n\t\t\t\t<span class=\"fusion-imageframe imageframe-none imageframe-1 hover-type-none\"><img decoding=\"async\" src=\"https:\/\/www.codeuniversel.com\/fr\/wp-content\/uploads\/2020\/11\/OptometristeSmall-1.jpg\" width=\"\" height=\"\" alt=\"\" title=\"\" class=\"img-responsive\"\/><\/span><div class=\"fusion-clearfix\"><\/div>\n\t\t\t<\/div>\n\t\t<\/div><\/div><\/div><\/p>\n","protected":false},"excerpt":{"rendered":"","protected":false},"author":4,"featured_media":0,"parent":1488,"menu_order":0,"comment_status":"closed","ping_status":"closed","template":"","meta":{"_monsterinsights_skip_tracking":false,"_monsterinsights_sitenote_active":false,"_monsterinsights_sitenote_note":"","_monsterinsights_sitenote_category":0,"footnotes":""},"class_list":["post-2869","page","type-page","status-publish","hentry"],"yoast_head":"<!-- This site is optimized with the Yoast SEO plugin v24.9 - https:\/\/yoast.com\/wordpress\/plugins\/seo\/ -->\n<title>Administration - Code Universel<\/title>\n<meta name=\"robots\" content=\"index, follow, max-snippet:-1, max-image-preview:large, max-video-preview:-1\" \/>\n<link rel=\"canonical\" href=\"https:\/\/www.codeuniversel.com\/fr\/a-propos\/administration\/\" \/>\n<meta property=\"og:locale\" content=\"fr_FR\" \/>\n<meta property=\"og:type\" content=\"article\" \/>\n<meta property=\"og:title\" content=\"Administration - Code Universel\" \/>\n<meta property=\"og:url\" content=\"https:\/\/www.codeuniversel.com\/fr\/a-propos\/administration\/\" \/>\n<meta property=\"og:site_name\" content=\"Code Universel\" \/>\n<meta property=\"article:modified_time\" content=\"2025-06-10T21:44:04+00:00\" \/>\n<meta name=\"twitter:card\" content=\"summary_large_image\" \/>\n<meta name=\"twitter:label1\" content=\"Dur\u00e9e de lecture estim\u00e9e\" \/>\n\t<meta name=\"twitter:data1\" content=\"3 minutes\" \/>\n<script type=\"application\/ld+json\" class=\"yoast-schema-graph\">{\"@context\":\"https:\/\/schema.org\",\"@graph\":[{\"@type\":\"WebPage\",\"@id\":\"https:\/\/www.codeuniversel.com\/fr\/a-propos\/administration\/\",\"url\":\"https:\/\/www.codeuniversel.com\/fr\/a-propos\/administration\/\",\"name\":\"Administration - Code Universel\",\"isPartOf\":{\"@id\":\"https:\/\/www.codeuniversel.com\/fr\/#website\"},\"datePublished\":\"2024-01-09T17:50:56+00:00\",\"dateModified\":\"2025-06-10T21:44:04+00:00\",\"breadcrumb\":{\"@id\":\"https:\/\/www.codeuniversel.com\/fr\/a-propos\/administration\/#breadcrumb\"},\"inLanguage\":\"fr-FR\",\"potentialAction\":[{\"@type\":\"ReadAction\",\"target\":[\"https:\/\/www.codeuniversel.com\/fr\/a-propos\/administration\/\"]}]},{\"@type\":\"BreadcrumbList\",\"@id\":\"https:\/\/www.codeuniversel.com\/fr\/a-propos\/administration\/#breadcrumb\",\"itemListElement\":[{\"@type\":\"ListItem\",\"position\":1,\"name\":\"Accueil\",\"item\":\"https:\/\/www.codeuniversel.com\/fr\/\"},{\"@type\":\"ListItem\",\"position\":2,\"name\":\"\u00c0 propos\",\"item\":\"https:\/\/www.codeuniversel.com\/fr\/a-propos\/\"},{\"@type\":\"ListItem\",\"position\":3,\"name\":\"Administration\"}]},{\"@type\":\"WebSite\",\"@id\":\"https:\/\/www.codeuniversel.com\/fr\/#website\",\"url\":\"https:\/\/www.codeuniversel.com\/fr\/\",\"name\":\"Code Universel\",\"description\":\"\",\"potentialAction\":[{\"@type\":\"SearchAction\",\"target\":{\"@type\":\"EntryPoint\",\"urlTemplate\":\"https:\/\/www.codeuniversel.com\/fr\/?s={search_term_string}\"},\"query-input\":{\"@type\":\"PropertyValueSpecification\",\"valueRequired\":true,\"valueName\":\"search_term_string\"}}],\"inLanguage\":\"fr-FR\"}]}<\/script>\n<!-- \/ Yoast SEO plugin. -->","yoast_head_json":{"title":"Administration - Code Universel","robots":{"index":"index","follow":"follow","max-snippet":"max-snippet:-1","max-image-preview":"max-image-preview:large","max-video-preview":"max-video-preview:-1"},"canonical":"https:\/\/www.codeuniversel.com\/fr\/a-propos\/administration\/","og_locale":"fr_FR","og_type":"article","og_title":"Administration - Code Universel","og_url":"https:\/\/www.codeuniversel.com\/fr\/a-propos\/administration\/","og_site_name":"Code Universel","article_modified_time":"2025-06-10T21:44:04+00:00","twitter_card":"summary_large_image","twitter_misc":{"Dur\u00e9e de lecture estim\u00e9e":"3 minutes"},"schema":{"@context":"https:\/\/schema.org","@graph":[{"@type":"WebPage","@id":"https:\/\/www.codeuniversel.com\/fr\/a-propos\/administration\/","url":"https:\/\/www.codeuniversel.com\/fr\/a-propos\/administration\/","name":"Administration - Code Universel","isPartOf":{"@id":"https:\/\/www.codeuniversel.com\/fr\/#website"},"datePublished":"2024-01-09T17:50:56+00:00","dateModified":"2025-06-10T21:44:04+00:00","breadcrumb":{"@id":"https:\/\/www.codeuniversel.com\/fr\/a-propos\/administration\/#breadcrumb"},"inLanguage":"fr-FR","potentialAction":[{"@type":"ReadAction","target":["https:\/\/www.codeuniversel.com\/fr\/a-propos\/administration\/"]}]},{"@type":"BreadcrumbList","@id":"https:\/\/www.codeuniversel.com\/fr\/a-propos\/administration\/#breadcrumb","itemListElement":[{"@type":"ListItem","position":1,"name":"Accueil","item":"https:\/\/www.codeuniversel.com\/fr\/"},{"@type":"ListItem","position":2,"name":"\u00c0 propos","item":"https:\/\/www.codeuniversel.com\/fr\/a-propos\/"},{"@type":"ListItem","position":3,"name":"Administration"}]},{"@type":"WebSite","@id":"https:\/\/www.codeuniversel.com\/fr\/#website","url":"https:\/\/www.codeuniversel.com\/fr\/","name":"Code Universel","description":"","potentialAction":[{"@type":"SearchAction","target":{"@type":"EntryPoint","urlTemplate":"https:\/\/www.codeuniversel.com\/fr\/?s={search_term_string}"},"query-input":{"@type":"PropertyValueSpecification","valueRequired":true,"valueName":"search_term_string"}}],"inLanguage":"fr-FR"}]}},"_links":{"self":[{"href":"https:\/\/www.codeuniversel.com\/fr\/wp-json\/wp\/v2\/pages\/2869","targetHints":{"allow":["GET"]}}],"collection":[{"href":"https:\/\/www.codeuniversel.com\/fr\/wp-json\/wp\/v2\/pages"}],"about":[{"href":"https:\/\/www.codeuniversel.com\/fr\/wp-json\/wp\/v2\/types\/page"}],"author":[{"embeddable":true,"href":"https:\/\/www.codeuniversel.com\/fr\/wp-json\/wp\/v2\/users\/4"}],"replies":[{"embeddable":true,"href":"https:\/\/www.codeuniversel.com\/fr\/wp-json\/wp\/v2\/comments?post=2869"}],"version-history":[{"count":59,"href":"https:\/\/www.codeuniversel.com\/fr\/wp-json\/wp\/v2\/pages\/2869\/revisions"}],"predecessor-version":[{"id":3782,"href":"https:\/\/www.codeuniversel.com\/fr\/wp-json\/wp\/v2\/pages\/2869\/revisions\/3782"}],"up":[{"embeddable":true,"href":"https:\/\/www.codeuniversel.com\/fr\/wp-json\/wp\/v2\/pages\/1488"}],"wp:attachment":[{"href":"https:\/\/www.codeuniversel.com\/fr\/wp-json\/wp\/v2\/media?parent=2869"}],"curies":[{"name":"wp","href":"https:\/\/api.w.org\/{rel}","templated":true}]}}