{"id":2882,"date":"2021-07-20T14:15:30","date_gmt":"2021-07-20T18:15:30","guid":{"rendered":"https:\/\/www.codeuniversel.com\/fr\/?page_id=2882"},"modified":"2025-06-10T16:35:21","modified_gmt":"2025-06-10T20:35:21","slug":"emplois","status":"publish","type":"page","link":"https:\/\/www.codeuniversel.com\/fr\/a-propos\/emplois\/","title":{"rendered":"Emplois disponibles"},"content":{"rendered":"<p><div  class=\"fusion-fullwidth fullwidth-box nonhundred-percent-fullwidth\"  style='background-color: rgba(255,255,255,0);background-position: center center;background-repeat: no-repeat;padding-top:20px;padding-right:0px;padding-bottom:20px;padding-left:0px;'><div class=\"fusion-builder-row fusion-row \"><div  class=\"fusion-layout-column fusion_builder_column fusion_builder_column_1_1  fusion-one-full fusion-column-first fusion-column-last 1_1\"  style='margin-top:0px;margin-bottom:20px;'>\n\t\t\t<div class=\"fusion-column-wrapper\"  style=\"background-position:left top;background-repeat:no-repeat;-webkit-background-size:cover;-moz-background-size:cover;-o-background-size:cover;background-size:cover;\"  data-bg-url=\"\">\n\t\t\t\t<h1><span style=\"color: #e10707;\">Vous souhaitez vivre une exp\u00e9rience collaborative et inclusive&#8230;<\/span><\/h1>\n<p>Emploi actuel : <a href=\"https:\/\/www.codeuniversel.com\/fr\/wp-content\/uploads\/2025\/06\/OFFRE-DEMPLOI-DE\u0301TE\u0301-2025_Code_Universel.pdf\">RESPONSABLE DES COMMUNICATIONS \/ GESTION DE PROJET<\/a><br \/>\nJ&rsquo;APPLIQUE<\/p>\n<div class=\"accordian fusion-accordian\"><div class=\"panel-group\" id=\"accordion-2882-1\"><div class=\"fusion-panel panel-default\"><div class=\"panel-heading\"><h4 class=\"panel-title toggle\"><a data-toggle=\"collapse\" data-parent=\"#accordion-2882-1\" data-target=\"#811f7445e81850e9a\" href=\"#811f7445e81850e9a\"><div class=\"fusion-toggle-icon-wrapper\"><i class=\"fa-fusion-box\"><\/i><\/div><div class=\"fusion-toggle-heading\">DANS DES PROJETS MULTIDISCIPLINAIRES<\/div><\/a><\/h4><\/div><div id=\"811f7445e81850e9a\" class=\"panel-collapse collapse \"><div class=\"panel-body toggle-content\">\n<p><span style=\"font-weight: 400;\">Chez Code Universel, nous privil\u00e9gions des projets issus d\u2019une approche collaborative et multidisciplinaires. Pourquoi? La raison est fort simple\u00a0: c\u2019est pour cr\u00e9er des exp\u00e9riences artistiques de rencontre entre le public et l\u2019art. Et c\u2019est avec notre approche ouverte et inclusive que nous rejoignons diff\u00e9rents publics en leur offrant des possibilit\u00e9s d\u2019y participer de diff\u00e9rentes fa\u00e7ons.<\/span><\/p>\n<p>Nous sommes \u00e9galement \u00e0 l\u2019aff\u00fbt de possibilit\u00e9s de coproduction et de collaboration\u00a0 avec les artistes, les personnes oeuvrant dans le milieu des arts et de la culture ainsi que ceux et celles qui souhaitent le faire. Ces partenariats et ces partenaires se sont toujours av\u00e9r\u00e9s des plus inspirants et des plus innovants.<\/p>\n<\/div><\/div><\/div><div class=\"fusion-panel panel-default\"><div class=\"panel-heading\"><h4 class=\"panel-title toggle\"><a data-toggle=\"collapse\" data-parent=\"#accordion-2882-1\" data-target=\"#f38f113aba5c3bd69\" href=\"#f38f113aba5c3bd69\"><div class=\"fusion-toggle-icon-wrapper\"><i class=\"fa-fusion-box\"><\/i><\/div><div class=\"fusion-toggle-heading\">NOUS SOMMES \u00c0 LA RECHERCHE DE<\/div><\/a><\/h4><\/div><div id=\"f38f113aba5c3bd69\" class=\"panel-collapse collapse \"><div class=\"panel-body toggle-content\">\n<ul>\n<li style=\"font-weight: 400;\"><span style=\"font-weight: 400;\">d\u2019artistes et artisans de diff\u00e9rents domaines (arts de la sc\u00e8ne, arts visuels et m\u00e9tiers d\u2019arts);<\/span><\/li>\n<li style=\"font-weight: 400;\"><span style=\"font-weight: 400;\">d\u2019expertise conception et techniques de sc\u00e8ne;<\/span><\/li>\n<li style=\"font-weight: 400;\"><span style=\"font-weight: 400;\">de chercheur.e.s dans des domaines vari\u00e9es (arts, sant\u00e9 et bien \u00eatre, anthropologie, etc\u2026)<\/span><\/li>\n<li style=\"font-weight: 400;\"><span style=\"font-weight: 400;\">de citoyen.ne.s et de b\u00e9n\u00e9voles ayant la passion pour les arts et la culture.\u00a0<\/span><\/li>\n<\/ul>\n<\/div><\/div><\/div><div class=\"fusion-panel panel-default\"><div class=\"panel-heading\"><h4 class=\"panel-title toggle\"><a data-toggle=\"collapse\" data-parent=\"#accordion-2882-1\" data-target=\"#1215fed9e479529f4\" href=\"#1215fed9e479529f4\"><div class=\"fusion-toggle-icon-wrapper\"><i class=\"fa-fusion-box\"><\/i><\/div><div class=\"fusion-toggle-heading\">VOUS \u00caTES INT\u00c9RESS\u00c9.E.S ?<\/div><\/a><\/h4><\/div><div id=\"1215fed9e479529f4\" class=\"panel-collapse collapse \"><div class=\"panel-body toggle-content\">Si c\u2019est le cas, <strong>manifestez-vous et joignez-vous \u00e0 notre \u00e9quipe\u00a0!<\/strong> Surtout, faites-nous parvenir votre cv \u00e0 l\u2019adresse courriel\u00a0<a href=\"mailto:info@codeuniversel.com\">info@codeuniversel.com<\/a>\u00a0ou t\u00e9l\u00e9phonez-nous au 418 561-5957. Il nous fera grand plaisir de r\u00e9pondre \u00e0 vos questions.<\/div><\/div><\/div><\/div><\/div><div class=\"fusion-clearfix\"><\/div>\n\t\t\t<\/div>\n\t\t<\/div><\/div><\/div><div  class=\"fusion-fullwidth fullwidth-box nonhundred-percent-fullwidth\"  style='background-color: rgba(255,255,255,0);background-position: center center;background-repeat: no-repeat;padding-top:20px;padding-right:0px;padding-bottom:20px;padding-left:0px;'><div class=\"fusion-builder-row fusion-row \"><div  class=\"fusion-layout-column fusion_builder_column fusion_builder_column_1_1  fusion-one-full fusion-column-first fusion-column-last 1_1\"  style='margin-top:0px;margin-bottom:20px;'>\n\t\t\t<div class=\"fusion-column-wrapper\"  style=\"background-position:left top;background-repeat:no-repeat;-webkit-background-size:cover;-moz-background-size:cover;-o-background-size:cover;background-size:cover;\"  data-bg-url=\"\">\n\t\t\t\t<span class=\"fusion-imageframe imageframe-none imageframe-1 hover-type-none\"><img decoding=\"async\" src=\"https:\/\/www.codeuniversel.com\/fr\/wp-content\/uploads\/2020\/12\/diffuseurs-crop.jpg\" width=\"\" height=\"\" alt=\"\" title=\"\" class=\"img-responsive\"\/><\/span><div class=\"fusion-clearfix\"><\/div>\n\t\t\t<\/div>\n\t\t<\/div><\/div><\/div><\/p>\n","protected":false},"excerpt":{"rendered":"","protected":false},"author":4,"featured_media":0,"parent":1488,"menu_order":4,"comment_status":"closed","ping_status":"closed","template":"","meta":{"_monsterinsights_skip_tracking":false,"_monsterinsights_sitenote_active":false,"_monsterinsights_sitenote_note":"","_monsterinsights_sitenote_category":0,"footnotes":""},"class_list":["post-2882","page","type-page","status-publish","hentry"],"yoast_head":"<!-- This site is optimized with the Yoast SEO plugin v24.9 - https:\/\/yoast.com\/wordpress\/plugins\/seo\/ -->\n<title>Emplois disponibles - Code Universel<\/title>\n<meta name=\"robots\" content=\"index, follow, max-snippet:-1, max-image-preview:large, max-video-preview:-1\" \/>\n<link rel=\"canonical\" href=\"https:\/\/www.codeuniversel.com\/fr\/a-propos\/emplois\/\" \/>\n<meta property=\"og:locale\" content=\"fr_FR\" \/>\n<meta property=\"og:type\" content=\"article\" \/>\n<meta property=\"og:title\" content=\"Emplois disponibles - Code Universel\" \/>\n<meta property=\"og:url\" content=\"https:\/\/www.codeuniversel.com\/fr\/a-propos\/emplois\/\" \/>\n<meta property=\"og:site_name\" content=\"Code Universel\" \/>\n<meta property=\"article:modified_time\" content=\"2025-06-10T20:35:21+00:00\" \/>\n<meta name=\"twitter:card\" content=\"summary_large_image\" \/>\n<meta name=\"twitter:label1\" content=\"Dur\u00e9e de lecture estim\u00e9e\" \/>\n\t<meta name=\"twitter:data1\" content=\"2 minutes\" \/>\n<script type=\"application\/ld+json\" class=\"yoast-schema-graph\">{\"@context\":\"https:\/\/schema.org\",\"@graph\":[{\"@type\":\"WebPage\",\"@id\":\"https:\/\/www.codeuniversel.com\/fr\/a-propos\/emplois\/\",\"url\":\"https:\/\/www.codeuniversel.com\/fr\/a-propos\/emplois\/\",\"name\":\"Emplois disponibles - Code Universel\",\"isPartOf\":{\"@id\":\"https:\/\/www.codeuniversel.com\/fr\/#website\"},\"datePublished\":\"2021-07-20T18:15:30+00:00\",\"dateModified\":\"2025-06-10T20:35:21+00:00\",\"breadcrumb\":{\"@id\":\"https:\/\/www.codeuniversel.com\/fr\/a-propos\/emplois\/#breadcrumb\"},\"inLanguage\":\"fr-FR\",\"potentialAction\":[{\"@type\":\"ReadAction\",\"target\":[\"https:\/\/www.codeuniversel.com\/fr\/a-propos\/emplois\/\"]}]},{\"@type\":\"BreadcrumbList\",\"@id\":\"https:\/\/www.codeuniversel.com\/fr\/a-propos\/emplois\/#breadcrumb\",\"itemListElement\":[{\"@type\":\"ListItem\",\"position\":1,\"name\":\"Accueil\",\"item\":\"https:\/\/www.codeuniversel.com\/fr\/\"},{\"@type\":\"ListItem\",\"position\":2,\"name\":\"\u00c0 propos\",\"item\":\"https:\/\/www.codeuniversel.com\/fr\/a-propos\/\"},{\"@type\":\"ListItem\",\"position\":3,\"name\":\"Emplois disponibles\"}]},{\"@type\":\"WebSite\",\"@id\":\"https:\/\/www.codeuniversel.com\/fr\/#website\",\"url\":\"https:\/\/www.codeuniversel.com\/fr\/\",\"name\":\"Code Universel\",\"description\":\"\",\"potentialAction\":[{\"@type\":\"SearchAction\",\"target\":{\"@type\":\"EntryPoint\",\"urlTemplate\":\"https:\/\/www.codeuniversel.com\/fr\/?s={search_term_string}\"},\"query-input\":{\"@type\":\"PropertyValueSpecification\",\"valueRequired\":true,\"valueName\":\"search_term_string\"}}],\"inLanguage\":\"fr-FR\"}]}<\/script>\n<!-- \/ Yoast SEO plugin. -->","yoast_head_json":{"title":"Emplois disponibles - Code Universel","robots":{"index":"index","follow":"follow","max-snippet":"max-snippet:-1","max-image-preview":"max-image-preview:large","max-video-preview":"max-video-preview:-1"},"canonical":"https:\/\/www.codeuniversel.com\/fr\/a-propos\/emplois\/","og_locale":"fr_FR","og_type":"article","og_title":"Emplois disponibles - Code Universel","og_url":"https:\/\/www.codeuniversel.com\/fr\/a-propos\/emplois\/","og_site_name":"Code Universel","article_modified_time":"2025-06-10T20:35:21+00:00","twitter_card":"summary_large_image","twitter_misc":{"Dur\u00e9e de lecture estim\u00e9e":"2 minutes"},"schema":{"@context":"https:\/\/schema.org","@graph":[{"@type":"WebPage","@id":"https:\/\/www.codeuniversel.com\/fr\/a-propos\/emplois\/","url":"https:\/\/www.codeuniversel.com\/fr\/a-propos\/emplois\/","name":"Emplois disponibles - Code Universel","isPartOf":{"@id":"https:\/\/www.codeuniversel.com\/fr\/#website"},"datePublished":"2021-07-20T18:15:30+00:00","dateModified":"2025-06-10T20:35:21+00:00","breadcrumb":{"@id":"https:\/\/www.codeuniversel.com\/fr\/a-propos\/emplois\/#breadcrumb"},"inLanguage":"fr-FR","potentialAction":[{"@type":"ReadAction","target":["https:\/\/www.codeuniversel.com\/fr\/a-propos\/emplois\/"]}]},{"@type":"BreadcrumbList","@id":"https:\/\/www.codeuniversel.com\/fr\/a-propos\/emplois\/#breadcrumb","itemListElement":[{"@type":"ListItem","position":1,"name":"Accueil","item":"https:\/\/www.codeuniversel.com\/fr\/"},{"@type":"ListItem","position":2,"name":"\u00c0 propos","item":"https:\/\/www.codeuniversel.com\/fr\/a-propos\/"},{"@type":"ListItem","position":3,"name":"Emplois disponibles"}]},{"@type":"WebSite","@id":"https:\/\/www.codeuniversel.com\/fr\/#website","url":"https:\/\/www.codeuniversel.com\/fr\/","name":"Code Universel","description":"","potentialAction":[{"@type":"SearchAction","target":{"@type":"EntryPoint","urlTemplate":"https:\/\/www.codeuniversel.com\/fr\/?s={search_term_string}"},"query-input":{"@type":"PropertyValueSpecification","valueRequired":true,"valueName":"search_term_string"}}],"inLanguage":"fr-FR"}]}},"_links":{"self":[{"href":"https:\/\/www.codeuniversel.com\/fr\/wp-json\/wp\/v2\/pages\/2882","targetHints":{"allow":["GET"]}}],"collection":[{"href":"https:\/\/www.codeuniversel.com\/fr\/wp-json\/wp\/v2\/pages"}],"about":[{"href":"https:\/\/www.codeuniversel.com\/fr\/wp-json\/wp\/v2\/types\/page"}],"author":[{"embeddable":true,"href":"https:\/\/www.codeuniversel.com\/fr\/wp-json\/wp\/v2\/users\/4"}],"replies":[{"embeddable":true,"href":"https:\/\/www.codeuniversel.com\/fr\/wp-json\/wp\/v2\/comments?post=2882"}],"version-history":[{"count":14,"href":"https:\/\/www.codeuniversel.com\/fr\/wp-json\/wp\/v2\/pages\/2882\/revisions"}],"predecessor-version":[{"id":3780,"href":"https:\/\/www.codeuniversel.com\/fr\/wp-json\/wp\/v2\/pages\/2882\/revisions\/3780"}],"up":[{"embeddable":true,"href":"https:\/\/www.codeuniversel.com\/fr\/wp-json\/wp\/v2\/pages\/1488"}],"wp:attachment":[{"href":"https:\/\/www.codeuniversel.com\/fr\/wp-json\/wp\/v2\/media?parent=2882"}],"curies":[{"name":"wp","href":"https:\/\/api.w.org\/{rel}","templated":true}]}}