{"id":3246,"date":"2021-10-04T22:12:01","date_gmt":"2021-10-05T02:12:01","guid":{"rendered":"https:\/\/www.codeuniversel.com\/fr\/?page_id=3246"},"modified":"2026-04-23T15:49:01","modified_gmt":"2026-04-23T19:49:01","slug":"implication","status":"publish","type":"page","link":"https:\/\/www.codeuniversel.com\/fr\/a-propos\/implication\/","title":{"rendered":"Implication"},"content":{"rendered":"<div  class=\"fusion-fullwidth fullwidth-box nonhundred-percent-fullwidth\"  style='background-color: rgba(255,255,255,0);background-position: center center;background-repeat: no-repeat;padding-top:20px;padding-right:0px;padding-bottom:20px;padding-left:0px;'><div class=\"fusion-builder-row fusion-row \"><div  class=\"fusion-layout-column fusion_builder_column fusion_builder_column_1_1  fusion-one-full fusion-column-first fusion-column-last 1_1\"  style='margin-top:0px;margin-bottom:20px;'>\n\t\t\t<div class=\"fusion-column-wrapper\"  style=\"background-position:left top;background-repeat:no-repeat;-webkit-background-size:cover;-moz-background-size:cover;-o-background-size:cover;background-size:cover;\"  data-bg-url=\"\">\n\t\t\t\t<h1 style=\"color: #e10707;\"><strong>Appel \u00e0 b\u00e9n\u00e9vole<br \/>\n<\/strong><\/h1>\n<div class=\"fusion-clearfix\"><\/div>\n\t\t\t<\/div>\n\t\t<\/div><div  class=\"fusion-layout-column fusion_builder_column fusion_builder_column_1_2  fusion-one-half fusion-column-first 1_2\"  style='margin-top:0px;margin-bottom:20px;width:50%;width:calc(50% - ( ( 4% ) * 0.5 ) );margin-right: 4%;'>\n\t\t\t<div class=\"fusion-column-wrapper\"  style=\"background-position:left top;background-repeat:no-repeat;-webkit-background-size:cover;-moz-background-size:cover;-o-background-size:cover;background-size:cover;\"  data-bg-url=\"\">\n\t\t\t\t<div id=\"output\" class=\"page-generator__output js-generator-output\">\n<p><em style=\"font-size: 21px;\"><a href=\"https:\/\/forms.gle\/yWr9g3UzFJPPm2Ff8\" target=\"_blank\" rel=\"noopener noreferrer\">DEVENIR B\u00c9N\u00c9VOLE AVEC NOUS<\/a><\/em><\/p>\n<div style=\"text-align: justify;\">\n<h3><span style=\"color: #e10707;\">C\u2019est nous aider \u00e0 rendre l\u2019art accessible \u00e0 tous !<\/span><\/h3>\n<p>Code Universel ne pourrait pas exister sans l&rsquo;implication volontaire des nombreux b\u00e9n\u00e9voles qui se joigne \u00e0 notre \u00e9quipe.<\/p>\n<p>L&rsquo;\u00e9quipe de b\u00e9n\u00e9voles est essentielle \u00e0 la r\u00e9alisation de notre mission. C\u2019est pourquoi c\u2019est une pi\u00e8ce ma\u00eetresse de l&rsquo;organisation. C&rsquo;est l&rsquo;occasion d&rsquo;\u00eatre au c\u0153ur des projets de Code Universel, de voir l&rsquo;envers du d\u00e9cor et de partager des moments privil\u00e9gi\u00e9s avec les artistes et le public. \u00catre b\u00e9n\u00e9vole, c&rsquo;est s&rsquo;engager aupr\u00e8s d&rsquo;un organisme unique dans votre r\u00e9gion.<\/p>\n<p>Si vous avez un talent en particulier ou l&rsquo;envie d&rsquo;apprendre, si vous \u00eates passionn\u00e9s par le spectacle vivant et convaincus de son importance dans l&rsquo;espace public, alors n\u2019h\u00e9sitez plus \u00e0 nous contacter !<\/p>\n<p>Pour vous inscrire, rien de plus simple, il vous suffit de remplir le formulaire en ligne :<\/p>\n<p><strong><a href=\"https:\/\/forms.gle\/yWr9g3UzFJPPm2Ff8\" target=\"_blank\" rel=\"noopener noreferrer\">JE M\u2019INSCRIS !<\/a><\/strong><\/p>\n<\/div>\n<\/div>\n<div id=\"output\" class=\"page-generator__output js-generator-output\">\n<h4><\/h4>\n<h4>Des questions ? On vous r\u00e9pond :<\/h4>\n<p><span style=\"font-weight: 400;\"><a href=\"mailto:direction.adjointe@codeuniversel.com\">direction.adjointe@codeuniversel.com<\/a> \/ 418.561.5957.<\/span><\/p>\n<\/div>\n<hr \/>\n<p>&nbsp;<\/p>\n<div class=\"fusion-button-wrapper fusion-alignleft\"><style type=\"text\/css\" scoped=\"scoped\">.fusion-button.button-1 .fusion-button-text, .fusion-button.button-1 i {color:#ffffff;}.fusion-button.button-1 {border-width:0px;border-color:#ffffff;}.fusion-button.button-1 .fusion-button-icon-divider{border-color:#ffffff;}.fusion-button.button-1:hover .fusion-button-text, .fusion-button.button-1:hover i,.fusion-button.button-1:focus .fusion-button-text, .fusion-button.button-1:focus i,.fusion-button.button-1:active .fusion-button-text, .fusion-button.button-1:active{color:#ffffff;}.fusion-button.button-1:hover, .fusion-button.button-1:focus, .fusion-button.button-1:active{border-width:0px;border-color:#ffffff;}.fusion-button.button-1:hover .fusion-button-icon-divider, .fusion-button.button-1:hover .fusion-button-icon-divider, .fusion-button.button-1:active .fusion-button-icon-divider{border-color:#ffffff;}.fusion-button.button-1{width:auto;}<\/style><a class=\"fusion-button button-flat button-round button-large button-default button-1\" target=\"_self\" href=\"https:\/\/forms.gle\/tWzDjd5MJvbfLqez9\"><span class=\"fusion-button-text\">DEVENIR B\u00c9N\u00c9VOLE AVEC NOUS<\/span><\/a><\/div><div class=\"fusion-clearfix\"><\/div>\n\t\t\t<\/div>\n\t\t<\/div><div  class=\"fusion-layout-column fusion_builder_column fusion_builder_column_1_2  fusion-one-half fusion-column-last 1_2\"  style='margin-top:0px;margin-bottom:20px;width:50%;width:calc(50% - ( ( 4% ) * 0.5 ) );'>\n\t\t\t<div class=\"fusion-column-wrapper\"  style=\"background-position:left top;background-repeat:no-repeat;-webkit-background-size:cover;-moz-background-size:cover;-o-background-size:cover;background-size:cover;\"  data-bg-url=\"\">\n\t\t\t\t<div class=\"imageframe-align-center\"><span style=\"-moz-box-shadow: 2px 3px 7px rgba(0,0,0,.3);-webkit-box-shadow: 2px 3px 7px rgba(0,0,0,.3);box-shadow: 2px 3px 7px rgba(0,0,0,.3);\" class=\"fusion-imageframe imageframe-dropshadow imageframe-1 hover-type-none\"><img decoding=\"async\" src=\"https:\/\/www.codeuniversel.com\/fr\/wp-content\/uploads\/2016\/10\/ML_8734-e1479934359812.jpg\" width=\"\" height=\"\" alt=\"\" title=\"\" class=\"img-responsive\"\/><\/span><\/div><div id=\"output\" class=\"page-generator__output js-generator-output\">\n<h4><\/h4>\n<h4>AVANTAGES OFFERTS AUX B\u00c9N\u00c9VOLES<\/h4>\n<p><span style=\"font-weight: 400;\">En \u00e9change, Code Universel vous offre\u2026<\/span><\/p>\n<ul>\n<li><span style=\"font-weight: 400;\">Une lettre de recommandation ;<\/span><\/li>\n<li><span style=\"font-weight: 400;\">Une invitation \u00e0 une soir\u00e9e de r\u00e9seautage en pr\u00e9sence des artistes et des personnalit\u00e9s du milieu culturel ;<\/span><\/li>\n<li><span style=\"font-weight: 400;\">Un encadrement par des professionnels des arts et de la culture ;<\/span><\/li>\n<li><span style=\"font-weight: 400;\">Une soir\u00e9e de remerciement annuelle ;<\/span><\/li>\n<li><span style=\"font-weight: 400;\">Des moments conviviaux avec notre \u00e9quipe !<\/span><\/li>\n<\/ul>\n<\/div>\n<div class=\"fusion-clearfix\"><\/div>\n\t\t\t<\/div>\n\t\t<\/div><\/div><\/div>\n","protected":false},"excerpt":{"rendered":"","protected":false},"author":4,"featured_media":0,"parent":1488,"menu_order":5,"comment_status":"closed","ping_status":"closed","template":"","meta":{"_monsterinsights_skip_tracking":false,"_monsterinsights_sitenote_active":false,"_monsterinsights_sitenote_note":"","_monsterinsights_sitenote_category":0,"footnotes":""},"class_list":["post-3246","page","type-page","status-publish","hentry"],"yoast_head":"<!-- This site is optimized with the Yoast SEO plugin v24.9 - https:\/\/yoast.com\/wordpress\/plugins\/seo\/ -->\n<title>Implication - Code Universel<\/title>\n<meta name=\"description\" content=\"false\" \/>\n<meta name=\"robots\" content=\"index, follow, max-snippet:-1, max-image-preview:large, max-video-preview:-1\" \/>\n<link rel=\"canonical\" href=\"https:\/\/www.codeuniversel.com\/fr\/a-propos\/implication\/\" \/>\n<meta property=\"og:locale\" content=\"fr_FR\" \/>\n<meta property=\"og:type\" content=\"article\" \/>\n<meta property=\"og:title\" content=\"Implication - Code Universel\" \/>\n<meta property=\"og:description\" content=\"false\" \/>\n<meta property=\"og:url\" content=\"https:\/\/www.codeuniversel.com\/fr\/a-propos\/implication\/\" \/>\n<meta property=\"og:site_name\" content=\"Code Universel\" \/>\n<meta property=\"article:modified_time\" content=\"2026-04-23T19:49:01+00:00\" \/>\n<meta name=\"twitter:card\" content=\"summary_large_image\" \/>\n<meta name=\"twitter:label1\" content=\"Dur\u00e9e de lecture estim\u00e9e\" \/>\n\t<meta name=\"twitter:data1\" content=\"2 minutes\" \/>\n<script type=\"application\/ld+json\" class=\"yoast-schema-graph\">{\"@context\":\"https:\/\/schema.org\",\"@graph\":[{\"@type\":\"WebPage\",\"@id\":\"https:\/\/www.codeuniversel.com\/fr\/a-propos\/implication\/\",\"url\":\"https:\/\/www.codeuniversel.com\/fr\/a-propos\/implication\/\",\"name\":\"Implication - Code Universel\",\"isPartOf\":{\"@id\":\"https:\/\/www.codeuniversel.com\/fr\/#website\"},\"datePublished\":\"2021-10-05T02:12:01+00:00\",\"dateModified\":\"2026-04-23T19:49:01+00:00\",\"description\":\"false\",\"breadcrumb\":{\"@id\":\"https:\/\/www.codeuniversel.com\/fr\/a-propos\/implication\/#breadcrumb\"},\"inLanguage\":\"fr-FR\",\"potentialAction\":[{\"@type\":\"ReadAction\",\"target\":[\"https:\/\/www.codeuniversel.com\/fr\/a-propos\/implication\/\"]}]},{\"@type\":\"BreadcrumbList\",\"@id\":\"https:\/\/www.codeuniversel.com\/fr\/a-propos\/implication\/#breadcrumb\",\"itemListElement\":[{\"@type\":\"ListItem\",\"position\":1,\"name\":\"Accueil\",\"item\":\"https:\/\/www.codeuniversel.com\/fr\/\"},{\"@type\":\"ListItem\",\"position\":2,\"name\":\"\u00c0 propos\",\"item\":\"https:\/\/www.codeuniversel.com\/fr\/a-propos\/\"},{\"@type\":\"ListItem\",\"position\":3,\"name\":\"Implication\"}]},{\"@type\":\"WebSite\",\"@id\":\"https:\/\/www.codeuniversel.com\/fr\/#website\",\"url\":\"https:\/\/www.codeuniversel.com\/fr\/\",\"name\":\"Code Universel\",\"description\":\"\",\"potentialAction\":[{\"@type\":\"SearchAction\",\"target\":{\"@type\":\"EntryPoint\",\"urlTemplate\":\"https:\/\/www.codeuniversel.com\/fr\/?s={search_term_string}\"},\"query-input\":{\"@type\":\"PropertyValueSpecification\",\"valueRequired\":true,\"valueName\":\"search_term_string\"}}],\"inLanguage\":\"fr-FR\"}]}<\/script>\n<!-- \/ Yoast SEO plugin. -->","yoast_head_json":{"title":"Implication - Code Universel","description":"false","robots":{"index":"index","follow":"follow","max-snippet":"max-snippet:-1","max-image-preview":"max-image-preview:large","max-video-preview":"max-video-preview:-1"},"canonical":"https:\/\/www.codeuniversel.com\/fr\/a-propos\/implication\/","og_locale":"fr_FR","og_type":"article","og_title":"Implication - Code Universel","og_description":"false","og_url":"https:\/\/www.codeuniversel.com\/fr\/a-propos\/implication\/","og_site_name":"Code Universel","article_modified_time":"2026-04-23T19:49:01+00:00","twitter_card":"summary_large_image","twitter_misc":{"Dur\u00e9e de lecture estim\u00e9e":"2 minutes"},"schema":{"@context":"https:\/\/schema.org","@graph":[{"@type":"WebPage","@id":"https:\/\/www.codeuniversel.com\/fr\/a-propos\/implication\/","url":"https:\/\/www.codeuniversel.com\/fr\/a-propos\/implication\/","name":"Implication - Code Universel","isPartOf":{"@id":"https:\/\/www.codeuniversel.com\/fr\/#website"},"datePublished":"2021-10-05T02:12:01+00:00","dateModified":"2026-04-23T19:49:01+00:00","description":"false","breadcrumb":{"@id":"https:\/\/www.codeuniversel.com\/fr\/a-propos\/implication\/#breadcrumb"},"inLanguage":"fr-FR","potentialAction":[{"@type":"ReadAction","target":["https:\/\/www.codeuniversel.com\/fr\/a-propos\/implication\/"]}]},{"@type":"BreadcrumbList","@id":"https:\/\/www.codeuniversel.com\/fr\/a-propos\/implication\/#breadcrumb","itemListElement":[{"@type":"ListItem","position":1,"name":"Accueil","item":"https:\/\/www.codeuniversel.com\/fr\/"},{"@type":"ListItem","position":2,"name":"\u00c0 propos","item":"https:\/\/www.codeuniversel.com\/fr\/a-propos\/"},{"@type":"ListItem","position":3,"name":"Implication"}]},{"@type":"WebSite","@id":"https:\/\/www.codeuniversel.com\/fr\/#website","url":"https:\/\/www.codeuniversel.com\/fr\/","name":"Code Universel","description":"","potentialAction":[{"@type":"SearchAction","target":{"@type":"EntryPoint","urlTemplate":"https:\/\/www.codeuniversel.com\/fr\/?s={search_term_string}"},"query-input":{"@type":"PropertyValueSpecification","valueRequired":true,"valueName":"search_term_string"}}],"inLanguage":"fr-FR"}]}},"_links":{"self":[{"href":"https:\/\/www.codeuniversel.com\/fr\/wp-json\/wp\/v2\/pages\/3246","targetHints":{"allow":["GET"]}}],"collection":[{"href":"https:\/\/www.codeuniversel.com\/fr\/wp-json\/wp\/v2\/pages"}],"about":[{"href":"https:\/\/www.codeuniversel.com\/fr\/wp-json\/wp\/v2\/types\/page"}],"author":[{"embeddable":true,"href":"https:\/\/www.codeuniversel.com\/fr\/wp-json\/wp\/v2\/users\/4"}],"replies":[{"embeddable":true,"href":"https:\/\/www.codeuniversel.com\/fr\/wp-json\/wp\/v2\/comments?post=3246"}],"version-history":[{"count":13,"href":"https:\/\/www.codeuniversel.com\/fr\/wp-json\/wp\/v2\/pages\/3246\/revisions"}],"predecessor-version":[{"id":4019,"href":"https:\/\/www.codeuniversel.com\/fr\/wp-json\/wp\/v2\/pages\/3246\/revisions\/4019"}],"up":[{"embeddable":true,"href":"https:\/\/www.codeuniversel.com\/fr\/wp-json\/wp\/v2\/pages\/1488"}],"wp:attachment":[{"href":"https:\/\/www.codeuniversel.com\/fr\/wp-json\/wp\/v2\/media?parent=3246"}],"curies":[{"name":"wp","href":"https:\/\/api.w.org\/{rel}","templated":true}]}}