{"id":3256,"date":"2022-05-01T17:49:58","date_gmt":"2022-05-01T21:49:58","guid":{"rendered":"https:\/\/www.codeuniversel.com\/fr\/?page_id=3256"},"modified":"2026-04-12T17:26:44","modified_gmt":"2026-04-12T21:26:44","slug":"mcc_60","status":"publish","type":"page","link":"https:\/\/www.codeuniversel.com\/fr\/mcc_60\/","title":{"rendered":"Module de connexions culturelles pour les 60+"},"content":{"rendered":"<div  class=\"fusion-fullwidth fullwidth-box nonhundred-percent-fullwidth\"  style='background-color: rgba(255,255,255,0);background-position: center center;background-repeat: no-repeat;padding-top:20px;padding-right:0px;padding-bottom:20px;padding-left:0px;'><div class=\"fusion-builder-row fusion-row \"><div  class=\"fusion-layout-column fusion_builder_column fusion_builder_column_1_2  fusion-one-half fusion-column-first 1_2\"  style='margin-top:0px;margin-bottom:20px;width:50%;width:calc(50% - ( ( 4% ) * 0.5 ) );margin-right: 4%;'>\n\t\t\t<div class=\"fusion-column-wrapper\"  style=\"background-position:left top;background-repeat:no-repeat;-webkit-background-size:cover;-moz-background-size:cover;-o-background-size:cover;background-size:cover;\"  data-bg-url=\"\">\n\t\t\t\t<p><em style=\"font-size: 21px;\">RENCONTRES, COLLABORATIONS, INAUGURATION : un projet en trois phases<\/em><\/p>\n<hr \/>\n<div style=\"text-align: justify;\">\n<h4><strong><span style=\"color: #e10707;\">Cr\u00e9ons un imaginaire collectif !<\/span><\/strong><\/h4>\n<p>\u00ab <em>Mcc_60+<\/em> est une nouvelle s\u00e9rie de projets artistiques men\u00e9s avec la population : un dialogue possible. \u00bb<\/p>\n<p>Ce projet d\u2019art relationnel et participatif invite les a\u00een\u00e9s de Qu\u00e9bec \u00e0 vivre l\u2019aboutissement d\u2019une \u0153uvre polymorphe avec une \u00e9quipe d\u2019artistes et de chercheurs. D\u00e9ploy\u00e9 en trois phases, il vise une r\u00e9flexion collective sur l\u2019importance que nous accordons \u00e0 leur participation \u00e0 notre soci\u00e9t\u00e9 qu\u00e9b\u00e9coise et \u00e0 leur \u00e9panouissement. Les participants de 60 et plus seront partie int\u00e9grante de l\u2019initiative. C\u2019est un v\u00e9ritable tour d\u2019horizon culturel sous le th\u00e8me de l\u2019inclusion et de l\u2019accessibilit\u00e9 pour les a\u00een\u00e9s qui est propos\u00e9.<\/p>\n<p>La premi\u00e8re des 3 phases de ce projet a termin\u00e9 sur une bonne note. Elle a men\u00e9 \u00e0 d\u00e9velopper la <em><strong>Plateforme culturelle et num\u00e9rique pour a\u00een\u00e9(e)s<\/strong><\/em>. Elle sera utile pour :<\/p>\n<ul>\n<li>rendre la culture accessible ;<\/li>\n<li>rester actif\u00a0culturellement;<\/li>\n<li>inclure les tranches de cette population fragilis\u00e9es \u00e0 la vie culturelle des grandes villes.<\/li>\n<\/ul>\n<p>Un <strong>article a \u00e9t\u00e9 publi\u00e9 sur le site <\/strong>de Culture pour tous le 18 f\u00e9vrier 2022. Il y est question notamment de notre approche, de la place des personnes a\u00een\u00e9es dans notre soci\u00e9t\u00e9 et du potentiel cr\u00e9atif de cette plateforme.<br \/>\n<strong>Pour consulter l&rsquo;article en question,<\/strong>\u00a0<a href=\"https:\/\/www.culturepourtous.ca\/blog\/actualites\/articles\/valoriser-la-voix-des-60-ans-et-plus\/\"><strong>cliquez ici<\/strong>.<\/a><\/p>\n<p>C\u2019est dans la continuit\u00e9 de ce projet que les personnes int\u00e9ress\u00e9es pourront prendre part aux <strong><em>COLLABORATIONS<\/em><\/strong> (la phase 2 du projet <em>Mcc_60+<\/em>) et participer \u00e0 des ateliers de cocr\u00e9ation avec une \u00e9quipe aux comp\u00e9tences artistiques multiples.<\/p>\n<p><strong>Vous souhaitez nous aider ou connaissez quelqu\u2019un qui pourrait \u00eatre int\u00e9ress\u00e9? <\/strong>Nous aimerions vous parler.<br \/>\nSi vous habitez Qu\u00e9bec ou ses proches banlieues, et que vous ne faites pas encore partie de notre groupe de volontaire, veuillez nous contacter. Nous ne manquerons pas de prendre contact avec vous.<\/p>\n<p><strong>T\u00e9l\u00e9phone (418)561-5957<\/strong><strong><br \/>\n<a href=\"mailto:info@codeuniversel.com\">info@codeuniversel.com<\/a><\/strong><\/p>\n<div class=\"page\" title=\"Page 1\">\n<div class=\"section\">\n<div class=\"layoutArea\">\n<h4 style=\"text-align: left;\">INSCRIVEZ-VOUS MAINTENANT AUX ATELIERS DE CR\u00c9ATION !<\/h4>\n<\/div>\n<\/div>\n<\/div>\n<\/div>\n<div class=\"fusion-clearfix\"><\/div>\n\t\t\t<\/div>\n\t\t<\/div><div  class=\"fusion-layout-column fusion_builder_column fusion_builder_column_1_2  fusion-one-half fusion-column-last 1_2\"  style='margin-top:0px;margin-bottom:20px;width:50%;width:calc(50% - ( ( 4% ) * 0.5 ) );'>\n\t\t\t<div class=\"fusion-column-wrapper\"  style=\"background-position:left top;background-repeat:no-repeat;-webkit-background-size:cover;-moz-background-size:cover;-o-background-size:cover;background-size:cover;\"  data-bg-url=\"\">\n\t\t\t\t<div class=\"fusion-video fusion-youtube\" style=\"max-width:600px;max-height:360px;\" data-autoplay=\"1\"><div class=\"video-shortcode\"><iframe title=\"YouTube video player\" src=\"https:\/\/www.youtube.com\/embed\/oWOtSFJilUk?wmode=transparent&autoplay=0\" width=\"600\" height=\"360\" allowfullscreen><\/iframe><\/div><\/div><h4><em style=\"font-size: 21px;\">Une d\u00e9marche artistique relationnelle et participative, o\u00f9 la culture est le centre d\u2019int\u00e9r\u00eat de tous[tes]<\/em><\/h4>\n<div style=\"text-align: justify;\">\n<p>Sc\u00e9naris\u00e9e et d\u00e9velopp\u00e9e par Code Universel.<\/p>\n<p>Cliquez sur l&rsquo;hyperlien pour t\u00e9l\u00e9charger le communiqu\u00e9.<br \/>\n<em><strong>RENCONTRES\u00a0<\/strong><\/em> [<a href=\"https:\/\/www.codeuniversel.com\/fr\/wp-content\/uploads\/2021\/08\/2-CMQ2_MCC_60_MASTER_RENCONTRES.pdf\" target=\"_blank\" rel=\"noopener noreferrer\">Cliquez ici<\/a>]\n<\/div>\n<h3><span style=\"color: #e10707;\">\u00c9quipe de projet :<\/span><\/h3>\n<p><strong>Daniel B\u00e9langer<\/strong> (Direction artistique)<\/p>\n<p><strong><a href=\"https:\/\/www.codeuniversel.com\/fr\/collaborateurs-artistiques-marjorie-audet\/\" target=\"_blank\" rel=\"noopener noreferrer\">Marjorie Audet<\/a> <\/strong>(th\u00e9\u00e2tre)<br \/>\n<strong><a href=\"https:\/\/www.codeuniversel.com\/fr\/a-propos\/direction\/\" target=\"_blank\" rel=\"noopener noreferrer\">Daniel B\u00e9langer<\/a><\/strong> (danse)<br \/>\n<strong><a href=\"https:\/\/www.codeuniversel.com\/fr\/collaborateurs-artistiques-alexandre-berthier\/\" target=\"_blank\" rel=\"noopener noreferrer\">Alexandre Berthier<\/a> <\/strong>(vid\u00e9o)<br \/>\n<strong><a href=\"https:\/\/www.codeuniversel.com\/fr\/collaborateurs-artistiques-julien-fontaine-doray\/\" target=\"_blank\" rel=\"noopener noreferrer\">Julien Fontaine-Doray<\/a><\/strong> (animateur-journaliste)<br \/>\n<strong><a href=\"https:\/\/www.codeuniversel.com\/fr\/collaborateurs-chercheur-eric-gagnon\/\" target=\"_blank\" rel=\"noopener noreferrer\">\u00c9ric Gagnon<\/a><\/strong> (chercheur en sant\u00e9 durable)<br \/>\n<strong>Gretchen Gret<\/strong> (direction adjointe)<br \/>\n<strong><a href=\"https:\/\/www.codeuniversel.com\/fr\/collaborateurs-artistiques-fanny-h-levy\/\" target=\"_blank\" rel=\"noopener noreferrer\">Fanny Henon Levy<\/a> <\/strong>(visuel)<br \/>\n<strong><a href=\"https:\/\/www.codeuniversel.com\/fr\/collaborateurs-artistiques-anne-peyrouse\/\" target=\"_blank\" rel=\"noopener noreferrer\">Anne Peyrouse<\/a> <\/strong>(po\u00e9sie)<br \/>\n<strong><a href=\"https:\/\/www.codeuniversel.com\/fr\/collaborateurs-artistiques-emilie-raymond\/\" target=\"_blank\" rel=\"noopener noreferrer\">\u00c9milie Raymond<\/a><\/strong> (chercheure en sant\u00e9 durable)<br \/>\n<strong><a href=\"https:\/\/www.codeuniversel.com\/fr\/collaborateurs-artistiques-pierre-robitaille\/\" target=\"_blank\" rel=\"noopener noreferrer\">Pierre Robitaille<\/a><\/strong> (th\u00e9\u00e2tre)<br \/>\n<strong><a href=\"https:\/\/www.codeuniversel.com\/fr\/collaborateurs-chercheurs-francine-saillant\/\" target=\"_blank\" rel=\"noopener noreferrer\">Francine Saillant<\/a><\/strong> (anthropologue et artiste)<br \/>\n<strong>Autres artistes<\/strong> (\u00e0 venir) Int\u00e9ress\u00e9? [<a href=\"https:\/\/www.codeuniversel.com\/fr\/collaboration-artistique-en-action\/\">Cliquez ici<\/a>]<\/p>\n<p><strong>Merci \u00e0 nos principaux partenaires<\/strong><\/p>\n<p>Ce projet est r\u00e9alis\u00e9 gr\u00e2ce au soutien financier du gouvernement du Qu\u00e9bec et de la Ville de Qu\u00e9bec dans le cadre de <a href=\"https:\/\/www.ville.quebec.qc.ca\/apropos\/programmes-subventions\/art-culture\/entente-developpement-culturel.aspx\">l\u2019Entente de d\u00e9veloppement culturel<\/a>, de la <a href=\"https:\/\/www.quebecphilanthrope.org\/\">Fondation Qu\u00e9bec Philanthrope<\/a>, de la <a href=\"https:\/\/caissesolidaire.coop\/\">Caisse d\u2019\u00e9conomie solidaire<\/a> et avec la participation de <a href=\"https:\/\/www.lepivot.org\/\">Le Pivot<\/a>. Nous remercions \u00e9galement nos diff\u00e9rents commanditaires et d\u00e9put\u00e9s pour leur g\u00e9n\u00e9reux soutien : <a href=\"https:\/\/www.facebook.com\/carolinedesbiensbq\" target=\"_blank\" rel=\"noopener noreferrer\">Caroline Desbiens<\/a>, d\u00e9put\u00e9e de Beauport-C\u00f4te-de-Beaupr\u00e9-\u00cele d\u2019Orl\u00e9ans-Charlevoix, <a href=\"https:\/\/www.facebook.com\/JulieVignolabq\" target=\"_blank\" rel=\"noopener noreferrer\">Julie Vignola<\/a>, d\u00e9put\u00e9e de Beauport-Limoilou<\/p>\n<div class=\"fusion-clearfix\"><\/div>\n\t\t\t<\/div>\n\t\t<\/div><\/div><\/div>\n","protected":false},"excerpt":{"rendered":"","protected":false},"author":4,"featured_media":0,"parent":0,"menu_order":0,"comment_status":"closed","ping_status":"closed","template":"","meta":{"_monsterinsights_skip_tracking":false,"_monsterinsights_sitenote_active":false,"_monsterinsights_sitenote_note":"","_monsterinsights_sitenote_category":0,"footnotes":""},"class_list":["post-3256","page","type-page","status-publish","hentry"],"yoast_head":"<!-- This site is optimized with the Yoast SEO plugin v24.9 - https:\/\/yoast.com\/wordpress\/plugins\/seo\/ -->\n<title>Module de connexions culturelles pour les 60+ - Code Universel<\/title>\n<meta name=\"robots\" content=\"index, follow, max-snippet:-1, max-image-preview:large, max-video-preview:-1\" \/>\n<link rel=\"canonical\" href=\"https:\/\/www.codeuniversel.com\/fr\/mcc_60\/\" \/>\n<meta property=\"og:locale\" content=\"fr_FR\" \/>\n<meta property=\"og:type\" content=\"article\" \/>\n<meta property=\"og:title\" content=\"Module de connexions culturelles pour les 60+ - Code Universel\" \/>\n<meta property=\"og:url\" content=\"https:\/\/www.codeuniversel.com\/fr\/mcc_60\/\" \/>\n<meta property=\"og:site_name\" content=\"Code Universel\" \/>\n<meta property=\"article:modified_time\" content=\"2026-04-12T21:26:44+00:00\" \/>\n<meta name=\"twitter:card\" content=\"summary_large_image\" \/>\n<meta name=\"twitter:label1\" content=\"Dur\u00e9e de lecture estim\u00e9e\" \/>\n\t<meta name=\"twitter:data1\" content=\"3 minutes\" \/>\n<script type=\"application\/ld+json\" class=\"yoast-schema-graph\">{\"@context\":\"https:\/\/schema.org\",\"@graph\":[{\"@type\":\"WebPage\",\"@id\":\"https:\/\/www.codeuniversel.com\/fr\/mcc_60\/\",\"url\":\"https:\/\/www.codeuniversel.com\/fr\/mcc_60\/\",\"name\":\"Module de connexions culturelles pour les 60+ - Code Universel\",\"isPartOf\":{\"@id\":\"https:\/\/www.codeuniversel.com\/fr\/#website\"},\"datePublished\":\"2022-05-01T21:49:58+00:00\",\"dateModified\":\"2026-04-12T21:26:44+00:00\",\"breadcrumb\":{\"@id\":\"https:\/\/www.codeuniversel.com\/fr\/mcc_60\/#breadcrumb\"},\"inLanguage\":\"fr-FR\",\"potentialAction\":[{\"@type\":\"ReadAction\",\"target\":[\"https:\/\/www.codeuniversel.com\/fr\/mcc_60\/\"]}]},{\"@type\":\"BreadcrumbList\",\"@id\":\"https:\/\/www.codeuniversel.com\/fr\/mcc_60\/#breadcrumb\",\"itemListElement\":[{\"@type\":\"ListItem\",\"position\":1,\"name\":\"Accueil\",\"item\":\"https:\/\/www.codeuniversel.com\/fr\/\"},{\"@type\":\"ListItem\",\"position\":2,\"name\":\"Module de connexions culturelles pour les 60+\"}]},{\"@type\":\"WebSite\",\"@id\":\"https:\/\/www.codeuniversel.com\/fr\/#website\",\"url\":\"https:\/\/www.codeuniversel.com\/fr\/\",\"name\":\"Code Universel\",\"description\":\"\",\"potentialAction\":[{\"@type\":\"SearchAction\",\"target\":{\"@type\":\"EntryPoint\",\"urlTemplate\":\"https:\/\/www.codeuniversel.com\/fr\/?s={search_term_string}\"},\"query-input\":{\"@type\":\"PropertyValueSpecification\",\"valueRequired\":true,\"valueName\":\"search_term_string\"}}],\"inLanguage\":\"fr-FR\"}]}<\/script>\n<!-- \/ Yoast SEO plugin. -->","yoast_head_json":{"title":"Module de connexions culturelles pour les 60+ - Code Universel","robots":{"index":"index","follow":"follow","max-snippet":"max-snippet:-1","max-image-preview":"max-image-preview:large","max-video-preview":"max-video-preview:-1"},"canonical":"https:\/\/www.codeuniversel.com\/fr\/mcc_60\/","og_locale":"fr_FR","og_type":"article","og_title":"Module de connexions culturelles pour les 60+ - Code Universel","og_url":"https:\/\/www.codeuniversel.com\/fr\/mcc_60\/","og_site_name":"Code Universel","article_modified_time":"2026-04-12T21:26:44+00:00","twitter_card":"summary_large_image","twitter_misc":{"Dur\u00e9e de lecture estim\u00e9e":"3 minutes"},"schema":{"@context":"https:\/\/schema.org","@graph":[{"@type":"WebPage","@id":"https:\/\/www.codeuniversel.com\/fr\/mcc_60\/","url":"https:\/\/www.codeuniversel.com\/fr\/mcc_60\/","name":"Module de connexions culturelles pour les 60+ - Code Universel","isPartOf":{"@id":"https:\/\/www.codeuniversel.com\/fr\/#website"},"datePublished":"2022-05-01T21:49:58+00:00","dateModified":"2026-04-12T21:26:44+00:00","breadcrumb":{"@id":"https:\/\/www.codeuniversel.com\/fr\/mcc_60\/#breadcrumb"},"inLanguage":"fr-FR","potentialAction":[{"@type":"ReadAction","target":["https:\/\/www.codeuniversel.com\/fr\/mcc_60\/"]}]},{"@type":"BreadcrumbList","@id":"https:\/\/www.codeuniversel.com\/fr\/mcc_60\/#breadcrumb","itemListElement":[{"@type":"ListItem","position":1,"name":"Accueil","item":"https:\/\/www.codeuniversel.com\/fr\/"},{"@type":"ListItem","position":2,"name":"Module de connexions culturelles pour les 60+"}]},{"@type":"WebSite","@id":"https:\/\/www.codeuniversel.com\/fr\/#website","url":"https:\/\/www.codeuniversel.com\/fr\/","name":"Code Universel","description":"","potentialAction":[{"@type":"SearchAction","target":{"@type":"EntryPoint","urlTemplate":"https:\/\/www.codeuniversel.com\/fr\/?s={search_term_string}"},"query-input":{"@type":"PropertyValueSpecification","valueRequired":true,"valueName":"search_term_string"}}],"inLanguage":"fr-FR"}]}},"_links":{"self":[{"href":"https:\/\/www.codeuniversel.com\/fr\/wp-json\/wp\/v2\/pages\/3256","targetHints":{"allow":["GET"]}}],"collection":[{"href":"https:\/\/www.codeuniversel.com\/fr\/wp-json\/wp\/v2\/pages"}],"about":[{"href":"https:\/\/www.codeuniversel.com\/fr\/wp-json\/wp\/v2\/types\/page"}],"author":[{"embeddable":true,"href":"https:\/\/www.codeuniversel.com\/fr\/wp-json\/wp\/v2\/users\/4"}],"replies":[{"embeddable":true,"href":"https:\/\/www.codeuniversel.com\/fr\/wp-json\/wp\/v2\/comments?post=3256"}],"version-history":[{"count":69,"href":"https:\/\/www.codeuniversel.com\/fr\/wp-json\/wp\/v2\/pages\/3256\/revisions"}],"predecessor-version":[{"id":3799,"href":"https:\/\/www.codeuniversel.com\/fr\/wp-json\/wp\/v2\/pages\/3256\/revisions\/3799"}],"wp:attachment":[{"href":"https:\/\/www.codeuniversel.com\/fr\/wp-json\/wp\/v2\/media?parent=3256"}],"curies":[{"name":"wp","href":"https:\/\/api.w.org\/{rel}","templated":true}]}}