{"id":3407,"date":"2021-08-17T16:25:05","date_gmt":"2021-08-17T20:25:05","guid":{"rendered":"https:\/\/www.codeuniversel.com\/fr\/?page_id=3407"},"modified":"2021-10-15T22:39:33","modified_gmt":"2021-10-16T02:39:33","slug":"collaborateurs-artistiques-fanny-h-levy","status":"publish","type":"page","link":"https:\/\/www.codeuniversel.com\/fr\/collaborateurs-artistiques-fanny-h-levy\/","title":{"rendered":"Collaborateurs artistiques: Fanny H-Levy"},"content":{"rendered":"<div  class=\"fusion-fullwidth fullwidth-box nonhundred-percent-fullwidth\"  style='background-color: rgba(255,255,255,0);background-position: center center;background-repeat: no-repeat;padding-top:20px;padding-right:0px;padding-bottom:20px;padding-left:0px;'><div class=\"fusion-builder-row fusion-row \"><div  class=\"fusion-layout-column fusion_builder_column fusion_builder_column_1_2  fusion-one-half fusion-column-first 1_2\"  style='margin-top:0px;margin-bottom:20px;width:50%;width:calc(50% - ( ( 4% ) * 0.5 ) );margin-right: 4%;'>\n\t\t\t<div class=\"fusion-column-wrapper\"  style=\"background-position:left top;background-repeat:no-repeat;-webkit-background-size:cover;-moz-background-size:cover;-o-background-size:cover;background-size:cover;\"  data-bg-url=\"\">\n\t\t\t\t<div class=\"imageframe-align-center\"><span class=\"fusion-imageframe imageframe-none imageframe-1 hover-type-none\"><img decoding=\"async\" src=\"https:\/\/www.codeuniversel.com\/fr\/wp-content\/uploads\/2021\/08\/portrait-FHL-copie.jpg\" width=\"\" height=\"\" alt=\"\" title=\"\" class=\"img-responsive\"\/><\/span><\/div><div class=\"fusion-clearfix\"><\/div>\n\t\t\t<\/div>\n\t\t<\/div><div  class=\"fusion-layout-column fusion_builder_column fusion_builder_column_1_2  fusion-one-half fusion-column-last 1_2\"  style='margin-top:0px;margin-bottom:20px;width:50%;width:calc(50% - ( ( 4% ) * 0.5 ) );'>\n\t\t\t<div class=\"fusion-column-wrapper\"  style=\"background-position:left top;background-repeat:no-repeat;-webkit-background-size:cover;-moz-background-size:cover;-o-background-size:cover;background-size:cover;\"  data-bg-url=\"\">\n\t\t\t\t<div class=\"fusion-title title fusion-sep-none fusion-title-center fusion-title-size-two\" style=\"margin-top:0px;margin-bottom:31px;\"><h2 class=\"title-heading-center\"><h2 style=\"text-align: center;\"><span style=\"color: #e10707;\">Fanny H-Levy<\/span><\/h2><\/h2><\/div><p>Artiste en arts visuels, <a href=\"http:\/\/www.fannyhlevy.com\/\" target=\"_blank\" rel=\"noopener noreferrer\">Fanny H-Levy<\/a> a pr\u00e9sent\u00e9 sa recherche en dessin actuel au cours d\u2019expositions solos et collectives, en France et principalement au Qu\u00e9bec. Titulaire d\u2019une ma\u00eetrise d\u2019arts plastiques-design-m\u00e9dias num\u00e9riques \u00e0 Paris-Sorbonne (2006), elle obtient en 2020 une ma\u00eetrise en arts visuels de l\u2019Universit\u00e9 Laval ainsi que plusieurs prix de reconnaissance. Sa recherche s\u2019int\u00e9resse au caract\u00e8re unique de l\u2019\u00eatre humain, \u00e0 ses \u00e9tats de pr\u00e9sence et d\u2019absence. Dans sa pratique, le processus du dessin est envisag\u00e9 comme un moyen d\u2019actionner l\u2019apparition des personnes, de mettre en liens et de cr\u00e9er un espace de reconnaissance r\u00e9ciproque. Elle est convaincue du pouvoir de l\u2019action, qui lui semble vitale[1].<\/p>\n<p>Fanny H-Levy est \u00e0 l\u2019origine de cr\u00e9ations polymorphes, de m\u00e9diation culturelle (2016, 2017, 2020) et depuis 2018, de dispositifs de dessin participatif tels que <em>Traces, nos visages<\/em> pr\u00e9sent\u00e9s dans diff\u00e9rents contextes \u00e0 Montr\u00e9al et Qu\u00e9bec. Sa pratique volontairement simple et \u00e0 \u00e9chelle locale, s\u2019infiltre en tant qu\u2019actions micropolitiques dans l\u2019espace public et communautaire.<\/p>\n<p>Ses autres contributions sont l\u2019accompagnement artistique dans le milieu de la sant\u00e9 mentale (depuis 2014), la direction artistique et la r\u00e9alisation de films sur l\u2019art. En 2019, elle cor\u00e9alise avec l\u2019artiste-anthropologue Francine Saillant la s\u00e9rie <a href=\"https:\/\/www.lafabriqueculturelle.tv\/capsules\/12699\/createurs-de-liens-chanh-et-senrine\"><em>Cr\u00e9ateurs de liens<\/em><\/a>. En 2021, les r\u00e9alisatrices collaborent de nouveau au <a href=\"https:\/\/www.facebook.com\/Appara%C3%AEtre-Une-r%C3%A9alisation-de-Francine-Saillant-et-Fanny-H-Levy-101778448408087\">film <em>Appara\u00eetre<\/em><\/a> dans lequel l\u2019action de l\u2019art, de la lumi\u00e8re et du beau sur le mieux-\u00eatre est centrale.<\/p>\n<p>\u00a9 photo : ???<\/p>\n<p>[1] au sens o\u00f9 l\u2019entend Hannah Arendt dans la <em>Condition humaine de l\u2019homme moderne<\/em>\u00a0: Arendt, H. (1994). <em>Condition de l&rsquo;homme moderne<\/em>, Calmann-L\u00e9vy, coll. \u00ab Pocket \u00bb.<\/p>\n<div class=\"fusion-clearfix\"><\/div>\n\t\t\t<\/div>\n\t\t<\/div><\/div><\/div>\n","protected":false},"excerpt":{"rendered":"","protected":false},"author":4,"featured_media":0,"parent":0,"menu_order":0,"comment_status":"closed","ping_status":"closed","template":"","meta":{"_monsterinsights_skip_tracking":false,"_monsterinsights_sitenote_active":false,"_monsterinsights_sitenote_note":"","_monsterinsights_sitenote_category":0,"footnotes":""},"class_list":["post-3407","page","type-page","status-publish","hentry"],"yoast_head":"<!-- This site is optimized with the Yoast SEO plugin v24.9 - https:\/\/yoast.com\/wordpress\/plugins\/seo\/ -->\n<title>Collaborateurs artistiques: Fanny H-Levy - Code Universel<\/title>\n<meta name=\"robots\" content=\"index, follow, max-snippet:-1, max-image-preview:large, max-video-preview:-1\" \/>\n<link rel=\"canonical\" href=\"https:\/\/www.codeuniversel.com\/fr\/collaborateurs-artistiques-fanny-h-levy\/\" \/>\n<meta property=\"og:locale\" content=\"fr_FR\" \/>\n<meta property=\"og:type\" content=\"article\" \/>\n<meta property=\"og:title\" content=\"Collaborateurs artistiques: Fanny H-Levy - Code Universel\" \/>\n<meta property=\"og:url\" content=\"https:\/\/www.codeuniversel.com\/fr\/collaborateurs-artistiques-fanny-h-levy\/\" \/>\n<meta property=\"og:site_name\" content=\"Code Universel\" \/>\n<meta property=\"article:modified_time\" content=\"2021-10-16T02:39:33+00:00\" \/>\n<meta name=\"twitter:card\" content=\"summary_large_image\" \/>\n<meta name=\"twitter:label1\" content=\"Dur\u00e9e de lecture estim\u00e9e\" \/>\n\t<meta name=\"twitter:data1\" content=\"3 minutes\" \/>\n<script type=\"application\/ld+json\" class=\"yoast-schema-graph\">{\"@context\":\"https:\/\/schema.org\",\"@graph\":[{\"@type\":\"WebPage\",\"@id\":\"https:\/\/www.codeuniversel.com\/fr\/collaborateurs-artistiques-fanny-h-levy\/\",\"url\":\"https:\/\/www.codeuniversel.com\/fr\/collaborateurs-artistiques-fanny-h-levy\/\",\"name\":\"Collaborateurs artistiques: Fanny H-Levy - Code Universel\",\"isPartOf\":{\"@id\":\"https:\/\/www.codeuniversel.com\/fr\/#website\"},\"datePublished\":\"2021-08-17T20:25:05+00:00\",\"dateModified\":\"2021-10-16T02:39:33+00:00\",\"breadcrumb\":{\"@id\":\"https:\/\/www.codeuniversel.com\/fr\/collaborateurs-artistiques-fanny-h-levy\/#breadcrumb\"},\"inLanguage\":\"fr-FR\",\"potentialAction\":[{\"@type\":\"ReadAction\",\"target\":[\"https:\/\/www.codeuniversel.com\/fr\/collaborateurs-artistiques-fanny-h-levy\/\"]}]},{\"@type\":\"BreadcrumbList\",\"@id\":\"https:\/\/www.codeuniversel.com\/fr\/collaborateurs-artistiques-fanny-h-levy\/#breadcrumb\",\"itemListElement\":[{\"@type\":\"ListItem\",\"position\":1,\"name\":\"Accueil\",\"item\":\"https:\/\/www.codeuniversel.com\/fr\/\"},{\"@type\":\"ListItem\",\"position\":2,\"name\":\"Collaborateurs artistiques: Fanny H-Levy\"}]},{\"@type\":\"WebSite\",\"@id\":\"https:\/\/www.codeuniversel.com\/fr\/#website\",\"url\":\"https:\/\/www.codeuniversel.com\/fr\/\",\"name\":\"Code Universel\",\"description\":\"\",\"potentialAction\":[{\"@type\":\"SearchAction\",\"target\":{\"@type\":\"EntryPoint\",\"urlTemplate\":\"https:\/\/www.codeuniversel.com\/fr\/?s={search_term_string}\"},\"query-input\":{\"@type\":\"PropertyValueSpecification\",\"valueRequired\":true,\"valueName\":\"search_term_string\"}}],\"inLanguage\":\"fr-FR\"}]}<\/script>\n<!-- \/ Yoast SEO plugin. -->","yoast_head_json":{"title":"Collaborateurs artistiques: Fanny H-Levy - Code Universel","robots":{"index":"index","follow":"follow","max-snippet":"max-snippet:-1","max-image-preview":"max-image-preview:large","max-video-preview":"max-video-preview:-1"},"canonical":"https:\/\/www.codeuniversel.com\/fr\/collaborateurs-artistiques-fanny-h-levy\/","og_locale":"fr_FR","og_type":"article","og_title":"Collaborateurs artistiques: Fanny H-Levy - Code Universel","og_url":"https:\/\/www.codeuniversel.com\/fr\/collaborateurs-artistiques-fanny-h-levy\/","og_site_name":"Code Universel","article_modified_time":"2021-10-16T02:39:33+00:00","twitter_card":"summary_large_image","twitter_misc":{"Dur\u00e9e de lecture estim\u00e9e":"3 minutes"},"schema":{"@context":"https:\/\/schema.org","@graph":[{"@type":"WebPage","@id":"https:\/\/www.codeuniversel.com\/fr\/collaborateurs-artistiques-fanny-h-levy\/","url":"https:\/\/www.codeuniversel.com\/fr\/collaborateurs-artistiques-fanny-h-levy\/","name":"Collaborateurs artistiques: Fanny H-Levy - Code Universel","isPartOf":{"@id":"https:\/\/www.codeuniversel.com\/fr\/#website"},"datePublished":"2021-08-17T20:25:05+00:00","dateModified":"2021-10-16T02:39:33+00:00","breadcrumb":{"@id":"https:\/\/www.codeuniversel.com\/fr\/collaborateurs-artistiques-fanny-h-levy\/#breadcrumb"},"inLanguage":"fr-FR","potentialAction":[{"@type":"ReadAction","target":["https:\/\/www.codeuniversel.com\/fr\/collaborateurs-artistiques-fanny-h-levy\/"]}]},{"@type":"BreadcrumbList","@id":"https:\/\/www.codeuniversel.com\/fr\/collaborateurs-artistiques-fanny-h-levy\/#breadcrumb","itemListElement":[{"@type":"ListItem","position":1,"name":"Accueil","item":"https:\/\/www.codeuniversel.com\/fr\/"},{"@type":"ListItem","position":2,"name":"Collaborateurs artistiques: Fanny H-Levy"}]},{"@type":"WebSite","@id":"https:\/\/www.codeuniversel.com\/fr\/#website","url":"https:\/\/www.codeuniversel.com\/fr\/","name":"Code Universel","description":"","potentialAction":[{"@type":"SearchAction","target":{"@type":"EntryPoint","urlTemplate":"https:\/\/www.codeuniversel.com\/fr\/?s={search_term_string}"},"query-input":{"@type":"PropertyValueSpecification","valueRequired":true,"valueName":"search_term_string"}}],"inLanguage":"fr-FR"}]}},"_links":{"self":[{"href":"https:\/\/www.codeuniversel.com\/fr\/wp-json\/wp\/v2\/pages\/3407","targetHints":{"allow":["GET"]}}],"collection":[{"href":"https:\/\/www.codeuniversel.com\/fr\/wp-json\/wp\/v2\/pages"}],"about":[{"href":"https:\/\/www.codeuniversel.com\/fr\/wp-json\/wp\/v2\/types\/page"}],"author":[{"embeddable":true,"href":"https:\/\/www.codeuniversel.com\/fr\/wp-json\/wp\/v2\/users\/4"}],"replies":[{"embeddable":true,"href":"https:\/\/www.codeuniversel.com\/fr\/wp-json\/wp\/v2\/comments?post=3407"}],"version-history":[{"count":3,"href":"https:\/\/www.codeuniversel.com\/fr\/wp-json\/wp\/v2\/pages\/3407\/revisions"}],"predecessor-version":[{"id":3677,"href":"https:\/\/www.codeuniversel.com\/fr\/wp-json\/wp\/v2\/pages\/3407\/revisions\/3677"}],"wp:attachment":[{"href":"https:\/\/www.codeuniversel.com\/fr\/wp-json\/wp\/v2\/media?parent=3407"}],"curies":[{"name":"wp","href":"https:\/\/api.w.org\/{rel}","templated":true}]}}