{"id":3410,"date":"2021-08-17T16:47:22","date_gmt":"2021-08-17T20:47:22","guid":{"rendered":"https:\/\/www.codeuniversel.com\/fr\/?page_id=3410"},"modified":"2021-10-15T22:44:32","modified_gmt":"2021-10-16T02:44:32","slug":"collaborateurs-chercheurs-francine-saillant","status":"publish","type":"page","link":"https:\/\/www.codeuniversel.com\/fr\/collaborateurs-chercheurs-francine-saillant\/","title":{"rendered":"Collaborateurs chercheur[e]s : Francine Saillant"},"content":{"rendered":"<div  class=\"fusion-fullwidth fullwidth-box nonhundred-percent-fullwidth\"  style='background-color: rgba(255,255,255,0);background-position: center center;background-repeat: no-repeat;padding-top:20px;padding-right:0px;padding-bottom:20px;padding-left:0px;'><div class=\"fusion-builder-row fusion-row \"><div  class=\"fusion-layout-column fusion_builder_column fusion_builder_column_1_2  fusion-one-half fusion-column-first 1_2\"  style='margin-top:0px;margin-bottom:20px;width:50%;width:calc(50% - ( ( 4% ) * 0.5 ) );margin-right: 4%;'>\n\t\t\t<div class=\"fusion-column-wrapper\"  style=\"background-position:left top;background-repeat:no-repeat;-webkit-background-size:cover;-moz-background-size:cover;-o-background-size:cover;background-size:cover;\"  data-bg-url=\"\">\n\t\t\t\t<div class=\"imageframe-align-center\"><span class=\"fusion-imageframe imageframe-none imageframe-1 hover-type-none\"><img decoding=\"async\" src=\"https:\/\/www.codeuniversel.com\/fr\/wp-content\/uploads\/2021\/08\/Francine_Saillant_credits_Jacques_Pelletier.jpg\" width=\"\" height=\"\" alt=\"\" title=\"\" class=\"img-responsive\"\/><\/span><\/div><div class=\"fusion-clearfix\"><\/div>\n\t\t\t<\/div>\n\t\t<\/div><div  class=\"fusion-layout-column fusion_builder_column fusion_builder_column_1_2  fusion-one-half fusion-column-last 1_2\"  style='margin-top:0px;margin-bottom:20px;width:50%;width:calc(50% - ( ( 4% ) * 0.5 ) );'>\n\t\t\t<div class=\"fusion-column-wrapper\"  style=\"background-position:left top;background-repeat:no-repeat;-webkit-background-size:cover;-moz-background-size:cover;-o-background-size:cover;background-size:cover;\"  data-bg-url=\"\">\n\t\t\t\t<div class=\"fusion-title title fusion-sep-none fusion-title-center fusion-title-size-two\" style=\"margin-top:0px;margin-bottom:31px;\"><h2 class=\"title-heading-center\"><h2 style=\"text-align: center;\"><span style=\"color: #e10707;\">Francine Saillant<\/span><\/h2><\/h2><\/div><p><strong><a href=\"https:\/\/fr.wikipedia.org\/wiki\/Francine_Saillant\">Francine Saillant<\/a><\/strong> est anthropologue et \u0153uvre depuis plus de 30 ans pour favoriser la reconnaissance de groupes minoris\u00e9s et des sans-voix; elle s\u2019est m\u00e9rit\u00e9e plusieurs prix et distinctions pour son engagement tant social qu\u2019artistique dont le<strong> <a href=\"http:\/\/www.celat.ulaval.ca\/medaille-dor-du-crsh-pour-francine-saillant\/\">Prix Impact M\u00e9daille d\u2019or 2020<\/a><\/strong> pour ses r\u00e9alisations sociales et artistiques.<\/p>\n<p>Elle a publi\u00e9 une trentaine de livre, a favoris\u00e9 la rencontre des champs sociaux et artistiques et m\u00e8ne une carri\u00e8re internationale. Elle a prononc\u00e9 des conf\u00e9rences dans une trentaine de pays et sur tous les continents. Aussi Artiste autodidacte dans le champ des arts visuels, elle a acquis une formation en acrylique, multim\u00e9dia, dessin et calligraphie.<\/p>\n<p>Auteure prolifique elle a souvent su allier \u00e9criture scientifique et \u00e9criture litt\u00e9raire. Elle fut au devant du mouvement litt\u00e9raire de la nouvelle \u00e9criture dans les ann\u00e9es 80. Elle favorise plus que jamais une \u00e9criture libre alliant essai, r\u00e9flexion philosophique et tonalit\u00e9s po\u00e9tiques. Elle a p\u00e9riodiquement propos\u00e9 des lectures performatives alliant musique et installation dans des mus\u00e9es, des th\u00e9\u00e2tres, des galeries et centres d\u2019artistes et aussi associ\u00e9 ses cr\u00e9ations litt\u00e9raires \u00e0 des installations en arts visuels. Comme elle le fit en 2019 au <strong><a href=\"https:\/\/monastere.ca\/fr\/nos-collaborateurs\/francine-saillant-209\">Mus\u00e9e des Augustines<\/a><\/strong> avec les bienveillantes<\/p>\n<p>Dans le domaine vid\u00e9ographique, depuis 2006 elle a d\u00e9velopp\u00e9 une pratique dans le documentaire ethnographique et plusieurs d\u2019entre eux dont Navire n\u00e9grier ont \u00e9t\u00e9 pr\u00e9sent\u00e9s au Canada, en Europe et en Am\u00e9rique du Sud, en Afrique, dans des mus\u00e9es, des centres culturels et des centres de recherche. Plus r\u00e9cemment, ses productions se situent entre le film d\u2019art et le documentaire. Ses films, le plus souvent issus de projets collaboratifs, ont \u00e9t\u00e9 pr\u00e9sent\u00e9s dans diff\u00e9rents festivals et mus\u00e9es dans le monde et au Qu\u00e9bec. <strong><em><a href=\"https:\/\/www.lafabriqueculturelle.tv\/capsules\/12698\/createurs-de-liens-genevieve-duong\">Cr\u00e9ateurs de liens<\/a><\/em><\/strong> (2019) et <em>Appara\u00eetre <\/em>(2021) sont des deux derni\u00e8res r\u00e9alisations, en co-direction avec <strong><a href=\"http:\/\/www.fannyhlevy.com\/projets-et-collaborations\/\">Fanny H.-Levy<\/a><\/strong>.<\/p>\n<p>En sus de ses r\u00e9alisations, elle agit sur la sc\u00e8ne culturelle entre autres par l\u2019organisation de divers projets \u00e0 caract\u00e8re social \u00e9v\u00e8nements et artistique.<\/p>\n<p>\u00a9 photo : ???<\/p>\n<div class=\"fusion-clearfix\"><\/div>\n\t\t\t<\/div>\n\t\t<\/div><\/div><\/div>\n","protected":false},"excerpt":{"rendered":"","protected":false},"author":4,"featured_media":0,"parent":0,"menu_order":0,"comment_status":"closed","ping_status":"closed","template":"","meta":{"_monsterinsights_skip_tracking":false,"_monsterinsights_sitenote_active":false,"_monsterinsights_sitenote_note":"","_monsterinsights_sitenote_category":0,"footnotes":""},"class_list":["post-3410","page","type-page","status-publish","hentry"],"yoast_head":"<!-- This site is optimized with the Yoast SEO plugin v24.9 - https:\/\/yoast.com\/wordpress\/plugins\/seo\/ -->\n<title>Collaborateurs chercheur[e]s : Francine Saillant - Code Universel<\/title>\n<meta name=\"robots\" content=\"index, follow, max-snippet:-1, max-image-preview:large, max-video-preview:-1\" \/>\n<link rel=\"canonical\" href=\"https:\/\/www.codeuniversel.com\/fr\/collaborateurs-chercheurs-francine-saillant\/\" \/>\n<meta property=\"og:locale\" content=\"fr_FR\" \/>\n<meta property=\"og:type\" content=\"article\" \/>\n<meta property=\"og:title\" content=\"Collaborateurs chercheur[e]s : Francine Saillant - Code Universel\" \/>\n<meta property=\"og:url\" content=\"https:\/\/www.codeuniversel.com\/fr\/collaborateurs-chercheurs-francine-saillant\/\" \/>\n<meta property=\"og:site_name\" content=\"Code Universel\" \/>\n<meta property=\"article:modified_time\" content=\"2021-10-16T02:44:32+00:00\" \/>\n<meta name=\"twitter:card\" content=\"summary_large_image\" \/>\n<meta name=\"twitter:label1\" content=\"Dur\u00e9e de lecture estim\u00e9e\" \/>\n\t<meta name=\"twitter:data1\" content=\"3 minutes\" \/>\n<script type=\"application\/ld+json\" class=\"yoast-schema-graph\">{\"@context\":\"https:\/\/schema.org\",\"@graph\":[{\"@type\":\"WebPage\",\"@id\":\"https:\/\/www.codeuniversel.com\/fr\/collaborateurs-chercheurs-francine-saillant\/\",\"url\":\"https:\/\/www.codeuniversel.com\/fr\/collaborateurs-chercheurs-francine-saillant\/\",\"name\":\"Collaborateurs chercheur[e]s : Francine Saillant - Code Universel\",\"isPartOf\":{\"@id\":\"https:\/\/www.codeuniversel.com\/fr\/#website\"},\"datePublished\":\"2021-08-17T20:47:22+00:00\",\"dateModified\":\"2021-10-16T02:44:32+00:00\",\"breadcrumb\":{\"@id\":\"https:\/\/www.codeuniversel.com\/fr\/collaborateurs-chercheurs-francine-saillant\/#breadcrumb\"},\"inLanguage\":\"fr-FR\",\"potentialAction\":[{\"@type\":\"ReadAction\",\"target\":[\"https:\/\/www.codeuniversel.com\/fr\/collaborateurs-chercheurs-francine-saillant\/\"]}]},{\"@type\":\"BreadcrumbList\",\"@id\":\"https:\/\/www.codeuniversel.com\/fr\/collaborateurs-chercheurs-francine-saillant\/#breadcrumb\",\"itemListElement\":[{\"@type\":\"ListItem\",\"position\":1,\"name\":\"Accueil\",\"item\":\"https:\/\/www.codeuniversel.com\/fr\/\"},{\"@type\":\"ListItem\",\"position\":2,\"name\":\"Collaborateurs chercheur[e]s : Francine Saillant\"}]},{\"@type\":\"WebSite\",\"@id\":\"https:\/\/www.codeuniversel.com\/fr\/#website\",\"url\":\"https:\/\/www.codeuniversel.com\/fr\/\",\"name\":\"Code Universel\",\"description\":\"\",\"potentialAction\":[{\"@type\":\"SearchAction\",\"target\":{\"@type\":\"EntryPoint\",\"urlTemplate\":\"https:\/\/www.codeuniversel.com\/fr\/?s={search_term_string}\"},\"query-input\":{\"@type\":\"PropertyValueSpecification\",\"valueRequired\":true,\"valueName\":\"search_term_string\"}}],\"inLanguage\":\"fr-FR\"}]}<\/script>\n<!-- \/ Yoast SEO plugin. -->","yoast_head_json":{"title":"Collaborateurs chercheur[e]s : Francine Saillant - Code Universel","robots":{"index":"index","follow":"follow","max-snippet":"max-snippet:-1","max-image-preview":"max-image-preview:large","max-video-preview":"max-video-preview:-1"},"canonical":"https:\/\/www.codeuniversel.com\/fr\/collaborateurs-chercheurs-francine-saillant\/","og_locale":"fr_FR","og_type":"article","og_title":"Collaborateurs chercheur[e]s : Francine Saillant - Code Universel","og_url":"https:\/\/www.codeuniversel.com\/fr\/collaborateurs-chercheurs-francine-saillant\/","og_site_name":"Code Universel","article_modified_time":"2021-10-16T02:44:32+00:00","twitter_card":"summary_large_image","twitter_misc":{"Dur\u00e9e de lecture estim\u00e9e":"3 minutes"},"schema":{"@context":"https:\/\/schema.org","@graph":[{"@type":"WebPage","@id":"https:\/\/www.codeuniversel.com\/fr\/collaborateurs-chercheurs-francine-saillant\/","url":"https:\/\/www.codeuniversel.com\/fr\/collaborateurs-chercheurs-francine-saillant\/","name":"Collaborateurs chercheur[e]s : Francine Saillant - Code Universel","isPartOf":{"@id":"https:\/\/www.codeuniversel.com\/fr\/#website"},"datePublished":"2021-08-17T20:47:22+00:00","dateModified":"2021-10-16T02:44:32+00:00","breadcrumb":{"@id":"https:\/\/www.codeuniversel.com\/fr\/collaborateurs-chercheurs-francine-saillant\/#breadcrumb"},"inLanguage":"fr-FR","potentialAction":[{"@type":"ReadAction","target":["https:\/\/www.codeuniversel.com\/fr\/collaborateurs-chercheurs-francine-saillant\/"]}]},{"@type":"BreadcrumbList","@id":"https:\/\/www.codeuniversel.com\/fr\/collaborateurs-chercheurs-francine-saillant\/#breadcrumb","itemListElement":[{"@type":"ListItem","position":1,"name":"Accueil","item":"https:\/\/www.codeuniversel.com\/fr\/"},{"@type":"ListItem","position":2,"name":"Collaborateurs chercheur[e]s : Francine Saillant"}]},{"@type":"WebSite","@id":"https:\/\/www.codeuniversel.com\/fr\/#website","url":"https:\/\/www.codeuniversel.com\/fr\/","name":"Code Universel","description":"","potentialAction":[{"@type":"SearchAction","target":{"@type":"EntryPoint","urlTemplate":"https:\/\/www.codeuniversel.com\/fr\/?s={search_term_string}"},"query-input":{"@type":"PropertyValueSpecification","valueRequired":true,"valueName":"search_term_string"}}],"inLanguage":"fr-FR"}]}},"_links":{"self":[{"href":"https:\/\/www.codeuniversel.com\/fr\/wp-json\/wp\/v2\/pages\/3410","targetHints":{"allow":["GET"]}}],"collection":[{"href":"https:\/\/www.codeuniversel.com\/fr\/wp-json\/wp\/v2\/pages"}],"about":[{"href":"https:\/\/www.codeuniversel.com\/fr\/wp-json\/wp\/v2\/types\/page"}],"author":[{"embeddable":true,"href":"https:\/\/www.codeuniversel.com\/fr\/wp-json\/wp\/v2\/users\/4"}],"replies":[{"embeddable":true,"href":"https:\/\/www.codeuniversel.com\/fr\/wp-json\/wp\/v2\/comments?post=3410"}],"version-history":[{"count":3,"href":"https:\/\/www.codeuniversel.com\/fr\/wp-json\/wp\/v2\/pages\/3410\/revisions"}],"predecessor-version":[{"id":3684,"href":"https:\/\/www.codeuniversel.com\/fr\/wp-json\/wp\/v2\/pages\/3410\/revisions\/3684"}],"wp:attachment":[{"href":"https:\/\/www.codeuniversel.com\/fr\/wp-json\/wp\/v2\/media?parent=3410"}],"curies":[{"name":"wp","href":"https:\/\/api.w.org\/{rel}","templated":true}]}}