{"id":3421,"date":"2021-08-17T17:07:48","date_gmt":"2021-08-17T21:07:48","guid":{"rendered":"https:\/\/www.codeuniversel.com\/fr\/?page_id=3421"},"modified":"2021-12-03T12:23:16","modified_gmt":"2021-12-03T17:23:16","slug":"collaborateurs-numeriques-jean-francois-brebion","status":"publish","type":"page","link":"https:\/\/www.codeuniversel.com\/fr\/collaborateurs-numeriques-jean-francois-brebion\/","title":{"rendered":"Collaborateurs num\u00e9riques : Jean-Fran\u00e7ois Brebion"},"content":{"rendered":"<div  class=\"fusion-fullwidth fullwidth-box nonhundred-percent-fullwidth\"  style='background-color: rgba(255,255,255,0);background-position: center center;background-repeat: no-repeat;padding-top:20px;padding-right:0px;padding-bottom:20px;padding-left:0px;'><div class=\"fusion-builder-row fusion-row \"><div  class=\"fusion-layout-column fusion_builder_column fusion_builder_column_1_2  fusion-one-half fusion-column-first 1_2\"  style='margin-top:0px;margin-bottom:20px;width:50%;width:calc(50% - ( ( 4% ) * 0.5 ) );margin-right: 4%;'>\n\t\t\t<div class=\"fusion-column-wrapper\"  style=\"background-position:left top;background-repeat:no-repeat;-webkit-background-size:cover;-moz-background-size:cover;-o-background-size:cover;background-size:cover;\"  data-bg-url=\"\">\n\t\t\t\t<div class=\"imageframe-align-center\"><span class=\"fusion-imageframe imageframe-none imageframe-1 hover-type-none\"><img decoding=\"async\" src=\"https:\/\/www.codeuniversel.com\/fr\/wp-content\/uploads\/2021\/12\/DSCF9439-copie.jpeg\" width=\"\" height=\"\" alt=\"\" title=\"\" class=\"img-responsive\"\/><\/span><\/div><div class=\"fusion-clearfix\"><\/div>\n\t\t\t<\/div>\n\t\t<\/div><div  class=\"fusion-layout-column fusion_builder_column fusion_builder_column_1_2  fusion-one-half fusion-column-last 1_2\"  style='margin-top:0px;margin-bottom:20px;width:50%;width:calc(50% - ( ( 4% ) * 0.5 ) );'>\n\t\t\t<div class=\"fusion-column-wrapper\"  style=\"background-position:left top;background-repeat:no-repeat;-webkit-background-size:cover;-moz-background-size:cover;-o-background-size:cover;background-size:cover;\"  data-bg-url=\"\">\n\t\t\t\t<div class=\"fusion-title title fusion-sep-none fusion-title-center fusion-title-size-two\" style=\"margin-top:0px;margin-bottom:31px;\"><h2 class=\"title-heading-center\"><h2 style=\"text-align: center;\"><span style=\"color: #e10707;\">Jean-Fran\u00e7ois Brebion<\/span><\/h2><\/h2><\/div><p>Fondateur de l&rsquo;agence de transformation num\u00e9rique Groupe Cogi-T. Depuis quelques ann\u00e9es je partage ma passion, mon engagement et mon exp\u00e9rience aupr\u00e8s d&rsquo;entreprises souhaitant op\u00e9rer un virage num\u00e9rique humain, rentable et efficace.<\/p>\n<p>\u00ab\u00a0Je dis ce que je fais, je fais ce que je dis.\u00a0\u00bb<\/p>\n<p><strong>EXPERTISE<\/strong><br \/>\nNous offrons des services qui vous permettront d&rsquo;op\u00e9rer votre transformation, d&rsquo;int\u00e9grer de nouveaux syst\u00e8mes et d&rsquo;exploiter des donn\u00e9es intelligentes.<\/p>\n<p><strong>AUTONOMIE<\/strong><br \/>\nNous avons cr\u00e9\u00e9 des produits de formation sur mesure qui vous permettent d&rsquo;atteindre l&rsquo;autonomie num\u00e9rique en d\u00e9veloppant de nouvelles comp\u00e9tences. Ces produits sont accessibles en ligne, dans certains programmes de formation continue (C\u00e9gep, Universit\u00e9, etc.) et peuvent \u00eatre implant\u00e9es dans vos propres programmes de formation.<\/p>\n<p><strong>D\u00c9VELOPPEMENT<\/strong><br \/>\nPar l&rsquo;entremise de partenariats solides avec d&rsquo;autres entreprise, je suis impliqu\u00e9 dans des projets uniques qui lient les technologies avec d&rsquo;autres probl\u00e9matiques v\u00e9cues par les entreprises. La gestion du changement, la gestion de la main d&rsquo;oeuvre et l&rsquo;accessibilit\u00e9 des technologies en r\u00e9gion, sont des sujets qui me tiennent \u00e0 coeur et qui sont le moteur de ces projets.<\/p>\n<p>Vous souhaitez en savoir plus, il me fera plaisir de vous rencontrer et de potentiellement d\u00e9velopper une future collaboration&#8230;<\/p>\n<p>\u00a9 photo : Sophie Gagn\u00e9<\/p>\n<div class=\"fusion-clearfix\"><\/div>\n\t\t\t<\/div>\n\t\t<\/div><\/div><\/div>\n","protected":false},"excerpt":{"rendered":"","protected":false},"author":4,"featured_media":0,"parent":0,"menu_order":0,"comment_status":"closed","ping_status":"closed","template":"","meta":{"_monsterinsights_skip_tracking":false,"_monsterinsights_sitenote_active":false,"_monsterinsights_sitenote_note":"","_monsterinsights_sitenote_category":0,"footnotes":""},"class_list":["post-3421","page","type-page","status-publish","hentry"],"yoast_head":"<!-- This site is optimized with the Yoast SEO plugin v24.9 - https:\/\/yoast.com\/wordpress\/plugins\/seo\/ -->\n<title>Collaborateurs num\u00e9riques : Jean-Fran\u00e7ois Brebion - Code Universel<\/title>\n<meta name=\"robots\" content=\"index, follow, max-snippet:-1, max-image-preview:large, max-video-preview:-1\" \/>\n<link rel=\"canonical\" href=\"https:\/\/www.codeuniversel.com\/fr\/collaborateurs-numeriques-jean-francois-brebion\/\" \/>\n<meta property=\"og:locale\" content=\"fr_FR\" \/>\n<meta property=\"og:type\" content=\"article\" \/>\n<meta property=\"og:title\" content=\"Collaborateurs num\u00e9riques : Jean-Fran\u00e7ois Brebion - Code Universel\" \/>\n<meta property=\"og:url\" content=\"https:\/\/www.codeuniversel.com\/fr\/collaborateurs-numeriques-jean-francois-brebion\/\" \/>\n<meta property=\"og:site_name\" content=\"Code Universel\" \/>\n<meta property=\"article:modified_time\" content=\"2021-12-03T17:23:16+00:00\" \/>\n<meta name=\"twitter:card\" content=\"summary_large_image\" \/>\n<meta name=\"twitter:label1\" content=\"Dur\u00e9e de lecture estim\u00e9e\" \/>\n\t<meta name=\"twitter:data1\" content=\"3 minutes\" \/>\n<script type=\"application\/ld+json\" class=\"yoast-schema-graph\">{\"@context\":\"https:\/\/schema.org\",\"@graph\":[{\"@type\":\"WebPage\",\"@id\":\"https:\/\/www.codeuniversel.com\/fr\/collaborateurs-numeriques-jean-francois-brebion\/\",\"url\":\"https:\/\/www.codeuniversel.com\/fr\/collaborateurs-numeriques-jean-francois-brebion\/\",\"name\":\"Collaborateurs num\u00e9riques : Jean-Fran\u00e7ois Brebion - Code Universel\",\"isPartOf\":{\"@id\":\"https:\/\/www.codeuniversel.com\/fr\/#website\"},\"datePublished\":\"2021-08-17T21:07:48+00:00\",\"dateModified\":\"2021-12-03T17:23:16+00:00\",\"breadcrumb\":{\"@id\":\"https:\/\/www.codeuniversel.com\/fr\/collaborateurs-numeriques-jean-francois-brebion\/#breadcrumb\"},\"inLanguage\":\"fr-FR\",\"potentialAction\":[{\"@type\":\"ReadAction\",\"target\":[\"https:\/\/www.codeuniversel.com\/fr\/collaborateurs-numeriques-jean-francois-brebion\/\"]}]},{\"@type\":\"BreadcrumbList\",\"@id\":\"https:\/\/www.codeuniversel.com\/fr\/collaborateurs-numeriques-jean-francois-brebion\/#breadcrumb\",\"itemListElement\":[{\"@type\":\"ListItem\",\"position\":1,\"name\":\"Accueil\",\"item\":\"https:\/\/www.codeuniversel.com\/fr\/\"},{\"@type\":\"ListItem\",\"position\":2,\"name\":\"Collaborateurs num\u00e9riques : Jean-Fran\u00e7ois Brebion\"}]},{\"@type\":\"WebSite\",\"@id\":\"https:\/\/www.codeuniversel.com\/fr\/#website\",\"url\":\"https:\/\/www.codeuniversel.com\/fr\/\",\"name\":\"Code Universel\",\"description\":\"\",\"potentialAction\":[{\"@type\":\"SearchAction\",\"target\":{\"@type\":\"EntryPoint\",\"urlTemplate\":\"https:\/\/www.codeuniversel.com\/fr\/?s={search_term_string}\"},\"query-input\":{\"@type\":\"PropertyValueSpecification\",\"valueRequired\":true,\"valueName\":\"search_term_string\"}}],\"inLanguage\":\"fr-FR\"}]}<\/script>\n<!-- \/ Yoast SEO plugin. -->","yoast_head_json":{"title":"Collaborateurs num\u00e9riques : Jean-Fran\u00e7ois Brebion - Code Universel","robots":{"index":"index","follow":"follow","max-snippet":"max-snippet:-1","max-image-preview":"max-image-preview:large","max-video-preview":"max-video-preview:-1"},"canonical":"https:\/\/www.codeuniversel.com\/fr\/collaborateurs-numeriques-jean-francois-brebion\/","og_locale":"fr_FR","og_type":"article","og_title":"Collaborateurs num\u00e9riques : Jean-Fran\u00e7ois Brebion - Code Universel","og_url":"https:\/\/www.codeuniversel.com\/fr\/collaborateurs-numeriques-jean-francois-brebion\/","og_site_name":"Code Universel","article_modified_time":"2021-12-03T17:23:16+00:00","twitter_card":"summary_large_image","twitter_misc":{"Dur\u00e9e de lecture estim\u00e9e":"3 minutes"},"schema":{"@context":"https:\/\/schema.org","@graph":[{"@type":"WebPage","@id":"https:\/\/www.codeuniversel.com\/fr\/collaborateurs-numeriques-jean-francois-brebion\/","url":"https:\/\/www.codeuniversel.com\/fr\/collaborateurs-numeriques-jean-francois-brebion\/","name":"Collaborateurs num\u00e9riques : Jean-Fran\u00e7ois Brebion - Code Universel","isPartOf":{"@id":"https:\/\/www.codeuniversel.com\/fr\/#website"},"datePublished":"2021-08-17T21:07:48+00:00","dateModified":"2021-12-03T17:23:16+00:00","breadcrumb":{"@id":"https:\/\/www.codeuniversel.com\/fr\/collaborateurs-numeriques-jean-francois-brebion\/#breadcrumb"},"inLanguage":"fr-FR","potentialAction":[{"@type":"ReadAction","target":["https:\/\/www.codeuniversel.com\/fr\/collaborateurs-numeriques-jean-francois-brebion\/"]}]},{"@type":"BreadcrumbList","@id":"https:\/\/www.codeuniversel.com\/fr\/collaborateurs-numeriques-jean-francois-brebion\/#breadcrumb","itemListElement":[{"@type":"ListItem","position":1,"name":"Accueil","item":"https:\/\/www.codeuniversel.com\/fr\/"},{"@type":"ListItem","position":2,"name":"Collaborateurs num\u00e9riques : Jean-Fran\u00e7ois Brebion"}]},{"@type":"WebSite","@id":"https:\/\/www.codeuniversel.com\/fr\/#website","url":"https:\/\/www.codeuniversel.com\/fr\/","name":"Code Universel","description":"","potentialAction":[{"@type":"SearchAction","target":{"@type":"EntryPoint","urlTemplate":"https:\/\/www.codeuniversel.com\/fr\/?s={search_term_string}"},"query-input":{"@type":"PropertyValueSpecification","valueRequired":true,"valueName":"search_term_string"}}],"inLanguage":"fr-FR"}]}},"_links":{"self":[{"href":"https:\/\/www.codeuniversel.com\/fr\/wp-json\/wp\/v2\/pages\/3421","targetHints":{"allow":["GET"]}}],"collection":[{"href":"https:\/\/www.codeuniversel.com\/fr\/wp-json\/wp\/v2\/pages"}],"about":[{"href":"https:\/\/www.codeuniversel.com\/fr\/wp-json\/wp\/v2\/types\/page"}],"author":[{"embeddable":true,"href":"https:\/\/www.codeuniversel.com\/fr\/wp-json\/wp\/v2\/users\/4"}],"replies":[{"embeddable":true,"href":"https:\/\/www.codeuniversel.com\/fr\/wp-json\/wp\/v2\/comments?post=3421"}],"version-history":[{"count":5,"href":"https:\/\/www.codeuniversel.com\/fr\/wp-json\/wp\/v2\/pages\/3421\/revisions"}],"predecessor-version":[{"id":3720,"href":"https:\/\/www.codeuniversel.com\/fr\/wp-json\/wp\/v2\/pages\/3421\/revisions\/3720"}],"wp:attachment":[{"href":"https:\/\/www.codeuniversel.com\/fr\/wp-json\/wp\/v2\/media?parent=3421"}],"curies":[{"name":"wp","href":"https:\/\/api.w.org\/{rel}","templated":true}]}}