{"id":3424,"date":"2021-08-17T17:18:17","date_gmt":"2021-08-17T21:18:17","guid":{"rendered":"https:\/\/www.codeuniversel.com\/fr\/?page_id=3424"},"modified":"2021-10-15T22:38:38","modified_gmt":"2021-10-16T02:38:38","slug":"communication-relations-publiques-jean-paul-guillobel","status":"publish","type":"page","link":"https:\/\/www.codeuniversel.com\/fr\/communication-relations-publiques-jean-paul-guillobel\/","title":{"rendered":"Communication-relations publiques : Jean-Paul Guillobel"},"content":{"rendered":"<div  class=\"fusion-fullwidth fullwidth-box nonhundred-percent-fullwidth\"  style='background-color: rgba(255,255,255,0);background-position: center center;background-repeat: no-repeat;padding-top:20px;padding-right:0px;padding-bottom:20px;padding-left:0px;'><div class=\"fusion-builder-row fusion-row \"><div  class=\"fusion-layout-column fusion_builder_column fusion_builder_column_1_2  fusion-one-half fusion-column-first 1_2\"  style='margin-top:0px;margin-bottom:20px;width:50%;width:calc(50% - ( ( 4% ) * 0.5 ) );margin-right: 4%;'>\n\t\t\t<div class=\"fusion-column-wrapper\"  style=\"background-position:left top;background-repeat:no-repeat;-webkit-background-size:cover;-moz-background-size:cover;-o-background-size:cover;background-size:cover;\"  data-bg-url=\"\">\n\t\t\t\t<div class=\"imageframe-align-center\"><span class=\"fusion-imageframe imageframe-none imageframe-1 hover-type-none\"><img decoding=\"async\" src=\"https:\/\/www.codeuniversel.com\/fr\/wp-content\/uploads\/2021\/08\/Jean-Paul_Guillobel_cre\u0301dits_Jorge_Camarotti-scaled.jpg\" width=\"\" height=\"\" alt=\"\" title=\"\" class=\"img-responsive\"\/><\/span><\/div><div class=\"fusion-clearfix\"><\/div>\n\t\t\t<\/div>\n\t\t<\/div><div  class=\"fusion-layout-column fusion_builder_column fusion_builder_column_1_2  fusion-one-half fusion-column-last 1_2\"  style='margin-top:0px;margin-bottom:20px;width:50%;width:calc(50% - ( ( 4% ) * 0.5 ) );'>\n\t\t\t<div class=\"fusion-column-wrapper\"  style=\"background-position:left top;background-repeat:no-repeat;-webkit-background-size:cover;-moz-background-size:cover;-o-background-size:cover;background-size:cover;\"  data-bg-url=\"\">\n\t\t\t\t<div class=\"fusion-title title fusion-sep-none fusion-title-center fusion-title-size-two\" style=\"margin-top:0px;margin-bottom:31px;\"><h2 class=\"title-heading-center\"><h2 style=\"text-align: center;\"><span style=\"color: #e10707;\">Jean-Paul Guillobel<\/span><\/h2><\/h2><\/div><p>N\u00e9 en Ha\u00efti, d\u2019une famille aux influences multiculturelles, Jean-Paul Guillobel se consid\u00e8re un citoyen universel.<\/p>\n<p>\u00c0\u00a018 ans, il effectue ses \u00e9tudes universitaires en France, \u00e0 la Vatel International Business School, \u00e9cole de commerce tr\u00e8s c\u00f4t\u00e9e. Sa formation lui permet de parfaire ses connaissances en marketing h\u00f4telier dans les d\u00e9partements marketing de cha\u00eenes et multinationales h\u00f4teli\u00e8res, en Belgique et en R\u00e9publique Dominicaine.<\/p>\n<p>De retour en Ha\u00efti en 2010, tr\u00e8s vite, il se d\u00e9marque par ses id\u00e9es novatrices en tant que consultant en marketing cr\u00e9atif et num\u00e9rique. Il cofonde un groupe entrepreneurial aidant des jeunes ayant des id\u00e9es porteuses, \u00e0 les r\u00e9aliser.<\/p>\n<p>La complexit\u00e9 de vie en Ha\u00efti, le pousse \u00e0 s\u2019\u00e9tablir au Canada en 2018. Il a progressivement la chance de prouver ses comp\u00e9tences, en tant qu&rsquo;assistant de direction num\u00e9rique pour une multinationale de la beaut\u00e9 \u00e0 Montr\u00e9al, et en tant que charg\u00e9 des communications pour un groupe d\u2019entreprises technologiques \u00e0 Qu\u00e9bec.<\/p>\n<p>Passionn\u00e9 de la langue fran\u00e7aise, de la recherche des mots justes, et de la communication strat\u00e9gique, il suit en 2020\/2021 des cours de relations publiques cibl\u00e9s, \u00e0 l\u2019Universit\u00e9 Laval, dans le but de lancer son agence de communication et relations publiques au Qu\u00e9bec.<\/p>\n<p>C\u2019est donc en 2021, en pleine pand\u00e9mie, qu\u2019il d\u00e9cide de lancer son agence de communication et relations publiques,\u00a0<strong><a href=\"https:\/\/guillobelcommunication.com\/\" target=\"_blank\" rel=\"noopener noreferrer\">Guillobel Communication-Strat\u00e9gies<\/a><\/strong>, une agence aidant les PME, les entrepreneurs, les OBNL, et les personnalit\u00e9s publiques \u00e0 mieux communiquer et se repr\u00e9senter dans le grand virage num\u00e9rique que nous vivons pr\u00e9sentement.<\/p>\n<p>\u00a9 photo : ???<\/p>\n<p>Pour contacter l\u2019agence :\u00a0<a href=\"mailto:hello@guillobelcommunication.com\"><strong>hello@guillobelcommunication.com<\/strong><\/a><\/p>\n<div class=\"fusion-clearfix\"><\/div>\n\t\t\t<\/div>\n\t\t<\/div><\/div><\/div>\n","protected":false},"excerpt":{"rendered":"","protected":false},"author":4,"featured_media":0,"parent":0,"menu_order":0,"comment_status":"closed","ping_status":"closed","template":"","meta":{"_monsterinsights_skip_tracking":false,"_monsterinsights_sitenote_active":false,"_monsterinsights_sitenote_note":"","_monsterinsights_sitenote_category":0,"footnotes":""},"class_list":["post-3424","page","type-page","status-publish","hentry"],"yoast_head":"<!-- This site is optimized with the Yoast SEO plugin v24.9 - https:\/\/yoast.com\/wordpress\/plugins\/seo\/ -->\n<title>Communication-relations publiques : Jean-Paul Guillobel - Code Universel<\/title>\n<meta name=\"robots\" content=\"index, follow, max-snippet:-1, max-image-preview:large, max-video-preview:-1\" \/>\n<link rel=\"canonical\" href=\"https:\/\/www.codeuniversel.com\/fr\/communication-relations-publiques-jean-paul-guillobel\/\" \/>\n<meta property=\"og:locale\" content=\"fr_FR\" \/>\n<meta property=\"og:type\" content=\"article\" \/>\n<meta property=\"og:title\" content=\"Communication-relations publiques : Jean-Paul Guillobel - Code Universel\" \/>\n<meta property=\"og:url\" content=\"https:\/\/www.codeuniversel.com\/fr\/communication-relations-publiques-jean-paul-guillobel\/\" \/>\n<meta property=\"og:site_name\" content=\"Code Universel\" \/>\n<meta property=\"article:modified_time\" content=\"2021-10-16T02:38:38+00:00\" \/>\n<meta name=\"twitter:card\" content=\"summary_large_image\" \/>\n<meta name=\"twitter:label1\" content=\"Dur\u00e9e de lecture estim\u00e9e\" \/>\n\t<meta name=\"twitter:data1\" content=\"3 minutes\" \/>\n<script type=\"application\/ld+json\" class=\"yoast-schema-graph\">{\"@context\":\"https:\/\/schema.org\",\"@graph\":[{\"@type\":\"WebPage\",\"@id\":\"https:\/\/www.codeuniversel.com\/fr\/communication-relations-publiques-jean-paul-guillobel\/\",\"url\":\"https:\/\/www.codeuniversel.com\/fr\/communication-relations-publiques-jean-paul-guillobel\/\",\"name\":\"Communication-relations publiques : Jean-Paul Guillobel - Code Universel\",\"isPartOf\":{\"@id\":\"https:\/\/www.codeuniversel.com\/fr\/#website\"},\"datePublished\":\"2021-08-17T21:18:17+00:00\",\"dateModified\":\"2021-10-16T02:38:38+00:00\",\"breadcrumb\":{\"@id\":\"https:\/\/www.codeuniversel.com\/fr\/communication-relations-publiques-jean-paul-guillobel\/#breadcrumb\"},\"inLanguage\":\"fr-FR\",\"potentialAction\":[{\"@type\":\"ReadAction\",\"target\":[\"https:\/\/www.codeuniversel.com\/fr\/communication-relations-publiques-jean-paul-guillobel\/\"]}]},{\"@type\":\"BreadcrumbList\",\"@id\":\"https:\/\/www.codeuniversel.com\/fr\/communication-relations-publiques-jean-paul-guillobel\/#breadcrumb\",\"itemListElement\":[{\"@type\":\"ListItem\",\"position\":1,\"name\":\"Accueil\",\"item\":\"https:\/\/www.codeuniversel.com\/fr\/\"},{\"@type\":\"ListItem\",\"position\":2,\"name\":\"Communication-relations publiques : Jean-Paul Guillobel\"}]},{\"@type\":\"WebSite\",\"@id\":\"https:\/\/www.codeuniversel.com\/fr\/#website\",\"url\":\"https:\/\/www.codeuniversel.com\/fr\/\",\"name\":\"Code Universel\",\"description\":\"\",\"potentialAction\":[{\"@type\":\"SearchAction\",\"target\":{\"@type\":\"EntryPoint\",\"urlTemplate\":\"https:\/\/www.codeuniversel.com\/fr\/?s={search_term_string}\"},\"query-input\":{\"@type\":\"PropertyValueSpecification\",\"valueRequired\":true,\"valueName\":\"search_term_string\"}}],\"inLanguage\":\"fr-FR\"}]}<\/script>\n<!-- \/ Yoast SEO plugin. -->","yoast_head_json":{"title":"Communication-relations publiques : Jean-Paul Guillobel - Code Universel","robots":{"index":"index","follow":"follow","max-snippet":"max-snippet:-1","max-image-preview":"max-image-preview:large","max-video-preview":"max-video-preview:-1"},"canonical":"https:\/\/www.codeuniversel.com\/fr\/communication-relations-publiques-jean-paul-guillobel\/","og_locale":"fr_FR","og_type":"article","og_title":"Communication-relations publiques : Jean-Paul Guillobel - Code Universel","og_url":"https:\/\/www.codeuniversel.com\/fr\/communication-relations-publiques-jean-paul-guillobel\/","og_site_name":"Code Universel","article_modified_time":"2021-10-16T02:38:38+00:00","twitter_card":"summary_large_image","twitter_misc":{"Dur\u00e9e de lecture estim\u00e9e":"3 minutes"},"schema":{"@context":"https:\/\/schema.org","@graph":[{"@type":"WebPage","@id":"https:\/\/www.codeuniversel.com\/fr\/communication-relations-publiques-jean-paul-guillobel\/","url":"https:\/\/www.codeuniversel.com\/fr\/communication-relations-publiques-jean-paul-guillobel\/","name":"Communication-relations publiques : Jean-Paul Guillobel - Code Universel","isPartOf":{"@id":"https:\/\/www.codeuniversel.com\/fr\/#website"},"datePublished":"2021-08-17T21:18:17+00:00","dateModified":"2021-10-16T02:38:38+00:00","breadcrumb":{"@id":"https:\/\/www.codeuniversel.com\/fr\/communication-relations-publiques-jean-paul-guillobel\/#breadcrumb"},"inLanguage":"fr-FR","potentialAction":[{"@type":"ReadAction","target":["https:\/\/www.codeuniversel.com\/fr\/communication-relations-publiques-jean-paul-guillobel\/"]}]},{"@type":"BreadcrumbList","@id":"https:\/\/www.codeuniversel.com\/fr\/communication-relations-publiques-jean-paul-guillobel\/#breadcrumb","itemListElement":[{"@type":"ListItem","position":1,"name":"Accueil","item":"https:\/\/www.codeuniversel.com\/fr\/"},{"@type":"ListItem","position":2,"name":"Communication-relations publiques : Jean-Paul Guillobel"}]},{"@type":"WebSite","@id":"https:\/\/www.codeuniversel.com\/fr\/#website","url":"https:\/\/www.codeuniversel.com\/fr\/","name":"Code Universel","description":"","potentialAction":[{"@type":"SearchAction","target":{"@type":"EntryPoint","urlTemplate":"https:\/\/www.codeuniversel.com\/fr\/?s={search_term_string}"},"query-input":{"@type":"PropertyValueSpecification","valueRequired":true,"valueName":"search_term_string"}}],"inLanguage":"fr-FR"}]}},"_links":{"self":[{"href":"https:\/\/www.codeuniversel.com\/fr\/wp-json\/wp\/v2\/pages\/3424","targetHints":{"allow":["GET"]}}],"collection":[{"href":"https:\/\/www.codeuniversel.com\/fr\/wp-json\/wp\/v2\/pages"}],"about":[{"href":"https:\/\/www.codeuniversel.com\/fr\/wp-json\/wp\/v2\/types\/page"}],"author":[{"embeddable":true,"href":"https:\/\/www.codeuniversel.com\/fr\/wp-json\/wp\/v2\/users\/4"}],"replies":[{"embeddable":true,"href":"https:\/\/www.codeuniversel.com\/fr\/wp-json\/wp\/v2\/comments?post=3424"}],"version-history":[{"count":6,"href":"https:\/\/www.codeuniversel.com\/fr\/wp-json\/wp\/v2\/pages\/3424\/revisions"}],"predecessor-version":[{"id":3676,"href":"https:\/\/www.codeuniversel.com\/fr\/wp-json\/wp\/v2\/pages\/3424\/revisions\/3676"}],"wp:attachment":[{"href":"https:\/\/www.codeuniversel.com\/fr\/wp-json\/wp\/v2\/media?parent=3424"}],"curies":[{"name":"wp","href":"https:\/\/api.w.org\/{rel}","templated":true}]}}