{"id":3435,"date":"2021-11-25T17:31:55","date_gmt":"2021-11-25T22:31:55","guid":{"rendered":"https:\/\/www.codeuniversel.com\/fr\/?page_id=3435"},"modified":"2021-11-25T17:31:46","modified_gmt":"2021-11-25T22:31:46","slug":"collaborateurs-artistiques-marjorie-audet","status":"publish","type":"page","link":"https:\/\/www.codeuniversel.com\/fr\/collaborateurs-artistiques-marjorie-audet\/","title":{"rendered":"Collaborateurs artistiques: Marjorie Audet"},"content":{"rendered":"<div  class=\"fusion-fullwidth fullwidth-box nonhundred-percent-fullwidth\"  style='background-color: rgba(255,255,255,0);background-position: center center;background-repeat: no-repeat;padding-top:20px;padding-right:0px;padding-bottom:20px;padding-left:0px;'><div class=\"fusion-builder-row fusion-row \"><div  class=\"fusion-layout-column fusion_builder_column fusion_builder_column_1_2  fusion-one-half fusion-column-first 1_2\"  style='margin-top:0px;margin-bottom:20px;width:50%;width:calc(50% - ( ( 4% ) * 0.5 ) );margin-right: 4%;'>\n\t\t\t<div class=\"fusion-column-wrapper\"  style=\"background-position:left top;background-repeat:no-repeat;-webkit-background-size:cover;-moz-background-size:cover;-o-background-size:cover;background-size:cover;\"  data-bg-url=\"\">\n\t\t\t\t<div class=\"imageframe-align-center\"><span class=\"fusion-imageframe imageframe-none imageframe-1 hover-type-none\"><img decoding=\"async\" src=\"https:\/\/www.codeuniversel.com\/fr\/wp-content\/uploads\/2021\/08\/Marjorie-Audet_Cre\u0301dit_Emilie-Dumais.jpg\" width=\"\" height=\"\" alt=\"\" title=\"\" class=\"img-responsive\"\/><\/span><\/div><div class=\"fusion-clearfix\"><\/div>\n\t\t\t<\/div>\n\t\t<\/div><div  class=\"fusion-layout-column fusion_builder_column fusion_builder_column_1_2  fusion-one-half fusion-column-last 1_2\"  style='margin-top:0px;margin-bottom:20px;width:50%;width:calc(50% - ( ( 4% ) * 0.5 ) );'>\n\t\t\t<div class=\"fusion-column-wrapper\"  style=\"background-position:left top;background-repeat:no-repeat;-webkit-background-size:cover;-moz-background-size:cover;-o-background-size:cover;background-size:cover;\"  data-bg-url=\"\">\n\t\t\t\t<div class=\"fusion-title title fusion-sep-none fusion-title-center fusion-title-size-two\" style=\"margin-top:0px;margin-bottom:31px;\"><h2 class=\"title-heading-center\"><h2 style=\"text-align: center;\"><span style=\"color: #e10707;\">Marjorie Audet<\/span><\/h2><\/h2><\/div><p>D\u00e8s sa sortie de l\u2019\u00c9cole nationale de th\u00e9\u00e2tre du Canada en 2009, c\u2019est \u00e0 travers le th\u00e9\u00e2tre musical\u00a0<a href=\"https:\/\/www.youtube.com\/watch?v=wXyGNh1bbew\"><strong><em>Les Baronettes<\/em><\/strong><\/a><em>\u00a0<\/em>(2010-2017) que Marjorie fait ses premiers pas comme interpr\u00e8te et aussi comme organisatrice culturelle. Elle incarne aussi plusieurs r\u00f4les \u00e0 titre d\u2019interpr\u00e8te dans\u00a0<em>Couple<\/em>,\u00a0<em>Le Bras Canadien,<\/em>\u00a0<em>123e Rue,<\/em>\u00a0<em>Qu\u00e9bec<\/em><em>\u2009?&#8230;Rapport<\/em><em>\u2009!, Grand Jet\u00e9 d\u2019encre, ELLE(S),<\/em> <em>Courtepointe<\/em>,\u00a0<em>Je me soul\u00e8ve\u00a0<\/em>et\u00a0<em>Es-tu l\u00e0 m\u00eame si t\u2019es pas l\u00e0?<\/em><\/p>\n<p>Depuis son arriv\u00e9e \u00e0 Qu\u00e9bec en 2011, Marjorie multiplie les exp\u00e9riences en m\u00e9diation culturelle, recherche et cr\u00e9ation plus particuli\u00e8rement au Th\u00e9\u00e2tre jeunesse Les Gros Becs (ateliers pour les enfants de 5 \u00e0 12 ans), au Trident (Les \u00c9tincelles), au Gros M\u00e9cano (Courtepointe) et \u00e0 Code Universel (<a href=\"https:\/\/www.codeuniversel.com\/fr\/veillees\/\"><strong><em>Les Veill\u00e9es<\/em><\/strong><\/a>). De 2015 \u00e0 2019, elle m\u00e8ne le projet\u00a0<strong><em><a href=\"https:\/\/www.facebook.com\/watch\/?v=3227326380640806\">Les Arts et les tout-petits<\/a>\u00a0<\/em><\/strong>o\u00f9 elle d\u00e9veloppe son expertise aupr\u00e8s de la petite enfance en \u00e9troite collaboration avec La Passerelle De Rixheim en Alsace. De 2017 \u00e0 2019, elle devient charg\u00e9e de projet petite enfance au Th\u00e9\u00e2tre Jeunesse Les Gros Becs.<\/p>\n<p>Depuis 2020, avec <strong>La Chipie<\/strong>, elle cr\u00e9e le projet\u00a0<strong><em>\u00c9toile<\/em><\/strong> et offre des rencontres art-philo (3-17 ans) dans les lieux de vie des jeunes. De ces rencontres \u00e9merge<em>\u00a0Chemin d\u2019\u00e9toiles<\/em>, une \u0153uvre artistique et philosophique qui s&rsquo;adresse aux enfants \u00e0 partir de 3 ans et\u00a0<em>T\u2019es o\u00f9 quand t\u2019es pas l\u00e0?\u00a0<\/em>trois \u0153uvres multidisciplinaires qui seront pr\u00e9sent\u00e9es dans les lieux de vies d\u2019enfants \u00e2g\u00e9s entre 3 mois et 5 ans. De plus, elle est invit\u00e9e par le Th\u00e9\u00e2tre du Gros M\u00e9cano, \u00e0 titre de codirectrice artistique, avec Carol Cassistat sur le projet <a href=\"http:\/\/grosmecano.ca\/fr\/affiche\/mouvance-bulles-theatrales\"><strong><em>Mouvance<\/em><\/strong><\/a> o\u00f9 elle coordonne la cr\u00e9ation de 9 bulles th\u00e9\u00e2trales pour petits et grands. Cette invitation confirme la grande connexion humaine et artistique entre Carol Cassistat et Marjorie puisqu\u2019en 2021, elle devient l\u2019alli\u00e9e de Carol en tant que co-directrice artistique du Th\u00e9\u00e2tre du Gros M\u00e9cano.<\/p>\n<p>\u00a9 photo : Emilie Dumais<\/p>\n<div class=\"fusion-clearfix\"><\/div>\n\t\t\t<\/div>\n\t\t<\/div><\/div><\/div>\n","protected":false},"excerpt":{"rendered":"","protected":false},"author":4,"featured_media":0,"parent":0,"menu_order":0,"comment_status":"closed","ping_status":"closed","template":"","meta":{"_monsterinsights_skip_tracking":false,"_monsterinsights_sitenote_active":false,"_monsterinsights_sitenote_note":"","_monsterinsights_sitenote_category":0,"footnotes":""},"class_list":["post-3435","page","type-page","status-publish","hentry"],"yoast_head":"<!-- This site is optimized with the Yoast SEO plugin v24.9 - https:\/\/yoast.com\/wordpress\/plugins\/seo\/ -->\n<title>Collaborateurs artistiques: Marjorie Audet - Code Universel<\/title>\n<meta name=\"robots\" content=\"index, follow, max-snippet:-1, max-image-preview:large, max-video-preview:-1\" \/>\n<link rel=\"canonical\" href=\"https:\/\/www.codeuniversel.com\/fr\/collaborateurs-artistiques-marjorie-audet\/\" \/>\n<meta property=\"og:locale\" content=\"fr_FR\" \/>\n<meta property=\"og:type\" content=\"article\" \/>\n<meta property=\"og:title\" content=\"Collaborateurs artistiques: Marjorie Audet - Code Universel\" \/>\n<meta property=\"og:url\" content=\"https:\/\/www.codeuniversel.com\/fr\/collaborateurs-artistiques-marjorie-audet\/\" \/>\n<meta property=\"og:site_name\" content=\"Code Universel\" \/>\n<meta name=\"twitter:card\" content=\"summary_large_image\" \/>\n<meta name=\"twitter:label1\" content=\"Dur\u00e9e de lecture estim\u00e9e\" \/>\n\t<meta name=\"twitter:data1\" content=\"3 minutes\" \/>\n<script type=\"application\/ld+json\" class=\"yoast-schema-graph\">{\"@context\":\"https:\/\/schema.org\",\"@graph\":[{\"@type\":\"WebPage\",\"@id\":\"https:\/\/www.codeuniversel.com\/fr\/collaborateurs-artistiques-marjorie-audet\/\",\"url\":\"https:\/\/www.codeuniversel.com\/fr\/collaborateurs-artistiques-marjorie-audet\/\",\"name\":\"Collaborateurs artistiques: Marjorie Audet - Code Universel\",\"isPartOf\":{\"@id\":\"https:\/\/www.codeuniversel.com\/fr\/#website\"},\"datePublished\":\"2021-11-25T22:31:55+00:00\",\"breadcrumb\":{\"@id\":\"https:\/\/www.codeuniversel.com\/fr\/collaborateurs-artistiques-marjorie-audet\/#breadcrumb\"},\"inLanguage\":\"fr-FR\",\"potentialAction\":[{\"@type\":\"ReadAction\",\"target\":[\"https:\/\/www.codeuniversel.com\/fr\/collaborateurs-artistiques-marjorie-audet\/\"]}]},{\"@type\":\"BreadcrumbList\",\"@id\":\"https:\/\/www.codeuniversel.com\/fr\/collaborateurs-artistiques-marjorie-audet\/#breadcrumb\",\"itemListElement\":[{\"@type\":\"ListItem\",\"position\":1,\"name\":\"Accueil\",\"item\":\"https:\/\/www.codeuniversel.com\/fr\/\"},{\"@type\":\"ListItem\",\"position\":2,\"name\":\"Collaborateurs artistiques: Marjorie Audet\"}]},{\"@type\":\"WebSite\",\"@id\":\"https:\/\/www.codeuniversel.com\/fr\/#website\",\"url\":\"https:\/\/www.codeuniversel.com\/fr\/\",\"name\":\"Code Universel\",\"description\":\"\",\"potentialAction\":[{\"@type\":\"SearchAction\",\"target\":{\"@type\":\"EntryPoint\",\"urlTemplate\":\"https:\/\/www.codeuniversel.com\/fr\/?s={search_term_string}\"},\"query-input\":{\"@type\":\"PropertyValueSpecification\",\"valueRequired\":true,\"valueName\":\"search_term_string\"}}],\"inLanguage\":\"fr-FR\"}]}<\/script>\n<!-- \/ Yoast SEO plugin. -->","yoast_head_json":{"title":"Collaborateurs artistiques: Marjorie Audet - Code Universel","robots":{"index":"index","follow":"follow","max-snippet":"max-snippet:-1","max-image-preview":"max-image-preview:large","max-video-preview":"max-video-preview:-1"},"canonical":"https:\/\/www.codeuniversel.com\/fr\/collaborateurs-artistiques-marjorie-audet\/","og_locale":"fr_FR","og_type":"article","og_title":"Collaborateurs artistiques: Marjorie Audet - Code Universel","og_url":"https:\/\/www.codeuniversel.com\/fr\/collaborateurs-artistiques-marjorie-audet\/","og_site_name":"Code Universel","twitter_card":"summary_large_image","twitter_misc":{"Dur\u00e9e de lecture estim\u00e9e":"3 minutes"},"schema":{"@context":"https:\/\/schema.org","@graph":[{"@type":"WebPage","@id":"https:\/\/www.codeuniversel.com\/fr\/collaborateurs-artistiques-marjorie-audet\/","url":"https:\/\/www.codeuniversel.com\/fr\/collaborateurs-artistiques-marjorie-audet\/","name":"Collaborateurs artistiques: Marjorie Audet - Code Universel","isPartOf":{"@id":"https:\/\/www.codeuniversel.com\/fr\/#website"},"datePublished":"2021-11-25T22:31:55+00:00","breadcrumb":{"@id":"https:\/\/www.codeuniversel.com\/fr\/collaborateurs-artistiques-marjorie-audet\/#breadcrumb"},"inLanguage":"fr-FR","potentialAction":[{"@type":"ReadAction","target":["https:\/\/www.codeuniversel.com\/fr\/collaborateurs-artistiques-marjorie-audet\/"]}]},{"@type":"BreadcrumbList","@id":"https:\/\/www.codeuniversel.com\/fr\/collaborateurs-artistiques-marjorie-audet\/#breadcrumb","itemListElement":[{"@type":"ListItem","position":1,"name":"Accueil","item":"https:\/\/www.codeuniversel.com\/fr\/"},{"@type":"ListItem","position":2,"name":"Collaborateurs artistiques: Marjorie Audet"}]},{"@type":"WebSite","@id":"https:\/\/www.codeuniversel.com\/fr\/#website","url":"https:\/\/www.codeuniversel.com\/fr\/","name":"Code Universel","description":"","potentialAction":[{"@type":"SearchAction","target":{"@type":"EntryPoint","urlTemplate":"https:\/\/www.codeuniversel.com\/fr\/?s={search_term_string}"},"query-input":{"@type":"PropertyValueSpecification","valueRequired":true,"valueName":"search_term_string"}}],"inLanguage":"fr-FR"}]}},"_links":{"self":[{"href":"https:\/\/www.codeuniversel.com\/fr\/wp-json\/wp\/v2\/pages\/3435","targetHints":{"allow":["GET"]}}],"collection":[{"href":"https:\/\/www.codeuniversel.com\/fr\/wp-json\/wp\/v2\/pages"}],"about":[{"href":"https:\/\/www.codeuniversel.com\/fr\/wp-json\/wp\/v2\/types\/page"}],"author":[{"embeddable":true,"href":"https:\/\/www.codeuniversel.com\/fr\/wp-json\/wp\/v2\/users\/4"}],"replies":[{"embeddable":true,"href":"https:\/\/www.codeuniversel.com\/fr\/wp-json\/wp\/v2\/comments?post=3435"}],"version-history":[{"count":5,"href":"https:\/\/www.codeuniversel.com\/fr\/wp-json\/wp\/v2\/pages\/3435\/revisions"}],"predecessor-version":[{"id":3716,"href":"https:\/\/www.codeuniversel.com\/fr\/wp-json\/wp\/v2\/pages\/3435\/revisions\/3716"}],"wp:attachment":[{"href":"https:\/\/www.codeuniversel.com\/fr\/wp-json\/wp\/v2\/media?parent=3435"}],"curies":[{"name":"wp","href":"https:\/\/api.w.org\/{rel}","templated":true}]}}