{"id":3438,"date":"2021-08-17T17:36:20","date_gmt":"2021-08-17T21:36:20","guid":{"rendered":"https:\/\/www.codeuniversel.com\/fr\/?page_id=3438"},"modified":"2021-10-15T22:43:48","modified_gmt":"2021-10-16T02:43:48","slug":"collaborateurs-artistiques-pierre-robitaille","status":"publish","type":"page","link":"https:\/\/www.codeuniversel.com\/fr\/collaborateurs-artistiques-pierre-robitaille\/","title":{"rendered":"Collaborateurs artistiques : Pierre Robitaille"},"content":{"rendered":"<div  class=\"fusion-fullwidth fullwidth-box nonhundred-percent-fullwidth\"  style='background-color: rgba(255,255,255,0);background-position: center center;background-repeat: no-repeat;padding-top:20px;padding-right:0px;padding-bottom:20px;padding-left:0px;'><div class=\"fusion-builder-row fusion-row \"><div  class=\"fusion-layout-column fusion_builder_column fusion_builder_column_1_2  fusion-one-half fusion-column-first 1_2\"  style='margin-top:0px;margin-bottom:20px;width:50%;width:calc(50% - ( ( 4% ) * 0.5 ) );margin-right: 4%;'>\n\t\t\t<div class=\"fusion-column-wrapper\"  style=\"background-position:left top;background-repeat:no-repeat;-webkit-background-size:cover;-moz-background-size:cover;-o-background-size:cover;background-size:cover;\"  data-bg-url=\"\">\n\t\t\t\t<div class=\"imageframe-align-center\"><span class=\"fusion-imageframe imageframe-none imageframe-1 hover-type-none\"><img decoding=\"async\" src=\"https:\/\/www.codeuniversel.com\/fr\/wp-content\/uploads\/2021\/08\/Pierre_Robitaille_credits_E\u0301lias-Djemil-Matasov.png\" width=\"\" height=\"\" alt=\"\" title=\"\" class=\"img-responsive\"\/><\/span><\/div><div class=\"fusion-clearfix\"><\/div>\n\t\t\t<\/div>\n\t\t<\/div><div  class=\"fusion-layout-column fusion_builder_column fusion_builder_column_1_2  fusion-one-half fusion-column-last 1_2\"  style='margin-top:0px;margin-bottom:20px;width:50%;width:calc(50% - ( ( 4% ) * 0.5 ) );'>\n\t\t\t<div class=\"fusion-column-wrapper\"  style=\"background-position:left top;background-repeat:no-repeat;-webkit-background-size:cover;-moz-background-size:cover;-o-background-size:cover;background-size:cover;\"  data-bg-url=\"\">\n\t\t\t\t<div class=\"fusion-title title fusion-sep-none fusion-title-center fusion-title-size-two\" style=\"margin-top:0px;margin-bottom:31px;\"><h2 class=\"title-heading-center\"><h2 style=\"text-align: center;\"><span style=\"color: #e10707;\">Pierre Robitaille<\/span><\/h2><\/h2><\/div><p>Pierre Robitaille est inextriquablement associ\u00e9 \u00e0 la marionnette depuis plus de 40 ans\u00a0; il a pr\u00eat\u00e9 vie \u00e0 ses pantins et ses fantoches sur toutes les sc\u00e8nes\u00a0: le cirque, la danse, la t\u00e9l\u00e9vision, les arts visuels et le th\u00e9\u00e2tre ont re\u00e7u la visite de ses personnages parfois r\u00e9solument grotesques et bigarr\u00e9s, parfois d\u00e9licats et tout en finesse mais toujours porteurs de joie et d\u2019une profonde humanit\u00e9. Chantre de la marionnette pour adultes depuis toujours avec sa compagnie Pupulus Mordicus dont il est directeur artistique, il collabore r\u00e9guli\u00e8rement avec des compagnies de tous horizons. R\u00e9cipiendaire de nombreux prix et ayant particip\u00e9 \u00e0 de nombreuses productions marquantes, il a sans nul doute marqu\u00e9 le paysage de la marionnette pour adultes au Canada-Fran\u00e7ais en ayant contribu\u00e9 \u00e0 la pr\u00e9sence maintenant affirm\u00e9e de celle-ci dans le paysage th\u00e9\u00e2tral d\u2019ici.<\/p>\n<p>Il est cr\u00e9ateur des marionnettes du P\u00e9riple, de L\u2019\u00c9crit de cette derni\u00e8re compagnie ainsi que de celles de Jacques et son ma\u00eetre, de Cabaret Gainsbourg et de M\u00e9phisto-M\u00e9li\u00e8s de Pupulus Mordicus de m\u00eame que celles de La face Cach\u00e9e de la lune de Robert Lepage, entre autres. Com\u00e9dien-manipulateur, concepteur de marionnettes, id\u00e9ateur de spectacle, formateur bref rien ne l\u2019arr\u00eate pour servir sa compagne articul\u00e9e\u2026<\/p>\n<p>R\u00e9cipiendaire de nombreux prix et ayant particip\u00e9 \u00e0 de nombreuses productions marquantes, il a sans nul doute marqu\u00e9 le paysage de la marionnette pour adultes au Canada-Fran\u00e7ais en ayant contribu\u00e9 \u00e0 la pr\u00e9sence maintenant affirm\u00e9e de celle-ci dans le paysage th\u00e9\u00e2tral d\u2019ici.<\/p>\n<p>Il a con\u00e7u le tableau \u00abMachineries\u00bb pour le parcours <em>O\u00f9 tu vas quand tu dors en marchant\u2026\u00a0?<\/em> du Carrefour international de th\u00e9\u00e2tre de Qu\u00e9bec, \u00e9ditions 15 et 16. Un all\u00e9gorie post-industrielle inspir\u00e9e des \u0153uvres de 1984 de Georges Orwell et M\u00e9tropolis de Fritz Lang Pour ensuite se frotter aux univers de Georges M\u00e9li\u00e8s et Don Quichotte de la Mancha. Il vient de co-signer avec Jasmine Dub\u00e9, du Th\u00e9\u00e2tre Bouches D\u00e9cousues, la mise en sc\u00e8ne de Lascaux\u00a0; conte po\u00e9tique \u00abrupestre\u00bb\u2026 Et l\u2019\u00e9t\u00e9 2019, il s\u2019est frott\u00e9 \u00e0 l\u2019univers du Land-art en cr\u00e9ant une sculpture-marionnette g\u00e9ante confectionn\u00e9e de branchage et suspendue sous un pont. Un \u00e9v\u00e9nement po\u00e9tico-th\u00e9\u00e2tral a marqu\u00e9 son installation. Manipul\u00e9e pendant trois mois par le vent et le courant de la rivi\u00e8re, le Meunier se repose maintenant dans la for\u00eat derri\u00e8re son moulin\u2026<\/p>\n<p>\u00a9 photo : ???<\/p>\n<div class=\"fusion-clearfix\"><\/div>\n\t\t\t<\/div>\n\t\t<\/div><\/div><\/div>\n","protected":false},"excerpt":{"rendered":"","protected":false},"author":4,"featured_media":0,"parent":0,"menu_order":0,"comment_status":"closed","ping_status":"closed","template":"","meta":{"_monsterinsights_skip_tracking":false,"_monsterinsights_sitenote_active":false,"_monsterinsights_sitenote_note":"","_monsterinsights_sitenote_category":0,"footnotes":""},"class_list":["post-3438","page","type-page","status-publish","hentry"],"yoast_head":"<!-- This site is optimized with the Yoast SEO plugin v24.9 - https:\/\/yoast.com\/wordpress\/plugins\/seo\/ -->\n<title>Collaborateurs artistiques : Pierre Robitaille - Code Universel<\/title>\n<meta name=\"robots\" content=\"index, follow, max-snippet:-1, max-image-preview:large, max-video-preview:-1\" \/>\n<link rel=\"canonical\" href=\"https:\/\/www.codeuniversel.com\/fr\/collaborateurs-artistiques-pierre-robitaille\/\" \/>\n<meta property=\"og:locale\" content=\"fr_FR\" \/>\n<meta property=\"og:type\" content=\"article\" \/>\n<meta property=\"og:title\" content=\"Collaborateurs artistiques : Pierre Robitaille - Code Universel\" \/>\n<meta property=\"og:url\" content=\"https:\/\/www.codeuniversel.com\/fr\/collaborateurs-artistiques-pierre-robitaille\/\" \/>\n<meta property=\"og:site_name\" content=\"Code Universel\" \/>\n<meta property=\"article:modified_time\" content=\"2021-10-16T02:43:48+00:00\" \/>\n<meta name=\"twitter:card\" content=\"summary_large_image\" \/>\n<meta name=\"twitter:label1\" content=\"Dur\u00e9e de lecture estim\u00e9e\" \/>\n\t<meta name=\"twitter:data1\" content=\"4 minutes\" \/>\n<script type=\"application\/ld+json\" class=\"yoast-schema-graph\">{\"@context\":\"https:\/\/schema.org\",\"@graph\":[{\"@type\":\"WebPage\",\"@id\":\"https:\/\/www.codeuniversel.com\/fr\/collaborateurs-artistiques-pierre-robitaille\/\",\"url\":\"https:\/\/www.codeuniversel.com\/fr\/collaborateurs-artistiques-pierre-robitaille\/\",\"name\":\"Collaborateurs artistiques : Pierre Robitaille - Code Universel\",\"isPartOf\":{\"@id\":\"https:\/\/www.codeuniversel.com\/fr\/#website\"},\"datePublished\":\"2021-08-17T21:36:20+00:00\",\"dateModified\":\"2021-10-16T02:43:48+00:00\",\"breadcrumb\":{\"@id\":\"https:\/\/www.codeuniversel.com\/fr\/collaborateurs-artistiques-pierre-robitaille\/#breadcrumb\"},\"inLanguage\":\"fr-FR\",\"potentialAction\":[{\"@type\":\"ReadAction\",\"target\":[\"https:\/\/www.codeuniversel.com\/fr\/collaborateurs-artistiques-pierre-robitaille\/\"]}]},{\"@type\":\"BreadcrumbList\",\"@id\":\"https:\/\/www.codeuniversel.com\/fr\/collaborateurs-artistiques-pierre-robitaille\/#breadcrumb\",\"itemListElement\":[{\"@type\":\"ListItem\",\"position\":1,\"name\":\"Accueil\",\"item\":\"https:\/\/www.codeuniversel.com\/fr\/\"},{\"@type\":\"ListItem\",\"position\":2,\"name\":\"Collaborateurs artistiques : Pierre Robitaille\"}]},{\"@type\":\"WebSite\",\"@id\":\"https:\/\/www.codeuniversel.com\/fr\/#website\",\"url\":\"https:\/\/www.codeuniversel.com\/fr\/\",\"name\":\"Code Universel\",\"description\":\"\",\"potentialAction\":[{\"@type\":\"SearchAction\",\"target\":{\"@type\":\"EntryPoint\",\"urlTemplate\":\"https:\/\/www.codeuniversel.com\/fr\/?s={search_term_string}\"},\"query-input\":{\"@type\":\"PropertyValueSpecification\",\"valueRequired\":true,\"valueName\":\"search_term_string\"}}],\"inLanguage\":\"fr-FR\"}]}<\/script>\n<!-- \/ Yoast SEO plugin. -->","yoast_head_json":{"title":"Collaborateurs artistiques : Pierre Robitaille - Code Universel","robots":{"index":"index","follow":"follow","max-snippet":"max-snippet:-1","max-image-preview":"max-image-preview:large","max-video-preview":"max-video-preview:-1"},"canonical":"https:\/\/www.codeuniversel.com\/fr\/collaborateurs-artistiques-pierre-robitaille\/","og_locale":"fr_FR","og_type":"article","og_title":"Collaborateurs artistiques : Pierre Robitaille - Code Universel","og_url":"https:\/\/www.codeuniversel.com\/fr\/collaborateurs-artistiques-pierre-robitaille\/","og_site_name":"Code Universel","article_modified_time":"2021-10-16T02:43:48+00:00","twitter_card":"summary_large_image","twitter_misc":{"Dur\u00e9e de lecture estim\u00e9e":"4 minutes"},"schema":{"@context":"https:\/\/schema.org","@graph":[{"@type":"WebPage","@id":"https:\/\/www.codeuniversel.com\/fr\/collaborateurs-artistiques-pierre-robitaille\/","url":"https:\/\/www.codeuniversel.com\/fr\/collaborateurs-artistiques-pierre-robitaille\/","name":"Collaborateurs artistiques : Pierre Robitaille - Code Universel","isPartOf":{"@id":"https:\/\/www.codeuniversel.com\/fr\/#website"},"datePublished":"2021-08-17T21:36:20+00:00","dateModified":"2021-10-16T02:43:48+00:00","breadcrumb":{"@id":"https:\/\/www.codeuniversel.com\/fr\/collaborateurs-artistiques-pierre-robitaille\/#breadcrumb"},"inLanguage":"fr-FR","potentialAction":[{"@type":"ReadAction","target":["https:\/\/www.codeuniversel.com\/fr\/collaborateurs-artistiques-pierre-robitaille\/"]}]},{"@type":"BreadcrumbList","@id":"https:\/\/www.codeuniversel.com\/fr\/collaborateurs-artistiques-pierre-robitaille\/#breadcrumb","itemListElement":[{"@type":"ListItem","position":1,"name":"Accueil","item":"https:\/\/www.codeuniversel.com\/fr\/"},{"@type":"ListItem","position":2,"name":"Collaborateurs artistiques : Pierre Robitaille"}]},{"@type":"WebSite","@id":"https:\/\/www.codeuniversel.com\/fr\/#website","url":"https:\/\/www.codeuniversel.com\/fr\/","name":"Code Universel","description":"","potentialAction":[{"@type":"SearchAction","target":{"@type":"EntryPoint","urlTemplate":"https:\/\/www.codeuniversel.com\/fr\/?s={search_term_string}"},"query-input":{"@type":"PropertyValueSpecification","valueRequired":true,"valueName":"search_term_string"}}],"inLanguage":"fr-FR"}]}},"_links":{"self":[{"href":"https:\/\/www.codeuniversel.com\/fr\/wp-json\/wp\/v2\/pages\/3438","targetHints":{"allow":["GET"]}}],"collection":[{"href":"https:\/\/www.codeuniversel.com\/fr\/wp-json\/wp\/v2\/pages"}],"about":[{"href":"https:\/\/www.codeuniversel.com\/fr\/wp-json\/wp\/v2\/types\/page"}],"author":[{"embeddable":true,"href":"https:\/\/www.codeuniversel.com\/fr\/wp-json\/wp\/v2\/users\/4"}],"replies":[{"embeddable":true,"href":"https:\/\/www.codeuniversel.com\/fr\/wp-json\/wp\/v2\/comments?post=3438"}],"version-history":[{"count":2,"href":"https:\/\/www.codeuniversel.com\/fr\/wp-json\/wp\/v2\/pages\/3438\/revisions"}],"predecessor-version":[{"id":3683,"href":"https:\/\/www.codeuniversel.com\/fr\/wp-json\/wp\/v2\/pages\/3438\/revisions\/3683"}],"wp:attachment":[{"href":"https:\/\/www.codeuniversel.com\/fr\/wp-json\/wp\/v2\/media?parent=3438"}],"curies":[{"name":"wp","href":"https:\/\/api.w.org\/{rel}","templated":true}]}}