{"id":3621,"date":"2021-10-15T21:25:34","date_gmt":"2021-10-16T01:25:34","guid":{"rendered":"https:\/\/www.codeuniversel.com\/fr\/?page_id=3621"},"modified":"2021-10-17T21:35:19","modified_gmt":"2021-10-18T01:35:19","slug":"collaborateurs-artistiques-joanne-durocher","status":"publish","type":"page","link":"https:\/\/www.codeuniversel.com\/fr\/collaborateurs-artistiques-joanne-durocher\/","title":{"rendered":"Collaborateurs artistiques : Joanne Durocher"},"content":{"rendered":"<div  class=\"fusion-fullwidth fullwidth-box nonhundred-percent-fullwidth\"  style='background-color: rgba(255,255,255,0);background-position: center center;background-repeat: no-repeat;padding-top:20px;padding-right:0px;padding-bottom:20px;padding-left:0px;'><div class=\"fusion-builder-row fusion-row \"><div  class=\"fusion-layout-column fusion_builder_column fusion_builder_column_1_2  fusion-one-half fusion-column-first 1_2\"  style='margin-top:0px;margin-bottom:20px;width:50%;width:calc(50% - ( ( 4% ) * 0.5 ) );margin-right: 4%;'>\n\t\t\t<div class=\"fusion-column-wrapper\"  style=\"background-position:left top;background-repeat:no-repeat;-webkit-background-size:cover;-moz-background-size:cover;-o-background-size:cover;background-size:cover;\"  data-bg-url=\"\">\n\t\t\t\t<div class=\"imageframe-align-center\"><span class=\"fusion-imageframe imageframe-none imageframe-1 hover-type-none\"><img decoding=\"async\" src=\"https:\/\/www.codeuniversel.com\/fr\/wp-content\/uploads\/2021\/10\/Joanne_Durocher_site.jpg\" width=\"\" height=\"\" alt=\"\" title=\"\" class=\"img-responsive\"\/><\/span><\/div><div class=\"fusion-clearfix\"><\/div>\n\t\t\t<\/div>\n\t\t<\/div><div  class=\"fusion-layout-column fusion_builder_column fusion_builder_column_1_2  fusion-one-half fusion-column-last 1_2\"  style='margin-top:0px;margin-bottom:20px;width:50%;width:calc(50% - ( ( 4% ) * 0.5 ) );'>\n\t\t\t<div class=\"fusion-column-wrapper\"  style=\"background-position:left top;background-repeat:no-repeat;-webkit-background-size:cover;-moz-background-size:cover;-o-background-size:cover;background-size:cover;\"  data-bg-url=\"\">\n\t\t\t\t<div class=\"fusion-title title fusion-sep-none fusion-title-center fusion-title-size-two\" style=\"margin-top:0px;margin-bottom:31px;\"><h2 class=\"title-heading-center\"><h2 style=\"text-align: center;\"><span style=\"color: #e10707;\">Joanne Durocher <\/span><\/h2><\/h2><\/div><p>Originaire d\u2019Abitibi-T\u00e9miscamingue, Joanne Durocher d\u00e9bute l\u2019apprentissage du piano d\u00e8s l\u2019\u00e2ge de 5 ans et de la trompette \u00e0 10 ans. Tout en faisant partie des di\u00acff\u00e9rents ensembles musicaux au secondaire tel que l\u2019harmonie et le Stage Band, Joanne d\u00e9cide de poursuivre ses \u00e9tudes musicales au C\u00e9gep de Ste-Foy puis compl\u00e8te un Baccalaur\u00e9at en enseignement musical \u00e0 l\u2019Universit\u00e9 Laval en 1996. Pendant ses \u00e9tudes, elle enseigne l\u2019\u00e9t\u00e9 dans di\u00acff\u00e9rents camps musicaux : le camp de l\u2019Abitibi-T\u00e9miscamingue, le camp de St-Martin de Beauce et le camp des cadets de la r\u00e9gion de l\u2019est au Mont St-Sacrement. De 1991 \u00e0 2000, Joanne fait de l\u2019enseignement priv\u00e9 du piano \u00e0 domicile et de la trompette dans diff\u00ac\u00e9rentes \u00e9coles de musique : \u00e9cole Jean-de-Br\u00e9beuf, les \u00c9clairs de Qu\u00e9bec, le Petit S\u00e9minaire de Qu\u00e9bec, cliniques musicales pour les Cadets de la r\u00e9gion de Qu\u00e9bec et pour quelques \u00e9coles secondaires de la Rive-Sud. Sa participation dans divers ensembles musicaux et organismes lui permettent d\u2019\u00eatre active dans le milieu musical et municipal : Membre de l\u2019EVPQ (1996-1998), chorale MondySwing (2000-2002), participation musicale pour les messes familiales, pr\u00e9sidente des Tourbillons de Beauport (2009-2011), Harmonie des Cascades (2012). En 1996, elle d\u00e9bute l\u2019enseignement musical \u00e0 la concentration musique de l\u2019\u00e9cole Jean-de-Br\u00e9beuf et assume les cours de trompettes \u00e0 cette \u00e9cole et \u00e0 la Seigneurie. L\u2019ann\u00e9e suivante, elle obtient un contrat d\u2019enseignement au programme de musique de la Seigneurie et y enseigne depuis ce temps. Impliqu\u00e9e dans son \u00e9cole, Joanne Durocher dirige tout d\u2019abord l\u2019harmonie juv\u00e9nile ainsi que les 2 chorales de l\u2019\u00e9cole. Avec l\u2019arriv\u00e9e des \u00e9l\u00e8ves violonistes de l\u2019\u00e9cole primaire St-\u00c9douard, elle forme un orchestre symphonique qu\u2019elle dirige pr\u00e9sentement. Elle assume \u00e9galement la direction de l\u2019harmonie avanc\u00e9e. Dynamique et toujours plein de projets en t\u00eate, elle fait vivre depuis 16 ans toutes sortes d\u2019exp\u00e9riences musicales \u00e0 ses \u00e9l\u00e8ves. Pour en nommer que quelques-unes : concerts conjoints avec les Violons de Roy, concerts de fin d\u2019ann\u00e9e au Palais Montcalm, interpr\u00e9tation de l\u2019hymne nationale aux Remparts, comp\u00e9titions musicales \u00e0 Sherbrooke, Montr\u00e9al, Victoriaville, Boston, Burlington, voyage musical \u00e0 Cuba et \u00e0 Disney, animations musicales dans divers \u00e9v\u00e9nements tel que Bal du maire de Qu\u00e9bec, congr\u00e8s mondial des sports et des loisirs, congr\u00e8s des comit\u00e9s de parents du Qu\u00e9bec avec Gr\u00e9gory Charles et en f\u00e9vrier 2014, concert avec l\u2019OSQ!<\/p>\n<p>\u00a9 photo : Patrice Audet<\/p>\n<div class=\"fusion-clearfix\"><\/div>\n\t\t\t<\/div>\n\t\t<\/div><\/div><\/div>\n","protected":false},"excerpt":{"rendered":"","protected":false},"author":4,"featured_media":0,"parent":0,"menu_order":0,"comment_status":"closed","ping_status":"closed","template":"","meta":{"_monsterinsights_skip_tracking":false,"_monsterinsights_sitenote_active":false,"_monsterinsights_sitenote_note":"","_monsterinsights_sitenote_category":0,"footnotes":""},"class_list":["post-3621","page","type-page","status-publish","hentry"],"yoast_head":"<!-- This site is optimized with the Yoast SEO plugin v24.9 - https:\/\/yoast.com\/wordpress\/plugins\/seo\/ -->\n<title>Collaborateurs artistiques : Joanne Durocher - Code Universel<\/title>\n<meta name=\"robots\" content=\"index, follow, max-snippet:-1, max-image-preview:large, max-video-preview:-1\" \/>\n<link rel=\"canonical\" href=\"https:\/\/www.codeuniversel.com\/fr\/collaborateurs-artistiques-joanne-durocher\/\" \/>\n<meta property=\"og:locale\" content=\"fr_FR\" \/>\n<meta property=\"og:type\" content=\"article\" \/>\n<meta property=\"og:title\" content=\"Collaborateurs artistiques : Joanne Durocher - Code Universel\" \/>\n<meta property=\"og:url\" content=\"https:\/\/www.codeuniversel.com\/fr\/collaborateurs-artistiques-joanne-durocher\/\" \/>\n<meta property=\"og:site_name\" content=\"Code Universel\" \/>\n<meta property=\"article:modified_time\" content=\"2021-10-18T01:35:19+00:00\" \/>\n<meta name=\"twitter:card\" content=\"summary_large_image\" \/>\n<meta name=\"twitter:label1\" content=\"Dur\u00e9e de lecture estim\u00e9e\" \/>\n\t<meta name=\"twitter:data1\" content=\"4 minutes\" \/>\n<script type=\"application\/ld+json\" class=\"yoast-schema-graph\">{\"@context\":\"https:\/\/schema.org\",\"@graph\":[{\"@type\":\"WebPage\",\"@id\":\"https:\/\/www.codeuniversel.com\/fr\/collaborateurs-artistiques-joanne-durocher\/\",\"url\":\"https:\/\/www.codeuniversel.com\/fr\/collaborateurs-artistiques-joanne-durocher\/\",\"name\":\"Collaborateurs artistiques : Joanne Durocher - Code Universel\",\"isPartOf\":{\"@id\":\"https:\/\/www.codeuniversel.com\/fr\/#website\"},\"datePublished\":\"2021-10-16T01:25:34+00:00\",\"dateModified\":\"2021-10-18T01:35:19+00:00\",\"breadcrumb\":{\"@id\":\"https:\/\/www.codeuniversel.com\/fr\/collaborateurs-artistiques-joanne-durocher\/#breadcrumb\"},\"inLanguage\":\"fr-FR\",\"potentialAction\":[{\"@type\":\"ReadAction\",\"target\":[\"https:\/\/www.codeuniversel.com\/fr\/collaborateurs-artistiques-joanne-durocher\/\"]}]},{\"@type\":\"BreadcrumbList\",\"@id\":\"https:\/\/www.codeuniversel.com\/fr\/collaborateurs-artistiques-joanne-durocher\/#breadcrumb\",\"itemListElement\":[{\"@type\":\"ListItem\",\"position\":1,\"name\":\"Accueil\",\"item\":\"https:\/\/www.codeuniversel.com\/fr\/\"},{\"@type\":\"ListItem\",\"position\":2,\"name\":\"Collaborateurs artistiques : Joanne Durocher\"}]},{\"@type\":\"WebSite\",\"@id\":\"https:\/\/www.codeuniversel.com\/fr\/#website\",\"url\":\"https:\/\/www.codeuniversel.com\/fr\/\",\"name\":\"Code Universel\",\"description\":\"\",\"potentialAction\":[{\"@type\":\"SearchAction\",\"target\":{\"@type\":\"EntryPoint\",\"urlTemplate\":\"https:\/\/www.codeuniversel.com\/fr\/?s={search_term_string}\"},\"query-input\":{\"@type\":\"PropertyValueSpecification\",\"valueRequired\":true,\"valueName\":\"search_term_string\"}}],\"inLanguage\":\"fr-FR\"}]}<\/script>\n<!-- \/ Yoast SEO plugin. -->","yoast_head_json":{"title":"Collaborateurs artistiques : Joanne Durocher - Code Universel","robots":{"index":"index","follow":"follow","max-snippet":"max-snippet:-1","max-image-preview":"max-image-preview:large","max-video-preview":"max-video-preview:-1"},"canonical":"https:\/\/www.codeuniversel.com\/fr\/collaborateurs-artistiques-joanne-durocher\/","og_locale":"fr_FR","og_type":"article","og_title":"Collaborateurs artistiques : Joanne Durocher - Code Universel","og_url":"https:\/\/www.codeuniversel.com\/fr\/collaborateurs-artistiques-joanne-durocher\/","og_site_name":"Code Universel","article_modified_time":"2021-10-18T01:35:19+00:00","twitter_card":"summary_large_image","twitter_misc":{"Dur\u00e9e de lecture estim\u00e9e":"4 minutes"},"schema":{"@context":"https:\/\/schema.org","@graph":[{"@type":"WebPage","@id":"https:\/\/www.codeuniversel.com\/fr\/collaborateurs-artistiques-joanne-durocher\/","url":"https:\/\/www.codeuniversel.com\/fr\/collaborateurs-artistiques-joanne-durocher\/","name":"Collaborateurs artistiques : Joanne Durocher - Code Universel","isPartOf":{"@id":"https:\/\/www.codeuniversel.com\/fr\/#website"},"datePublished":"2021-10-16T01:25:34+00:00","dateModified":"2021-10-18T01:35:19+00:00","breadcrumb":{"@id":"https:\/\/www.codeuniversel.com\/fr\/collaborateurs-artistiques-joanne-durocher\/#breadcrumb"},"inLanguage":"fr-FR","potentialAction":[{"@type":"ReadAction","target":["https:\/\/www.codeuniversel.com\/fr\/collaborateurs-artistiques-joanne-durocher\/"]}]},{"@type":"BreadcrumbList","@id":"https:\/\/www.codeuniversel.com\/fr\/collaborateurs-artistiques-joanne-durocher\/#breadcrumb","itemListElement":[{"@type":"ListItem","position":1,"name":"Accueil","item":"https:\/\/www.codeuniversel.com\/fr\/"},{"@type":"ListItem","position":2,"name":"Collaborateurs artistiques : Joanne Durocher"}]},{"@type":"WebSite","@id":"https:\/\/www.codeuniversel.com\/fr\/#website","url":"https:\/\/www.codeuniversel.com\/fr\/","name":"Code Universel","description":"","potentialAction":[{"@type":"SearchAction","target":{"@type":"EntryPoint","urlTemplate":"https:\/\/www.codeuniversel.com\/fr\/?s={search_term_string}"},"query-input":{"@type":"PropertyValueSpecification","valueRequired":true,"valueName":"search_term_string"}}],"inLanguage":"fr-FR"}]}},"_links":{"self":[{"href":"https:\/\/www.codeuniversel.com\/fr\/wp-json\/wp\/v2\/pages\/3621","targetHints":{"allow":["GET"]}}],"collection":[{"href":"https:\/\/www.codeuniversel.com\/fr\/wp-json\/wp\/v2\/pages"}],"about":[{"href":"https:\/\/www.codeuniversel.com\/fr\/wp-json\/wp\/v2\/types\/page"}],"author":[{"embeddable":true,"href":"https:\/\/www.codeuniversel.com\/fr\/wp-json\/wp\/v2\/users\/4"}],"replies":[{"embeddable":true,"href":"https:\/\/www.codeuniversel.com\/fr\/wp-json\/wp\/v2\/comments?post=3621"}],"version-history":[{"count":3,"href":"https:\/\/www.codeuniversel.com\/fr\/wp-json\/wp\/v2\/pages\/3621\/revisions"}],"predecessor-version":[{"id":3698,"href":"https:\/\/www.codeuniversel.com\/fr\/wp-json\/wp\/v2\/pages\/3621\/revisions\/3698"}],"wp:attachment":[{"href":"https:\/\/www.codeuniversel.com\/fr\/wp-json\/wp\/v2\/media?parent=3621"}],"curies":[{"name":"wp","href":"https:\/\/api.w.org\/{rel}","templated":true}]}}