{"id":3627,"date":"2021-11-16T00:05:05","date_gmt":"2021-11-16T05:05:05","guid":{"rendered":"https:\/\/www.codeuniversel.com\/fr\/?page_id=3627"},"modified":"2021-11-16T00:02:08","modified_gmt":"2021-11-16T05:02:08","slug":"collaborateurs-artistiques-nicola-boulanger","status":"publish","type":"page","link":"https:\/\/www.codeuniversel.com\/fr\/collaborateurs-artistiques-nicola-boulanger\/","title":{"rendered":"Collaborateurs artistiques : Nicola Boulanger"},"content":{"rendered":"<div  class=\"fusion-fullwidth fullwidth-box nonhundred-percent-fullwidth\"  style='background-color: rgba(255,255,255,0);background-position: center center;background-repeat: no-repeat;padding-top:20px;padding-right:0px;padding-bottom:20px;padding-left:0px;'><div class=\"fusion-builder-row fusion-row \"><div  class=\"fusion-layout-column fusion_builder_column fusion_builder_column_1_2  fusion-one-half fusion-column-first 1_2\"  style='margin-top:0px;margin-bottom:20px;width:50%;width:calc(50% - ( ( 4% ) * 0.5 ) );margin-right: 4%;'>\n\t\t\t<div class=\"fusion-column-wrapper\"  style=\"background-position:left top;background-repeat:no-repeat;-webkit-background-size:cover;-moz-background-size:cover;-o-background-size:cover;background-size:cover;\"  data-bg-url=\"\">\n\t\t\t\t<div class=\"imageframe-align-center\"><span class=\"fusion-imageframe imageframe-none imageframe-1 hover-type-none\"><img decoding=\"async\" src=\"https:\/\/www.codeuniversel.com\/fr\/wp-content\/uploads\/2021\/10\/Nicola_Boulanger_site.jpg\" width=\"\" height=\"\" alt=\"\" title=\"\" class=\"img-responsive\"\/><\/span><\/div><div class=\"fusion-clearfix\"><\/div>\n\t\t\t<\/div>\n\t\t<\/div><div  class=\"fusion-layout-column fusion_builder_column fusion_builder_column_1_2  fusion-one-half fusion-column-last 1_2\"  style='margin-top:0px;margin-bottom:20px;width:50%;width:calc(50% - ( ( 4% ) * 0.5 ) );'>\n\t\t\t<div class=\"fusion-column-wrapper\"  style=\"background-position:left top;background-repeat:no-repeat;-webkit-background-size:cover;-moz-background-size:cover;-o-background-size:cover;background-size:cover;\"  data-bg-url=\"\">\n\t\t\t\t<div class=\"fusion-title title fusion-sep-none fusion-title-center fusion-title-size-two\" style=\"margin-top:0px;margin-bottom:31px;\"><h2 class=\"title-heading-center\"><h2 style=\"text-align: center;\"><span style=\"color: #e10707;\">Nicola Boulanger<\/span><\/h2><\/h2><\/div><p>Nicola Boulanger a dipl\u00f4m\u00e9, en jeu, du <a href=\"https:\/\/www.conservatoire.gouv.qc.ca\/fr\/\" rel=\"noopener noreferrer\" target=\"_blank\">Conservatoire d\u2019art dramatique de Qu\u00e9bec<\/a> en 2013. Il a particip\u00e9, comme com\u00e9dien, aux productions: Food Club (2021), Ravel on the beach (2021), Hollywood Purell (2020-2021), Elektro (2019) Vague de fond (2013 et 2018), Le Cadavre du meunier (2017), La Chasse (2017), Trois nuits avec Madox (2014-2015), Le Songe d\u2019une nuit d\u2019\u00e9t\u00e9 (2014), Une r\u00e9plique \/ une pi\u00e8ce (2014) et La Bo\u00eete (2013). Comme marionnettiste, Nicola a \u0153uvr\u00e9 aux spectacles : Richard III (2021), Rashomon (2017-2019), Pattes et cravates (2016-2018-2019), Caligula, commis de bureau (2016-2017) et Cr\u00e9puscule (2014-2015). Rashomon a remport\u00e9 le Prix de la critique \u00e9dition 2018-2019 dans la cat\u00e9gorie Meilleur spectacle Qu\u00e9bec remis par l\u2019Association qu\u00e9b\u00e9coise des critiques de th\u00e9\u00e2tre. Il a mis en sc\u00e8ne : Meet_Inc. (2021), Sommeil Paradoxal (2019), La Cour Supr\u00eame (2017), Conte pour soir de temp\u00eate (2016-2018), Je suis n\u00e9(e) dans un sac (2016) et La grande \u00e9chapp\u00e9e (2015). Le jeune artiste a tourn\u00e9 en Suisse avec des meurtres et myst\u00e8res en 2016, 2017, 2019 et 2021. Il enseigne le th\u00e9\u00e2tre et l\u2019improvisation au sein de plusieurs organismes. Nicola est membre de La Tr\u00e2l\u00e9e, une compagnie de th\u00e9\u00e2tre et cr\u00e9ation, et d\u2019Hommeries! une compagnie sp\u00e9cialis\u00e9e dans le bouffon. Il est codirecteur artistique du Th\u00e9\u00e2tre de la Derni\u00e8re Pluie une compagnie de th\u00e9\u00e2tre jeune public.<br \/>\n\u00a9 photo : Thony Jourdain<\/p>\n<div class=\"fusion-clearfix\"><\/div>\n\t\t\t<\/div>\n\t\t<\/div><\/div><\/div>\n","protected":false},"excerpt":{"rendered":"","protected":false},"author":4,"featured_media":0,"parent":0,"menu_order":0,"comment_status":"closed","ping_status":"closed","template":"","meta":{"_monsterinsights_skip_tracking":false,"_monsterinsights_sitenote_active":false,"_monsterinsights_sitenote_note":"","_monsterinsights_sitenote_category":0,"footnotes":""},"class_list":["post-3627","page","type-page","status-publish","hentry"],"yoast_head":"<!-- This site is optimized with the Yoast SEO plugin v24.9 - https:\/\/yoast.com\/wordpress\/plugins\/seo\/ -->\n<title>Collaborateurs artistiques : Nicola Boulanger - Code Universel<\/title>\n<meta name=\"robots\" content=\"index, follow, max-snippet:-1, max-image-preview:large, max-video-preview:-1\" \/>\n<link rel=\"canonical\" href=\"https:\/\/www.codeuniversel.com\/fr\/collaborateurs-artistiques-nicola-boulanger\/\" \/>\n<meta property=\"og:locale\" content=\"fr_FR\" \/>\n<meta property=\"og:type\" content=\"article\" \/>\n<meta property=\"og:title\" content=\"Collaborateurs artistiques : Nicola Boulanger - Code Universel\" \/>\n<meta property=\"og:url\" content=\"https:\/\/www.codeuniversel.com\/fr\/collaborateurs-artistiques-nicola-boulanger\/\" \/>\n<meta property=\"og:site_name\" content=\"Code Universel\" \/>\n<meta name=\"twitter:card\" content=\"summary_large_image\" \/>\n<meta name=\"twitter:label1\" content=\"Dur\u00e9e de lecture estim\u00e9e\" \/>\n\t<meta name=\"twitter:data1\" content=\"3 minutes\" \/>\n<script type=\"application\/ld+json\" class=\"yoast-schema-graph\">{\"@context\":\"https:\/\/schema.org\",\"@graph\":[{\"@type\":\"WebPage\",\"@id\":\"https:\/\/www.codeuniversel.com\/fr\/collaborateurs-artistiques-nicola-boulanger\/\",\"url\":\"https:\/\/www.codeuniversel.com\/fr\/collaborateurs-artistiques-nicola-boulanger\/\",\"name\":\"Collaborateurs artistiques : Nicola Boulanger - Code Universel\",\"isPartOf\":{\"@id\":\"https:\/\/www.codeuniversel.com\/fr\/#website\"},\"datePublished\":\"2021-11-16T05:05:05+00:00\",\"breadcrumb\":{\"@id\":\"https:\/\/www.codeuniversel.com\/fr\/collaborateurs-artistiques-nicola-boulanger\/#breadcrumb\"},\"inLanguage\":\"fr-FR\",\"potentialAction\":[{\"@type\":\"ReadAction\",\"target\":[\"https:\/\/www.codeuniversel.com\/fr\/collaborateurs-artistiques-nicola-boulanger\/\"]}]},{\"@type\":\"BreadcrumbList\",\"@id\":\"https:\/\/www.codeuniversel.com\/fr\/collaborateurs-artistiques-nicola-boulanger\/#breadcrumb\",\"itemListElement\":[{\"@type\":\"ListItem\",\"position\":1,\"name\":\"Accueil\",\"item\":\"https:\/\/www.codeuniversel.com\/fr\/\"},{\"@type\":\"ListItem\",\"position\":2,\"name\":\"Collaborateurs artistiques : Nicola Boulanger\"}]},{\"@type\":\"WebSite\",\"@id\":\"https:\/\/www.codeuniversel.com\/fr\/#website\",\"url\":\"https:\/\/www.codeuniversel.com\/fr\/\",\"name\":\"Code Universel\",\"description\":\"\",\"potentialAction\":[{\"@type\":\"SearchAction\",\"target\":{\"@type\":\"EntryPoint\",\"urlTemplate\":\"https:\/\/www.codeuniversel.com\/fr\/?s={search_term_string}\"},\"query-input\":{\"@type\":\"PropertyValueSpecification\",\"valueRequired\":true,\"valueName\":\"search_term_string\"}}],\"inLanguage\":\"fr-FR\"}]}<\/script>\n<!-- \/ Yoast SEO plugin. -->","yoast_head_json":{"title":"Collaborateurs artistiques : Nicola Boulanger - Code Universel","robots":{"index":"index","follow":"follow","max-snippet":"max-snippet:-1","max-image-preview":"max-image-preview:large","max-video-preview":"max-video-preview:-1"},"canonical":"https:\/\/www.codeuniversel.com\/fr\/collaborateurs-artistiques-nicola-boulanger\/","og_locale":"fr_FR","og_type":"article","og_title":"Collaborateurs artistiques : Nicola Boulanger - Code Universel","og_url":"https:\/\/www.codeuniversel.com\/fr\/collaborateurs-artistiques-nicola-boulanger\/","og_site_name":"Code Universel","twitter_card":"summary_large_image","twitter_misc":{"Dur\u00e9e de lecture estim\u00e9e":"3 minutes"},"schema":{"@context":"https:\/\/schema.org","@graph":[{"@type":"WebPage","@id":"https:\/\/www.codeuniversel.com\/fr\/collaborateurs-artistiques-nicola-boulanger\/","url":"https:\/\/www.codeuniversel.com\/fr\/collaborateurs-artistiques-nicola-boulanger\/","name":"Collaborateurs artistiques : Nicola Boulanger - Code Universel","isPartOf":{"@id":"https:\/\/www.codeuniversel.com\/fr\/#website"},"datePublished":"2021-11-16T05:05:05+00:00","breadcrumb":{"@id":"https:\/\/www.codeuniversel.com\/fr\/collaborateurs-artistiques-nicola-boulanger\/#breadcrumb"},"inLanguage":"fr-FR","potentialAction":[{"@type":"ReadAction","target":["https:\/\/www.codeuniversel.com\/fr\/collaborateurs-artistiques-nicola-boulanger\/"]}]},{"@type":"BreadcrumbList","@id":"https:\/\/www.codeuniversel.com\/fr\/collaborateurs-artistiques-nicola-boulanger\/#breadcrumb","itemListElement":[{"@type":"ListItem","position":1,"name":"Accueil","item":"https:\/\/www.codeuniversel.com\/fr\/"},{"@type":"ListItem","position":2,"name":"Collaborateurs artistiques : Nicola Boulanger"}]},{"@type":"WebSite","@id":"https:\/\/www.codeuniversel.com\/fr\/#website","url":"https:\/\/www.codeuniversel.com\/fr\/","name":"Code Universel","description":"","potentialAction":[{"@type":"SearchAction","target":{"@type":"EntryPoint","urlTemplate":"https:\/\/www.codeuniversel.com\/fr\/?s={search_term_string}"},"query-input":{"@type":"PropertyValueSpecification","valueRequired":true,"valueName":"search_term_string"}}],"inLanguage":"fr-FR"}]}},"_links":{"self":[{"href":"https:\/\/www.codeuniversel.com\/fr\/wp-json\/wp\/v2\/pages\/3627","targetHints":{"allow":["GET"]}}],"collection":[{"href":"https:\/\/www.codeuniversel.com\/fr\/wp-json\/wp\/v2\/pages"}],"about":[{"href":"https:\/\/www.codeuniversel.com\/fr\/wp-json\/wp\/v2\/types\/page"}],"author":[{"embeddable":true,"href":"https:\/\/www.codeuniversel.com\/fr\/wp-json\/wp\/v2\/users\/4"}],"replies":[{"embeddable":true,"href":"https:\/\/www.codeuniversel.com\/fr\/wp-json\/wp\/v2\/comments?post=3627"}],"version-history":[{"count":3,"href":"https:\/\/www.codeuniversel.com\/fr\/wp-json\/wp\/v2\/pages\/3627\/revisions"}],"predecessor-version":[{"id":3708,"href":"https:\/\/www.codeuniversel.com\/fr\/wp-json\/wp\/v2\/pages\/3627\/revisions\/3708"}],"wp:attachment":[{"href":"https:\/\/www.codeuniversel.com\/fr\/wp-json\/wp\/v2\/media?parent=3627"}],"curies":[{"name":"wp","href":"https:\/\/api.w.org\/{rel}","templated":true}]}}