{"id":3687,"date":"2021-10-16T14:33:28","date_gmt":"2021-10-16T18:33:28","guid":{"rendered":"https:\/\/www.codeuniversel.com\/fr\/?page_id=3687"},"modified":"2021-10-17T10:33:10","modified_gmt":"2021-10-17T14:33:10","slug":"collaborateurs-artistiques-guillaume-pepin","status":"publish","type":"page","link":"https:\/\/www.codeuniversel.com\/fr\/collaborateurs-artistiques-guillaume-pepin\/","title":{"rendered":"Collaborateurs artistiques : Guillaume Pepin"},"content":{"rendered":"<div  class=\"fusion-fullwidth fullwidth-box nonhundred-percent-fullwidth\"  style='background-color: rgba(255,255,255,0);background-position: center center;background-repeat: no-repeat;padding-top:20px;padding-right:0px;padding-bottom:20px;padding-left:0px;'><div class=\"fusion-builder-row fusion-row \"><div  class=\"fusion-layout-column fusion_builder_column fusion_builder_column_1_2  fusion-one-half fusion-column-first 1_2\"  style='margin-top:0px;margin-bottom:20px;width:50%;width:calc(50% - ( ( 4% ) * 0.5 ) );margin-right: 4%;'>\n\t\t\t<div class=\"fusion-column-wrapper\"  style=\"background-position:left top;background-repeat:no-repeat;-webkit-background-size:cover;-moz-background-size:cover;-o-background-size:cover;background-size:cover;\"  data-bg-url=\"\">\n\t\t\t\t<div class=\"imageframe-align-center\"><span class=\"fusion-imageframe imageframe-none imageframe-1 hover-type-none\"><img decoding=\"async\" src=\"https:\/\/www.codeuniversel.com\/fr\/wp-content\/uploads\/2021\/10\/Guillaume_Pepin_site.jpg\" width=\"\" height=\"\" alt=\"\" title=\"\" class=\"img-responsive\"\/><\/span><\/div><div class=\"fusion-clearfix\"><\/div>\n\t\t\t<\/div>\n\t\t<\/div><div  class=\"fusion-layout-column fusion_builder_column fusion_builder_column_1_2  fusion-one-half fusion-column-last 1_2\"  style='margin-top:0px;margin-bottom:20px;width:50%;width:calc(50% - ( ( 4% ) * 0.5 ) );'>\n\t\t\t<div class=\"fusion-column-wrapper\"  style=\"background-position:left top;background-repeat:no-repeat;-webkit-background-size:cover;-moz-background-size:cover;-o-background-size:cover;background-size:cover;\"  data-bg-url=\"\">\n\t\t\t\t<div class=\"fusion-title title fusion-sep-none fusion-title-center fusion-title-size-two\" style=\"margin-top:0px;margin-bottom:31px;\"><h2 class=\"title-heading-center\"><h2 style=\"text-align: center;\"><span style=\"color: #e10707;\">Guillaume Pepin<\/span><\/h2><\/h2><\/div><p>Guillaume Pepin d\u00e9bute sa formation en \u00c9tudes Th\u00e9\u00e2trales \u00e0 l\u2019Universit\u00e9 Laval de 2008 \u00e0 2010 pour ensuite entrer au CADQ et terminer sa formation en 2013. Par la suite, il interpr\u00e8te Fl\u00fbte dans Le Songe d\u2019une nuit d\u2019\u00e9t\u00e9, mise en sc\u00e8ne de Jacques Leblanc, spectacle produit par La Bord\u00e9e en collaboration avec L\u2019OSQ. \u00c0 l\u2019\u00e9t\u00e9 2016, il joue dans La Ruse au Th\u00e9\u00e2tre des Pr\u00e9s de Saint Germain de Kamouraska et en novembre de la m\u00eame ann\u00e9e, dans Les fr\u00e8res V\u00e9livolum \u00e0 l\u2019espace La Ris\u00e9e, deux spectacles cr\u00e9\u00e9s par La Bacaisse. En 2018, il participe en tant qu\u2019expert, \u00e0 la pi\u00e8ce H\u00f4tel-Dieu au P\u00e9riscope dans une mise en sc\u00e8ne d\u2019Alexandre Fecteau, pour le Collectif Nous Sommes Ici. Au cours de la m\u00eame ann\u00e9e, il joue \u00e9galement dans la com\u00e9die Vague de fond pr\u00e9sent\u00e9 au Th\u00e9\u00e2tre du Coq ainsi que dans Le Piano \u00e0 voile de la compagnie Ubus Th\u00e9\u00e2tre, en tourn\u00e9e dans l\u2019est du Qu\u00e9bec. Il dirige \u00e9galement CREEPS, Chantier litt\u00e9raire et performatif lors du Carrefour de Th\u00e9\u00e2tre de Qu\u00e9bec. En tant que directeur artistique, Il fait partie des co-fondateurs de La Tr\u00e2l\u00e9e. Avec cette compagnie il signe, en 2015, la mise en sc\u00e8ne de Trois nuits avec Madox de Mat\u00e9\u00ef Visniec pr\u00e9sent\u00e9e \u00e0 Premier Acte. Il dirige \u00e9galement le laboratoire Une Puce, \u00e9pargnez-l\u00e0 de Naomi Wallace lors du CIT 2017 et joue en 2019 dans la production Rashomon, prim\u00e9 du meilleur spectacle Qu\u00e9bec par les Prix de la Critique. Toujours pour le compte de la compagnie, Il assure la mise en sc\u00e8ne de la pi\u00e8ce Le Projet HLA de Nicolas Fretel pr\u00e9sent\u00e9 au P\u00e9riscope en F\u00e9vrier 2020 et participe \u00e0 la s\u00e9rie R\u00e9plique du Th\u00e9\u00e2tre du Trident en jouant Edouard IV de la pi\u00e8ce Richard III pr\u00e9sent\u00e9 sur le web en avril 2021. Il met en lecture la pi\u00e8ce Tendre de Maureen Roberge au Festival Jamais Lu 2021 et sera de la distribution de Citoyen K. \u00e0 La Bord\u00e9e au printemps 2022.<\/p>\n<p>\u00a9 photo : Atwood Photographie<\/p>\n<div class=\"fusion-clearfix\"><\/div>\n\t\t\t<\/div>\n\t\t<\/div><\/div><\/div>\n","protected":false},"excerpt":{"rendered":"","protected":false},"author":4,"featured_media":0,"parent":0,"menu_order":0,"comment_status":"closed","ping_status":"closed","template":"","meta":{"_monsterinsights_skip_tracking":false,"_monsterinsights_sitenote_active":false,"_monsterinsights_sitenote_note":"","_monsterinsights_sitenote_category":0,"footnotes":""},"class_list":["post-3687","page","type-page","status-publish","hentry"],"yoast_head":"<!-- This site is optimized with the Yoast SEO plugin v24.9 - https:\/\/yoast.com\/wordpress\/plugins\/seo\/ -->\n<title>Collaborateurs artistiques : Guillaume Pepin - Code Universel<\/title>\n<meta name=\"robots\" content=\"index, follow, max-snippet:-1, max-image-preview:large, max-video-preview:-1\" \/>\n<link rel=\"canonical\" href=\"https:\/\/www.codeuniversel.com\/fr\/collaborateurs-artistiques-guillaume-pepin\/\" \/>\n<meta property=\"og:locale\" content=\"fr_FR\" \/>\n<meta property=\"og:type\" content=\"article\" \/>\n<meta property=\"og:title\" content=\"Collaborateurs artistiques : Guillaume Pepin - Code Universel\" \/>\n<meta property=\"og:url\" content=\"https:\/\/www.codeuniversel.com\/fr\/collaborateurs-artistiques-guillaume-pepin\/\" \/>\n<meta property=\"og:site_name\" content=\"Code Universel\" \/>\n<meta property=\"article:modified_time\" content=\"2021-10-17T14:33:10+00:00\" \/>\n<meta name=\"twitter:card\" content=\"summary_large_image\" \/>\n<meta name=\"twitter:label1\" content=\"Dur\u00e9e de lecture estim\u00e9e\" \/>\n\t<meta name=\"twitter:data1\" content=\"3 minutes\" \/>\n<script type=\"application\/ld+json\" class=\"yoast-schema-graph\">{\"@context\":\"https:\/\/schema.org\",\"@graph\":[{\"@type\":\"WebPage\",\"@id\":\"https:\/\/www.codeuniversel.com\/fr\/collaborateurs-artistiques-guillaume-pepin\/\",\"url\":\"https:\/\/www.codeuniversel.com\/fr\/collaborateurs-artistiques-guillaume-pepin\/\",\"name\":\"Collaborateurs artistiques : Guillaume Pepin - Code Universel\",\"isPartOf\":{\"@id\":\"https:\/\/www.codeuniversel.com\/fr\/#website\"},\"datePublished\":\"2021-10-16T18:33:28+00:00\",\"dateModified\":\"2021-10-17T14:33:10+00:00\",\"breadcrumb\":{\"@id\":\"https:\/\/www.codeuniversel.com\/fr\/collaborateurs-artistiques-guillaume-pepin\/#breadcrumb\"},\"inLanguage\":\"fr-FR\",\"potentialAction\":[{\"@type\":\"ReadAction\",\"target\":[\"https:\/\/www.codeuniversel.com\/fr\/collaborateurs-artistiques-guillaume-pepin\/\"]}]},{\"@type\":\"BreadcrumbList\",\"@id\":\"https:\/\/www.codeuniversel.com\/fr\/collaborateurs-artistiques-guillaume-pepin\/#breadcrumb\",\"itemListElement\":[{\"@type\":\"ListItem\",\"position\":1,\"name\":\"Accueil\",\"item\":\"https:\/\/www.codeuniversel.com\/fr\/\"},{\"@type\":\"ListItem\",\"position\":2,\"name\":\"Collaborateurs artistiques : Guillaume Pepin\"}]},{\"@type\":\"WebSite\",\"@id\":\"https:\/\/www.codeuniversel.com\/fr\/#website\",\"url\":\"https:\/\/www.codeuniversel.com\/fr\/\",\"name\":\"Code Universel\",\"description\":\"\",\"potentialAction\":[{\"@type\":\"SearchAction\",\"target\":{\"@type\":\"EntryPoint\",\"urlTemplate\":\"https:\/\/www.codeuniversel.com\/fr\/?s={search_term_string}\"},\"query-input\":{\"@type\":\"PropertyValueSpecification\",\"valueRequired\":true,\"valueName\":\"search_term_string\"}}],\"inLanguage\":\"fr-FR\"}]}<\/script>\n<!-- \/ Yoast SEO plugin. -->","yoast_head_json":{"title":"Collaborateurs artistiques : Guillaume Pepin - Code Universel","robots":{"index":"index","follow":"follow","max-snippet":"max-snippet:-1","max-image-preview":"max-image-preview:large","max-video-preview":"max-video-preview:-1"},"canonical":"https:\/\/www.codeuniversel.com\/fr\/collaborateurs-artistiques-guillaume-pepin\/","og_locale":"fr_FR","og_type":"article","og_title":"Collaborateurs artistiques : Guillaume Pepin - Code Universel","og_url":"https:\/\/www.codeuniversel.com\/fr\/collaborateurs-artistiques-guillaume-pepin\/","og_site_name":"Code Universel","article_modified_time":"2021-10-17T14:33:10+00:00","twitter_card":"summary_large_image","twitter_misc":{"Dur\u00e9e de lecture estim\u00e9e":"3 minutes"},"schema":{"@context":"https:\/\/schema.org","@graph":[{"@type":"WebPage","@id":"https:\/\/www.codeuniversel.com\/fr\/collaborateurs-artistiques-guillaume-pepin\/","url":"https:\/\/www.codeuniversel.com\/fr\/collaborateurs-artistiques-guillaume-pepin\/","name":"Collaborateurs artistiques : Guillaume Pepin - Code Universel","isPartOf":{"@id":"https:\/\/www.codeuniversel.com\/fr\/#website"},"datePublished":"2021-10-16T18:33:28+00:00","dateModified":"2021-10-17T14:33:10+00:00","breadcrumb":{"@id":"https:\/\/www.codeuniversel.com\/fr\/collaborateurs-artistiques-guillaume-pepin\/#breadcrumb"},"inLanguage":"fr-FR","potentialAction":[{"@type":"ReadAction","target":["https:\/\/www.codeuniversel.com\/fr\/collaborateurs-artistiques-guillaume-pepin\/"]}]},{"@type":"BreadcrumbList","@id":"https:\/\/www.codeuniversel.com\/fr\/collaborateurs-artistiques-guillaume-pepin\/#breadcrumb","itemListElement":[{"@type":"ListItem","position":1,"name":"Accueil","item":"https:\/\/www.codeuniversel.com\/fr\/"},{"@type":"ListItem","position":2,"name":"Collaborateurs artistiques : Guillaume Pepin"}]},{"@type":"WebSite","@id":"https:\/\/www.codeuniversel.com\/fr\/#website","url":"https:\/\/www.codeuniversel.com\/fr\/","name":"Code Universel","description":"","potentialAction":[{"@type":"SearchAction","target":{"@type":"EntryPoint","urlTemplate":"https:\/\/www.codeuniversel.com\/fr\/?s={search_term_string}"},"query-input":{"@type":"PropertyValueSpecification","valueRequired":true,"valueName":"search_term_string"}}],"inLanguage":"fr-FR"}]}},"_links":{"self":[{"href":"https:\/\/www.codeuniversel.com\/fr\/wp-json\/wp\/v2\/pages\/3687","targetHints":{"allow":["GET"]}}],"collection":[{"href":"https:\/\/www.codeuniversel.com\/fr\/wp-json\/wp\/v2\/pages"}],"about":[{"href":"https:\/\/www.codeuniversel.com\/fr\/wp-json\/wp\/v2\/types\/page"}],"author":[{"embeddable":true,"href":"https:\/\/www.codeuniversel.com\/fr\/wp-json\/wp\/v2\/users\/4"}],"replies":[{"embeddable":true,"href":"https:\/\/www.codeuniversel.com\/fr\/wp-json\/wp\/v2\/comments?post=3687"}],"version-history":[{"count":2,"href":"https:\/\/www.codeuniversel.com\/fr\/wp-json\/wp\/v2\/pages\/3687\/revisions"}],"predecessor-version":[{"id":3696,"href":"https:\/\/www.codeuniversel.com\/fr\/wp-json\/wp\/v2\/pages\/3687\/revisions\/3696"}],"wp:attachment":[{"href":"https:\/\/www.codeuniversel.com\/fr\/wp-json\/wp\/v2\/media?parent=3687"}],"curies":[{"name":"wp","href":"https:\/\/api.w.org\/{rel}","templated":true}]}}