{"id":3784,"date":"2026-04-20T22:59:50","date_gmt":"2026-04-21T02:59:50","guid":{"rendered":"https:\/\/www.codeuniversel.com\/fr\/?page_id=3784"},"modified":"2026-04-20T22:59:50","modified_gmt":"2026-04-21T02:59:50","slug":"gala-des-revelations-artistiques","status":"publish","type":"page","link":"https:\/\/www.codeuniversel.com\/fr\/gala-des-revelations-artistiques\/","title":{"rendered":"Gala des r\u00e9v\u00e9lations artistiques"},"content":{"rendered":"<div  class=\"fusion-fullwidth fullwidth-box nonhundred-percent-fullwidth\"  style='background-color: rgba(255,255,255,0);background-position: center center;background-repeat: no-repeat;padding-top:20px;padding-right:0px;padding-bottom:20px;padding-left:0px;'><div class=\"fusion-builder-row fusion-row \"><div  class=\"fusion-layout-column fusion_builder_column fusion_builder_column_1_2  fusion-one-half fusion-column-first 1_2\"  style='margin-top:0px;margin-bottom:20px;width:50%;width:calc(50% - ( ( 4% ) * 0.5 ) );margin-right: 4%;'>\n\t\t\t<div class=\"fusion-column-wrapper\"  style=\"background-position:left top;background-repeat:no-repeat;-webkit-background-size:cover;-moz-background-size:cover;-o-background-size:cover;background-size:cover;\"  data-bg-url=\"\">\n\t\t\t\t<p><strong><em style=\"font-size: 21px;\">LA CR\u00c9ATIVIT\u00c9 DES JEUNES AU C\u0152UR DE LA FRANCOPHONIE<\/em><\/strong><\/p>\n<hr \/>\n<div style=\"text-align: justify;\">\n<p><strong><span style=\"color: #e10707;\">\u00ab <em>Le Gala<\/em>, une exp\u00e9rience unique \u00e0 vivre pour les jeunes de Beauport ! \u00bb<\/span><\/strong><\/p>\n<p>Le <em><strong>Gala des r\u00e9v\u00e9lations artistiques<\/strong><\/em> est un \u00e9v\u00e9nement offrant aux enfants une exp\u00e9rience de sc\u00e8ne dans un cadre valorisant. Il propose un <strong>parcours structur\u00e9<\/strong> comprenant une journ\u00e9e d\u2019accompagnement artistique et une pr\u00e9sentation publique.<\/p>\n<p>Port\u00e9 par <strong>Code Universel<\/strong> en partenariat avec <strong>Patro Le Pivot<\/strong>, ce parcours favorise la valorisation des talents et la rencontre entre jeunes participants, artistes et public.<\/p>\n<p><strong><span style=\"color: #e10707;\">\u00c0 qui s\u2019adresse le Gala ?<\/span><\/strong><br \/>\nCe <strong>parcours<\/strong> s\u2019adresse aux enfants de 5 \u00e0 12 ans qui souhaitent pr\u00e9senter un num\u00e9ro artistique dans un cadre accessible et bienveillant. <strong>Aucune exp\u00e9rience n\u2019est requise.<\/strong> <span style=\"font-weight: 400;\">Seul leur d\u00e9sir de partager leur talent sur sc\u00e8ne compte.<\/span><\/p>\n<p><b>Disciplines possibles :<\/b><span style=\"font-weight: 400;\"> chant, danse, musique, th\u00e9\u00e2tre, cirque, arts hybrides.<\/span><\/p>\n<p style=\"text-align: center;\"><strong><span style=\"color: #e10707;\">TOUS LES NIVEAUX SONT BIENVENUS !<\/span><\/strong><\/p>\n<\/div>\n<div style=\"border: 4px solid #e10707; border-radius: 10px; padding: 10px; background-color: #ffffff; text-align: center;\"><strong><span style=\"color: #e10707;\">Participation gratuite <\/span><\/strong><span style=\"color: #e10707;\">pour les enfants de 5 \u00e0 12 ans<\/span><strong><span style=\"color: #e10707;\"><br \/>\n<\/span><\/strong><span style=\"color: #e10707;\">Pr\u00e9sentation artistique<\/span><strong><span style=\"color: #e10707;\"> individuelle ou en petit groupe<br \/>\n<\/span><\/strong><span style=\"color: #e10707;\">Num\u00e9ros d\u2019une dur\u00e9e maximale de<\/span><strong><span style=\"color: #e10707;\"> 3 minutes<br \/>\nAccompagnement offert<\/span><\/strong><span style=\"color: #e10707;\"> tout au long du parcours.<\/span><\/div>\n<div><\/div>\n<div class=\"fusion-button-wrapper fusion-aligncenter\"><style type=\"text\/css\" scoped=\"scoped\">.fusion-button.button-1 .fusion-button-text, .fusion-button.button-1 i {color:#ffffff;}.fusion-button.button-1 {border-width:0px;border-color:#ffffff;}.fusion-button.button-1 .fusion-button-icon-divider{border-color:#ffffff;}.fusion-button.button-1:hover .fusion-button-text, .fusion-button.button-1:hover i,.fusion-button.button-1:focus .fusion-button-text, .fusion-button.button-1:focus i,.fusion-button.button-1:active .fusion-button-text, .fusion-button.button-1:active{color:#ffffff;}.fusion-button.button-1:hover, .fusion-button.button-1:focus, .fusion-button.button-1:active{border-width:0px;border-color:#ffffff;}.fusion-button.button-1:hover .fusion-button-icon-divider, .fusion-button.button-1:hover .fusion-button-icon-divider, .fusion-button.button-1:active .fusion-button-icon-divider{border-color:#ffffff;}.fusion-button.button-1{width:auto;}<\/style><a class=\"fusion-button button-flat button-round button-large button-default button-1 fusion-no-small-visibility\" target=\"_self\" href=\"https:\/\/forms.gle\/ATg91P7Ac8mWrUXZA\"><i class=\"fa fa-pencil-square-o button-icon-left\"><\/i><span class=\"fusion-button-text\"> COMMENT INSCRIRE MON ENFANT ? <\/span><\/a><\/div><p><strong><span style=\"color: #e10707;\">Transmettre le nom de votre enfant, son \u00e2ge et le type de talent. <\/span><\/strong>Utilisez la fa\u00e7on la plus simple pour vous parmi les choix suivants :<br \/>\n\u2714 remplir le <strong>formulaire <\/strong>en ligne<span style=\"font-weight: 400;\">\u00a0[<a href=\"https:\/\/forms.gle\/ATg91P7Ac8mWrUXZA\">bouton rouge<\/a><\/span><span style=\"font-weight: 400;\">]<\/span><br \/>\n\u2714 par <strong>courriel<\/strong> : <a href=\"mailto:info@codeuniversel.com\">info@codeuniversel.com<\/a> (objet : Gala)<br \/>\n\u2714 par <strong>message texte<\/strong> : 418 561-5957 (objet : Gala)<br \/>\n\u2714 <strong>Messenger<\/strong> via : <a href=\"https:\/\/www.facebook.com\/codeuniverselmulti\/\">Facebook de Code Universel<br \/>\n<\/a>\u2714 ou m\u00eame par <strong>message vocal<\/strong> : 418 561-5957<\/p>\n<p><strong><span style=\"color: #e10707;\">4 raisons d&rsquo;inscrire son enfants ?<\/span><\/strong><br \/>\n\u2714 <span style=\"font-weight: 400;\"><strong>Vivre une exp\u00e9rience de sc\u00e8ne :<\/strong> pr\u00e9senter son talent devant public.<\/span><br \/>\n\u2714 <span style=\"font-weight: 400;\"><strong>Recevoir un accompagnement :<\/strong> apprendre, pratiquer et \u00eatre encourag\u00e9.<\/span><br \/>\n\u2714 <span style=\"font-weight: 400;\"><strong>Gagner en confiance :<\/strong> valoriser l\u2019expression de soi.<\/span><br \/>\n\u2714\u00a0<span style=\"font-weight: 400;\"><strong>Vivre un \u00e9v\u00e9nement festif :<\/strong> partager la culture dans notre communaut\u00e9.<\/span><\/p>\n<p><strong><span style=\"color: #e10707;\">Le parcours des participants<\/span><\/strong><br \/>\n<span style=\"font-weight: 400;\"><strong>1 \u2014 Inscription :<\/strong> r\u00e9pondre aux questions du formulaire.<\/span><br \/>\n<span style=\"font-weight: 400;\"><strong>2 \u2014 Validation :<\/strong> confirmer les informations et les besoins avec l&rsquo;\u00e9quipe.<\/span><br \/>\n<span style=\"font-weight: 400;\"><strong>3 \u2014 \ud83d\udcc5 Journ\u00e9e d\u2019accompagnement :<\/strong> 2 mai (9 h \u00e0 16 h) \u2014 Patro Le Pivot<br \/>\nClasses de ma\u00eetre, pr\u00e9sentation et pr\u00e9paration.<\/span><br \/>\n<span style=\"font-weight: 400;\"><strong>4 \u2014 \ud83c\udfad Gala :<\/strong> 13 juin 2026 \u2014 Patro Le Pivot<br \/>\nG\u00e9n\u00e9ral \u00e0 17 h et spectacle \u00e0 19 h.<\/span><\/p>\n<div class=\"fusion-clearfix\"><\/div>\n\t\t\t<\/div>\n\t\t<\/div><div  class=\"fusion-layout-column fusion_builder_column fusion_builder_column_1_2  fusion-one-half fusion-column-last 1_2\"  style='margin-top:0px;margin-bottom:20px;width:50%;width:calc(50% - ( ( 4% ) * 0.5 ) );'>\n\t\t\t<div class=\"fusion-column-wrapper\"  style=\"background-position:left top;background-repeat:no-repeat;-webkit-background-size:cover;-moz-background-size:cover;-o-background-size:cover;background-size:cover;\"  data-bg-url=\"\">\n\t\t\t\t<div class=\"fusion-video fusion-youtube\" style=\"max-width:600px;max-height:360px;\" data-autoplay=\"1\"><div class=\"video-shortcode\"><iframe title=\"YouTube video player\" src=\"https:\/\/www.youtube.com\/embed\/oWOtSFJilUk?wmode=transparent&autoplay=0\" width=\"600\" height=\"360\" allowfullscreen><\/iframe><\/div><\/div><h4><em style=\"font-size: 21px;\">Un gala \u00e0 \u00e9chelle humaine, festif et bienveillant<\/em><\/h4>\n<div style=\"text-align: justify;\">\n<p>Lors du <em><strong><span style=\"color: #e10707;\">Gala<\/span><\/strong><\/em> les jeunes participants pr\u00e9sentent leur num\u00e9ro dans une ambiance chaleureuse et professionnelle gr\u00e2ce \u00e0 l&rsquo;\u00e9quipe d\u2019artistes-accompagnateurs. Ils vivent une v\u00e9ritable exp\u00e9rience de sc\u00e8ne devant leurs proches, la communaut\u00e9.<\/p>\n<p><strong><span style=\"color: #e10707;\">VOTRE ENFANT A UN TALENT ?<\/span><\/strong><br \/>\nOffrez-lui la chance de le partager sur sc\u00e8ne dans un cadre stimulant, accessible et valorisant.<\/p>\n<p><strong><span style=\"color: #e10707;\">INSCRIRE MON ENFANT !<\/span><\/strong><strong>\u00a0<\/strong>[<a href=\"https:\/\/forms.gle\/ATg91P7Ac8mWrUXZA\">bouton rouge<\/a>]\n<\/div>\n<p><strong><span style=\"color: #e10707;\">\u00c9QUIPE DE PROJET<\/span><\/strong><br \/>\n<strong>Direction g\u00e9n\u00e9ral et artistique :<\/strong><br \/>\nDaniel B\u00e9langer<br \/>\n<strong>Comit\u00e9 organisateur et artistique<\/strong><br \/>\nDaniel B\u00e9langer, Marjorie B\u00e9langer et Jocelyne L\u00e9pine<br \/>\n<strong>Alexandre Berthier <\/strong>(vid\u00e9o)<br \/>\n<strong>Julien Fontaine-Doray<\/strong> (animateur-journaliste)<br \/>\n<strong>\u00c9ric Gagnon<\/strong> (chercheur en sant\u00e9 durable)<br \/>\n<strong>Alexandre Berthier <\/strong>(vid\u00e9o)<br \/>\n<strong>Julien Fontaine-Doray<\/strong> (animateur-journaliste)<br \/>\n<strong>Autres artistes<\/strong> (\u00e0 venir) Int\u00e9ress\u00e9? [<a href=\"https:\/\/www.codeuniversel.com\/fr\/collaboration-artistique-en-action\/\">Cliquez ici<\/a>]<\/p>\n<p><strong>Merci \u00e0 nos principaux partenaires<\/strong><\/p>\n<p>Ce projet est r\u00e9alis\u00e9 gr\u00e2ce au soutien financier du gouvernement du Qu\u00e9bec et de la Ville de Qu\u00e9bec dans le cadre de <a href=\"https:\/\/www.ville.quebec.qc.ca\/apropos\/programmes-subventions\/art-culture\/entente-developpement-culturel.aspx\">l\u2019Entente de d\u00e9veloppement culturel<\/a>, de la <a href=\"https:\/\/www.quebecphilanthrope.org\/\">Fondation Qu\u00e9bec Philanthrope<\/a>, de la <a href=\"https:\/\/caissesolidaire.coop\/\">Caisse d\u2019\u00e9conomie solidaire<\/a> et avec la participation de <a href=\"https:\/\/www.lepivot.org\/\">Le Pivot<\/a>. Nous remercions \u00e9galement nos diff\u00e9rents commanditaires et d\u00e9put\u00e9s pour leur g\u00e9n\u00e9reux soutien : <a href=\"https:\/\/www.facebook.com\/carolinedesbiensbq\" target=\"_blank\" rel=\"noopener noreferrer\">Caroline Desbiens<\/a>, d\u00e9put\u00e9e de Beauport-C\u00f4te-de-Beaupr\u00e9-\u00cele d\u2019Orl\u00e9ans-Charlevoix, <a href=\"https:\/\/www.facebook.com\/JulieVignolabq\" target=\"_blank\" rel=\"noopener noreferrer\">Julie Vignola<\/a>, d\u00e9put\u00e9e de Beauport-Limoilou<\/p>\n<div class=\"fusion-clearfix\"><\/div>\n\t\t\t<\/div>\n\t\t<\/div><\/div><\/div>\n","protected":false},"excerpt":{"rendered":"","protected":false},"author":4,"featured_media":0,"parent":0,"menu_order":0,"comment_status":"closed","ping_status":"closed","template":"","meta":{"_monsterinsights_skip_tracking":false,"_monsterinsights_sitenote_active":false,"_monsterinsights_sitenote_note":"","_monsterinsights_sitenote_category":0,"footnotes":""},"class_list":["post-3784","page","type-page","status-publish","hentry"],"yoast_head":"<!-- This site is optimized with the Yoast SEO plugin v24.9 - https:\/\/yoast.com\/wordpress\/plugins\/seo\/ -->\n<title>Gala des r\u00e9v\u00e9lations artistiques - Code Universel<\/title>\n<meta name=\"robots\" content=\"index, follow, max-snippet:-1, max-image-preview:large, max-video-preview:-1\" \/>\n<link rel=\"canonical\" href=\"https:\/\/www.codeuniversel.com\/fr\/gala-des-revelations-artistiques\/\" \/>\n<meta property=\"og:locale\" content=\"fr_FR\" \/>\n<meta property=\"og:type\" content=\"article\" \/>\n<meta property=\"og:title\" content=\"Gala des r\u00e9v\u00e9lations artistiques - Code Universel\" \/>\n<meta property=\"og:url\" content=\"https:\/\/www.codeuniversel.com\/fr\/gala-des-revelations-artistiques\/\" \/>\n<meta property=\"og:site_name\" content=\"Code Universel\" \/>\n<meta name=\"twitter:card\" content=\"summary_large_image\" \/>\n<meta name=\"twitter:label1\" content=\"Dur\u00e9e de lecture estim\u00e9e\" \/>\n\t<meta name=\"twitter:data1\" content=\"4 minutes\" \/>\n<script type=\"application\/ld+json\" class=\"yoast-schema-graph\">{\"@context\":\"https:\/\/schema.org\",\"@graph\":[{\"@type\":\"WebPage\",\"@id\":\"https:\/\/www.codeuniversel.com\/fr\/gala-des-revelations-artistiques\/\",\"url\":\"https:\/\/www.codeuniversel.com\/fr\/gala-des-revelations-artistiques\/\",\"name\":\"Gala des r\u00e9v\u00e9lations artistiques - Code Universel\",\"isPartOf\":{\"@id\":\"https:\/\/www.codeuniversel.com\/fr\/#website\"},\"datePublished\":\"2026-04-21T02:59:50+00:00\",\"breadcrumb\":{\"@id\":\"https:\/\/www.codeuniversel.com\/fr\/gala-des-revelations-artistiques\/#breadcrumb\"},\"inLanguage\":\"fr-FR\",\"potentialAction\":[{\"@type\":\"ReadAction\",\"target\":[\"https:\/\/www.codeuniversel.com\/fr\/gala-des-revelations-artistiques\/\"]}]},{\"@type\":\"BreadcrumbList\",\"@id\":\"https:\/\/www.codeuniversel.com\/fr\/gala-des-revelations-artistiques\/#breadcrumb\",\"itemListElement\":[{\"@type\":\"ListItem\",\"position\":1,\"name\":\"Accueil\",\"item\":\"https:\/\/www.codeuniversel.com\/fr\/\"},{\"@type\":\"ListItem\",\"position\":2,\"name\":\"Gala des r\u00e9v\u00e9lations artistiques\"}]},{\"@type\":\"WebSite\",\"@id\":\"https:\/\/www.codeuniversel.com\/fr\/#website\",\"url\":\"https:\/\/www.codeuniversel.com\/fr\/\",\"name\":\"Code Universel\",\"description\":\"\",\"potentialAction\":[{\"@type\":\"SearchAction\",\"target\":{\"@type\":\"EntryPoint\",\"urlTemplate\":\"https:\/\/www.codeuniversel.com\/fr\/?s={search_term_string}\"},\"query-input\":{\"@type\":\"PropertyValueSpecification\",\"valueRequired\":true,\"valueName\":\"search_term_string\"}}],\"inLanguage\":\"fr-FR\"}]}<\/script>\n<!-- \/ Yoast SEO plugin. -->","yoast_head_json":{"title":"Gala des r\u00e9v\u00e9lations artistiques - Code Universel","robots":{"index":"index","follow":"follow","max-snippet":"max-snippet:-1","max-image-preview":"max-image-preview:large","max-video-preview":"max-video-preview:-1"},"canonical":"https:\/\/www.codeuniversel.com\/fr\/gala-des-revelations-artistiques\/","og_locale":"fr_FR","og_type":"article","og_title":"Gala des r\u00e9v\u00e9lations artistiques - Code Universel","og_url":"https:\/\/www.codeuniversel.com\/fr\/gala-des-revelations-artistiques\/","og_site_name":"Code Universel","twitter_card":"summary_large_image","twitter_misc":{"Dur\u00e9e de lecture estim\u00e9e":"4 minutes"},"schema":{"@context":"https:\/\/schema.org","@graph":[{"@type":"WebPage","@id":"https:\/\/www.codeuniversel.com\/fr\/gala-des-revelations-artistiques\/","url":"https:\/\/www.codeuniversel.com\/fr\/gala-des-revelations-artistiques\/","name":"Gala des r\u00e9v\u00e9lations artistiques - Code Universel","isPartOf":{"@id":"https:\/\/www.codeuniversel.com\/fr\/#website"},"datePublished":"2026-04-21T02:59:50+00:00","breadcrumb":{"@id":"https:\/\/www.codeuniversel.com\/fr\/gala-des-revelations-artistiques\/#breadcrumb"},"inLanguage":"fr-FR","potentialAction":[{"@type":"ReadAction","target":["https:\/\/www.codeuniversel.com\/fr\/gala-des-revelations-artistiques\/"]}]},{"@type":"BreadcrumbList","@id":"https:\/\/www.codeuniversel.com\/fr\/gala-des-revelations-artistiques\/#breadcrumb","itemListElement":[{"@type":"ListItem","position":1,"name":"Accueil","item":"https:\/\/www.codeuniversel.com\/fr\/"},{"@type":"ListItem","position":2,"name":"Gala des r\u00e9v\u00e9lations artistiques"}]},{"@type":"WebSite","@id":"https:\/\/www.codeuniversel.com\/fr\/#website","url":"https:\/\/www.codeuniversel.com\/fr\/","name":"Code Universel","description":"","potentialAction":[{"@type":"SearchAction","target":{"@type":"EntryPoint","urlTemplate":"https:\/\/www.codeuniversel.com\/fr\/?s={search_term_string}"},"query-input":{"@type":"PropertyValueSpecification","valueRequired":true,"valueName":"search_term_string"}}],"inLanguage":"fr-FR"}]}},"_links":{"self":[{"href":"https:\/\/www.codeuniversel.com\/fr\/wp-json\/wp\/v2\/pages\/3784","targetHints":{"allow":["GET"]}}],"collection":[{"href":"https:\/\/www.codeuniversel.com\/fr\/wp-json\/wp\/v2\/pages"}],"about":[{"href":"https:\/\/www.codeuniversel.com\/fr\/wp-json\/wp\/v2\/types\/page"}],"author":[{"embeddable":true,"href":"https:\/\/www.codeuniversel.com\/fr\/wp-json\/wp\/v2\/users\/4"}],"replies":[{"embeddable":true,"href":"https:\/\/www.codeuniversel.com\/fr\/wp-json\/wp\/v2\/comments?post=3784"}],"version-history":[{"count":208,"href":"https:\/\/www.codeuniversel.com\/fr\/wp-json\/wp\/v2\/pages\/3784\/revisions"}],"predecessor-version":[{"id":3999,"href":"https:\/\/www.codeuniversel.com\/fr\/wp-json\/wp\/v2\/pages\/3784\/revisions\/3999"}],"wp:attachment":[{"href":"https:\/\/www.codeuniversel.com\/fr\/wp-json\/wp\/v2\/media?parent=3784"}],"curies":[{"name":"wp","href":"https:\/\/api.w.org\/{rel}","templated":true}]}}