{"id":800,"date":"2012-12-17T17:09:13","date_gmt":"2012-12-17T21:09:13","guid":{"rendered":"https:\/\/www.codeuniversel.com\/fr\/?page_id=800"},"modified":"2019-08-20T13:13:35","modified_gmt":"2019-08-20T18:13:35","slug":"grand-jete-dencre","status":"publish","type":"page","link":"https:\/\/www.codeuniversel.com\/fr\/grand-jete-dencre\/","title":{"rendered":"Grand Jet\u00e9 d&rsquo;Encre"},"content":{"rendered":"<div  class=\"fusion-fullwidth fullwidth-box nonhundred-percent-fullwidth\"  style='background-color: rgba(255,255,255,0);background-position: left top;background-repeat: no-repeat;padding-top:20px;padding-right:0px;padding-bottom:20px;padding-left:0px;border-top-width:0px;border-bottom-width:0px;border-color:#eae9e9;border-top-style:;border-bottom-style:;'><div class=\"fusion-builder-row fusion-row \"><div  class=\"fusion-layout-column fusion_builder_column fusion_builder_column_1_1  fusion-one-full fusion-column-first fusion-column-last fusion-column-no-min-height 1_1\"  style='margin-top:0px;margin-bottom:0px;'>\n\t\t\t<div class=\"fusion-column-wrapper\"  style=\"background-position:left top;background-repeat:no-repeat;-webkit-background-size:cover;-moz-background-size:cover;-o-background-size:cover;background-size:cover;\"  data-bg-url=\"\">\n\t\t\t\t<div class=\"imageframe-align-center\"><span class=\"fusion-imageframe imageframe-none imageframe-1 hover-type-none\"><img decoding=\"async\" src=\"https:\/\/www.codeuniversel.com\/fr\/wp-content\/uploads\/2012\/12\/GJE-bis.jpg\" width=\"\" height=\"\" alt=\"\" title=\"\" class=\"img-responsive\"\/><\/span><\/div><p style=\"text-align: center; font-size: 10px;\">\u00a9 Charleen Art<\/p>\n<div class=\"fusion-clearfix\"><\/div>\n\t\t\t<\/div>\n\t\t<\/div><div  class=\"fusion-layout-column fusion_builder_column fusion_builder_column_1_2  fusion-one-half fusion-column-first 1_2\"  style='margin-top:0px;margin-bottom:20px;width:48%; margin-right: 4%;'>\n\t\t\t<div class=\"fusion-column-wrapper\"  style=\"background-position:left top;background-repeat:no-repeat;-webkit-background-size:cover;-moz-background-size:cover;-o-background-size:cover;background-size:cover;\"  data-bg-url=\"\">\n\t\t\t\t<div class=\"fusion-video fusion-vimeo\" style=\"max-width:600px;max-height:350px;\"><div class=\"video-shortcode\"><iframe src=\"https:\/\/player.vimeo.com\/video\/128884657?autoplay=0\" width=\"600\" height=\"350\" allowfullscreen><\/iframe><\/div><\/div><p><strong>Dur\u00e9e<\/strong>\u00a0: 60\u00a0minutes<br \/>\n<strong>Public<\/strong>\u00a0: grand public<\/p>\n<p><strong>Conception\u00a0et chor\u00e9graphie<\/strong>\u00a0: Daniel B\u00e9langer<br \/>\n<strong>Texte<\/strong>\u00a0: Anne Peyrouse<br \/>\n<strong>Interpr\u00e8tes<\/strong>\u00a0:\u00a0Maryse Damecour, Fabien Pich\u00e9, Marjorie Audet<br \/>\n<strong>Costumes<\/strong>\u00a0:\u00a0Daniel B\u00e9langer et les interpr\u00e8tes<\/p>\n<div class=\"fusion-clearfix\"><\/div>\n\t\t\t<\/div>\n\t\t<\/div><div  class=\"fusion-layout-column fusion_builder_column fusion_builder_column_1_2  fusion-one-half fusion-column-last 1_2\"  style='margin-top:0px;margin-bottom:20px;width:48%'>\n\t\t\t<div class=\"fusion-column-wrapper\"  style=\"background-position:left top;background-repeat:no-repeat;-webkit-background-size:cover;-moz-background-size:cover;-o-background-size:cover;background-size:cover;\"  data-bg-url=\"\">\n\t\t\t\t<div style=\"text-align: justify;\">Spectacle\u00a0\u00e0 la fois enveloppant et \u00e9tonnant r\u00e9unissant po\u00e9sie et danse dans un mariage o\u00f9 vous serez\u00a0enivr\u00e9s par l&rsquo;intensit\u00e9 des\u00a0mots et des gestes.<br \/>\n<em>Grand jet\u00e9 d\u2019encre<\/em>\u00a0vous convie \u00e0 une rencontre po\u00e9tique chor\u00e9graphi\u00e9e sur les mots de l\u2019auteur Anne\u00a0Peyrouse. Par un jeu de d\u00e9ambulation, pr\u00f4nant un style de danse physique et dynamique, vous d\u00e9couvrirez quatre moments intimes\u00a0o\u00f9 se c\u00f4toient\u00a0r\u00e9flexions, sentiments et\u00a0tensions\u00a0sur les th\u00e8mes de l\u2019envol\u00e9e, de la complicit\u00e9, des limites du corps et du chant au d\u00e9sir.<\/div>\n<div style=\"text-align: justify;\"><\/div>\n<p style=\"text-align: center;\"><span style=\"color: #e10707;\"><em>\u00ab\u00a0Vous dansez n\u2019importe o\u00f9<\/em><\/span><\/p>\n<p style=\"text-align: center;\"><span style=\"color: #e10707;\">dans un carr\u00e9 de sable un cercle de drames\u00a0humains.<\/span><\/p>\n<p style=\"text-align: center;\"><span style=\"color: #e10707;\">Vous assurez la bonne marche, mais rien,<\/span><\/p>\n<p style=\"text-align: center;\"><span style=\"color: #e10707;\">non rien ne peut retenir la substance invisible de l\u2019\u00eatre.\u00a0\u00bb<\/span><\/p>\n<div class=\"fusion-clearfix\"><\/div>\n\t\t\t<\/div>\n\t\t<\/div><\/div><\/div>\n","protected":false},"excerpt":{"rendered":"","protected":false},"author":4,"featured_media":0,"parent":0,"menu_order":0,"comment_status":"closed","ping_status":"closed","template":"","meta":{"_monsterinsights_skip_tracking":false,"_monsterinsights_sitenote_active":false,"_monsterinsights_sitenote_note":"","_monsterinsights_sitenote_category":0,"footnotes":""},"class_list":["post-800","page","type-page","status-publish","hentry"],"yoast_head":"<!-- This site is optimized with the Yoast SEO plugin v24.9 - https:\/\/yoast.com\/wordpress\/plugins\/seo\/ -->\n<title>Grand Jet\u00e9 d&#039;Encre - Code Universel<\/title>\n<meta name=\"robots\" content=\"index, follow, max-snippet:-1, max-image-preview:large, max-video-preview:-1\" \/>\n<link rel=\"canonical\" href=\"https:\/\/www.codeuniversel.com\/fr\/grand-jete-dencre\/\" \/>\n<meta property=\"og:locale\" content=\"fr_FR\" \/>\n<meta property=\"og:type\" content=\"article\" \/>\n<meta property=\"og:title\" content=\"Grand Jet\u00e9 d&#039;Encre - Code Universel\" \/>\n<meta property=\"og:url\" content=\"https:\/\/www.codeuniversel.com\/fr\/grand-jete-dencre\/\" \/>\n<meta property=\"og:site_name\" content=\"Code Universel\" \/>\n<meta property=\"article:modified_time\" content=\"2019-08-20T18:13:35+00:00\" \/>\n<meta name=\"twitter:card\" content=\"summary_large_image\" \/>\n<meta name=\"twitter:label1\" content=\"Dur\u00e9e de lecture estim\u00e9e\" \/>\n\t<meta name=\"twitter:data1\" content=\"3 minutes\" \/>\n<script type=\"application\/ld+json\" class=\"yoast-schema-graph\">{\"@context\":\"https:\/\/schema.org\",\"@graph\":[{\"@type\":\"WebPage\",\"@id\":\"https:\/\/www.codeuniversel.com\/fr\/grand-jete-dencre\/\",\"url\":\"https:\/\/www.codeuniversel.com\/fr\/grand-jete-dencre\/\",\"name\":\"Grand Jet\u00e9 d'Encre - Code Universel\",\"isPartOf\":{\"@id\":\"https:\/\/www.codeuniversel.com\/fr\/#website\"},\"datePublished\":\"2012-12-17T21:09:13+00:00\",\"dateModified\":\"2019-08-20T18:13:35+00:00\",\"breadcrumb\":{\"@id\":\"https:\/\/www.codeuniversel.com\/fr\/grand-jete-dencre\/#breadcrumb\"},\"inLanguage\":\"fr-FR\",\"potentialAction\":[{\"@type\":\"ReadAction\",\"target\":[\"https:\/\/www.codeuniversel.com\/fr\/grand-jete-dencre\/\"]}]},{\"@type\":\"BreadcrumbList\",\"@id\":\"https:\/\/www.codeuniversel.com\/fr\/grand-jete-dencre\/#breadcrumb\",\"itemListElement\":[{\"@type\":\"ListItem\",\"position\":1,\"name\":\"Accueil\",\"item\":\"https:\/\/www.codeuniversel.com\/fr\/\"},{\"@type\":\"ListItem\",\"position\":2,\"name\":\"Grand Jet\u00e9 d&rsquo;Encre\"}]},{\"@type\":\"WebSite\",\"@id\":\"https:\/\/www.codeuniversel.com\/fr\/#website\",\"url\":\"https:\/\/www.codeuniversel.com\/fr\/\",\"name\":\"Code Universel\",\"description\":\"\",\"potentialAction\":[{\"@type\":\"SearchAction\",\"target\":{\"@type\":\"EntryPoint\",\"urlTemplate\":\"https:\/\/www.codeuniversel.com\/fr\/?s={search_term_string}\"},\"query-input\":{\"@type\":\"PropertyValueSpecification\",\"valueRequired\":true,\"valueName\":\"search_term_string\"}}],\"inLanguage\":\"fr-FR\"}]}<\/script>\n<!-- \/ Yoast SEO plugin. -->","yoast_head_json":{"title":"Grand Jet\u00e9 d'Encre - Code Universel","robots":{"index":"index","follow":"follow","max-snippet":"max-snippet:-1","max-image-preview":"max-image-preview:large","max-video-preview":"max-video-preview:-1"},"canonical":"https:\/\/www.codeuniversel.com\/fr\/grand-jete-dencre\/","og_locale":"fr_FR","og_type":"article","og_title":"Grand Jet\u00e9 d'Encre - Code Universel","og_url":"https:\/\/www.codeuniversel.com\/fr\/grand-jete-dencre\/","og_site_name":"Code Universel","article_modified_time":"2019-08-20T18:13:35+00:00","twitter_card":"summary_large_image","twitter_misc":{"Dur\u00e9e de lecture estim\u00e9e":"3 minutes"},"schema":{"@context":"https:\/\/schema.org","@graph":[{"@type":"WebPage","@id":"https:\/\/www.codeuniversel.com\/fr\/grand-jete-dencre\/","url":"https:\/\/www.codeuniversel.com\/fr\/grand-jete-dencre\/","name":"Grand Jet\u00e9 d'Encre - Code Universel","isPartOf":{"@id":"https:\/\/www.codeuniversel.com\/fr\/#website"},"datePublished":"2012-12-17T21:09:13+00:00","dateModified":"2019-08-20T18:13:35+00:00","breadcrumb":{"@id":"https:\/\/www.codeuniversel.com\/fr\/grand-jete-dencre\/#breadcrumb"},"inLanguage":"fr-FR","potentialAction":[{"@type":"ReadAction","target":["https:\/\/www.codeuniversel.com\/fr\/grand-jete-dencre\/"]}]},{"@type":"BreadcrumbList","@id":"https:\/\/www.codeuniversel.com\/fr\/grand-jete-dencre\/#breadcrumb","itemListElement":[{"@type":"ListItem","position":1,"name":"Accueil","item":"https:\/\/www.codeuniversel.com\/fr\/"},{"@type":"ListItem","position":2,"name":"Grand Jet\u00e9 d&rsquo;Encre"}]},{"@type":"WebSite","@id":"https:\/\/www.codeuniversel.com\/fr\/#website","url":"https:\/\/www.codeuniversel.com\/fr\/","name":"Code Universel","description":"","potentialAction":[{"@type":"SearchAction","target":{"@type":"EntryPoint","urlTemplate":"https:\/\/www.codeuniversel.com\/fr\/?s={search_term_string}"},"query-input":{"@type":"PropertyValueSpecification","valueRequired":true,"valueName":"search_term_string"}}],"inLanguage":"fr-FR"}]}},"_links":{"self":[{"href":"https:\/\/www.codeuniversel.com\/fr\/wp-json\/wp\/v2\/pages\/800","targetHints":{"allow":["GET"]}}],"collection":[{"href":"https:\/\/www.codeuniversel.com\/fr\/wp-json\/wp\/v2\/pages"}],"about":[{"href":"https:\/\/www.codeuniversel.com\/fr\/wp-json\/wp\/v2\/types\/page"}],"author":[{"embeddable":true,"href":"https:\/\/www.codeuniversel.com\/fr\/wp-json\/wp\/v2\/users\/4"}],"replies":[{"embeddable":true,"href":"https:\/\/www.codeuniversel.com\/fr\/wp-json\/wp\/v2\/comments?post=800"}],"version-history":[{"count":34,"href":"https:\/\/www.codeuniversel.com\/fr\/wp-json\/wp\/v2\/pages\/800\/revisions"}],"predecessor-version":[{"id":2319,"href":"https:\/\/www.codeuniversel.com\/fr\/wp-json\/wp\/v2\/pages\/800\/revisions\/2319"}],"wp:attachment":[{"href":"https:\/\/www.codeuniversel.com\/fr\/wp-json\/wp\/v2\/media?parent=800"}],"curies":[{"name":"wp","href":"https:\/\/api.w.org\/{rel}","templated":true}]}}