{"id":945,"date":"2014-08-20T09:52:49","date_gmt":"2014-08-20T13:52:49","guid":{"rendered":"https:\/\/www.codeuniversel.com\/fr\/?page_id=945"},"modified":"2020-12-04T14:51:10","modified_gmt":"2020-12-04T19:51:10","slug":"veillees","status":"publish","type":"page","link":"https:\/\/www.codeuniversel.com\/fr\/veillees\/","title":{"rendered":"Les Veill\u00e9es"},"content":{"rendered":"<p><div  class=\"fusion-fullwidth fullwidth-box nonhundred-percent-fullwidth\"  style='background-color: rgba(255,255,255,0);background-position: center center;background-repeat: no-repeat;padding-top:20px;padding-right:0px;padding-bottom:20px;padding-left:0px;'><div class=\"fusion-builder-row fusion-row \"><div  class=\"fusion-layout-column fusion_builder_column fusion_builder_column_1_1  fusion-one-full fusion-column-first fusion-column-last 1_1\"  style='margin-top:0px;margin-bottom:20px;'>\n\t\t\t<div class=\"fusion-column-wrapper\"  style=\"background-position:left top;background-repeat:no-repeat;-webkit-background-size:cover;-moz-background-size:cover;-o-background-size:cover;background-size:cover;\"  data-bg-url=\"\">\n\t\t\t\t<div class=\"fusion-title title fusion-sep-none fusion-title-center fusion-title-size-one\" style=\"margin-top:0px;margin-bottom:31px;\"><h1 class=\"title-heading-center\"><h1 style=\"color: #e10707;\">Les Veill\u00e9es dans le quartier de la Pointe-de-Sainte-Foy<\/h1><\/h1><\/div><div class=\"fusion-clearfix\"><\/div>\n\t\t\t<\/div>\n\t\t<\/div><\/div><\/div><div  class=\"fusion-fullwidth fullwidth-box nonhundred-percent-fullwidth\"  style='background-color: rgba(255,255,255,0);background-position: left top;background-repeat: no-repeat;padding-top:20px;padding-right:0px;padding-bottom:20px;padding-left:0px;border-top-width:0px;border-bottom-width:0px;border-color:#eae9e9;border-top-style:;border-bottom-style:;'><div class=\"fusion-builder-row fusion-row \"><div  class=\"fusion-layout-column fusion_builder_column fusion_builder_column_1_2  fusion-one-half fusion-column-first 1_2\"  style='margin-top:0px;margin-bottom:20px;width:50%;width:calc(50% - ( ( 4% ) * 0.5 ) );margin-right: 4%;'>\n\t\t\t<div class=\"fusion-column-wrapper\"  style=\"background-position:left top;background-repeat:no-repeat;-webkit-background-size:cover;-moz-background-size:cover;-o-background-size:cover;background-size:cover;\"  data-bg-url=\"\">\n\t\t\t\t<div class=\"fusion-video fusion-vimeo\" style=\"max-width:600px;max-height:360px;\"><div class=\"video-shortcode\"><iframe src=\"https:\/\/player.vimeo.com\/video\/360429628?autoplay=0\" width=\"600\" height=\"360\" allowfullscreen><\/iframe><\/div><\/div><p><strong>Dur\u00e9e\u00a0:<\/strong> 75 minutes<\/p>\n<p><strong>L\u2019\u00e9quipe artistique est compos\u00e9e de<\/strong> <a href=\"https:\/\/www.codeuniversel.com\/fr\/directeur-artistique\/\"><strong>Daniel B\u00e9langer<\/strong><\/a>, Alexandre Berthier, <a href=\"https:\/\/www.codeuniversel.com\/fr\/collaborateurs-artistiques-julia-maude-cloutier\/\"><strong>Julia-Maude Cloutier<\/strong><\/a>, Annabelle Fouquet, Ludovic Fouquet, <a href=\"https:\/\/www.codeuniversel.com\/fr\/collaborateurs-artistiques-lea-ratycz-legare\/\"><strong>L\u00e9a Ratycz-L\u00e9gar\u00e9<\/strong><\/a>, Guillaume P\u00e9pin, Rapha\u00ebl Posadas et <a href=\"https:\/\/www.codeuniversel.com\/fr\/collaborateurs-artistiques-catherine-simard\/\"><strong>Catherine Simard<\/strong><\/a>.<\/p>\n<p><strong>Groupe d\u2019\u00e2ge\u00a0:<\/strong> Grand public et jeune public<\/p>\n<p><strong>Un spectacle gratuit<\/strong><\/p>\n<p>Le film-spectacle sera pr\u00e9sent\u00e9 <strong>le vendredi 18 octobre, \u00e0 14\u00a0h et le samedi 19 octobre, \u00e0 14\u00a0h et \u00e0 20\u00a0h<\/strong>, \u00e0 <a href=\"https:\/\/www.google.ca\/maps\/place\/3420+Rue+Rochambeau,+Qu%C3%A9bec,+QC+G1X+2H1\/@46.7674671,-71.3259666,17z\/data=!3m1!4b1!4m5!3m4!1s0x4cb890cf12803537:0xdb5e1586d330dfd2!8m2!3d46.7674671!4d-71.3237779\"><strong>l\u2019\u00e9glise Saint-Beno\u00eet-Abb\u00e9<\/strong><\/a> (3420, rue Rochambeau). Les\u00a0personnes souhaitant y assister doivent r\u00e9server leur place par courriel \u00e0 <a href=\"mailto:direction.adjointe@codeuniversel.com\"><strong>direction.adjointe@codeuniversel.com<\/strong><\/a> ou par t\u00e9l\u00e9phone au <strong>581 300-6245<\/strong>.<\/p>\n<p>Ce projet est r\u00e9alis\u00e9 gr\u00e2ce au soutien financier du <strong><a href=\"https:\/\/www.quebec.ca\/culture\/\">gouvernement du Qu\u00e9bec<\/a><\/strong> et de la <strong><a href=\"https:\/\/www.ville.quebec.qc.ca\/citoyens\/art-culture\/mediation\/veillees\/\">Ville de Qu\u00e9bec<\/a> <\/strong>dans le cadre de l\u2019<strong><a href=\"https:\/\/www.mcc.gouv.qc.ca\/index.php?id=1761\">Entente de d\u00e9veloppement culturel<\/a><\/strong>.<\/p>\n<div class=\"fusion-clearfix\"><\/div>\n\t\t\t<\/div>\n\t\t<\/div><div  class=\"fusion-layout-column fusion_builder_column fusion_builder_column_1_2  fusion-one-half fusion-column-last fusion-column-no-min-height 1_2\"  style='margin-top:0px;margin-bottom:0px;width:50%;width:calc(50% - ( ( 4% ) * 0.5 ) );'>\n\t\t\t<div class=\"fusion-column-wrapper\"  style=\"background-position:left top;background-repeat:no-repeat;-webkit-background-size:cover;-moz-background-size:cover;-o-background-size:cover;background-size:cover;\"  data-bg-url=\"\">\n\t\t\t\t<h2 style=\"text-align: center;\">LA CULTURE, UNE AFFAIRE COLLECTIVE!<\/h2>\n<p style=\"text-align: center;\"><span style=\"color: #e10707;\"><em>\u00ab\u00a0Partout o\u00f9 ils passent, les Veilleurs apportent de la couleur dans le quotidien des gens qu\u2019ils rencontrent en offrant, sans retour, leur art \u00e0 travers des actions culturelles. Ils exercent aussi une veille sur la culture, le patrimoine et l\u2019histoire de notre soci\u00e9t\u00e9.\u00a0\u00bb<\/em><\/span><\/p>\n<p><strong>Du 26 septembre au 19 octobre 2019 <\/strong>l\u2019\u00e9quipe d\u2019artiste de <a href=\"https:\/\/www.codeuniversel.com\/fr\/\"><strong>Code Universel<\/strong><\/a> entreprendra sa 7<sup>e<\/sup> \u00e9dition de l\u2019\u00e9v\u00e9nement<em> <strong>Les<\/strong><\/em><strong><em>\u00a0Veill\u00e9es<\/em><\/strong> en investissant artistiquement le quartier de la Pointe-de-Sainte-Foy. Cet \u00e9v\u00e9nement se d\u00e9roule en trois temps simultan\u00e9ment.<\/p>\n<p><strong>Le temps de donner<\/strong><\/p>\n<p>Pendant plus de deux semaines, des com\u00e9diens, danseurs, musiciens, conteurs et vid\u00e9astes vont parcourir le quartier afin d\u2019y rencontrer les citoyens et citoyennes en leur proposant <strong>gratuitement<\/strong> des activit\u00e9s ponctuelles, des \u00e9v\u00e9nements culturels et institue.<\/p>\n<p><strong>Le temps de recevoir<\/strong><\/p>\n<p>L\u2019\u00e9quipe r\u00e9coltera des r\u00e9cits, des anecdotes, des informations, des images, des courts-m\u00e9trages et des entrevues aupr\u00e8s des habitants. \u00c0 travers eux, les Veilleurs pourront d\u00e9couvrir l\u2019histoire, la culture et le patrimoine qui les incarnent.<\/p>\n<p><strong>Le temps de cr\u00e9er<\/strong><\/p>\n<p>Les artistes r\u00e9aliseront ensuite une \u0153uvre collective aux couleurs du quartier qui prendra la forme d\u2019un film-spectacle.<\/p>\n<p>Ce processus cr\u00e9atif ouvert et inclusif permet aux citoyens de d\u00e9couvrir leur quartier sous un nouvel angle et d\u2019assister au r\u00e9sultat final qui donnera lieu \u00e0 un film-spectacle unique, une \u0153uvre \u00ab\u00a0collective\u00a0\u00bb aux couleurs du quartier et de ses habitants, son patrimoine vivant dont l\u2019objectif est de cr\u00e9er une relation entre l\u2019art et la population.<\/p>\n<div class=\"fusion-clearfix\"><\/div>\n\t\t\t<\/div>\n\t\t<\/div><\/div><\/div><\/p>\n","protected":false},"excerpt":{"rendered":"","protected":false},"author":4,"featured_media":0,"parent":0,"menu_order":0,"comment_status":"closed","ping_status":"closed","template":"","meta":{"_monsterinsights_skip_tracking":false,"_monsterinsights_sitenote_active":false,"_monsterinsights_sitenote_note":"","_monsterinsights_sitenote_category":0,"footnotes":""},"class_list":["post-945","page","type-page","status-publish","hentry"],"yoast_head":"<!-- This site is optimized with the Yoast SEO plugin v24.9 - https:\/\/yoast.com\/wordpress\/plugins\/seo\/ -->\n<title>Les Veill\u00e9es - Code Universel<\/title>\n<meta name=\"robots\" content=\"index, follow, max-snippet:-1, max-image-preview:large, max-video-preview:-1\" \/>\n<link rel=\"canonical\" href=\"https:\/\/www.codeuniversel.com\/fr\/veillees\/\" \/>\n<meta property=\"og:locale\" content=\"fr_FR\" \/>\n<meta property=\"og:type\" content=\"article\" \/>\n<meta property=\"og:title\" content=\"Les Veill\u00e9es - Code Universel\" \/>\n<meta property=\"og:url\" content=\"https:\/\/www.codeuniversel.com\/fr\/veillees\/\" \/>\n<meta property=\"og:site_name\" content=\"Code Universel\" \/>\n<meta property=\"article:modified_time\" content=\"2020-12-04T19:51:10+00:00\" \/>\n<meta name=\"twitter:card\" content=\"summary_large_image\" \/>\n<meta name=\"twitter:label1\" content=\"Dur\u00e9e de lecture estim\u00e9e\" \/>\n\t<meta name=\"twitter:data1\" content=\"4 minutes\" \/>\n<script type=\"application\/ld+json\" class=\"yoast-schema-graph\">{\"@context\":\"https:\/\/schema.org\",\"@graph\":[{\"@type\":\"WebPage\",\"@id\":\"https:\/\/www.codeuniversel.com\/fr\/veillees\/\",\"url\":\"https:\/\/www.codeuniversel.com\/fr\/veillees\/\",\"name\":\"Les Veill\u00e9es - Code Universel\",\"isPartOf\":{\"@id\":\"https:\/\/www.codeuniversel.com\/fr\/#website\"},\"datePublished\":\"2014-08-20T13:52:49+00:00\",\"dateModified\":\"2020-12-04T19:51:10+00:00\",\"breadcrumb\":{\"@id\":\"https:\/\/www.codeuniversel.com\/fr\/veillees\/#breadcrumb\"},\"inLanguage\":\"fr-FR\",\"potentialAction\":[{\"@type\":\"ReadAction\",\"target\":[\"https:\/\/www.codeuniversel.com\/fr\/veillees\/\"]}]},{\"@type\":\"BreadcrumbList\",\"@id\":\"https:\/\/www.codeuniversel.com\/fr\/veillees\/#breadcrumb\",\"itemListElement\":[{\"@type\":\"ListItem\",\"position\":1,\"name\":\"Accueil\",\"item\":\"https:\/\/www.codeuniversel.com\/fr\/\"},{\"@type\":\"ListItem\",\"position\":2,\"name\":\"Les Veill\u00e9es\"}]},{\"@type\":\"WebSite\",\"@id\":\"https:\/\/www.codeuniversel.com\/fr\/#website\",\"url\":\"https:\/\/www.codeuniversel.com\/fr\/\",\"name\":\"Code Universel\",\"description\":\"\",\"potentialAction\":[{\"@type\":\"SearchAction\",\"target\":{\"@type\":\"EntryPoint\",\"urlTemplate\":\"https:\/\/www.codeuniversel.com\/fr\/?s={search_term_string}\"},\"query-input\":{\"@type\":\"PropertyValueSpecification\",\"valueRequired\":true,\"valueName\":\"search_term_string\"}}],\"inLanguage\":\"fr-FR\"}]}<\/script>\n<!-- \/ Yoast SEO plugin. -->","yoast_head_json":{"title":"Les Veill\u00e9es - Code Universel","robots":{"index":"index","follow":"follow","max-snippet":"max-snippet:-1","max-image-preview":"max-image-preview:large","max-video-preview":"max-video-preview:-1"},"canonical":"https:\/\/www.codeuniversel.com\/fr\/veillees\/","og_locale":"fr_FR","og_type":"article","og_title":"Les Veill\u00e9es - Code Universel","og_url":"https:\/\/www.codeuniversel.com\/fr\/veillees\/","og_site_name":"Code Universel","article_modified_time":"2020-12-04T19:51:10+00:00","twitter_card":"summary_large_image","twitter_misc":{"Dur\u00e9e de lecture estim\u00e9e":"4 minutes"},"schema":{"@context":"https:\/\/schema.org","@graph":[{"@type":"WebPage","@id":"https:\/\/www.codeuniversel.com\/fr\/veillees\/","url":"https:\/\/www.codeuniversel.com\/fr\/veillees\/","name":"Les Veill\u00e9es - Code Universel","isPartOf":{"@id":"https:\/\/www.codeuniversel.com\/fr\/#website"},"datePublished":"2014-08-20T13:52:49+00:00","dateModified":"2020-12-04T19:51:10+00:00","breadcrumb":{"@id":"https:\/\/www.codeuniversel.com\/fr\/veillees\/#breadcrumb"},"inLanguage":"fr-FR","potentialAction":[{"@type":"ReadAction","target":["https:\/\/www.codeuniversel.com\/fr\/veillees\/"]}]},{"@type":"BreadcrumbList","@id":"https:\/\/www.codeuniversel.com\/fr\/veillees\/#breadcrumb","itemListElement":[{"@type":"ListItem","position":1,"name":"Accueil","item":"https:\/\/www.codeuniversel.com\/fr\/"},{"@type":"ListItem","position":2,"name":"Les Veill\u00e9es"}]},{"@type":"WebSite","@id":"https:\/\/www.codeuniversel.com\/fr\/#website","url":"https:\/\/www.codeuniversel.com\/fr\/","name":"Code Universel","description":"","potentialAction":[{"@type":"SearchAction","target":{"@type":"EntryPoint","urlTemplate":"https:\/\/www.codeuniversel.com\/fr\/?s={search_term_string}"},"query-input":{"@type":"PropertyValueSpecification","valueRequired":true,"valueName":"search_term_string"}}],"inLanguage":"fr-FR"}]}},"_links":{"self":[{"href":"https:\/\/www.codeuniversel.com\/fr\/wp-json\/wp\/v2\/pages\/945","targetHints":{"allow":["GET"]}}],"collection":[{"href":"https:\/\/www.codeuniversel.com\/fr\/wp-json\/wp\/v2\/pages"}],"about":[{"href":"https:\/\/www.codeuniversel.com\/fr\/wp-json\/wp\/v2\/types\/page"}],"author":[{"embeddable":true,"href":"https:\/\/www.codeuniversel.com\/fr\/wp-json\/wp\/v2\/users\/4"}],"replies":[{"embeddable":true,"href":"https:\/\/www.codeuniversel.com\/fr\/wp-json\/wp\/v2\/comments?post=945"}],"version-history":[{"count":40,"href":"https:\/\/www.codeuniversel.com\/fr\/wp-json\/wp\/v2\/pages\/945\/revisions"}],"predecessor-version":[{"id":3211,"href":"https:\/\/www.codeuniversel.com\/fr\/wp-json\/wp\/v2\/pages\/945\/revisions\/3211"}],"wp:attachment":[{"href":"https:\/\/www.codeuniversel.com\/fr\/wp-json\/wp\/v2\/media?parent=945"}],"curies":[{"name":"wp","href":"https:\/\/api.w.org\/{rel}","templated":true}]}}